{"id":96,"date":"2023-08-14T11:35:05","date_gmt":"2023-08-14T09:35:05","guid":{"rendered":"https:\/\/sig1psk.lv\/?page_id=96"},"modified":"2025-09-26T09:15:16","modified_gmt":"2025-09-26T07:15:16","slug":"nodarbibu-veids","status":"publish","type":"page","link":"https:\/\/sig1psk.lv\/index.php\/interesu-izglitiba\/nodarbibu-veids\/","title":{"rendered":"NODARB\u012aBU VEIDI"},"content":{"rendered":"\n<p style=\"font-size:18px\"><strong>M\u016aZIKA<\/strong><\/p>\n\n\n\n<figure class=\"wp-block-table\"><table><tbody><tr><td colspan=\"2\"><strong>&nbsp;1.kla\u0161u koris<\/strong><\/td><\/tr><tr><td><strong>&nbsp;Kla\u0161u grupas:<\/strong><\/td><td><strong>&nbsp;1.klase<\/strong><\/td><\/tr><tr><td> Vad\u012bt\u0101ja<\/td><td>&nbsp;Inga Jansone<\/td><\/tr><tr><td colspan=\"2\">&nbsp;Nodarb\u012bbas notiek 1x ned\u0113\u013c\u0101 Siguldas 1.pamatskolas Aktu z\u0101l\u0113.<\/td><\/tr><\/tbody><\/table><\/figure>\n\n\n\n<figure class=\"wp-block-table\"><table><tbody><tr><td colspan=\"2\"><strong>&nbsp;2.-4.kla\u0161u koris<\/strong><\/td><\/tr><tr><td><strong>&nbsp;Kla\u0161u grupas:<\/strong><\/td><td><strong>&nbsp;2.-4.klase<\/strong><\/td><\/tr><tr><td>&nbsp;Vad\u012bt\u0101ja<\/td><td>&nbsp;Inga Jansone<\/td><\/tr><tr><td colspan=\"2\">&nbsp;Nodarb\u012bbas notiek 2x ned\u0113\u013c\u0101 Siguldas 1.pamatskolas Aktu z\u0101l\u0113.<\/td><\/tr><\/tbody><\/table><\/figure>\n\n\n\n<figure class=\"wp-block-table\"><table><tbody><tr><td colspan=\"2\"><strong>&nbsp;Z\u0113nu koris<\/strong><\/td><\/tr><tr><td><strong>&nbsp;Kla\u0161u grupas:<\/strong><\/td><td><strong>&nbsp;2.-6.klase<\/strong><\/td><\/tr><tr><td>&nbsp;Vad\u012bt\u0101ja<\/td><td>&nbsp;Evija Rozena, <\/td><\/tr><tr><td colspan=\"2\">&nbsp;Nodarb\u012bbas notiek 2x ned\u0113\u013c\u0101 Siguldas 1.pamatskolas Aktu z\u0101l\u0113.<\/td><\/tr><\/tbody><\/table><\/figure>\n\n\n\n<figure class=\"wp-block-table\"><table><tbody><tr><td colspan=\"2\"><strong>&nbsp;5.-9.kl. koris \u201cIevas\u201d<\/strong><\/td><\/tr><tr><td><strong>&nbsp;Kla\u0161u grupas:<\/strong><\/td><td><strong>&nbsp;5.-9.klase<\/strong><\/td><\/tr><tr><td> Vad\u012bt\u0101ja<\/td><td>&nbsp;Evija Rozena<\/td><\/tr><tr><td colspan=\"2\">&nbsp;Nodarb\u012bbas notiek 2x ned\u0113\u013c\u0101 Siguldas 1.pamatskolas Aktu z\u0101l\u0113.<\/td><\/tr><\/tbody><\/table><\/figure>\n\n\n\n<figure class=\"wp-block-table\"><table><tbody><tr><td colspan=\"2\"><strong>&nbsp;1.-4.kla\u0161u ansamblis<\/strong><\/td><\/tr><tr><td><strong>&nbsp;Kla\u0161u grupas:<\/strong><\/td><td><strong>&nbsp;1.-4.klase<\/strong><\/td><\/tr><tr><td>&nbsp;Vad\u012bt\u0101ja<\/td><td>&nbsp;Inga Jansone<\/td><\/tr><tr><td colspan=\"2\">&nbsp;Nodarb\u012bbas notiek 1x ned\u0113\u013c\u0101 Siguldas 1.pamatskolas Aktu z\u0101l\u0113.<\/td><\/tr><\/tbody><\/table><\/figure>\n\n\n\n<p style=\"font-size:18px\"><strong>DEJA<\/strong><\/p>\n\n\n\n<figure class=\"wp-block-table\"><table><tbody><tr><td colspan=\"2\"><strong>&nbsp;Deju kolekt\u012bvs \u201cPuren\u012bte\u201d<\/strong><\/td><\/tr><tr><td><strong>&nbsp;Kla\u0161u grupas:<\/strong><\/td><td><strong>&nbsp;1.klase, 2.klase, 3.klase, 4.klase, 5.-6.klase,&nbsp; &nbsp;7.-9.klase<\/strong><\/td><\/tr><tr><td>&nbsp;Vad\u012bt\u0101jas<\/td><td>Krist\u012bne Raslava, &nbsp;Koncertmeistars Dainis Lazdi\u0146\u0161<\/td><\/tr><tr><td colspan=\"2\">&nbsp;Nodarb\u012bbas notiek 2x ned\u0113\u013c\u0101 Siguldas 1.pamatskolas Aktu z\u0101l\u0113.<\/td><\/tr><\/tbody><\/table><figcaption class=\"wp-element-caption\"><strong>INTELEKTS<\/strong><\/figcaption><\/figure>\n\n\n\n<figure class=\"wp-block-table\"><table><tbody><tr><td colspan=\"2\"><strong>&nbsp;\u0160ahs<\/strong><\/td><\/tr><tr><td><strong>&nbsp;Kla\u0161u grupas:<\/strong><\/td><td><strong>&nbsp;1.klase, 2.-3.klase, 4.-9.klase<\/strong><\/td><\/tr><tr><td>&nbsp;Vad\u012bt\u0101ja<\/td><td>&nbsp;Sandra Harlinska<\/td><\/tr><tr><td colspan=\"2\">\u0160ahs k\u0101 sp\u0113le s\u0101ka att\u012bst\u012bties pirms apm\u0113ram diviem t\u016bksto\u0161iem gadu. Sp\u0113l\u0113jot \u0161ahu, cilv\u0113ki p\u0101rbauda savas pr\u0101ta sp\u0113jas. Sen\u0101 sp\u0113le joproj\u0101m ir popul\u0101ra t\u0101d\u0113\u013c, ka t\u0101 ir&nbsp; daudzpus\u012bga.&nbsp;<strong>M\u016bsdien\u0101s \u0161ahs ir gan sports, gan m\u0101ksla, gan zin\u0101tne.<\/strong>&nbsp;\u0160ahs att\u012bsta&nbsp; &nbsp;fant\u0101ziju, tren\u0113 atmi\u0146u, disciplin\u0113 dom\u0101\u0161anu, rada un pilnveido gribas \u012bpa\u0161\u012bbas un att\u012bsta  t\u0101das&nbsp; &nbsp;iema\u0146as k\u0101 griba uzvar\u0113t, ap\u0146\u0113m\u012bba, aukstasin\u012bba, koncentr\u0113\u0161an\u0101s sp\u0113ja. \u0160aha pulci\u0146a&nbsp; &nbsp;audz\u0113k\u0146i piedal\u0101s da\u017e\u0101d\u0101s Siguldas novada sacens\u012bb\u0101s, sasniedzot labus rezult\u0101tus.&nbsp;Nodarb\u012bbas notiek 1x ned\u0113\u013c\u0101 tre\u0161dien\u0101s Siguldas 1.pamatskol\u0101 208.kabinet\u0101<\/td><\/tr><\/tbody><\/table><\/figure>\n\n\n\n<figure class=\"wp-block-table\"><table><tbody><tr><td colspan=\"2\"><strong>&nbsp;Sp\u0101\u0146u valoda<\/strong><\/td><\/tr><tr><td><strong>&nbsp;Kla\u0161u grupas:<\/strong><\/td><td><strong>&nbsp;5.-6.klase<\/strong><\/td><\/tr><tr><td>&nbsp;Vad\u012bt\u0101ja<\/td><td>&nbsp;Linda Bogdane<\/td><\/tr><tr><td colspan=\"2\">Sp\u0101\u0146u valoda ir 2. viet\u0101 pasaul\u0113 p\u0113c lietot\u0101ju skaita, un t\u0101 ir ofici\u0101l\u0101 valoda 21 valst\u012b pasaul\u0113.&nbsp; &nbsp;Tai ar\u012b ir ofici\u0101l\u0101s valodas statuss Eiropas Savien\u012bb\u0101. Skol\u0113ni nodarb\u012bb\u0101s apg\u016bst valodas&nbsp; &nbsp;pamatus, m\u0101c\u0101s sazin\u0101ties sve\u0161valod\u0101, ieg\u016bst pamatzin\u0101\u0161anas par Sp\u0101niju un Lat\u012b\u0146amerikas&nbsp; &nbsp;valst\u012bm un kult\u016bru. Nodarb\u012bbu laik\u0101 pl\u0101notas ar\u012b tik\u0161an\u0101s ar sp\u0101niski run\u0101jo\u0161iem jaunie\u0161iem.<br><br>Nodarb\u012bbas notiek 2x ned\u0113\u013c\u0101 Siguldas 1.pamatskolas 208.kabinet\u0101.<\/td><\/tr><\/tbody><\/table><figcaption class=\"wp-element-caption\"><strong>M\u0100KSLA<\/strong><br>&nbsp;<\/figcaption><\/figure>\n\n\n\n<figure class=\"wp-block-table\"><table><tbody><tr><td colspan=\"2\"><strong><strong><strong>Vizu\u0101l\u0101s m\u0101kslas pulci\u0146\u0161<\/strong><\/strong><\/strong><\/td><\/tr><tr><td><strong>Kla\u0161u grupas:<\/strong><\/td><td><strong>&nbsp;2.-3.klase, 4.-5.klase, 6.-9.klase<\/strong><\/td><\/tr><tr><td>Vad\u012bt\u0101ja<\/td><td>Ieva Pr\u012bmane<\/td><\/tr><tr><td colspan=\"2\">Vizu\u0101l\u0101s m\u0101kslas pulci\u0146\u0101 aicin\u0101ti darboties rado\u0161i b\u0113rni un jaunie\u0161i, kuri v\u0113las apg\u016bt prasmes&nbsp; &nbsp;un iema\u0146as z\u012bm\u0113\u0161an\u0101, kompoz\u012bcij\u0101, glezno\u0161an\u0101, darb\u0101 ar da\u017e\u0101da veida kr\u0101s\u0101m, z\u012bmu\u013ciem,&nbsp; paste\u013ckr\u012bti\u0146iem.<br><br>Nodarb\u012bbas notiek 1x ned\u0113\u013c\u0101<\/td><\/tr><\/tbody><\/table><figcaption class=\"wp-element-caption\"><strong>SPORTS<br><\/strong><\/figcaption><\/figure>\n\n\n\n<p><\/p>\n\n\n\n<figure class=\"wp-block-table\"><table class=\"has-fixed-layout\"><tbody><tr><td colspan=\"2\"><strong>Vieglatl\u0113tika<\/strong><\/td><\/tr><tr><td><strong>Kla\u0161u grupas:<\/strong><\/td><td><strong>&nbsp;1.klase, 2.klase<\/strong>, <strong>3.klase<\/strong><\/td><\/tr><tr><td>Vad\u012bt\u0101ja<\/td><td>&nbsp;Amanda Azarova<\/td><\/tr><tr><td colspan=\"2\">Nodarb\u012bbas notiek 1x ned\u0113\u013c\u0101 Siguldas 1.pamatskolas 2.st\u0101va Sporta z\u0101l\u0113.<\/td><\/tr><\/tbody><\/table><\/figure>\n\n\n\n<figure class=\"wp-block-table\"><table class=\"has-fixed-layout\"><tbody><tr><td colspan=\"2\"><strong>Volejbols<\/strong> <strong>meiten\u0113m<\/strong><\/td><\/tr><tr><td><strong>Kla\u0161u grupas:<\/strong><\/td><td><strong>7.-9.klase<\/strong><\/td><\/tr><tr><td>Vad\u012bt\u0101ja<\/td><td>Arturs \u010cer\u0146auskis<\/td><\/tr><tr><td colspan=\"2\">Nodarb\u012bbas notiek 2x ned\u0113\u013c\u0101 Siguldas 1.pamatskolas 2.st\u0101va Sporta z\u0101l\u0113.<\/td><\/tr><\/tbody><\/table><\/figure>\n\n\n\n<p><\/p>\n\n\n\n<p><strong>UZ\u0145\u0112M\u0112JDARB\u012aBA<\/strong><\/p>\n\n\n\n<figure class=\"wp-block-table\"><table class=\"has-fixed-layout\"><tbody><tr><td colspan=\"2\"><strong>Uz\u0146\u0113m\u0113jdarb\u012bba<\/strong><\/td><\/tr><tr><td><strong>Kla\u0161u grupas:<\/strong><\/td><td><strong>&nbsp;7.-9<\/strong>.<strong>klase<\/strong><\/td><\/tr><tr><td>Vad\u012bt\u0101ja<\/td><td>&nbsp;Ieva Pr\u012bmane<\/td><\/tr><tr><td colspan=\"2\">Nodarb\u012bbas notiek 1x ned\u0113\u013c\u0101 <\/td><\/tr><\/tbody><\/table><\/figure>\n\n\n\n<p><strong>AIZSARDZ\u012aBA<\/strong><\/p>\n\n\n\n<figure class=\"wp-block-table\"><table class=\"has-fixed-layout\"><tbody><tr><td colspan=\"2\"><strong>Jaunsardze<\/strong><\/td><\/tr><tr><td><strong>Kla\u0161u grupas:<\/strong><\/td><td><strong>\u00a05.-7.klase, 8.-9.klase<\/strong><\/td><\/tr><tr><td>Vad\u012bt\u0101ja<\/td><td>Sanda Skrom\u0101ne<\/td><\/tr><tr><td colspan=\"2\">Jaunsardzes kust\u012bbas m\u0113\u0157\u0137is ir att\u012bst\u012bt dz\u012bvei nepiecie\u0161am\u0101s prasmes un iema\u0146as, veicin\u0101t b\u0113rnu un jaunie\u0161u pilsonisko apzi\u0146u un patriotismu;, veicin\u0101t m\u0113r\u0137tiec\u012bgu izgl\u012bto\u0161anos valsts aizsardz\u012bbas jom\u0101, veicin\u0101t biedriskuma, dro\u0161sird\u012bbas, discipl\u012bnas veido\u0161anos un fizisko sp\u0113ju pilnveido\u0161anos.<br>Nodarb\u012bbas notiek 1x ned\u0113\u013c\u0101<\/td><\/tr><\/tbody><\/table><\/figure>\n\n\n\n<p><strong>VIDE<\/strong><\/p>\n\n\n\n<figure class=\"wp-block-table\"><table class=\"has-fixed-layout\"><tbody><tr><td colspan=\"2\"><strong>Ekopadome<\/strong><\/td><\/tr><tr><td><strong>Kla\u0161u grupas:<\/strong><\/td><td><strong>\u00a01.-4.klase, 5.-9.klase<\/strong><\/td><\/tr><tr><td>Vad\u012bt\u0101ja<\/td><td>Jolanta V\u0101vere, Guntra Purmale<\/td><\/tr><tr><td colspan=\"2\">Ekopadome izstr\u0101d\u0101ta, lai pal\u012bdz\u0113tu efekt\u012bvi \u012bstenot vides aizsardz\u012bbas un vides izgl\u012bt\u012bbas pas\u0101kumus skol\u0101 un tuv\u0101kaj\u0101 apk\u0101rtn\u0113.<\/td><\/tr><\/tbody><\/table><\/figure>\n\n\n\n<p><\/p>\n","protected":false},"excerpt":{"rendered":"<p>M\u016aZIKA &nbsp;1.kla\u0161u koris &nbsp;Kla\u0161u grupas: &nbsp;1.klase Vad\u012bt\u0101ja &nbsp;Inga Jansone &nbsp;Nodarb\u012bbas notiek 1x ned\u0113\u013c\u0101 Siguldas 1.pamatskolas Aktu z\u0101l\u0113. &nbsp;2.-4.kla\u0161u koris &nbsp;Kla\u0161u grupas: &nbsp;2.-4.klase &nbsp;Vad\u012bt\u0101ja &nbsp;Inga Jansone &nbsp;Nodarb\u012bbas notiek 2x ned\u0113\u013c\u0101 Siguldas &#8230; <a title=\"NODARB\u012aBU VEIDI\" class=\"read-more\" href=\"https:\/\/sig1psk.lv\/index.php\/interesu-izglitiba\/nodarbibu-veids\/\" aria-label=\"Read more about NODARB\u012aBU VEIDI\">Las\u012bt t\u0101l\u0101k<\/a><\/p>\n","protected":false},"author":2,"featured_media":0,"parent":37,"menu_order":2,"comment_status":"closed","ping_status":"closed","template":"","meta":{"footnotes":""},"class_list":["post-96","page","type-page","status-publish"],"rttpg_featured_image_url":null,"rttpg_author":{"display_name":"Siguldas Pamatskola","author_link":"https:\/\/sig1psk.lv\/index.php\/author\/admins\/"},"rttpg_comment":0,"rttpg_category":null,"rttpg_excerpt":"M\u016aZIKA &nbsp;1.kla\u0161u koris &nbsp;Kla\u0161u grupas: &nbsp;1.klase Vad\u012bt\u0101ja &nbsp;Inga Jansone &nbsp;Nodarb\u012bbas notiek 1x ned\u0113\u013c\u0101 Siguldas 1.pamatskolas Aktu z\u0101l\u0113. &nbsp;2.-4.kla\u0161u koris &nbsp;Kla\u0161u grupas: &nbsp;2.-4.klase &nbsp;Vad\u012bt\u0101ja &nbsp;Inga Jansone &nbsp;Nodarb\u012bbas notiek 2x ned\u0113\u013c\u0101 Siguldas ... Las\u012bt t\u0101l\u0101k","_links":{"self":[{"href":"https:\/\/sig1psk.lv\/index.php\/wp-json\/wp\/v2\/pages\/96","targetHints":{"allow":["GET"]}}],"collection":[{"href":"https:\/\/sig1psk.lv\/index.php\/wp-json\/wp\/v2\/pages"}],"about":[{"href":"https:\/\/sig1psk.lv\/index.php\/wp-json\/wp\/v2\/types\/page"}],"author":[{"embeddable":true,"href":"https:\/\/sig1psk.lv\/index.php\/wp-json\/wp\/v2\/users\/2"}],"replies":[{"embeddable":true,"href":"https:\/\/sig1psk.lv\/index.php\/wp-json\/wp\/v2\/comments?post=96"}],"version-history":[{"count":30,"href":"https:\/\/sig1psk.lv\/index.php\/wp-json\/wp\/v2\/pages\/96\/revisions"}],"predecessor-version":[{"id":3370,"href":"https:\/\/sig1psk.lv\/index.php\/wp-json\/wp\/v2\/pages\/96\/revisions\/3370"}],"up":[{"embeddable":true,"href":"https:\/\/sig1psk.lv\/index.php\/wp-json\/wp\/v2\/pages\/37"}],"wp:attachment":[{"href":"https:\/\/sig1psk.lv\/index.php\/wp-json\/wp\/v2\/media?parent=96"}],"curies":[{"name":"wp","href":"https:\/\/api.w.org\/{rel}","templated":true}]}}