{"id":928,"date":"2023-11-18T17:37:34","date_gmt":"2023-11-18T15:37:34","guid":{"rendered":"https:\/\/sig1psk.lv\/?page_id=928"},"modified":"2025-06-11T10:39:51","modified_gmt":"2025-06-11T08:39:51","slug":"skolas-un-sabiedribas-iesaistisana","status":"publish","type":"page","link":"https:\/\/sig1psk.lv\/index.php\/skolas-un-sabiedribas-iesaistisana\/","title":{"rendered":"VISAS SKOLAS UN SABIEDR\u012aBAS IESAIST\u012a\u0160ANA"},"content":{"rendered":"\n<p style=\"font-size:18px\"><strong><a href=\"https:\/\/sig1psk.lv\/index.php\/2023-2024\/\">R\u012aC\u012aBAS DIENAS 2024.\/2025.<\/a><\/strong><\/p>\n\n\n\n<p style=\"font-size:18px\"><strong><a href=\"https:\/\/sig1psk.lv\/index.php\/2023-2024\/\">R\u012aC\u012aBAS DIENAS 2023.\/2024.<\/a><\/strong><\/p>\n\n\n\n<p style=\"font-size:18px\"><strong><a href=\"https:\/\/sig1psk.lv\/index.php\/ekoskola\/ricibas-dienas-2022\/\" data-type=\"link\" data-id=\"https:\/\/sig1psk.lv\/index.php\/ekoskola\/ricibas-dienas-2022\/\">R\u012aC\u012aBAS DIENAS 2022<\/a><\/strong><\/p>\n\n\n\n<p style=\"font-size:18px\"><a href=\"https:\/\/sig1psk.lv\/index.php\/ekoskola\/ricibas-dienas-2021\/\" data-type=\"link\" data-id=\"https:\/\/sig1psk.lv\/index.php\/ekoskola\/ricibas-dienas-2021\/\"><strong>R\u012aC\u012aBAS DIENAS 2021<\/strong><\/a><\/p>\n\n\n\n<p style=\"font-size:18px\"><strong><a href=\"https:\/\/sig1psk.lv\/index.php\/ekoskola\/ricibas-dienas-2020\/\" data-type=\"link\" data-id=\"https:\/\/sig1psk.lv\/index.php\/ekoskola\/ricibas-dienas-2020\/\">R\u012aC\u012aBAS DIENAS 2020<\/a><\/strong><\/p>\n\n\n\n<p style=\"font-size:18px\"><strong><a href=\"https:\/\/sig1psk.lv\/index.php\/ekoskola\/ricibas-dienas-2019\/\" data-type=\"link\" data-id=\"https:\/\/sig1psk.lv\/index.php\/ekoskola\/ricibas-dienas-2019\/\">R\u012aC\u012aBAS DIENAS 2019<\/a><\/strong><\/p>\n\n\n\n<p style=\"font-size:18px\"><strong><a href=\"https:\/\/sig1psk.lv\/index.php\/ekoskola\/ricibas-dienas-2018\/\" data-type=\"link\" data-id=\"https:\/\/sig1psk.lv\/index.php\/ekoskola\/ricibas-dienas-2018\/\">R\u012aC\u012aBAS DIENAS 2018<\/a><\/strong><\/p>\n","protected":false},"excerpt":{"rendered":"<p>R\u012aC\u012aBAS DIENAS 2024.\/2025. R\u012aC\u012aBAS DIENAS 2023.\/2024. R\u012aC\u012aBAS DIENAS 2022 R\u012aC\u012aBAS DIENAS 2021 R\u012aC\u012aBAS DIENAS 2020 R\u012aC\u012aBAS DIENAS 2019 R\u012aC\u012aBAS DIENAS 2018<\/p>\n","protected":false},"author":2,"featured_media":0,"parent":0,"menu_order":0,"comment_status":"closed","ping_status":"closed","template":"","meta":{"footnotes":""},"class_list":["post-928","page","type-page","status-publish"],"rttpg_featured_image_url":null,"rttpg_author":{"display_name":"Siguldas Pamatskola","author_link":"https:\/\/sig1psk.lv\/index.php\/author\/admins\/"},"rttpg_comment":0,"rttpg_category":null,"rttpg_excerpt":"R\u012aC\u012aBAS DIENAS 2024.\/2025. R\u012aC\u012aBAS DIENAS 2023.\/2024. R\u012aC\u012aBAS DIENAS 2022 R\u012aC\u012aBAS DIENAS 2021 R\u012aC\u012aBAS DIENAS 2020 R\u012aC\u012aBAS DIENAS 2019 R\u012aC\u012aBAS DIENAS 2018","_links":{"self":[{"href":"https:\/\/sig1psk.lv\/index.php\/wp-json\/wp\/v2\/pages\/928","targetHints":{"allow":["GET"]}}],"collection":[{"href":"https:\/\/sig1psk.lv\/index.php\/wp-json\/wp\/v2\/pages"}],"about":[{"href":"https:\/\/sig1psk.lv\/index.php\/wp-json\/wp\/v2\/types\/page"}],"author":[{"embeddable":true,"href":"https:\/\/sig1psk.lv\/index.php\/wp-json\/wp\/v2\/users\/2"}],"replies":[{"embeddable":true,"href":"https:\/\/sig1psk.lv\/index.php\/wp-json\/wp\/v2\/comments?post=928"}],"version-history":[{"count":8,"href":"https:\/\/sig1psk.lv\/index.php\/wp-json\/wp\/v2\/pages\/928\/revisions"}],"predecessor-version":[{"id":3098,"href":"https:\/\/sig1psk.lv\/index.php\/wp-json\/wp\/v2\/pages\/928\/revisions\/3098"}],"wp:attachment":[{"href":"https:\/\/sig1psk.lv\/index.php\/wp-json\/wp\/v2\/media?parent=928"}],"curies":[{"name":"wp","href":"https:\/\/api.w.org\/{rel}","templated":true}]}}