{"id":920,"date":"2023-11-18T17:35:08","date_gmt":"2023-11-18T15:35:08","guid":{"rendered":"https:\/\/sig1psk.lv\/?page_id=920"},"modified":"2026-02-18T15:06:02","modified_gmt":"2026-02-18T13:06:02","slug":"vides-novertejums-2","status":"publish","type":"page","link":"https:\/\/sig1psk.lv\/index.php\/vides-novertejums-2\/","title":{"rendered":"VIDES NOV\u0112RT\u0112JUMS"},"content":{"rendered":"\n<p style=\"font-size:17px\"><strong>Vides nov\u0113rt\u0113jums 2025.\/2026.m.g<\/strong><\/p>\n\n\n\n<p style=\"font-size:17px\"><\/p>\n\n\n<div class=\"wp-block-image\">\n<figure class=\"aligncenter size-full is-resized\"><img loading=\"lazy\" decoding=\"async\" width=\"1414\" height=\"2000\" src=\"https:\/\/sig1psk.lv\/wp-content\/uploads\/2026\/02\/Pink-Green-and-Beige-Simple-Five-Year-Plan-A4-1.jpg\" alt=\"\" class=\"wp-image-3999\" style=\"width:914px;height:auto\" srcset=\"https:\/\/sig1psk.lv\/wp-content\/uploads\/2026\/02\/Pink-Green-and-Beige-Simple-Five-Year-Plan-A4-1.jpg 1414w, https:\/\/sig1psk.lv\/wp-content\/uploads\/2026\/02\/Pink-Green-and-Beige-Simple-Five-Year-Plan-A4-1-212x300.jpg 212w, https:\/\/sig1psk.lv\/wp-content\/uploads\/2026\/02\/Pink-Green-and-Beige-Simple-Five-Year-Plan-A4-1-724x1024.jpg 724w, https:\/\/sig1psk.lv\/wp-content\/uploads\/2026\/02\/Pink-Green-and-Beige-Simple-Five-Year-Plan-A4-1-768x1086.jpg 768w, https:\/\/sig1psk.lv\/wp-content\/uploads\/2026\/02\/Pink-Green-and-Beige-Simple-Five-Year-Plan-A4-1-1086x1536.jpg 1086w\" sizes=\"auto, (max-width: 1414px) 100vw, 1414px\" \/><\/figure>\n<\/div>\n\n\n<p><\/p>\n\n\n\n<p style=\"font-size:17px\"><strong>Vides nov\u0113rt\u0113jums 2024.\/2025.m.g.<\/strong><\/p>\n\n\n\n<p style=\"font-size:17px\"><\/p>\n\n\n\n<figure class=\"wp-block-table aligncenter\" style=\"font-size:17px\"><table><tbody><tr><td><strong>Ener\u0123ija<\/strong><\/td><td>Ir ier\u012bkoti atg\u0101din\u0101jumi virs gaismas sl\u0113d\u017eiem klas\u0113s, autom\u0101tisk\u0101s gaismas tualet\u0113s, kas pal\u012bdz taup\u012bt elektr\u012bbu. J\u0101piev\u0113r\u0161 uzman\u012bba datoru un gaismas izsl\u0113g\u0161anai, kad nav nepiecie\u0161am\u012bba tos lietot.<\/td><\/tr><tr><td><strong>Transports<\/strong><\/td><td>Ir sak\u0101rtota infrastrukt\u016bra velobrauc\u0113jiem un g\u0101j\u0113jiem, ir dro\u0161as velonovietnes. Daudz automa\u0161\u012bnas neizsl\u0113dz dzin\u0113jus, gaidot b\u0113rnus.<\/td><\/tr><tr><td><strong>Atkritumi<\/strong><\/td><td>Iek\u0101rtotas depoz\u012btkastes, bet j\u0101atg\u0101dina lieto\u0161anas noteikumi. J\u0101samazina pap\u012bra lapu druk\u0101\u0161ana, tiek pirktas p\u0101r\u0101k daudz plastmasas pudeles un skol\u0113niem ir sliktas zin\u0101\u0161anas par digit\u0101lajiem atkritumiem.<\/td><\/tr><tr><td><strong>\u016adens<\/strong><\/td><td>Ir kvalitat\u012bvs filtr\u0113ta dzeram\u0101 \u016bdens apar\u0101ts. Skol\u0113ni izmanto savas, vair\u0101kk\u0101rtlietojam\u0101s \u016bdens pudeles, netiek sav\u0101kti lietus \u016bde\u0146i un skol\u0113ni p\u0113rk p\u0101r\u0101k daudz \u016bdens pudeles.<\/td><\/tr><tr><td><strong>P\u0101rtika<\/strong><\/td><td>Skolas kafejn\u012bc\u0101 tiek tirgoti nevesel\u012bgi na\u0161\u0137i, skol\u0113ni tiek apg\u0101d\u0101ti ar sezon\u0101liem aug\u013ciem. Nav iesp\u0113jas ietekm\u0113t pusdienu \u0113dienkarti. Produkti ir vesel\u012bgi, viet\u0113j\u0101s izcelsmes.<\/td><\/tr><tr><td><strong>Me\u017es<\/strong><\/td><td>Dekor\u0113jam telpas no otrreiz lietojamiem materi\u0101liem. Lai taup\u012btu pap\u012bru, vair\u0101ki m\u0101c\u012bbu materi\u0101li tiek digitaliz\u0113ti.<\/td><\/tr><tr><td><strong>Vide un vesel\u012bba<\/strong><\/td><td>Tiek r\u012bkoti p\u0101rg\u0101jieni, regul\u0101ri tiek v\u0113din\u0101tas telpas. Skol\u0113ni p\u0113rk nevesel\u012bgus \u0113dienus, kuriem m\u0113dz b\u016bt stipra smaka, tiek r\u012bkotas atkritumu talkas, skol\u0101 m\u0113dz b\u016bt ska\u013ci.<\/td><\/tr><tr><td><strong>Skolas vide un apk\u0101rtne<\/strong><\/td><td>Daba tiek iedz\u012bvin\u0101ta skolas vid\u0113 ar ikgad\u0113jiem dabas materi\u0101lu pakl\u0101jiem un stund\u0101m, kuras notiek \u0101r\u0101. Sport\u0101 vajadz\u0113tu bie\u017e\u0101k vad\u012bt stundas \u0101r\u0101.<\/td><\/tr><tr><td><strong>Klimata p\u0101rmai\u0146as<\/strong><\/td><td>Skol\u0101 tiek aktualiz\u0113ti jaut\u0101jumi, kas ietekm\u0113 klimata p\u0101rmai\u0146as un k\u0101 katrs var pal\u012bdz\u0113t savai plan\u0113tai. M\u0113s esam Ekoskola un str\u0101d\u0101jam pie \u0161\u012b ilgtermi\u0146\u0101.<\/td><\/tr><tr><td><strong>L\u012bdzdal\u012bba, komunik\u0101cija un m\u0101c\u012bbu saturs<\/strong><\/td><td>M\u0101c\u012bbu satur\u0101 integr\u0113tas Ekoskolu t\u0113mas, skol\u0101 ir redzami Ekoskolas logo.<\/td><\/tr><tr><td><strong>Biolo\u0123isk\u0101 daudzveid\u012bba<\/strong><\/td><td>Ik gadu tiek veidoti dabas pakl\u0101ji no da\u017e\u0101diem dabas materi\u0101liem, skol\u0113ni zina, kas ietekm\u0113 biolo\u0123isk\u0101s daudzveid\u012bbas samazin\u0101\u0161anos. Vec\u0101ki un sabiedr\u012bba ir slikti inform\u0113ti par biolo\u0123isko daudzveid\u012bbu, laba sadarb\u012bba ar Latvijas Valsts me\u017eiem un viet\u0113jiem uz\u0146\u0113mumiem.<\/td><\/tr><\/tbody><\/table><\/figure>\n\n\n\n<p style=\"font-size:17px\"><\/p>\n\n\n\n<p style=\"font-size:17px\"><\/p>\n\n\n\n<p><\/p>\n","protected":false},"excerpt":{"rendered":"<p>Vides nov\u0113rt\u0113jums 2025.\/2026.m.g Vides nov\u0113rt\u0113jums 2024.\/2025.m.g. Ener\u0123ija Ir ier\u012bkoti atg\u0101din\u0101jumi virs gaismas sl\u0113d\u017eiem klas\u0113s, autom\u0101tisk\u0101s gaismas tualet\u0113s, kas pal\u012bdz taup\u012bt elektr\u012bbu. J\u0101piev\u0113r\u0161 uzman\u012bba datoru un gaismas izsl\u0113g\u0161anai, kad nav nepiecie\u0161am\u012bba &#8230; <a title=\"VIDES NOV\u0112RT\u0112JUMS\" class=\"read-more\" href=\"https:\/\/sig1psk.lv\/index.php\/vides-novertejums-2\/\" aria-label=\"Read more about VIDES NOV\u0112RT\u0112JUMS\">Las\u012bt t\u0101l\u0101k<\/a><\/p>\n","protected":false},"author":2,"featured_media":0,"parent":0,"menu_order":0,"comment_status":"closed","ping_status":"closed","template":"","meta":{"footnotes":""},"class_list":["post-920","page","type-page","status-publish"],"rttpg_featured_image_url":null,"rttpg_author":{"display_name":"Siguldas Pamatskola","author_link":"https:\/\/sig1psk.lv\/index.php\/author\/admins\/"},"rttpg_comment":0,"rttpg_category":null,"rttpg_excerpt":"Vides nov\u0113rt\u0113jums 2025.\/2026.m.g Vides nov\u0113rt\u0113jums 2024.\/2025.m.g. Ener\u0123ija Ir ier\u012bkoti atg\u0101din\u0101jumi virs gaismas sl\u0113d\u017eiem klas\u0113s, autom\u0101tisk\u0101s gaismas tualet\u0113s, kas pal\u012bdz taup\u012bt elektr\u012bbu. J\u0101piev\u0113r\u0161 uzman\u012bba datoru un gaismas izsl\u0113g\u0161anai, kad nav nepiecie\u0161am\u012bba ... Las\u012bt t\u0101l\u0101k","_links":{"self":[{"href":"https:\/\/sig1psk.lv\/index.php\/wp-json\/wp\/v2\/pages\/920","targetHints":{"allow":["GET"]}}],"collection":[{"href":"https:\/\/sig1psk.lv\/index.php\/wp-json\/wp\/v2\/pages"}],"about":[{"href":"https:\/\/sig1psk.lv\/index.php\/wp-json\/wp\/v2\/types\/page"}],"author":[{"embeddable":true,"href":"https:\/\/sig1psk.lv\/index.php\/wp-json\/wp\/v2\/users\/2"}],"replies":[{"embeddable":true,"href":"https:\/\/sig1psk.lv\/index.php\/wp-json\/wp\/v2\/comments?post=920"}],"version-history":[{"count":10,"href":"https:\/\/sig1psk.lv\/index.php\/wp-json\/wp\/v2\/pages\/920\/revisions"}],"predecessor-version":[{"id":4010,"href":"https:\/\/sig1psk.lv\/index.php\/wp-json\/wp\/v2\/pages\/920\/revisions\/4010"}],"wp:attachment":[{"href":"https:\/\/sig1psk.lv\/index.php\/wp-json\/wp\/v2\/media?parent=920"}],"curies":[{"name":"wp","href":"https:\/\/api.w.org\/{rel}","templated":true}]}}