{"id":918,"date":"2023-11-18T17:34:46","date_gmt":"2023-11-18T15:34:46","guid":{"rendered":"https:\/\/sig1psk.lv\/?page_id=918"},"modified":"2025-06-11T09:14:37","modified_gmt":"2025-06-11T07:14:37","slug":"ricibas-plans-2","status":"publish","type":"page","link":"https:\/\/sig1psk.lv\/index.php\/ricibas-plans-2\/","title":{"rendered":"R\u012aC\u012aBAS PL\u0100NS"},"content":{"rendered":"\n<p style=\"font-size:17px\"><a href=\"https:\/\/sig1psk.lv\/wp-content\/uploads\/2025\/06\/Ricibas_plans_2024_2025.pdf\">&nbsp;<strong>R\u012bc\u012bbas pl\u0101ns un izv\u0113rt\u0113jums 2024.\/2025.m.g.<\/strong><\/a><\/p>\n\n\n\n<figure class=\"wp-block-image size-large\"><img loading=\"lazy\" decoding=\"async\" width=\"1024\" height=\"714\" src=\"https:\/\/sig1psk.lv\/wp-content\/uploads\/2025\/06\/ric_plans-1024x714.jpg\" alt=\"\" class=\"wp-image-3037\" srcset=\"https:\/\/sig1psk.lv\/wp-content\/uploads\/2025\/06\/ric_plans-1024x714.jpg 1024w, https:\/\/sig1psk.lv\/wp-content\/uploads\/2025\/06\/ric_plans-300x209.jpg 300w, https:\/\/sig1psk.lv\/wp-content\/uploads\/2025\/06\/ric_plans-768x535.jpg 768w, https:\/\/sig1psk.lv\/wp-content\/uploads\/2025\/06\/ric_plans-1536x1070.jpg 1536w, https:\/\/sig1psk.lv\/wp-content\/uploads\/2025\/06\/ric_plans-2048x1427.jpg 2048w\" sizes=\"auto, (max-width: 1024px) 100vw, 1024px\" \/><\/figure>\n\n\n\n<p style=\"font-size:17px\"><\/p>\n","protected":false},"excerpt":{"rendered":"<p>&nbsp;R\u012bc\u012bbas pl\u0101ns un izv\u0113rt\u0113jums 2024.\/2025.m.g.<\/p>\n","protected":false},"author":2,"featured_media":0,"parent":0,"menu_order":0,"comment_status":"closed","ping_status":"closed","template":"","meta":{"footnotes":""},"class_list":["post-918","page","type-page","status-publish"],"rttpg_featured_image_url":null,"rttpg_author":{"display_name":"Siguldas Pamatskola","author_link":"https:\/\/sig1psk.lv\/index.php\/author\/admins\/"},"rttpg_comment":0,"rttpg_category":null,"rttpg_excerpt":"&nbsp;R\u012bc\u012bbas pl\u0101ns un izv\u0113rt\u0113jums 2024.\/2025.m.g.","_links":{"self":[{"href":"https:\/\/sig1psk.lv\/index.php\/wp-json\/wp\/v2\/pages\/918","targetHints":{"allow":["GET"]}}],"collection":[{"href":"https:\/\/sig1psk.lv\/index.php\/wp-json\/wp\/v2\/pages"}],"about":[{"href":"https:\/\/sig1psk.lv\/index.php\/wp-json\/wp\/v2\/types\/page"}],"author":[{"embeddable":true,"href":"https:\/\/sig1psk.lv\/index.php\/wp-json\/wp\/v2\/users\/2"}],"replies":[{"embeddable":true,"href":"https:\/\/sig1psk.lv\/index.php\/wp-json\/wp\/v2\/comments?post=918"}],"version-history":[{"count":20,"href":"https:\/\/sig1psk.lv\/index.php\/wp-json\/wp\/v2\/pages\/918\/revisions"}],"predecessor-version":[{"id":3073,"href":"https:\/\/sig1psk.lv\/index.php\/wp-json\/wp\/v2\/pages\/918\/revisions\/3073"}],"wp:attachment":[{"href":"https:\/\/sig1psk.lv\/index.php\/wp-json\/wp\/v2\/media?parent=918"}],"curies":[{"name":"wp","href":"https:\/\/api.w.org\/{rel}","templated":true}]}}