{"id":916,"date":"2023-11-18T17:34:29","date_gmt":"2023-11-18T15:34:29","guid":{"rendered":"https:\/\/sig1psk.lv\/?page_id=916"},"modified":"2026-02-18T15:35:59","modified_gmt":"2026-02-18T13:35:59","slug":"parraudziba-un-novertesana","status":"publish","type":"page","link":"https:\/\/sig1psk.lv\/index.php\/parraudziba-un-novertesana\/","title":{"rendered":"P\u0100RRAUDZ\u012aBA UN IZV\u0112RT\u0112\u0160ANA"},"content":{"rendered":"\n<h2 class=\"wp-block-heading\" style=\"font-size:21px\">2025.gada septembris<\/h2>\n\n\n<div class=\"wp-block-image\">\n<figure class=\"aligncenter size-large\"><img loading=\"lazy\" decoding=\"async\" width=\"724\" height=\"1024\" src=\"https:\/\/sig1psk.lv\/wp-content\/uploads\/2026\/02\/Pink-Green-and-Beige-Simple-Five-Year-Plan-A4-3-724x1024.jpg\" alt=\"\" class=\"wp-image-4014\" srcset=\"https:\/\/sig1psk.lv\/wp-content\/uploads\/2026\/02\/Pink-Green-and-Beige-Simple-Five-Year-Plan-A4-3-724x1024.jpg 724w, https:\/\/sig1psk.lv\/wp-content\/uploads\/2026\/02\/Pink-Green-and-Beige-Simple-Five-Year-Plan-A4-3-212x300.jpg 212w, https:\/\/sig1psk.lv\/wp-content\/uploads\/2026\/02\/Pink-Green-and-Beige-Simple-Five-Year-Plan-A4-3-768x1086.jpg 768w, https:\/\/sig1psk.lv\/wp-content\/uploads\/2026\/02\/Pink-Green-and-Beige-Simple-Five-Year-Plan-A4-3-1086x1536.jpg 1086w, https:\/\/sig1psk.lv\/wp-content\/uploads\/2026\/02\/Pink-Green-and-Beige-Simple-Five-Year-Plan-A4-3.jpg 1414w\" sizes=\"auto, (max-width: 724px) 100vw, 724px\" \/><\/figure>\n<\/div>\n\n\n<p><\/p>\n\n\n\n<h2 class=\"wp-block-heading\">Augusts<\/h2>\n\n\n\n<h2 class=\"wp-block-heading\" style=\"font-size:17px\"><strong>Ekoskolu vasaras forums<\/strong><\/h2>\n\n\n\n<p style=\"font-size:17px\">No 21. l\u012bdz 24.augustam Liep\u0101j\u0101 norisin\u0101j\u0101s Ekoskolu vasaras forums, kur\u0101 piedal\u012bj\u0101s ar\u012b Ekopadomes dal\u012bbnieces Elza Gail\u012bte un Laura M\u0101rtinsone. Meitenes izgl\u012btoj\u0101s gan Dabas m\u0101j\u0101, gan atkritumu poligon\u0101 &#8220;\u0136\u012bv\u012btes&#8221;, sp\u0113kus p\u0101rbaud\u012bja nakts tras\u012bt\u0113, k\u0101 ar\u012b m\u0101c\u012bj\u0101s gatavot \u0113dienus bez atkritumu veido\u0161anas, ekolo\u0123iskus l\u016bpu balz\u0101mus u.c.<\/p>\n\n\n<div class=\"wp-block-image\">\n<figure class=\"aligncenter size-full\"><img loading=\"lazy\" decoding=\"async\" width=\"556\" height=\"417\" src=\"https:\/\/sig1psk.lv\/wp-content\/uploads\/2025\/06\/image-7.png\" alt=\"\" class=\"wp-image-3160\" srcset=\"https:\/\/sig1psk.lv\/wp-content\/uploads\/2025\/06\/image-7.png 556w, https:\/\/sig1psk.lv\/wp-content\/uploads\/2025\/06\/image-7-300x225.png 300w\" sizes=\"auto, (max-width: 556px) 100vw, 556px\" \/><\/figure>\n<\/div>\n\n\n<p><\/p>\n\n\n\n<p style=\"font-size:17px\">No 19. l\u012bdz 21.augustam Liep\u0101j\u0101 norisin\u0101j\u0101s Ekoskolu vasaras forums, kur\u0101 piedal\u012bj\u0101s ar\u012b skolot\u0101jas Santa Briede un Lilita L\u016bse. Skolot\u0101jas forum\u0101 guva pieredzi un akt\u012bvi iesaist\u012bj\u0101s izgl\u012btojo\u0161\u0101s nodarb\u012bb\u0101s par aprites ekonomiku un t\u0101s praktisko izpausmi ikdien\u0101, piedaloties da\u017e\u0101d\u0101s lekcij\u0101s un darbn\u012bc\u0101s, kas notika Liep\u0101jas Valsts tehnikum\u0101 un Zin\u0101tnes un izgl\u012bt\u012bbas inov\u0101cijas centra Dabas m\u0101j\u0101.<\/p>\n\n\n<div class=\"wp-block-image\">\n<figure class=\"aligncenter size-full\"><img loading=\"lazy\" decoding=\"async\" width=\"434\" height=\"568\" src=\"https:\/\/sig1psk.lv\/wp-content\/uploads\/2025\/06\/image-8.png\" alt=\"\" class=\"wp-image-3162\" srcset=\"https:\/\/sig1psk.lv\/wp-content\/uploads\/2025\/06\/image-8.png 434w, https:\/\/sig1psk.lv\/wp-content\/uploads\/2025\/06\/image-8-229x300.png 229w\" sizes=\"auto, (max-width: 434px) 100vw, 434px\" \/><\/figure>\n<\/div>\n\n\n<p style=\"font-size:17px\"><\/p>\n\n\n\n<h2 class=\"wp-block-heading\">Septembris<\/h2>\n\n\n\n<p style=\"font-size:17px\"><strong>Sa\u0146emam Za\u013co karogu 7.reizi!<\/strong><\/p>\n\n\n\n<p style=\"font-size:17px\">11.septembr\u012b Siguldas 1.pamatskola Ekoskolu apbalvo\u0161anas ceremonij\u0101 Latvijas Nacion\u0101laj\u0101 bibliot\u0113k\u0101 sa\u0146\u0113ma Za\u013co karogu jau sept\u012bto gadu p\u0113c k\u0101rtas!Ceremonij\u0101 piedal\u012bj\u0101s Ekopadomes p\u0101rst\u0101vji Laura M\u0101rtinsone, Annija Reine un Zemguss Lapi\u0146\u0161.<\/p>\n\n\n<div class=\"wp-block-image\">\n<figure class=\"aligncenter size-full\"><img loading=\"lazy\" decoding=\"async\" width=\"607\" height=\"383\" src=\"https:\/\/sig1psk.lv\/wp-content\/uploads\/2025\/06\/image-9.png\" alt=\"\" class=\"wp-image-3167\" srcset=\"https:\/\/sig1psk.lv\/wp-content\/uploads\/2025\/06\/image-9.png 607w, https:\/\/sig1psk.lv\/wp-content\/uploads\/2025\/06\/image-9-300x189.png 300w\" sizes=\"auto, (max-width: 607px) 100vw, 607px\" \/><\/figure>\n<\/div>\n\n\n<p style=\"font-size:17px\"><\/p>\n\n\n\n<h2 class=\"wp-block-heading\" style=\"font-size:20px\">Oktobris<\/h2>\n\n\n\n<p style=\"font-size:17px\"><strong>Skolas vide iek\u0161\u0101 un \u0101r\u0101 &#8211; rudens moza\u012bka<\/strong><\/p>\n\n\n\n<p class=\"has-text-align-left\" style=\"font-size:17px\">3.oktobr\u012b visi kla\u0161u kolekt\u012bvi kop\u012bgi izveidoja rudens moza\u012bku, lai akcent\u0113tu gada t\u0113mu \u2013 Skolas vide un apk\u0101rtne, piev\u0113r\u0161ot uzman\u012bbu skolas videi gan iek\u0161pus\u0113, gan \u0101rpus\u0113.<\/p>\n\n\n<div class=\"wp-block-image\">\n<figure class=\"aligncenter size-full\"><img loading=\"lazy\" decoding=\"async\" width=\"406\" height=\"541\" src=\"https:\/\/sig1psk.lv\/wp-content\/uploads\/2025\/06\/image-10.png\" alt=\"\" class=\"wp-image-3169\" srcset=\"https:\/\/sig1psk.lv\/wp-content\/uploads\/2025\/06\/image-10.png 406w, https:\/\/sig1psk.lv\/wp-content\/uploads\/2025\/06\/image-10-225x300.png 225w\" sizes=\"auto, (max-width: 406px) 100vw, 406px\" \/><\/figure>\n<\/div>\n\n\n<p><\/p>\n\n\n\n<p style=\"font-size:17px\"><strong>Ekopadomes aktivit\u0101tes atkritumu \u0161\u0137iro\u0161anas jom\u0101<\/strong><\/p>\n\n\n\n<p style=\"font-size:17px\">10.oktobr\u012b Ekopadome dev\u0101s uz atkritumu \u0161\u0137iro\u0161anas laukumu \u201cZemdegas\u201d, kur kop\u0101 ar SIA Jumis vad\u012bt\u0101ju Krist\u012bni L\u016bsi p\u0101rrun\u0101ja atkritumu \u0161\u0137iro\u0161anas iesp\u0113jas Siguld\u0101.<\/p>\n\n\n\n<p style=\"font-size:17px\">11.oktobr\u012b<strong> <\/strong>Ekopadome tik\u0101s ar Krist\u012bni L\u016bsi skol\u0101, kur kop\u012bgi tika dom\u0101ts par re\u0101laj\u0101m iesp\u0113j\u0101m \u0161\u0137irot atkritumus skol\u0101.<\/p>\n\n\n<div class=\"wp-block-image\">\n<figure class=\"aligncenter size-full\"><img loading=\"lazy\" decoding=\"async\" width=\"554\" height=\"256\" src=\"https:\/\/sig1psk.lv\/wp-content\/uploads\/2025\/06\/image-11.png\" alt=\"\" class=\"wp-image-3171\" srcset=\"https:\/\/sig1psk.lv\/wp-content\/uploads\/2025\/06\/image-11.png 554w, https:\/\/sig1psk.lv\/wp-content\/uploads\/2025\/06\/image-11-300x139.png 300w\" sizes=\"auto, (max-width: 554px) 100vw, 554px\" \/><\/figure>\n<\/div>\n\n\n<p><\/p>\n\n\n\n<p style=\"font-size:17px\"><strong>Ekoskolu m\u0101c\u012bbas Turcij\u0101<\/strong><\/p>\n\n\n\n<p style=\"font-size:17px\">No 14.-18.oktobrim skolas Ekopadomes koordinatore Guntra Purmale piedal\u012bj\u0101s Ekoskolu apm\u0101c\u012bb\u0101s Turcij\u0101, kur notika nodarb\u012bbas par to, k\u0101 da\u017e\u0101das, ar vidi saist\u012btas t\u0113mas iek\u013caut m\u0101c\u012bbu stund\u0101s.<\/p>\n\n\n\n<div class=\"wp-block-columns is-layout-flex wp-container-core-columns-is-layout-9d6595d7 wp-block-columns-is-layout-flex\">\n<div class=\"wp-block-column is-layout-flow wp-block-column-is-layout-flow\" style=\"flex-basis:50%\"><div class=\"wp-block-image\">\n<figure class=\"alignleft size-full is-resized\"><img loading=\"lazy\" decoding=\"async\" width=\"282\" height=\"282\" src=\"https:\/\/sig1psk.lv\/wp-content\/uploads\/2025\/06\/image-12.png\" alt=\"\" class=\"wp-image-3174\" style=\"width:339px;height:auto\" srcset=\"https:\/\/sig1psk.lv\/wp-content\/uploads\/2025\/06\/image-12.png 282w, https:\/\/sig1psk.lv\/wp-content\/uploads\/2025\/06\/image-12-150x150.png 150w\" sizes=\"auto, (max-width: 282px) 100vw, 282px\" \/><\/figure>\n<\/div>\n\n\n<p><\/p>\n<\/div>\n\n\n\n<div class=\"wp-block-column is-layout-flow wp-block-column-is-layout-flow\" style=\"flex-basis:50%\"><div class=\"wp-block-image\">\n<figure class=\"alignleft size-full is-resized\"><img loading=\"lazy\" decoding=\"async\" width=\"282\" height=\"282\" src=\"https:\/\/sig1psk.lv\/wp-content\/uploads\/2025\/06\/image-13.png\" alt=\"\" class=\"wp-image-3175\" style=\"width:337px;height:auto\" srcset=\"https:\/\/sig1psk.lv\/wp-content\/uploads\/2025\/06\/image-13.png 282w, https:\/\/sig1psk.lv\/wp-content\/uploads\/2025\/06\/image-13-150x150.png 150w\" sizes=\"auto, (max-width: 282px) 100vw, 282px\" \/><\/figure>\n<\/div><\/div>\n<\/div>\n\n\n\n<p><\/p>\n\n\n\n<p><\/p>\n\n\n\n<h2 class=\"wp-block-heading\">Novembris<\/h2>\n\n\n\n<p style=\"font-size:17px\"><strong>R\u012bc\u012bbas dienas<\/strong><\/p>\n\n\n\n<p style=\"font-size:17px\">Ekoskolu R\u012bc\u012bbas dienu ned\u0113\u013c\u0101 8.novembr\u012b Siguldas 1. pamatskol\u0101 norisin\u0101j\u0101s M\u0101rti\u0146dienas tirgus, kur\u0161 tapis ar Ekopadomes un Skol\u0113nu pa\u0161p\u0101rvaldes iesaisti. Pas\u0101kum\u0101 skat\u012bt\u0101jus priec\u0113ja Eko Modes par\u0101de ar otrreiz izmantotiem t\u0113rpiem no dab\u012bgiem un p\u0101rstr\u0101d\u0101tiem materi\u0101liem, un skat\u012bt\u0101ji var\u0113ja iesaist\u012bties, veidojot savus dizainus! Neizpalika latvju dan\u010di un rudens vel\u0161u \u0161\u0137iro\u0161anas konkurss, tic\u0113jumu sacer\u0113\u0161ana, tautasdziesmu skait\u012b\u0161ana un viktor\u012bna par miegu, jo rudens n\u0101k ar miego\u0161anos! \u0160is rado\u0161ais pas\u0101kums gan turpin\u0101ja skolas trad\u012bciju, gan skolu iesaist\u012bja Ekoskolu R\u012bc\u012bbas dien\u0101s!<\/p>\n\n\n<div class=\"wp-block-image\">\n<figure class=\"aligncenter size-full\"><img loading=\"lazy\" decoding=\"async\" width=\"698\" height=\"322\" src=\"https:\/\/sig1psk.lv\/wp-content\/uploads\/2025\/06\/image-14.png\" alt=\"\" class=\"wp-image-3177\" srcset=\"https:\/\/sig1psk.lv\/wp-content\/uploads\/2025\/06\/image-14.png 698w, https:\/\/sig1psk.lv\/wp-content\/uploads\/2025\/06\/image-14-300x138.png 300w\" sizes=\"auto, (max-width: 698px) 100vw, 698px\" \/><\/figure>\n<\/div>\n\n\n<p><\/p>\n\n\n<div class=\"wp-block-image\">\n<figure class=\"aligncenter size-full\"><img loading=\"lazy\" decoding=\"async\" width=\"698\" height=\"523\" src=\"https:\/\/sig1psk.lv\/wp-content\/uploads\/2025\/06\/image-15.png\" alt=\"\" class=\"wp-image-3178\" srcset=\"https:\/\/sig1psk.lv\/wp-content\/uploads\/2025\/06\/image-15.png 698w, https:\/\/sig1psk.lv\/wp-content\/uploads\/2025\/06\/image-15-300x225.png 300w\" sizes=\"auto, (max-width: 698px) 100vw, 698px\" \/><\/figure>\n<\/div>\n\n\n<p><\/p>\n\n\n\n<h2 class=\"wp-block-heading\">Decembris<\/h2>\n\n\n\n<p style=\"font-size:17px\"><strong>Skolas vides noform\u0113jums<\/strong><\/p>\n\n\n\n<div class=\"wp-block-columns is-layout-flex wp-container-core-columns-is-layout-9d6595d7 wp-block-columns-is-layout-flex\">\n<div class=\"wp-block-column is-layout-flow wp-block-column-is-layout-flow\" style=\"flex-basis:50%\">\n<figure class=\"wp-block-image size-full is-resized\"><img loading=\"lazy\" decoding=\"async\" width=\"346\" height=\"346\" src=\"https:\/\/sig1psk.lv\/wp-content\/uploads\/2025\/06\/image-16.png\" alt=\"\" class=\"wp-image-3180\" style=\"width:408px;height:auto\" srcset=\"https:\/\/sig1psk.lv\/wp-content\/uploads\/2025\/06\/image-16.png 346w, https:\/\/sig1psk.lv\/wp-content\/uploads\/2025\/06\/image-16-300x300.png 300w, https:\/\/sig1psk.lv\/wp-content\/uploads\/2025\/06\/image-16-150x150.png 150w\" sizes=\"auto, (max-width: 346px) 100vw, 346px\" \/><\/figure>\n<\/div>\n\n\n\n<div class=\"wp-block-column is-layout-flow wp-block-column-is-layout-flow\" style=\"flex-basis:50%\"><div class=\"wp-block-image\">\n<figure class=\"aligncenter size-full is-resized\"><img loading=\"lazy\" decoding=\"async\" width=\"340\" height=\"340\" src=\"https:\/\/sig1psk.lv\/wp-content\/uploads\/2025\/06\/image-17.png\" alt=\"\" class=\"wp-image-3181\" style=\"width:408px;height:auto\" srcset=\"https:\/\/sig1psk.lv\/wp-content\/uploads\/2025\/06\/image-17.png 340w, https:\/\/sig1psk.lv\/wp-content\/uploads\/2025\/06\/image-17-300x300.png 300w, https:\/\/sig1psk.lv\/wp-content\/uploads\/2025\/06\/image-17-150x150.png 150w\" sizes=\"auto, (max-width: 340px) 100vw, 340px\" \/><\/figure>\n<\/div><\/div>\n<\/div>\n\n\n\n<div class=\"wp-block-columns is-layout-flex wp-container-core-columns-is-layout-9d6595d7 wp-block-columns-is-layout-flex\">\n<div class=\"wp-block-column is-layout-flow wp-block-column-is-layout-flow\" style=\"flex-basis:50%\">\n<figure class=\"wp-block-image size-full is-resized\"><img loading=\"lazy\" decoding=\"async\" width=\"339\" height=\"339\" src=\"https:\/\/sig1psk.lv\/wp-content\/uploads\/2025\/06\/image-18.png\" alt=\"\" class=\"wp-image-3182\" style=\"width:447px;height:auto\" srcset=\"https:\/\/sig1psk.lv\/wp-content\/uploads\/2025\/06\/image-18.png 339w, https:\/\/sig1psk.lv\/wp-content\/uploads\/2025\/06\/image-18-300x300.png 300w, https:\/\/sig1psk.lv\/wp-content\/uploads\/2025\/06\/image-18-150x150.png 150w\" sizes=\"auto, (max-width: 339px) 100vw, 339px\" \/><\/figure>\n<\/div>\n\n\n\n<div class=\"wp-block-column is-layout-flow wp-block-column-is-layout-flow\" style=\"flex-basis:50%\">\n<figure class=\"wp-block-image size-full is-resized\"><img loading=\"lazy\" decoding=\"async\" width=\"334\" height=\"334\" src=\"https:\/\/sig1psk.lv\/wp-content\/uploads\/2025\/06\/image-19.png\" alt=\"\" class=\"wp-image-3184\" style=\"width:452px;height:auto\" srcset=\"https:\/\/sig1psk.lv\/wp-content\/uploads\/2025\/06\/image-19.png 334w, https:\/\/sig1psk.lv\/wp-content\/uploads\/2025\/06\/image-19-300x300.png 300w, https:\/\/sig1psk.lv\/wp-content\/uploads\/2025\/06\/image-19-150x150.png 150w\" sizes=\"auto, (max-width: 334px) 100vw, 334px\" \/><\/figure>\n\n\n\n<p><\/p>\n<\/div>\n<\/div>\n\n\n<div class=\"wp-block-image\">\n<figure class=\"aligncenter size-full\"><img loading=\"lazy\" decoding=\"async\" width=\"283\" height=\"429\" src=\"https:\/\/sig1psk.lv\/wp-content\/uploads\/2025\/06\/image-20.png\" alt=\"\" class=\"wp-image-3185\" srcset=\"https:\/\/sig1psk.lv\/wp-content\/uploads\/2025\/06\/image-20.png 283w, https:\/\/sig1psk.lv\/wp-content\/uploads\/2025\/06\/image-20-198x300.png 198w\" sizes=\"auto, (max-width: 283px) 100vw, 283px\" \/><\/figure>\n<\/div>\n\n\n<p><\/p>\n\n\n\n<p><\/p>\n\n\n\n<p><\/p>\n\n\n\n<p><\/p>\n\n\n\n<p><\/p>\n\n\n\n<p><\/p>\n\n\n\n<p><\/p>\n\n\n\n<p><\/p>\n\n\n\n<p><\/p>\n\n\n\n<p><\/p>\n\n\n\n<p><\/p>\n\n\n\n<p><\/p>\n\n\n\n<p><\/p>\n\n\n\n<p style=\"font-size:17px\"><strong>Konkurss Digit\u0101lie atkritumi<\/strong><\/p>\n\n\n\n<div class=\"wp-block-columns is-layout-flex wp-container-core-columns-is-layout-9d6595d7 wp-block-columns-is-layout-flex\">\n<div class=\"wp-block-column is-layout-flow wp-block-column-is-layout-flow\" style=\"flex-basis:100%\"><div class=\"wp-block-image\">\n<figure class=\"aligncenter size-full is-resized\"><img loading=\"lazy\" decoding=\"async\" width=\"513\" height=\"644\" src=\"https:\/\/sig1psk.lv\/wp-content\/uploads\/2025\/06\/image-21.png\" alt=\"\" class=\"wp-image-3199\" style=\"width:327px;height:auto\" srcset=\"https:\/\/sig1psk.lv\/wp-content\/uploads\/2025\/06\/image-21.png 513w, https:\/\/sig1psk.lv\/wp-content\/uploads\/2025\/06\/image-21-239x300.png 239w\" sizes=\"auto, (max-width: 513px) 100vw, 513px\" \/><\/figure>\n<\/div>\n\n\n<p><\/p>\n\n\n<div class=\"wp-block-image\">\n<figure class=\"aligncenter size-full\"><img loading=\"lazy\" decoding=\"async\" width=\"698\" height=\"322\" src=\"https:\/\/sig1psk.lv\/wp-content\/uploads\/2025\/06\/image-23.png\" alt=\"\" class=\"wp-image-3204\" srcset=\"https:\/\/sig1psk.lv\/wp-content\/uploads\/2025\/06\/image-23.png 698w, https:\/\/sig1psk.lv\/wp-content\/uploads\/2025\/06\/image-23-300x138.png 300w\" sizes=\"auto, (max-width: 698px) 100vw, 698px\" \/><\/figure>\n<\/div>\n\n\n<p><\/p>\n<\/div>\n<\/div>\n\n\n\n<h2 class=\"wp-block-heading\">Janv\u0101ris<\/h2>\n\n\n\n<p style=\"font-size:17px\"><strong>Konkurss M\u0101ksl\u012bgais intelekts<\/strong><\/p>\n\n\n\n<p style=\"font-size:17px\">Nosl\u0113dzies konkurss &#8220;Vai Tu zini, kas ir digit\u0101lie atkritumi: m\u0101ksl\u012bgais intelekts?&#8221;. Apsveicam uzvar\u0113t\u0101jus: Am\u0113liju Lazdi\u0146u, S\u0101ru Gail\u012bti, Zemgusu Lapi\u0146u un El\u012bzu \u0160icu! Paldies konkursa organizatoram Valtam Pakalnam!<\/p>\n\n\n<div class=\"wp-block-image\">\n<figure class=\"aligncenter size-full\"><img loading=\"lazy\" decoding=\"async\" width=\"569\" height=\"569\" src=\"https:\/\/sig1psk.lv\/wp-content\/uploads\/2025\/06\/image-24.png\" alt=\"\" class=\"wp-image-3207\" srcset=\"https:\/\/sig1psk.lv\/wp-content\/uploads\/2025\/06\/image-24.png 569w, https:\/\/sig1psk.lv\/wp-content\/uploads\/2025\/06\/image-24-300x300.png 300w, https:\/\/sig1psk.lv\/wp-content\/uploads\/2025\/06\/image-24-150x150.png 150w\" sizes=\"auto, (max-width: 569px) 100vw, 569px\" \/><\/figure>\n<\/div>\n\n\n<p><\/p>\n\n\n\n<h2 class=\"wp-block-heading\">Febru\u0101ris<\/h2>\n\n\n\n<p style=\"font-size:17px\"><strong>Silto d\u017eemperu diena &#8211; Mana r\u012bc\u012bba klimata lab\u0101<\/strong><\/p>\n\n\n<div class=\"wp-block-image\">\n<figure class=\"aligncenter size-large is-resized\"><img loading=\"lazy\" decoding=\"async\" width=\"1024\" height=\"551\" src=\"https:\/\/sig1psk.lv\/wp-content\/uploads\/2025\/06\/Silte-dzemperi-1024x551.jpg\" alt=\"\" class=\"wp-image-3212\" style=\"width:576px;height:auto\" srcset=\"https:\/\/sig1psk.lv\/wp-content\/uploads\/2025\/06\/Silte-dzemperi-1024x551.jpg 1024w, https:\/\/sig1psk.lv\/wp-content\/uploads\/2025\/06\/Silte-dzemperi-300x162.jpg 300w, https:\/\/sig1psk.lv\/wp-content\/uploads\/2025\/06\/Silte-dzemperi-768x414.jpg 768w, https:\/\/sig1psk.lv\/wp-content\/uploads\/2025\/06\/Silte-dzemperi-1536x827.jpg 1536w, https:\/\/sig1psk.lv\/wp-content\/uploads\/2025\/06\/Silte-dzemperi.jpg 2000w\" sizes=\"auto, (max-width: 1024px) 100vw, 1024px\" \/><\/figure>\n<\/div>\n\n\n<p><\/p>\n\n\n\n<p style=\"font-size:17px\"><strong>Ekoskolu ziemas forums<\/strong><\/p>\n\n\n\n<p style=\"font-size:17px\">Ekoskolu ziemas forums. Vides izgl\u012bt\u012bbas fonds jau desmito reizi organiz\u0113ja izgl\u012btojo\u0161u un pieredzes apmai\u0146as pas\u0101kumu \u2013 Ekoskolu Ziemas forumu, kas no 21. l\u012bdz 23. febru\u0101rim norisin\u0101j\u0101s Ropa\u017eu vidusskol\u0101. Pas\u0101kum\u0101 piedal\u012bj\u0101s ar\u012b Siguldas 1.pamatskolas pedagogi Santa Briede un Evita Kulpe, k\u0101 ar\u012b skolnieces Annija Reine, Emma Ozoli\u0146a, L\u012bva Krau\u0161a un Paula Lemberga lai kop\u012bgi izzin\u0101tu vides un ilgtsp\u0113j\u012bgas att\u012bst\u012bbas jaut\u0101jumus, dal\u012btos pieredz\u0113 un stiprin\u0101tu Ekoskolu kust\u012bbu.<\/p>\n\n\n\n<p style=\"font-size:17px\">Foruma laik\u0101 dal\u012bbniekiem \u2013 gan jaunie\u0161iem, gan pedagogiem \u2013 bija iesp\u0113ja piedal\u012bties gan kop\u012bg\u0101s, gan paral\u0113l\u0101s aktivit\u0101t\u0113s. Tr\u012bs dienu laik\u0101 dal\u012bbnieki apmekl\u0113ja daudzveid\u012bgas un interakt\u012bvas vides nodarb\u012bbas, pieredzes apmai\u0146as sesijas, aizraujo\u0161us komandu uzdevumus un salied\u0113\u0161an\u0101s aktivit\u0101tes.L\u012bva st\u0101sta, ka uzzin\u0101jusi daudz jauna par akcijas &#8220;Neap\u0113d zemeslodi&#8221; b\u016bt\u012bbu, par vesel\u012bgiem \u0113\u0161anas principiem un \u0113st gatavo\u0161anu. Emmai vislab\u0101k patika lekcija &#8220;Skaistums prasa upurus jeb cik b\u012bstamas ir dr\u0113bes, kuras n\u0113s\u0101jam&#8221;, k\u0101 ar\u012b inform\u0101cija par jaud\u012bgas komandas veido\u0161anas pamatprincipiem. Paula st\u0101sta, ka foruma laik\u0101 ieguvusi interesantu pieredzi, veidojot video un prezent\u0101ciju par jaunie\u0161iem aktu\u0101l\u0101m vides probl\u0113m\u0101m.<\/p>\n\n\n<div class=\"wp-block-image\">\n<figure class=\"aligncenter size-full\"><img loading=\"lazy\" decoding=\"async\" width=\"698\" height=\"523\" src=\"https:\/\/sig1psk.lv\/wp-content\/uploads\/2025\/06\/image-26.png\" alt=\"\" class=\"wp-image-3213\" srcset=\"https:\/\/sig1psk.lv\/wp-content\/uploads\/2025\/06\/image-26.png 698w, https:\/\/sig1psk.lv\/wp-content\/uploads\/2025\/06\/image-26-300x225.png 300w\" sizes=\"auto, (max-width: 698px) 100vw, 698px\" \/><\/figure>\n<\/div>\n\n\n<p><\/p>\n\n\n\n<h2 class=\"wp-block-heading\">Apr\u012blis<\/h2>\n\n\n\n<p style=\"font-size:17px\"><strong>Ekopadomes motiv\u0113\u0161anas pas\u0101kums &#8211; Ekonakts<\/strong><\/p>\n\n\n\n<p style=\"font-size:17px\">30.apr\u012bl\u012b Ekopadomes Ekonakts! Kop\u0101 ne tikai str\u0101d\u0101jam, bet ar\u012b atp\u016b\u0161amies &#8211; ball\u012bte ar pa\u0161cept\u0101m pic\u0101m par depoz\u012bt\u0101 sakr\u0101to naudu, Adriana \u0137\u012bmiski aizraujo\u0161ie priek\u0161nesumi, orient\u0113\u0161an\u0101s sp\u0113le, pa ce\u013cam atrodot pat sl\u0113pju noliktavu un \u0161autuvi, nebeidzami jautr\u0101s un ilgi gaid\u012bt\u0101s pasl\u0113pes un mier\u012bg\u0101s brokastis.<\/p>\n\n\n<div class=\"wp-block-image\">\n<figure class=\"aligncenter size-full\"><img loading=\"lazy\" decoding=\"async\" width=\"698\" height=\"523\" src=\"https:\/\/sig1psk.lv\/wp-content\/uploads\/2025\/06\/image-27.png\" alt=\"\" class=\"wp-image-3217\" srcset=\"https:\/\/sig1psk.lv\/wp-content\/uploads\/2025\/06\/image-27.png 698w, https:\/\/sig1psk.lv\/wp-content\/uploads\/2025\/06\/image-27-300x225.png 300w\" sizes=\"auto, (max-width: 698px) 100vw, 698px\" \/><\/figure>\n<\/div>\n\n\n<p><\/p>\n\n\n\n<h2 class=\"wp-block-heading\">Maijs<\/h2>\n\n\n\n<p style=\"font-size:17px\"><strong>Skolas apk\u0101rtnes p\u013cavas<\/strong><\/p>\n\n\n\n<p style=\"font-size:17px\">Sadarb\u012bba. 22. maij\u0101 Siguldas 1. pamatskol\u0101 dabaszin\u012bbu stund\u0101 viesoj\u0101s<strong> <\/strong>Dabas aizsardz\u012bbas p\u0101rvaldes eksperte Maija Medne ar nodarb\u012bbu dab\u0101 par biolo\u0123isk\u0101s daudzveid\u012bbas t\u0113mu, \u012bpa\u0161i piev\u0113r\u0161oties p\u013cavu augiem. Nodarb\u012bbas saturs bija piel\u0101gots viet\u0113jai apk\u0101rtnei un t\u0113ma \u201cGada dz\u012bvotne \u2013 MALA\u201d. Skol\u0113ni izp\u0113t\u012bja dzelzce\u013ca malu: cik daudz pu\u0137u ir dzelzce\u013cmal\u0101, dzelzce\u013c\u0161 k\u0101 transports sugu ce\u013co\u0161anai.<\/p>\n\n\n\n<p style=\"font-size:17px\">Nodarb\u012bba notika kampa\u0146as \u201cIntegr\u0113t\u0101 komunik\u0101cijas kampa\u0146a \u201cDabas daudzveid\u012bba tav\u0101 d\u0101rz\u0101, pagalm\u0101 un uz palodzes\/ Everybodies biodiversity\u201d\u201d ietvaros.<\/p>\n\n\n<div class=\"wp-block-image\">\n<figure class=\"aligncenter size-full\"><img loading=\"lazy\" decoding=\"async\" width=\"578\" height=\"433\" src=\"https:\/\/sig1psk.lv\/wp-content\/uploads\/2025\/06\/image-28.png\" alt=\"\" class=\"wp-image-3218\" srcset=\"https:\/\/sig1psk.lv\/wp-content\/uploads\/2025\/06\/image-28.png 578w, https:\/\/sig1psk.lv\/wp-content\/uploads\/2025\/06\/image-28-300x225.png 300w\" sizes=\"auto, (max-width: 578px) 100vw, 578px\" \/><\/figure>\n<\/div>\n\n\n<p><\/p>\n\n\n\n<p style=\"font-size:17px\"><strong>Dal\u012bba pils\u0113tas sv\u0113tkos<\/strong><\/p>\n\n\n<div class=\"wp-block-image\">\n<figure class=\"aligncenter size-full\"><img loading=\"lazy\" decoding=\"async\" width=\"551\" height=\"254\" src=\"https:\/\/sig1psk.lv\/wp-content\/uploads\/2025\/06\/image-29.png\" alt=\"\" class=\"wp-image-3219\" srcset=\"https:\/\/sig1psk.lv\/wp-content\/uploads\/2025\/06\/image-29.png 551w, https:\/\/sig1psk.lv\/wp-content\/uploads\/2025\/06\/image-29-300x138.png 300w\" sizes=\"auto, (max-width: 551px) 100vw, 551px\" \/><\/figure>\n<\/div>","protected":false},"excerpt":{"rendered":"<p>2025.gada septembris Augusts Ekoskolu vasaras forums No 21. l\u012bdz 24.augustam Liep\u0101j\u0101 norisin\u0101j\u0101s Ekoskolu vasaras forums, kur\u0101 piedal\u012bj\u0101s ar\u012b Ekopadomes dal\u012bbnieces Elza Gail\u012bte un Laura M\u0101rtinsone. Meitenes izgl\u012btoj\u0101s gan Dabas m\u0101j\u0101, &#8230; <a title=\"P\u0100RRAUDZ\u012aBA UN IZV\u0112RT\u0112\u0160ANA\" class=\"read-more\" href=\"https:\/\/sig1psk.lv\/index.php\/parraudziba-un-novertesana\/\" aria-label=\"Read more about P\u0100RRAUDZ\u012aBA UN IZV\u0112RT\u0112\u0160ANA\">Las\u012bt t\u0101l\u0101k<\/a><\/p>\n","protected":false},"author":2,"featured_media":0,"parent":0,"menu_order":0,"comment_status":"closed","ping_status":"closed","template":"","meta":{"footnotes":""},"class_list":["post-916","page","type-page","status-publish"],"rttpg_featured_image_url":null,"rttpg_author":{"display_name":"Siguldas Pamatskola","author_link":"https:\/\/sig1psk.lv\/index.php\/author\/admins\/"},"rttpg_comment":0,"rttpg_category":null,"rttpg_excerpt":"2025.gada septembris Augusts Ekoskolu vasaras forums No 21. l\u012bdz 24.augustam Liep\u0101j\u0101 norisin\u0101j\u0101s Ekoskolu vasaras forums, kur\u0101 piedal\u012bj\u0101s ar\u012b Ekopadomes dal\u012bbnieces Elza Gail\u012bte un Laura M\u0101rtinsone. Meitenes izgl\u012btoj\u0101s gan Dabas m\u0101j\u0101, ... Las\u012bt t\u0101l\u0101k","_links":{"self":[{"href":"https:\/\/sig1psk.lv\/index.php\/wp-json\/wp\/v2\/pages\/916","targetHints":{"allow":["GET"]}}],"collection":[{"href":"https:\/\/sig1psk.lv\/index.php\/wp-json\/wp\/v2\/pages"}],"about":[{"href":"https:\/\/sig1psk.lv\/index.php\/wp-json\/wp\/v2\/types\/page"}],"author":[{"embeddable":true,"href":"https:\/\/sig1psk.lv\/index.php\/wp-json\/wp\/v2\/users\/2"}],"replies":[{"embeddable":true,"href":"https:\/\/sig1psk.lv\/index.php\/wp-json\/wp\/v2\/comments?post=916"}],"version-history":[{"count":50,"href":"https:\/\/sig1psk.lv\/index.php\/wp-json\/wp\/v2\/pages\/916\/revisions"}],"predecessor-version":[{"id":4015,"href":"https:\/\/sig1psk.lv\/index.php\/wp-json\/wp\/v2\/pages\/916\/revisions\/4015"}],"wp:attachment":[{"href":"https:\/\/sig1psk.lv\/index.php\/wp-json\/wp\/v2\/media?parent=916"}],"curies":[{"name":"wp","href":"https:\/\/api.w.org\/{rel}","templated":true}]}}