{"id":87,"date":"2023-08-14T11:30:12","date_gmt":"2023-08-14T09:30:12","guid":{"rendered":"https:\/\/sig1psk.lv\/?page_id=87"},"modified":"2026-04-13T00:59:49","modified_gmt":"2026-04-12T22:59:49","slug":"edinasana","status":"publish","type":"page","link":"https:\/\/sig1psk.lv\/index.php\/par-skolu\/edinasana\/","title":{"rendered":"\u0112DIENKARTE"},"content":{"rendered":"\n<p style=\"font-size:16px\">\u0112din\u0101\u0161ana 2025.\/2026. m\u0101c\u012bbu gad\u0101!<\/p>\n\n\n\n<figure class=\"wp-block-table has-medium-font-size\"><table class=\"has-fixed-layout\"><tbody><tr><td>13.04. &#8211; 17.04.<\/td><td><a href=\"https:\/\/sig1psk.lv\/wp-content\/uploads\/2026\/03\/3.ned_1-4kl.kompl_.pusd_Sigulda.pdf\">1.- 4. klas\u0113m<\/a><\/td><td><a href=\"https:\/\/sig1psk.lv\/wp-content\/uploads\/2026\/03\/3.ned_5-9kl.kompl_.pusd_Sigulda.pdf\">5.- 9. klas\u0113m<\/a><\/td><td><a href=\"https:\/\/sig1psk.lv\/wp-content\/uploads\/2026\/03\/3.ned_Launags_P.pdf\">Launags<\/a><\/td><\/tr><tr><td>7.04. &#8211; 10.04.<\/td><td><a href=\"https:\/\/sig1psk.lv\/wp-content\/uploads\/2026\/03\/2.ned_1-4.kl_.kompl_.pusd_P.pdf\">1.- 4. klas\u0113m<\/a><\/td><td><a href=\"https:\/\/sig1psk.lv\/wp-content\/uploads\/2026\/03\/2.ned_5-9.kl_.kompl_.pusd_Sigulda_P.pdf\">5.- 9. klas\u0113m<\/a><\/td><td><a href=\"https:\/\/sig1psk.lv\/wp-content\/uploads\/2026\/03\/2.ned_Launags_P.pdf\">Launags<\/a><\/td><\/tr><\/tbody><\/table><\/figure>\n\n\n\n<p><\/p>\n","protected":false},"excerpt":{"rendered":"<p>\u0112din\u0101\u0161ana 2025.\/2026. m\u0101c\u012bbu gad\u0101! 13.04. &#8211; 17.04. 1.- 4. klas\u0113m 5.- 9. klas\u0113m Launags 7.04. &#8211; 10.04. 1.- 4. klas\u0113m 5.- 9. klas\u0113m Launags<\/p>\n","protected":false},"author":2,"featured_media":0,"parent":8,"menu_order":9,"comment_status":"closed","ping_status":"closed","template":"","meta":{"footnotes":""},"class_list":["post-87","page","type-page","status-publish"],"rttpg_featured_image_url":null,"rttpg_author":{"display_name":"Siguldas Pamatskola","author_link":"https:\/\/sig1psk.lv\/index.php\/author\/admins\/"},"rttpg_comment":0,"rttpg_category":null,"rttpg_excerpt":"\u0112din\u0101\u0161ana 2025.\/2026. m\u0101c\u012bbu gad\u0101! 13.04. &#8211; 17.04. 1.- 4. klas\u0113m 5.- 9. klas\u0113m Launags 7.04. &#8211; 10.04. 1.- 4. klas\u0113m 5.- 9. klas\u0113m Launags","_links":{"self":[{"href":"https:\/\/sig1psk.lv\/index.php\/wp-json\/wp\/v2\/pages\/87","targetHints":{"allow":["GET"]}}],"collection":[{"href":"https:\/\/sig1psk.lv\/index.php\/wp-json\/wp\/v2\/pages"}],"about":[{"href":"https:\/\/sig1psk.lv\/index.php\/wp-json\/wp\/v2\/types\/page"}],"author":[{"embeddable":true,"href":"https:\/\/sig1psk.lv\/index.php\/wp-json\/wp\/v2\/users\/2"}],"replies":[{"embeddable":true,"href":"https:\/\/sig1psk.lv\/index.php\/wp-json\/wp\/v2\/comments?post=87"}],"version-history":[{"count":168,"href":"https:\/\/sig1psk.lv\/index.php\/wp-json\/wp\/v2\/pages\/87\/revisions"}],"predecessor-version":[{"id":4392,"href":"https:\/\/sig1psk.lv\/index.php\/wp-json\/wp\/v2\/pages\/87\/revisions\/4392"}],"up":[{"embeddable":true,"href":"https:\/\/sig1psk.lv\/index.php\/wp-json\/wp\/v2\/pages\/8"}],"wp:attachment":[{"href":"https:\/\/sig1psk.lv\/index.php\/wp-json\/wp\/v2\/media?parent=87"}],"curies":[{"name":"wp","href":"https:\/\/api.w.org\/{rel}","templated":true}]}}