{"id":831,"date":"2023-11-18T16:36:36","date_gmt":"2023-11-18T14:36:36","guid":{"rendered":"https:\/\/sig1psk.lv\/?page_id=831"},"modified":"2024-05-29T15:47:30","modified_gmt":"2024-05-29T13:47:30","slug":"2023-2024","status":"publish","type":"page","link":"https:\/\/sig1psk.lv\/index.php\/sasniegumi-2\/2023-2024\/","title":{"rendered":"2023.\/2024."},"content":{"rendered":"\n<p><\/p>\n\n\n\n<h3 class=\"wp-block-heading\">M\u0101c\u012bbu priek\u0161metu olimpi\u0101\u017eu laure\u0101ti 2023.\/2024. m\u0101c\u012bbu gad\u0101<\/h3>\n\n\n\n<p><\/p>\n\n\n\n<figure class=\"wp-block-table\"><table><tbody><tr><th>Olimpi\u0101de<\/th><th>Skol\u0113ns, klase<\/th><th>Skolot\u0101js<\/th><th>Vieta<\/th><\/tr><tr><th colspan=\"4\">&nbsp;<\/th><\/tr><tr><td>Matem\u0101tikas olimpi\u0101de 4. kla\u0161u skol\u0113niem &#8220;Tik vai&#8230; Cik?&#8221;<\/td><td><strong>Valts Pakalns, 4.kl<\/strong><\/td><td>Lilita L\u016bse<\/td><td><strong>I<\/strong><\/td><\/tr><tr><td>Matem\u0101tikas olimpi\u0101de 4. kla\u0161u skol\u0113niem &#8220;Tik vai&#8230; Cik?&#8221;<\/td><td><strong>Zemguss Lapi\u0146\u0161, 4.kl<\/strong><\/td><td>In\u0101ra Smone<\/td><td><strong>III<\/strong><\/td><\/tr><tr><td>Matem\u0101tikas olimpi\u0101de 4. kla\u0161u skol\u0113niem &#8220;Tik vai&#8230; Cik?&#8221;<\/td><td><strong>Krist\u012bne Bankovska, 4.kl<\/strong><\/td><td>In\u0101ra Smone<\/td><td><strong>Atzin\u012bba<\/strong><\/td><\/tr><tr><td>Matem\u0101tikas olimpi\u0101de 4. kla\u0161u skol\u0113niem &#8220;Tik vai&#8230; Cik?&#8221;<\/td><td><strong>Ralfs V\u0101vere, 4.kl<\/strong><\/td><td>Lilita L\u016bse<\/td><td><strong>Atzin\u012bba<\/strong><\/td><\/tr><tr><td>Vizu\u0101l\u0101s m\u0101kslas alternat\u012bv\u0101 olimpi\u0101de<\/td><td><strong>Al\u012bna Azarova, 9.c<\/strong><\/td><td>Ieva Pr\u012bmane<\/td><td><strong>II<\/strong><\/td><\/tr><tr><td>Vizu\u0101l\u0101s m\u0101kslas alternat\u012bv\u0101 olimpi\u0101de<\/td><td><strong>Valts Pakalns, 4.kl<\/strong><\/td><td>Ieva Pr\u012bmane<\/td><td><strong>II<\/strong><\/td><\/tr><tr><td>Siguldas novada 1., 2. kla\u0161u alternat\u012bv\u0101 olimpi\u0101de<\/td><td><strong>Paula Raslava, 1.kl<\/strong><\/td><td>Laila Biteniece<\/td><td><strong>III<\/strong><\/td><\/tr><tr><td>Siguldas novada 1., 2. kla\u0161u alternat\u012bv\u0101 olimpi\u0101de<\/td><td><strong><strong>M\u0101rcis Gruduls<\/strong>, 1.kl<\/strong><\/td><td>Ramona Suveizda<\/td><td><strong>Atzin\u012bba<\/strong><\/td><\/tr><tr><td>Siguldas novada 1., 2. kla\u0161u alternat\u012bv\u0101 olimpi\u0101de<\/td><td><strong>Em\u012bls Deksnis, 2.kl<\/strong><\/td><td>Laila Adzil\u010da<\/td><td><strong>I<\/strong><\/td><\/tr><tr><td>Siguldas novada 1., 2. kla\u0161u alternat\u012bv\u0101 olimpi\u0101de<\/td><td><strong>Kristaps Bankovskis, 2.kl<\/strong><\/td><td>Laila Adzil\u010da, M\u0101r\u012bte Ziemele<\/td><td><strong>III<\/strong><\/td><\/tr><tr><td>Siguldas novada 1., 2. kla\u0161u alternat\u012bv\u0101 olimpi\u0101de<\/td><td><strong><strong>Am\u0113lija Ar\u0101ja, 2.<\/strong>kl<\/strong><\/td><td>Sandra Parfenkova<\/td><td><strong>Atzin\u012bba<\/strong><\/td><\/tr><tr><td>Starpnovadu skolu s\u0101kumskolas draudz\u012bbas kompleks\u0101 olimpi\u0101de<\/td><td><strong>Paula Raslava, 1.kl<\/strong><\/td><td>Laila Biteniece<\/td><td><strong>Atzin\u012bba<\/strong><\/td><\/tr><tr><td>Starpnovadu skolu s\u0101kumskolas draudz\u012bbas kompleks\u0101 olimpi\u0101de<\/td><td><strong>M\u0101rcis Gruduls, 1.kl<\/strong><\/td><td>Ramona Suveizda<\/td><td><strong>II<\/strong><\/td><\/tr><tr><td>Starpnovadu skolu s\u0101kumskolas draudz\u012bbas kompleks\u0101 olimpi\u0101de<\/td><td><strong>Am\u0113lija Ar\u0101ja, 2.kl<\/strong><\/td><td>Sandra Parfenkova<\/td><td><strong>I<\/strong><\/td><\/tr><tr><td>Starpnovadu skolu s\u0101kumskolas draudz\u012bbas kompleks\u0101 olimpi\u0101de<\/td><td><strong>Edgars Kairis, 3.kl<\/strong><\/td><td>M\u0101r\u012bte Ziemele<\/td><td><strong>II<\/strong><\/td><\/tr><tr><td>Starpnovadu skolu s\u0101kumskolas draudz\u012bbas kompleks\u0101 olimpi\u0101de<\/td><td><strong>Em\u012blija \u0160\u0137endere, 3.kl<\/strong><\/td><td>In\u0101ra Smone<\/td><td><strong>III<\/strong><\/td><\/tr><tr><td>Siguldas novada skolu olimpi\u0101de matem\u0101tik\u0101<\/td><td><strong>Kar\u012bna Spurava, 6.a<\/strong><\/td><td>Ilze M\u0101rtinsone<\/td><td><strong>I<\/strong><\/td><\/tr><tr><td>Siguldas novada skolu olimpi\u0101de matem\u0101tik\u0101<\/td><td><strong>Roberts \u0136iploks, 7.b<\/strong><\/td><td>Lilita L\u016bse<\/td><td><strong>II<\/strong><\/td><\/tr><tr><td>Siguldas novada skolu olimpi\u0101de matem\u0101tik\u0101<\/td><td><strong>Adrians An\u0161mits, 7.b<\/strong><\/td><td>Lilita L\u016bse<\/td><td><strong>III<\/strong><\/td><\/tr><tr><td>Siguldas novada skolu olimpi\u0101de matem\u0101tik\u0101<\/td><td><strong>Hlib Lukashchyk, 7.c<\/strong><\/td><td>Lilita L\u016bse<\/td><td><strong>Atzin\u012bba<\/strong><\/td><\/tr><tr><td>Siguldas novada skolu olimpi\u0101de matem\u0101tik\u0101<\/td><td><strong>Madara Daniela Skrasti\u0146a, 6.b&nbsp;<\/strong><\/td><td>Santa Briede<\/td><td><strong>Atzin\u012bba<\/strong><\/td><\/tr><tr><td>Siguldas novada skolu olimpi\u0101de matem\u0101tik\u0101<\/td><td><strong>Bruno Kan\u010ds, 9.c<\/strong><\/td><td>Lilita L\u016bse<\/td><td><strong>III<\/strong><\/td><\/tr><tr><td>Siguldas novada skolu olimpi\u0101de matem\u0101tik\u0101<\/td><td><strong>Kristians Komur\u0146ickis, 9.c<\/strong><\/td><td>Lilita L\u016bse<\/td><td><strong>III<\/strong><\/td><\/tr><tr><td>Atkl\u0101t\u0101 olimpi\u0101de matem\u0101tik\u0101<\/td><td><strong>Adrians An\u0161mits, 7.b<\/strong><\/td><td>Lilita L\u016bse<\/td><td><strong>III<\/strong><\/td><\/tr><tr><td>Atkl\u0101t\u0101 olimpi\u0101de matem\u0101tik\u0101<\/td><td><strong>Kar\u012bna Spurava, 6.a<\/strong><\/td><td>Ilze M\u0101rtinsone<\/td><td><strong>Atzin\u012bba<\/strong><\/td><\/tr><tr><td>Siguldas novada skolu olimpi\u0101de \u0137\u012bmij\u0101<\/td><td><strong>Bruno Kan\u010ds, 9.c<\/strong><\/td><td>Inese Borti\u0146a<\/td><td><strong>I<\/strong><\/td><\/tr><tr><td>Siguldas novada skolu olimpi\u0101de \u0137\u012bmij\u0101<\/td><td><strong>Kristians Komur\u0146ickis, 9.c<\/strong><\/td><td>Inese Borti\u0146a<\/td><td><strong>II<\/strong><\/td><\/tr><tr><td>Siguldas novada skolu olimpi\u0101de fizik\u0101<\/td><td><strong>Imants M\u0101rti\u0146\u0161 Kup\u010ds, 9.a<\/strong><\/td><td>Lilita Bernharde<\/td><td><strong>I<\/strong><\/td><\/tr><tr><td>Siguldas novada skolu olimpi\u0101de fizik\u0101<\/td><td><strong>Bruno Kan\u010ds, 9.c<\/strong><\/td><td>Lilita Bernharde<\/td><td><strong>II<\/strong><\/td><\/tr><tr><td>Siguldas novada skolu olimpi\u0101de fizik\u0101<\/td><td><strong><strong>Em\u012bls \u0160t\u0101ks, 9.b<\/strong><\/strong><\/td><td>Lilita Bernharde<\/td><td><strong>III<\/strong><\/td><\/tr><tr><td>Siguldas novada skolu olimpi\u0101de fizik\u0101<\/td><td><strong>Kristians Komur\u0146ickis, 9.c<\/strong><\/td><td>Lilita Bernharde<\/td><td><strong>Atzin\u012bba<\/strong><\/td><\/tr><tr><td>Siguldas novada skolu olimpi\u0101de v\u0113stur\u0113<\/td><td><strong>Kristians Komur\u0146ickis, 9.c<\/strong><\/td><td>\u017danna Pried\u012bte<\/td><td><strong>II<\/strong><\/td><\/tr><tr><td>Siguldas novada skolu olimpi\u0101de v\u0113stur\u0113<\/td><td><strong>Bruno Kan\u010ds, 9.c<\/strong><\/td><td>\u017danna Pried\u012bte<\/td><td><strong>III<\/strong><\/td><\/tr><tr><td>Siguldas novada skolu olimpi\u0101de biolo\u0123ij\u0101<\/td><td><strong><strong>Em\u012bls \u0160t\u0101ks, 9.b<\/strong><\/strong><\/td><td>Ina Slavinska<\/td><td><strong>II<\/strong><\/td><\/tr><tr><td>Siguldas novada skolu olimpi\u0101de biolo\u0123ij\u0101<\/td><td><strong>Kristians Komur\u0146ickis, 9.c<\/strong><\/td><td>Ina Slavinska<\/td><td><strong>III<\/strong><\/td><\/tr><tr><td>Siguldas novada skolu olimpi\u0101de krievu valod\u0101<\/td><td><strong>Laura Zilbere, 8.b<\/strong><\/td><td>Je\u013cena Kamoli\u0146a<\/td><td><strong>III<\/strong><\/td><\/tr><tr><td>Siguldas novada skolu olimpi\u0101de krievu valod\u0101<\/td><td><strong>Viktorija Bur\u0146evi\u010da, 9.b<\/strong><\/td><td>Je\u013cena Kamoli\u0146a<\/td><td><strong>III<\/strong><\/td><\/tr><tr><td>Siguldas novada ang\u013cu valodas olimpi\u0101de<\/td><td><strong><strong>Em\u012bls \u0160t\u0101ks, 9.b<\/strong><\/strong><\/td><td>Daina Neimane<\/td><td><strong>I<\/strong><\/td><\/tr><tr><td>Siguldas novada ang\u013cu valodas olimpi\u0101de<\/td><td><strong>Lote L\u012bpace, 8.b<\/strong><\/td><td>Linda Bogdane<\/td><td><strong>II<\/strong><\/td><\/tr><tr><td>Siguldas novada ang\u013cu valodas olimpi\u0101de<\/td><td><strong>Marta St\u012bpniece, 8.b<\/strong><\/td><td>Linda Bogdane<\/td><td><strong>I<\/strong><\/td><\/tr><tr><td>Siguldas novada ang\u013cu valodas olimpi\u0101de<\/td><td><strong>Adrians An\u0161mits, 7.b<\/strong><\/td><td>Linda Bogdane<\/td><td><strong>II<\/strong><\/td><\/tr><tr><td>Siguldas novada ang\u013cu valodas olimpi\u0101de<\/td><td><strong>L\u012bva Krau\u0161a, 7.a<\/strong><\/td><td>Linda Bogdane<\/td><td><strong>I<\/strong><\/td><\/tr><tr><td>Siguldas novada ang\u013cu valodas olimpi\u0101de<\/td><td><strong>Kri\u0161j\u0101nis Em\u012bls Kal\u0113js, 6.c<\/strong><\/td><td>Linda Bogdane<\/td><td><strong>III<\/strong><\/td><\/tr><tr><td>Siguldas novada ang\u013cu valodas olimpi\u0101de<\/td><td><strong>Herta Butkus, 5.b<\/strong><\/td><td>Linda Bogdane<\/td><td><strong>I<\/strong><\/td><\/tr><tr><td>Siguldas novada ang\u013cu valodas olimpi\u0101de<\/td><td><strong>Valts Pakalns, 4.b<\/strong><\/td><td>L\u012bva Undzenko<\/td><td><strong>II<\/strong><\/td><\/tr><tr><td>Siguldas novada ang\u013cu valodas olimpi\u0101de<\/td><td><strong>Zemguss Lapi\u0146\u0161, 4.a<\/strong><\/td><td>L\u012bva Undzenko<\/td><td><strong>I<\/strong><\/td><\/tr><tr><td>Skolas ang\u013cu valodas olimpi\u0101de<\/td><td><strong>Zemguss Lapi\u0146\u0161, 4.a<\/strong><\/td><td>L\u012bva Undzenko<\/td><td><strong>I<\/strong><\/td><\/tr><tr><td>Skolas ang\u013cu valodas olimpi\u0101de<\/td><td><strong>Marta Paula Broka, 4.b<\/strong><\/td><td>L\u012bva Undzenko<\/td><td><strong>II<\/strong><\/td><\/tr><tr><td>Skolas ang\u013cu valodas olimpi\u0101de<\/td><td><strong>Pauls Jugans, 4.c<\/strong><\/td><td>L\u012bva Undzenko<\/td><td><strong>III<\/strong><\/td><\/tr><tr><td>Skolas ang\u013cu valodas olimpi\u0101de<\/td><td><strong>Karl\u012bna Kanc\u012bte, 5.b<\/strong><\/td><td>Linda Bogdane<\/td><td><strong>I<\/strong><\/td><\/tr><tr><td>Skolas ang\u013cu valodas olimpi\u0101de<\/td><td><strong>Herta Butkus, 5.b<\/strong><\/td><td>Linda Bogdane<\/td><td><strong>II<\/strong><\/td><\/tr><tr><td>Skolas ang\u013cu valodas olimpi\u0101de<\/td><td><strong>Gerda Uzare, 5.b<\/strong><\/td><td>Linda Bogdane<\/td><td><strong>III<\/strong><\/td><\/tr><tr><td>Skolas ang\u013cu valodas olimpi\u0101de<\/td><td><strong>Kri\u0161j\u0101nis Em\u012bls Kal\u0113js, 6.c<\/strong><\/td><td>Linda Bogdane<\/td><td><strong>I<\/strong><\/td><\/tr><tr><td>Skolas ang\u013cu valodas olimpi\u0101de<\/td><td><strong>K\u0101rlis \u0160teinerts, 6.b<\/strong><\/td><td>Linda Bogdane<\/td><td><strong>II<\/strong><\/td><\/tr><tr><td>Skolas ang\u013cu valodas olimpi\u0101de<\/td><td><strong>Elza Gr\u012bnberga, 6.c<\/strong><\/td><td>Linda Bogdane<\/td><td><strong>II<\/strong><\/td><\/tr><tr><td>Skolas ang\u013cu valodas olimpi\u0101de<\/td><td><strong>Anna Saule, 6.c<\/strong><\/td><td>Linda Bogdane<\/td><td><strong>III<\/strong><\/td><\/tr><tr><td>Skolas ang\u013cu valodas olimpi\u0101de<\/td><td><strong>Kate L\u012bvi\u0146a, 6.a<\/strong><\/td><td>Linda Bogdane<\/td><td><strong>IIII<\/strong><\/td><\/tr><tr><td>Skolas ang\u013cu valodas olimpi\u0101de<\/td><td><strong>Adrians An\u0161mits, 7.b<\/strong><\/td><td>Linda Bogdane<\/td><td><strong>I<\/strong><\/td><\/tr><tr><td>Skolas ang\u013cu valodas olimpi\u0101de<\/td><td><strong>L\u012bva Krau\u0161a, 7.a<\/strong><\/td><td>Linda Bogdane<\/td><td><strong>II<\/strong><\/td><\/tr><tr><td>Skolas ang\u013cu valodas olimpi\u0101de<\/td><td><strong>Madara Bogdane, 7.c<\/strong><\/td><td>Linda Bogdane<\/td><td><strong>III<\/strong><\/td><\/tr><tr><td>Skolas ang\u013cu valodas olimpi\u0101de<\/td><td><strong>Lote L\u012bpace, 8.b<\/strong><\/td><td>Linda Bogdane<\/td><td><strong>I<\/strong><\/td><\/tr><tr><td>Skolas ang\u013cu valodas olimpi\u0101de<\/td><td><strong>Marta St\u012bpniece, 8.b<\/strong><\/td><td>Linda Bogdane<\/td><td><strong>II<\/strong><\/td><\/tr><tr><td>Skolas ang\u013cu valodas olimpi\u0101de<\/td><td><strong>Daniela Jankovska, 8.a<\/strong><\/td><td>Daina Neimane<\/td><td><strong>III<\/strong><\/td><\/tr><tr><td>Skolas ang\u013cu valodas olimpi\u0101de<\/td><td><strong>Sab\u012bne Be\u0137ere, 8.c&nbsp;<\/strong><\/td><td>Daina Neimane<\/td><td><strong>III<\/strong><\/td><\/tr><tr><td>Skolas ang\u013cu valodas olimpi\u0101de<\/td><td><strong>Em\u012bls \u0160t\u0101ks, 9.b<\/strong><\/td><td>Daina Neimane<\/td><td><strong>I<\/strong><\/td><\/tr><tr><td>Skolas ang\u013cu valodas olimpi\u0101de<\/td><td><strong>Bruno Kan\u010ds, 9.c<\/strong><\/td><td>Daina Neimane<\/td><td><strong>II<\/strong><\/td><\/tr><tr><td>Skolas ang\u013cu valodas olimpi\u0101de<\/td><td><strong>Imants M\u0101rti\u0146\u0161 Kup\u010ds, 9.a<\/strong><\/td><td>Daina Neimane<\/td><td><strong>III<\/strong><\/td><\/tr><\/tbody><\/table><\/figure>\n\n\n\n<h3 class=\"wp-block-heading\">Konkursu laure\u0101ti 2023.\/2024. m\u0101c\u012bbu gad\u0101<\/h3>\n\n\n\n<figure class=\"wp-block-table\"><table><tbody><tr><th>Konkurss<\/th><th>Skol\u0113ns, klase<\/th><th>Skolot\u0101js<\/th><th>Vieta<\/th><\/tr><tr><td colspan=\"4\"><\/td><\/tr><tr><td>Siguldas novada skol\u0113nu rado\u0161i p\u0113tniecisko darbu konkurss<\/td><td><strong>Laura Liepi\u0146a, 1.kl.<\/strong><\/td><td>Jolanta V\u0101vere<\/td><td><strong>I pak\u0101pe<\/strong><\/td><\/tr><tr><td>Siguldas novada skol\u0113nu rado\u0161i p\u0113tniecisko darbu konkurss<\/td><td><strong>Polina Tara\u0146uka, 2.kl.<\/strong><\/td><td>Inga Jansone<\/td><td><strong>I pak\u0101pe<\/strong><\/td><\/tr><tr><td>Siguldas novada skol\u0113nu rado\u0161i p\u0113tniecisko darbu konkurss<\/td><td><strong>Elza St\u0101mere, 2.kl.<\/strong><\/td><td>Laila Adzil\u010da<\/td><td><strong>I pak\u0101pe<\/strong><\/td><\/tr><tr><td>Siguldas novada skol\u0113nu rado\u0161i p\u0113tniecisko darbu konkurss<\/td><td><strong>Edgars Pr\u012bmanis, 2.kl.<\/strong><\/td><td>Evija Rozena<\/td><td><strong>I pak\u0101pe<\/strong><\/td><\/tr><tr><td>Siguldas novada skol\u0113nu rado\u0161i p\u0113tniecisko darbu konkurss<\/td><td><strong><strong>S\u0101ra Gail\u012bte<\/strong>, 3.kl.<\/strong><\/td><td>Krist\u012bne Gail\u012bte<\/td><td><strong>I pak\u0101pe<\/strong><\/td><\/tr><tr><td>Siguldas novada skol\u0113nu rado\u0161i p\u0113tniecisko darbu konkurss<\/td><td><strong>Alise Hana un Gerda Uzare, 5.kl.<\/strong><\/td><td>Ilze M\u0101rtinsone<\/td><td><strong>I pak\u0101pe<\/strong><\/td><\/tr><tr><td>Siguldas novada skol\u0113nu rado\u0161i p\u0113tniecisko darbu konkurss<\/td><td><strong>Mel\u0101nija Lebedoka, 6.kl.<\/strong><\/td><td>Elita V\u012bgante<\/td><td><strong>I pak\u0101pe<\/strong><\/td><\/tr><tr><td>Siguldas novada skol\u0113nu rado\u0161i p\u0113tniecisko darbu konkurss<\/td><td><strong>Alise Bauere, 7.kl.<\/strong><\/td><td>Ina Slavinska<\/td><td><strong>I pak\u0101pe<\/strong><\/td><\/tr><tr><td>Siguldas novada skol\u0113nu rado\u0161i p\u0113tniecisko darbu konkurss<\/td><td><strong>L\u012bva Krau\u0161a, 7.kl.<\/strong><\/td><td>Lilita L\u016bse<\/td><td><strong>I pak\u0101pe<\/strong><\/td><\/tr><tr><td>Siguldas novada skol\u0113nu rado\u0161i p\u0113tniecisko darbu konkurss<\/td><td><strong>Kristaps Ondzulis un Tomass Melngalvis, 8.kl.<\/strong><\/td><td>Ilze Rauska<\/td><td><strong>I pak\u0101pe<\/strong><\/td><\/tr><tr><td>Siguldas novada skol\u0113nu rado\u0161i p\u0113tniecisko darbu konkurss<\/td><td><strong>Paula Raslava, 1.kl.<\/strong><\/td><td>Laila Biteniece<\/td><td><strong>II pak\u0101pe<\/strong><\/td><\/tr><tr><td>Siguldas novada skol\u0113nu rado\u0161i p\u0113tniecisko darbu konkurss<\/td><td><strong>Krista M\u016brniece, 1.kl.<\/strong><\/td><td>Laila Biteniece<\/td><td><strong>II pak\u0101pe<\/strong><\/td><\/tr><tr><td>Siguldas novada skol\u0113nu rado\u0161i p\u0113tniecisko darbu konkurss<\/td><td><strong>Karl\u012bna V\u012btola, 2.kl.<\/strong><\/td><td>Inga Jansone<\/td><td><strong>II pak\u0101pe<\/strong><\/td><\/tr><tr><td>Siguldas novada skol\u0113nu rado\u0161i p\u0113tniecisko darbu konkurss<\/td><td><strong>Lote \u0160teinberga, 3.kl.<\/strong><\/td><td>Lolita \u0160teinberga<\/td><td><strong>II pak\u0101pe<\/strong><\/td><\/tr><tr><td>Siguldas novada skol\u0113nu rado\u0161i p\u0113tniecisko darbu konkurss<\/td><td><strong>Evel\u012bna Markevica un Loreta Lebedoka, 8.kl.<\/strong><\/td><td>Lilita Bernharde<\/td><td><strong>II pak\u0101pe<\/strong><\/td><\/tr><tr><td>Matem\u0101tikas konkurss &#8220;Matem\u0101tiskais \u0137\u0113riens&#8221;<\/td><td><strong>Krist\u012bne Bankovska, 4.a<\/strong><\/td><td>In\u0101ra Smone<\/td><td><strong>II<\/strong><\/td><\/tr><tr><td>Matem\u0101tikas konkurss &#8220;Matem\u0101tiskais \u0137\u0113riens&#8221;<\/td><td><strong>Laura M\u0101rtinsone, 7.a<\/strong><\/td><td>Lilita L\u016bse<\/td><td><strong>III<\/strong><\/td><\/tr><tr><td>Siguldas novada pa\u0161vald\u012bbas izgl\u012bt\u012bbas iest\u0101\u017eu koru skate<\/td><td><strong>1.-2.kla\u0161u ansamblis<\/strong><\/td><td>Inga Jansone<\/td><td><strong>II pak\u0101pe<\/strong><\/td><\/tr><tr><td>Siguldas novada pa\u0161vald\u012bbas izgl\u012bt\u012bbas iest\u0101\u017eu koru skate<\/td><td><strong>Puren\u012btes 3.klase<\/strong><\/td><td>Dzintra Fogele<\/td><td><strong>I pak\u0101pe<\/strong><\/td><\/tr><tr><td>Siguldas novada pa\u0161vald\u012bbas izgl\u012bt\u012bbas iest\u0101\u017eu koru skate<\/td><td><strong>Puren\u012btes 7.-9.klase<\/strong><\/td><td>Krist\u012bne Raslava<\/td><td><strong>I pak\u0101pe (40 punkti)<\/strong><\/td><\/tr><tr><td>Siguldas novada pa\u0161vald\u012bbas izgl\u012bt\u012bbas iest\u0101\u017eu koru skate<\/td><td><strong>Puren\u012btes 4.-5.klase<\/strong><\/td><td>Krist\u012bne Raslava<\/td><td><strong>II pak\u0101pe (38 punkti)<\/strong><\/td><\/tr><tr><td>Siguldas novada pa\u0161vald\u012bbas izgl\u012bt\u012bbas iest\u0101\u017eu koru skate<\/td><td><strong>Puren\u012btes 2.klase<\/strong><\/td><td>Krist\u012bne Raslava<\/td><td><strong>I pak\u0101pe (42 punkti)<\/strong><\/td><\/tr><tr><td>Siguldas novada pa\u0161vald\u012bbas izgl\u012bt\u012bbas iest\u0101\u017eu koru skate<\/td><td><strong>Puren\u012btes 1.klase<\/strong><\/td><td>Krist\u012bne Raslava<\/td><td><strong>I pak\u0101pe (42 punkti)<\/strong><\/td><\/tr><tr><td>Siguldas novada pa\u0161vald\u012bbas izgl\u012bt\u012bbas iest\u0101\u017eu koru skate<\/td><td><strong>2.-4.kla\u0161u koris<\/strong><\/td><td>Inga Jansone<\/td><td><strong>II pak\u0101pe (39,38 punkti)<\/strong><\/td><\/tr><tr><td>Siguldas novada pa\u0161vald\u012bbas izgl\u012bt\u012bbas iest\u0101\u017eu koru skate<\/td><td><strong>Z\u0113nu koris<\/strong><\/td><td>Evija Rozena<\/td><td><strong>I pak\u0101pe (42,48)<\/strong><\/td><\/tr><tr><td>Siguldas novada pa\u0161vald\u012bbas izgl\u012bt\u012bbas iest\u0101\u017eu koru skate<\/td><td><strong>5.-9.kla\u0161u koris &#8220;Ievas&#8221;<\/strong><\/td><td>Evija Rozena<\/td><td><strong>I pak\u0101pe (44,55 punkti)<\/strong><\/td><\/tr><tr><td>Siguldas novada izgl\u012bt\u012bbas iest\u0101\u017eu skatuves runas konkurss<\/td><td><strong>M\u0101rcis Gruduls, 1.a<\/strong><\/td><td>Ramona Suveizda<\/td><td><strong>I pak\u0101pe<\/strong><\/td><\/tr><tr><td>Siguldas novada izgl\u012bt\u012bbas iest\u0101\u017eu skatuves runas konkurss<\/td><td><strong>Elizabete \u010coi\u010da, 1.b<\/strong><\/td><td>Laila Biteniece<\/td><td><strong>I pak\u0101pe<\/strong><\/td><\/tr><tr><td>Siguldas novada izgl\u012bt\u012bbas iest\u0101\u017eu skatuves runas konkurss<\/td><td><strong>Lote \u0160teinberga, 3.c<\/strong><\/td><td>Lolita \u0160teinberga<\/td><td><strong>Augst\u0101k\u0101 pak\u0101pe<\/strong><\/td><\/tr><tr><td>Siguldas novada izgl\u012bt\u012bbas iest\u0101\u017eu skatuves runas konkurss<\/td><td><strong>Edgars Kairis, 3.c<\/strong><\/td><td>M\u0101r\u012bte Ziemele<\/td><td><strong>I pak\u0101pe<\/strong><\/td><\/tr><tr><td>Siguldas novada izgl\u012bt\u012bbas iest\u0101\u017eu skatuves runas konkurss<\/td><td><strong>Karl\u012bna Kanc\u012bte, 5.b<\/strong><\/td><td>Krist\u012bne Gail\u012bte<\/td><td><strong>I pak\u0101pe<\/strong><\/td><\/tr><tr><td>Siguldas novada izgl\u012bt\u012bbas iest\u0101\u017eu skatuves runas konkurss<\/td><td><strong>Elza Gr\u012bnberga, 6.c<\/strong><\/td><td>Elita V\u012bgante<\/td><td><strong>I pak\u0101pe<\/strong><\/td><\/tr><tr><td>Siguldas novada izgl\u012bt\u012bbas iest\u0101\u017eu skatuves runas konkurss<\/td><td><strong>Elza Gail\u012bte, 7.b<\/strong><\/td><td>Krist\u012bne Gail\u012bte<\/td><td><strong>I pak\u0101pe<\/strong><\/td><\/tr><tr><td>Konkurss &#8220;Rado\u0161ais intelektu\u0101lis&#8221;<\/td><td><strong>Elza Acti\u0146a, Leila \u0160teinberga, Adele Kurpniece<\/strong><\/td><td>Lolita \u0160teinberga<\/td><td><strong>I<\/strong><\/td><\/tr><tr><td>Siguldas novada skolu Ska\u013c\u0101slas\u012b\u0161anas konkurss<\/td><td><strong>Madara Daniela Skrasti\u0146a, 6.b<\/strong><\/td><td>Elita V\u012bgante<\/td><td><strong>II<\/strong><\/td><\/tr><tr><td>St\u0101stnieku konkurss &#8220;Teci, teci valodi\u0146a&#8221;, Vidzemes vidienes novada pusfin\u0101ls<\/td><td><strong>Lote \u0160teinberga, 3.c<\/strong><\/td><td>Lolita \u0160teinberga<\/td><td><strong>Liel\u0101 st\u0101stnieka tituls<\/strong><\/td><\/tr><tr><td>St\u0101stnieku konkurss &#8220;Teci, teci valodi\u0146a&#8221;, Vidzemes vidienes novada pusfin\u0101ls<\/td><td><strong>Zemguss Lapi\u0146\u0161, 4.a<\/strong><\/td><td>Ramona Suveizda<\/td><td><strong>Liel\u0101 st\u0101stnieka tituls<\/strong><\/td><\/tr><\/tbody><\/table><\/figure>\n\n\n\n<p><\/p>\n\n\n\n<h3 class=\"wp-block-heading\">Sporta pas\u0101kumu un sacens\u012bbu&nbsp;laure\u0101ti 2023.\/2024. m\u0101c\u012bbu gad\u0101<\/h3>\n\n\n\n<figure class=\"wp-block-table\"><table><tbody><tr><th>Sporta pas\u0101kums<\/th><th>Skol\u0113ns, klase<\/th><th>Skolot\u0101js<\/th><th>Vieta<\/th><\/tr><tr><td colspan=\"4\">&nbsp;<\/td><\/tr><tr><td>Siguldas novada skolu sacens\u012bbas3x3 florbol\u0101<\/td><td><strong>K. Rencis (7.c), T. Uzuls (7.c), M.O. Saule (7.c), E. R\u016bdolfs (6.a)<\/strong><\/td><td>Ivo Alksnis<\/td><td><strong>II<\/strong><\/td><\/tr><tr><td>Siguldas novada skolu sacens\u012bbas3x3 florbol\u0101 (1.-3.kl. grupa)<\/td><td><strong>E. Lo\u010dmelis, E. Vanags, K. \u017deglovs, M. Pigo\u017enis<\/strong><\/td><td>J\u0101nis Levanovi\u010ds<\/td><td><strong>I<\/strong><\/td><\/tr><tr><td>Siguldas novada skolu sacens\u012bbas3x3 florbol\u0101&nbsp;(4.-6.kl. grupa)<\/td><td><strong>E. R\u016bdolfs, R. Levanovi\u010ds, D. Levanovi\u010ds, N. Jansons, M. Libo<\/strong><\/td><td>J\u0101nis Levanovi\u010ds<\/td><td><strong>II<\/strong><\/td><\/tr><\/tbody><\/table><\/figure>\n","protected":false},"excerpt":{"rendered":"<p>M\u0101c\u012bbu priek\u0161metu olimpi\u0101\u017eu laure\u0101ti 2023.\/2024. m\u0101c\u012bbu gad\u0101 Olimpi\u0101de Skol\u0113ns, klase Skolot\u0101js Vieta &nbsp; Matem\u0101tikas olimpi\u0101de 4. kla\u0161u skol\u0113niem &#8220;Tik vai&#8230; Cik?&#8221; Valts Pakalns, 4.kl Lilita L\u016bse I Matem\u0101tikas olimpi\u0101de 4. &#8230; <a title=\"2023.\/2024.\" class=\"read-more\" href=\"https:\/\/sig1psk.lv\/index.php\/sasniegumi-2\/2023-2024\/\" aria-label=\"Read more about 2023.\/2024.\">Las\u012bt t\u0101l\u0101k<\/a><\/p>\n","protected":false},"author":2,"featured_media":0,"parent":145,"menu_order":1,"comment_status":"closed","ping_status":"closed","template":"","meta":{"footnotes":""},"class_list":["post-831","page","type-page","status-publish"],"rttpg_featured_image_url":null,"rttpg_author":{"display_name":"Siguldas Pamatskola","author_link":"https:\/\/sig1psk.lv\/index.php\/author\/admins\/"},"rttpg_comment":0,"rttpg_category":null,"rttpg_excerpt":"M\u0101c\u012bbu priek\u0161metu olimpi\u0101\u017eu laure\u0101ti 2023.\/2024. m\u0101c\u012bbu gad\u0101 Olimpi\u0101de Skol\u0113ns, klase Skolot\u0101js Vieta &nbsp; Matem\u0101tikas olimpi\u0101de 4. kla\u0161u skol\u0113niem &#8220;Tik vai&#8230; Cik?&#8221; Valts Pakalns, 4.kl Lilita L\u016bse I Matem\u0101tikas olimpi\u0101de 4. ... Las\u012bt t\u0101l\u0101k","_links":{"self":[{"href":"https:\/\/sig1psk.lv\/index.php\/wp-json\/wp\/v2\/pages\/831","targetHints":{"allow":["GET"]}}],"collection":[{"href":"https:\/\/sig1psk.lv\/index.php\/wp-json\/wp\/v2\/pages"}],"about":[{"href":"https:\/\/sig1psk.lv\/index.php\/wp-json\/wp\/v2\/types\/page"}],"author":[{"embeddable":true,"href":"https:\/\/sig1psk.lv\/index.php\/wp-json\/wp\/v2\/users\/2"}],"replies":[{"embeddable":true,"href":"https:\/\/sig1psk.lv\/index.php\/wp-json\/wp\/v2\/comments?post=831"}],"version-history":[{"count":26,"href":"https:\/\/sig1psk.lv\/index.php\/wp-json\/wp\/v2\/pages\/831\/revisions"}],"predecessor-version":[{"id":1957,"href":"https:\/\/sig1psk.lv\/index.php\/wp-json\/wp\/v2\/pages\/831\/revisions\/1957"}],"up":[{"embeddable":true,"href":"https:\/\/sig1psk.lv\/index.php\/wp-json\/wp\/v2\/pages\/145"}],"wp:attachment":[{"href":"https:\/\/sig1psk.lv\/index.php\/wp-json\/wp\/v2\/media?parent=831"}],"curies":[{"name":"wp","href":"https:\/\/api.w.org\/{rel}","templated":true}]}}