{"id":83,"date":"2023-08-14T11:29:13","date_gmt":"2023-08-14T09:29:13","guid":{"rendered":"https:\/\/sig1psk.lv\/?page_id=83"},"modified":"2025-11-10T08:58:49","modified_gmt":"2025-11-10T06:58:49","slug":"dokumenti","status":"publish","type":"page","link":"https:\/\/sig1psk.lv\/index.php\/par-skolu\/dokumenti\/","title":{"rendered":"DOKUMENTI"},"content":{"rendered":"\n<p style=\"font-size:16px\"><strong><a href=\"https:\/\/sig1psk.lv\/wp-content\/uploads\/2024\/01\/Skolas_nolik.pdf\" data-type=\"link\" data-id=\"https:\/\/sig1psk.lv\/wp-content\/uploads\/2024\/01\/Sk_padom_nolik.pdf\">Skolas nolikums<\/a><\/strong><\/p>\n\n\n\n<p style=\"font-size:16px\"><strong><a href=\"https:\/\/sig1psk.lv\/wp-content\/uploads\/2024\/01\/2016_Akreditacija.pdf\" data-type=\"link\" data-id=\"https:\/\/sig1psk.lv\/wp-content\/uploads\/2024\/01\/2016_Akreditacija.pdf\">Skolas (izgl\u012bt\u012bbas iest\u0101des) un izgl\u012bt\u012bbas programmu (21011111 un 21015611) akredit\u0101cijas lapas<\/a><\/strong><\/p>\n\n\n\n<p style=\"font-size:16px\"><strong><a href=\"https:\/\/sig1psk.lv\/wp-content\/uploads\/2025\/11\/Siguldas-1.-pamatskola-pasvertejums.pdf\">Pa\u0161nov\u0113rt\u0113juma zi\u0146ojums 2024.\/2025. m.g.<\/a><\/strong><\/p>\n\n\n\n<p style=\"font-size:16px\"><strong><a href=\"https:\/\/sig1psk.lv\/wp-content\/uploads\/2024\/11\/Siguldas-1-pamatskola.pdf\">Att\u012bst\u012bbas pl\u0101ns 2024.\/2027. m .g.<\/a><\/strong><\/p>\n\n\n\n<p style=\"font-size:16px\"><strong><a href=\"https:\/\/sig1psk.lv\/wp-content\/uploads\/2025\/05\/audz_prog_2024.pdf\">Audzin\u0101\u0161anas darba programma<\/a><\/strong><\/p>\n\n\n\n<p style=\"font-size:16px\"><strong><a href=\"https:\/\/sig1psk.lv\/wp-content\/uploads\/2024\/01\/poz_uzv_mot_kart_2023.pdf\" data-type=\"link\" data-id=\"https:\/\/sig1psk.lv\/wp-content\/uploads\/2024\/01\/poz_uzv_mot_kart_2023.pdf\">Skol\u0113nu pozit\u012bv\u0101s uzved\u012bbas un motiv\u0101cijas k\u0101rt\u012bba<\/a><\/strong><\/p>\n\n\n\n<p style=\"font-size:16px\"><strong><a href=\"https:\/\/sig1psk.lv\/wp-content\/uploads\/2025\/08\/iek_kart_not_2025_2026.pdf\">Iek\u0161\u0113j\u0101s k\u0101rt\u012bbas noteikumi<\/a><\/strong><\/p>\n\n\n\n<p style=\"font-size:16px\"><strong><a href=\"https:\/\/sig1psk.lv\/wp-content\/uploads\/2024\/01\/tiessaites-noteikumi.jpeg\" data-type=\"link\" data-id=\"https:\/\/sig1psk.lv\/wp-content\/uploads\/2024\/01\/tiessaites-noteikumi.jpeg\">Tie\u0161saites nodarb\u012bbu norises k\u0101rt\u012bba<\/a><\/strong><\/p>\n\n\n\n<p style=\"font-size:16px\"><strong><a href=\"https:\/\/sig1psk.lv\/wp-content\/uploads\/2025\/08\/vertesana2025_2026.pdf\">M\u0101c\u012bbu sasniegumu v\u0113rt\u0113\u0161anas k\u0101rt\u012bba 2025.\/2026. m. g.<\/a><\/strong><\/p>\n\n\n\n<p style=\"font-size:16px\"><strong><a href=\"https:\/\/sig1psk.lv\/wp-content\/uploads\/2024\/01\/kavejumu-pieteiksanas.pdf\" data-type=\"link\" data-id=\"https:\/\/sig1psk.lv\/wp-content\/uploads\/2024\/01\/kavejumu-pieteiksanas.pdf\">Skol\u0113nu kav\u0113jumu re\u0123istr\u0113\u0161anas k\u0101rt\u012bba<\/a><\/strong><\/p>\n\n\n\n<p style=\"font-size:16px\"><strong><a href=\"https:\/\/sig1psk.lv\/wp-content\/uploads\/2024\/01\/Sk_padom_nolik-1.pdf\" data-type=\"link\" data-id=\"https:\/\/sig1psk.lv\/wp-content\/uploads\/2024\/01\/Sk_padom_nolik-1.pdf\">Skolas padomes nolikums<\/a><\/strong><\/p>\n\n\n\n<p style=\"font-size:16px\"><strong><a href=\"https:\/\/sig1psk.lv\/wp-content\/uploads\/2024\/01\/pasparvaldes_nolikums_2021.pdf\">Skol\u0113nu pa\u0161p\u0101rvaldes nolikums<\/a><\/strong><\/p>\n\n\n\n<p style=\"font-size:16px\"><strong><a href=\"https:\/\/sig1psk.lv\/wp-content\/uploads\/2025\/08\/pag_gr_2025.pdf\" data-type=\"link\" data-id=\"https:\/\/sig1psk.lv\/wp-content\/uploads\/2024\/01\/pag_dienas_grupa_2023.pdf\">Pagarin\u0101t\u0101s dienas grupas k\u0101rt\u012bba<\/a><\/strong><\/p>\n","protected":false},"excerpt":{"rendered":"<p>Skolas nolikums Skolas (izgl\u012bt\u012bbas iest\u0101des) un izgl\u012bt\u012bbas programmu (21011111 un 21015611) akredit\u0101cijas lapas Pa\u0161nov\u0113rt\u0113juma zi\u0146ojums 2024.\/2025. m.g. Att\u012bst\u012bbas pl\u0101ns 2024.\/2027. m .g. Audzin\u0101\u0161anas darba programma Skol\u0113nu pozit\u012bv\u0101s uzved\u012bbas un motiv\u0101cijas &#8230; <a title=\"DOKUMENTI\" class=\"read-more\" href=\"https:\/\/sig1psk.lv\/index.php\/par-skolu\/dokumenti\/\" aria-label=\"Read more about DOKUMENTI\">Las\u012bt t\u0101l\u0101k<\/a><\/p>\n","protected":false},"author":2,"featured_media":0,"parent":8,"menu_order":8,"comment_status":"closed","ping_status":"closed","template":"","meta":{"footnotes":""},"class_list":["post-83","page","type-page","status-publish"],"rttpg_featured_image_url":null,"rttpg_author":{"display_name":"Siguldas Pamatskola","author_link":"https:\/\/sig1psk.lv\/index.php\/author\/admins\/"},"rttpg_comment":0,"rttpg_category":null,"rttpg_excerpt":"Skolas nolikums Skolas (izgl\u012bt\u012bbas iest\u0101des) un izgl\u012bt\u012bbas programmu (21011111 un 21015611) akredit\u0101cijas lapas Pa\u0161nov\u0113rt\u0113juma zi\u0146ojums 2024.\/2025. m.g. Att\u012bst\u012bbas pl\u0101ns 2024.\/2027. m .g. Audzin\u0101\u0161anas darba programma Skol\u0113nu pozit\u012bv\u0101s uzved\u012bbas un motiv\u0101cijas ... Las\u012bt t\u0101l\u0101k","_links":{"self":[{"href":"https:\/\/sig1psk.lv\/index.php\/wp-json\/wp\/v2\/pages\/83","targetHints":{"allow":["GET"]}}],"collection":[{"href":"https:\/\/sig1psk.lv\/index.php\/wp-json\/wp\/v2\/pages"}],"about":[{"href":"https:\/\/sig1psk.lv\/index.php\/wp-json\/wp\/v2\/types\/page"}],"author":[{"embeddable":true,"href":"https:\/\/sig1psk.lv\/index.php\/wp-json\/wp\/v2\/users\/2"}],"replies":[{"embeddable":true,"href":"https:\/\/sig1psk.lv\/index.php\/wp-json\/wp\/v2\/comments?post=83"}],"version-history":[{"count":22,"href":"https:\/\/sig1psk.lv\/index.php\/wp-json\/wp\/v2\/pages\/83\/revisions"}],"predecessor-version":[{"id":3556,"href":"https:\/\/sig1psk.lv\/index.php\/wp-json\/wp\/v2\/pages\/83\/revisions\/3556"}],"up":[{"embeddable":true,"href":"https:\/\/sig1psk.lv\/index.php\/wp-json\/wp\/v2\/pages\/8"}],"wp:attachment":[{"href":"https:\/\/sig1psk.lv\/index.php\/wp-json\/wp\/v2\/media?parent=83"}],"curies":[{"name":"wp","href":"https:\/\/api.w.org\/{rel}","templated":true}]}}