{"id":81,"date":"2023-08-14T11:28:36","date_gmt":"2023-08-14T09:28:36","guid":{"rendered":"https:\/\/sig1psk.lv\/?page_id=81"},"modified":"2023-11-19T20:48:49","modified_gmt":"2023-11-19T18:48:49","slug":"gramata-par-skolu","status":"publish","type":"page","link":"https:\/\/sig1psk.lv\/index.php\/par-skolu\/gramata-par-skolu\/","title":{"rendered":"GR\u0100MATA PAR SKOLU"},"content":{"rendered":"\n<p style=\"font-size:16px\">2020.gad\u0101 skola svin\u0113ja 150 gadu jubileju. Sveicot skolu t\u0101s past\u0101v\u0113\u0161anas laik\u0101, Siguldas 1. pamatskolas atbalsta biedr\u012bba izdevusi atmi\u0146u gr\u0101matu, kur\u0101 apkopoti turpat 150 absolventu un 50 pedagogu st\u0101sti par sadz\u012bvi skol\u0101, klasesbiedru piedz\u012bvojumiem gan stund\u0101s, gan \u0101rpus t\u0101m, k\u0101 ar\u012b st\u0101sti par pa\u0161u skolu, kas, laikam ejot, main\u012bjusi savu nosaukumu un atra\u0161an\u0101s vietu.<\/p>\n\n\n\n<p style=\"font-size:16px\">Atmi\u0146u gr\u0101mat\u0101 l\u012bdztekus absolventu un pedagogu st\u0101stiem ir apl\u016bkojamas 500 fotogr\u0101fijas un 100 da\u017e\u0101du dokumentu kopijas, tai skait\u0101 liec\u012bbas, diplomi, izraksti no direktoru r\u012bkojumiem, k\u0101 ar\u012b skolai 130. dzim\u0161anas dien\u0101 velt\u012bt\u0101s dziesmas ar Olgas Jak\u0101nes m\u016bziku un Velgas Babjoni\u0161evas v\u0101rdiem. T\u0101pat atmi\u0146u gr\u0101mat\u0101 iek\u013cauta intervija ar skolas direktori Ainu R\u0101ku (direktore laik\u0101 no 1950. l\u012bdz 1952. gadam), apraksti par skolas absolventiem \u2013 zin\u0101t\u0146u doktoriem, m\u016bzi\u0137iem un m\u0101ksliniekiem, veiksm\u012bgiem uz\u0146\u0113m\u0113jiem Siguld\u0101 un absolventiem, kuri savas gaitas saist\u012bju\u0161i ar skolot\u0101ja darbu pa\u0161u absolv\u0113taj\u0101 skol\u0101.<\/p>\n\n\n\n<p style=\"font-size:16px\">Gr\u0101matas izm\u0113rs 220 x 195, cietais s\u0113jums, kr\u0101saina, 366 lpp., apkopoti ap 150 absolventu un 50 pedagogu st\u0101sti, iek\u013cautas apm\u0113ram 500 fotogr\u0101fijas un 100 da\u017e\u0101du dokumentu kopijas.<\/p>\n\n\n\n<p style=\"font-size:16px\"><strong>Visiem, kuri v\u0113las ieg\u016bt gr\u0101matu sav\u0101 \u012bpa\u0161um\u0101, l\u016bgums ziedot EUR 15,00, p\u0101rskaitot ziedojumu:<\/strong><\/p>\n\n\n\n<p style=\"font-size:16px\">Siguldas 1.pamatskolas atbalsta biedr\u012bbai (biedr\u012bbai ir sabiedrisk\u0101 labuma organiz\u0101cijas statuss)<\/p>\n\n\n\n<p style=\"font-size:16px\">Re\u0123. nr.: 40008192822<\/p>\n\n\n\n<p style=\"font-size:16px\">Konta nr.: LV81HABA0551045533463<\/p>\n\n\n\n<p style=\"font-size:16px\">SWIFT kods: HABALV22<\/p>\n\n\n\n<p style=\"font-size:16px\">maks\u0101juma m\u0113r\u0137\u012b nor\u0101dot \u201cZiedojums gr\u0101matas par Siguldas 1.pamatskolu atbalstam\u201c.<\/p>\n\n\n\n<p style=\"font-size:16px\">Siguldas 1. pamatskolas jubilejai velt\u012bto gr\u0101matu iesp\u0113jams sa\u0146emt Siguldas 1. pamatskol\u0101 pirms tam sazinoties ar skolu pa telefonu 28708685 vai vienoties par gr\u0101matas pieg\u0101di, taj\u0101 skait\u0101 nos\u016bt\u012b\u0161anu pa pastu vai ar pakom\u0101tu starpniec\u012bbu, ziedojot papildus EUR 3 un nor\u0101dot pakom\u0101ta\/nos\u016bt\u012b\u0161anas adresi.<\/p>\n\n\n\n<p style=\"font-size:16px\">Paldies par sapratni un atsauc\u012bbu!<\/p>\n\n\n\n<figure class=\"wp-block-image size-full is-resized\"><img loading=\"lazy\" decoding=\"async\" width=\"800\" height=\"800\" src=\"https:\/\/sig1psk.lv\/wp-content\/uploads\/2023\/08\/Gramata.jpeg\" alt=\"\" class=\"wp-image-524\" style=\"width:856px;height:856px\" srcset=\"https:\/\/sig1psk.lv\/wp-content\/uploads\/2023\/08\/Gramata.jpeg 800w, https:\/\/sig1psk.lv\/wp-content\/uploads\/2023\/08\/Gramata-300x300.jpeg 300w, https:\/\/sig1psk.lv\/wp-content\/uploads\/2023\/08\/Gramata-150x150.jpeg 150w, https:\/\/sig1psk.lv\/wp-content\/uploads\/2023\/08\/Gramata-768x768.jpeg 768w\" sizes=\"auto, (max-width: 800px) 100vw, 800px\" \/><\/figure>\n\n\n\n<p><\/p>\n\n\n\n<p><\/p>\n","protected":false},"excerpt":{"rendered":"<p>2020.gad\u0101 skola svin\u0113ja 150 gadu jubileju. Sveicot skolu t\u0101s past\u0101v\u0113\u0161anas laik\u0101, Siguldas 1. pamatskolas atbalsta biedr\u012bba izdevusi atmi\u0146u gr\u0101matu, kur\u0101 apkopoti turpat 150 absolventu un 50 pedagogu st\u0101sti par sadz\u012bvi &#8230; <a title=\"GR\u0100MATA PAR SKOLU\" class=\"read-more\" href=\"https:\/\/sig1psk.lv\/index.php\/par-skolu\/gramata-par-skolu\/\" aria-label=\"Read more about GR\u0100MATA PAR SKOLU\">Las\u012bt t\u0101l\u0101k<\/a><\/p>\n","protected":false},"author":2,"featured_media":0,"parent":8,"menu_order":7,"comment_status":"closed","ping_status":"closed","template":"","meta":{"footnotes":""},"class_list":["post-81","page","type-page","status-publish"],"rttpg_featured_image_url":null,"rttpg_author":{"display_name":"Siguldas Pamatskola","author_link":"https:\/\/sig1psk.lv\/index.php\/author\/admins\/"},"rttpg_comment":0,"rttpg_category":null,"rttpg_excerpt":"2020.gad\u0101 skola svin\u0113ja 150 gadu jubileju. Sveicot skolu t\u0101s past\u0101v\u0113\u0161anas laik\u0101, Siguldas 1. pamatskolas atbalsta biedr\u012bba izdevusi atmi\u0146u gr\u0101matu, kur\u0101 apkopoti turpat 150 absolventu un 50 pedagogu st\u0101sti par sadz\u012bvi ... Las\u012bt t\u0101l\u0101k","_links":{"self":[{"href":"https:\/\/sig1psk.lv\/index.php\/wp-json\/wp\/v2\/pages\/81","targetHints":{"allow":["GET"]}}],"collection":[{"href":"https:\/\/sig1psk.lv\/index.php\/wp-json\/wp\/v2\/pages"}],"about":[{"href":"https:\/\/sig1psk.lv\/index.php\/wp-json\/wp\/v2\/types\/page"}],"author":[{"embeddable":true,"href":"https:\/\/sig1psk.lv\/index.php\/wp-json\/wp\/v2\/users\/2"}],"replies":[{"embeddable":true,"href":"https:\/\/sig1psk.lv\/index.php\/wp-json\/wp\/v2\/comments?post=81"}],"version-history":[{"count":5,"href":"https:\/\/sig1psk.lv\/index.php\/wp-json\/wp\/v2\/pages\/81\/revisions"}],"predecessor-version":[{"id":1015,"href":"https:\/\/sig1psk.lv\/index.php\/wp-json\/wp\/v2\/pages\/81\/revisions\/1015"}],"up":[{"embeddable":true,"href":"https:\/\/sig1psk.lv\/index.php\/wp-json\/wp\/v2\/pages\/8"}],"wp:attachment":[{"href":"https:\/\/sig1psk.lv\/index.php\/wp-json\/wp\/v2\/media?parent=81"}],"curies":[{"name":"wp","href":"https:\/\/api.w.org\/{rel}","templated":true}]}}