{"id":8,"date":"2023-08-14T10:38:29","date_gmt":"2023-08-14T08:38:29","guid":{"rendered":"https:\/\/sig1psk.lv\/?page_id=8"},"modified":"2024-11-21T18:30:55","modified_gmt":"2024-11-21T16:30:55","slug":"par-skolu","status":"publish","type":"page","link":"https:\/\/sig1psk.lv\/index.php\/par-skolu\/","title":{"rendered":"SKOLA"},"content":{"rendered":"\n<p style=\"font-size:18px\"><strong><a href=\"https:\/\/sig1psk.lv\/index.php\/par-skolu\/par-mums\/\" data-type=\"link\" data-id=\"https:\/\/sig1psk.lv\/index.php\/par-skolu\/par-mums\/\">PAR MUMS<\/a><\/strong><\/p>\n\n\n\n<p style=\"font-size:18px\"><strong><a href=\"https:\/\/sig1psk.lv\/index.php\/par-skolu\/uznemsana\/\" data-type=\"link\" data-id=\"https:\/\/sig1psk.lv\/index.php\/par-skolu\/uznemsana\/\">UZ\u0145EM\u0160ANA<\/a><\/strong><\/p>\n\n\n\n<p style=\"font-size:18px\"><a href=\"https:\/\/sig1psk.lv\/index.php\/par-skolu\/vadibas-komanda\/\" data-type=\"link\" data-id=\"https:\/\/sig1psk.lv\/index.php\/par-skolu\/vadibas-komanda\/\"><strong>VAD\u012aBAS KOMANDA<\/strong><\/a><\/p>\n\n\n\n<p style=\"font-size:18px\"><strong><a href=\"https:\/\/sig1psk.lv\/index.php\/par-skolu\/pedagogi\/\" data-type=\"link\" data-id=\"https:\/\/sig1psk.lv\/index.php\/par-skolu\/pedagogi\/\">PEDAGOGI<\/a><\/strong><\/p>\n\n\n\n<p style=\"font-size:18px\"><strong><a href=\"https:\/\/sig1psk.lv\/index.php\/par-skolu\/atbalsta-personals\/\" data-type=\"link\" data-id=\"https:\/\/sig1psk.lv\/index.php\/par-skolu\/atbalsta-personals\/\">ATBALSTA PERSON\u0100LS<\/a><\/strong><\/p>\n\n\n\n<p style=\"font-size:18px\"><strong><a href=\"https:\/\/sig1psk.lv\/index.php\/par-skolu\/klasu-audzinataji\/\">KLA\u0160U AUDZIN\u0100T\u0100JI<\/a><\/strong><\/p>\n\n\n\n<p style=\"font-size:18px\"><strong><a href=\"https:\/\/sig1psk.lv\/index.php\/par-skolu\/gramata-par-skolu\/\" data-type=\"link\" data-id=\"https:\/\/sig1psk.lv\/index.php\/par-skolu\/gramata-par-skolu\/\">GR\u0100MATA PAR SKOLU<\/a><\/strong><\/p>\n\n\n\n<p style=\"font-size:18px\"><strong><a href=\"https:\/\/sig1psk.lv\/index.php\/par-skolu\/dokumenti\/\" data-type=\"link\" data-id=\"https:\/\/sig1psk.lv\/index.php\/par-skolu\/dokumenti\/\">DOKUMENTI<\/a><\/strong><\/p>\n\n\n\n<p style=\"font-size:18px\"><strong><a href=\"https:\/\/sig1psk.lv\/index.php\/par-skolu\/biblioteka\/\" data-type=\"link\" data-id=\"https:\/\/sig1psk.lv\/index.php\/par-skolu\/biblioteka\/\">BIBLIOT\u0112KA<\/a><\/strong><\/p>\n\n\n\n<p style=\"font-size:18px\"><strong><a href=\"https:\/\/sig1psk.lv\/index.php\/par-skolu\/edinasana\/\" data-type=\"link\" data-id=\"https:\/\/sig1psk.lv\/index.php\/par-skolu\/edinasana\/\">\u0112DIENKARTE<\/a><\/strong><\/p>\n\n\n\n<p style=\"font-size:18px\"><a href=\"https:\/\/sig1psk.lv\/index.php\/par-skolu\/kontaktinformacija\/\" data-type=\"link\" data-id=\"https:\/\/sig1psk.lv\/index.php\/par-skolu\/kontaktinformacija\/\"><strong>KONTAKTINFORM\u0100CIJA<\/strong><\/a><\/p>\n\n\n\n<p style=\"font-size:18px\"><strong><a href=\"https:\/\/sig1psk.lv\/index.php\/par-skolu\/atbalsta-biedriba\/\" data-type=\"link\" data-id=\"https:\/\/sig1psk.lv\/index.php\/par-skolu\/atbalsta-biedriba\/\">ATBALSTA BIEDR\u012aBA<\/a><\/strong><\/p>\n\n\n\n<p style=\"font-size:18px\"><strong><a href=\"https:\/\/sig1psk.lv\/index.php\/par-skolu\/rekviziti\/\" data-type=\"link\" data-id=\"https:\/\/sig1psk.lv\/index.php\/par-skolu\/rekviziti\/\">REKVIZ\u012aTI<\/a><\/strong><\/p>\n\n\n\n<p><\/p>\n","protected":false},"excerpt":{"rendered":"<p>PAR MUMS UZ\u0145EM\u0160ANA VAD\u012aBAS KOMANDA PEDAGOGI ATBALSTA PERSON\u0100LS KLA\u0160U AUDZIN\u0100T\u0100JI GR\u0100MATA PAR SKOLU DOKUMENTI BIBLIOT\u0112KA \u0112DIENKARTE KONTAKTINFORM\u0100CIJA ATBALSTA BIEDR\u012aBA REKVIZ\u012aTI<\/p>\n","protected":false},"author":2,"featured_media":0,"parent":0,"menu_order":0,"comment_status":"closed","ping_status":"closed","template":"","meta":{"footnotes":""},"class_list":["post-8","page","type-page","status-publish"],"rttpg_featured_image_url":null,"rttpg_author":{"display_name":"Siguldas Pamatskola","author_link":"https:\/\/sig1psk.lv\/index.php\/author\/admins\/"},"rttpg_comment":0,"rttpg_category":null,"rttpg_excerpt":"PAR MUMS UZ\u0145EM\u0160ANA VAD\u012aBAS KOMANDA PEDAGOGI ATBALSTA PERSON\u0100LS KLA\u0160U AUDZIN\u0100T\u0100JI GR\u0100MATA PAR SKOLU DOKUMENTI BIBLIOT\u0112KA \u0112DIENKARTE KONTAKTINFORM\u0100CIJA ATBALSTA BIEDR\u012aBA REKVIZ\u012aTI","_links":{"self":[{"href":"https:\/\/sig1psk.lv\/index.php\/wp-json\/wp\/v2\/pages\/8","targetHints":{"allow":["GET"]}}],"collection":[{"href":"https:\/\/sig1psk.lv\/index.php\/wp-json\/wp\/v2\/pages"}],"about":[{"href":"https:\/\/sig1psk.lv\/index.php\/wp-json\/wp\/v2\/types\/page"}],"author":[{"embeddable":true,"href":"https:\/\/sig1psk.lv\/index.php\/wp-json\/wp\/v2\/users\/2"}],"replies":[{"embeddable":true,"href":"https:\/\/sig1psk.lv\/index.php\/wp-json\/wp\/v2\/comments?post=8"}],"version-history":[{"count":6,"href":"https:\/\/sig1psk.lv\/index.php\/wp-json\/wp\/v2\/pages\/8\/revisions"}],"predecessor-version":[{"id":2150,"href":"https:\/\/sig1psk.lv\/index.php\/wp-json\/wp\/v2\/pages\/8\/revisions\/2150"}],"wp:attachment":[{"href":"https:\/\/sig1psk.lv\/index.php\/wp-json\/wp\/v2\/media?parent=8"}],"curies":[{"name":"wp","href":"https:\/\/api.w.org\/{rel}","templated":true}]}}