{"id":79,"date":"2023-08-14T11:28:13","date_gmt":"2023-08-14T09:28:13","guid":{"rendered":"https:\/\/sig1psk.lv\/?page_id=79"},"modified":"2025-11-04T21:25:41","modified_gmt":"2025-11-04T19:25:41","slug":"klasu-audzinataji","status":"publish","type":"page","link":"https:\/\/sig1psk.lv\/index.php\/par-skolu\/klasu-audzinataji\/","title":{"rendered":"KLA\u0160U AUDZIN\u0100T\u0100JI"},"content":{"rendered":"\n<p><\/p>\n\n\n\n<figure style=\"font-size:16px\" class=\"wp-block-table\"><table><tbody><tr><td><strong>V\u0101rds, uzv\u0101rds<\/strong><\/td><td><strong>Audzin\u0101m\u0101 klase<\/strong><\/td><\/tr><tr><td>Laine P\u0101ruma<\/td><td>1.a<\/td><\/tr><tr><td>Laila Adzil\u010da<\/td><td>1.b<\/td><\/tr><tr><td>Iveta \u0136au\u0137\u012bte<\/td><td>1.c<\/td><\/tr><tr><td>In\u0101ra Smone<\/td><td>2.a<\/td><\/tr><tr><td>Dzintra Fogele<\/td><td>2.b<\/td><\/tr><tr><td>M\u0101r\u012bte Ziemele<\/td><td>2.c<\/td><\/tr><tr><td>Ramona Suveizda<\/td><td>3.a<\/td><\/tr><tr><td>Laila Biteniece<\/td><td>3.b<\/td><\/tr><tr><td>Jolanta V\u0101vere<\/td><td>3.c<\/td><\/tr><tr><td>Inga Jansone<\/td><td>4.a<\/td><\/tr><tr><td>Linda Bogdane<\/td><td>4.b<\/td><\/tr><tr><td>Sandra Parfenkova<\/td><td>4.c<\/td><\/tr><tr><td>Laine Amerika-M\u016brniece<\/td><td>5.a<\/td><\/tr><tr><td>Daina Neimane<\/td><td>5.b<\/td><\/tr><tr><td>Liene Grundmane<\/td><td>5.c<\/td><\/tr><tr><td>Ilze Rauska<\/td><td>6.a<\/td><\/tr><tr><td>Sintija St\u0101mere<\/td><td>6.b<\/td><\/tr><tr><td>Lolita \u0160teinberga<\/td><td>6.c<\/td><\/tr><tr><td>J\u0101nis Levanovi\u010ds, Ieva Pr\u012bmane<\/td><td>7.a<\/td><\/tr><tr><td>Ilze M\u0101rtinsone<\/td><td>7.b<\/td><\/tr><tr><td>Santa Briede<\/td><td>7.c<\/td><\/tr><tr><td>M\u0101ris Smons<\/td><td>8.a<\/td><\/tr><tr><td>Elita V\u012bgante<\/td><td>8.b<\/td><\/tr><tr><td>Evija Rozena<\/td><td>8.c<\/td><\/tr><tr><td>Evita Kulpe<\/td><td>9.a<\/td><\/tr><tr><td>Lilita L\u016bse<\/td><td>9.b<\/td><\/tr><tr><td>\u017danna Pried\u012bte<\/td><td>9.c<\/td><\/tr><\/tbody><\/table><\/figure>\n","protected":false},"excerpt":{"rendered":"<p>V\u0101rds, uzv\u0101rds Audzin\u0101m\u0101 klase Laine P\u0101ruma 1.a Laila Adzil\u010da 1.b Iveta \u0136au\u0137\u012bte 1.c In\u0101ra Smone 2.a Dzintra Fogele 2.b M\u0101r\u012bte Ziemele 2.c Ramona Suveizda 3.a Laila Biteniece 3.b Jolanta V\u0101vere &#8230; <a title=\"KLA\u0160U AUDZIN\u0100T\u0100JI\" class=\"read-more\" href=\"https:\/\/sig1psk.lv\/index.php\/par-skolu\/klasu-audzinataji\/\" aria-label=\"Read more about KLA\u0160U AUDZIN\u0100T\u0100JI\">Las\u012bt t\u0101l\u0101k<\/a><\/p>\n","protected":false},"author":2,"featured_media":0,"parent":8,"menu_order":6,"comment_status":"closed","ping_status":"closed","template":"","meta":{"footnotes":""},"class_list":["post-79","page","type-page","status-publish"],"rttpg_featured_image_url":null,"rttpg_author":{"display_name":"Siguldas Pamatskola","author_link":"https:\/\/sig1psk.lv\/index.php\/author\/admins\/"},"rttpg_comment":0,"rttpg_category":null,"rttpg_excerpt":"V\u0101rds, uzv\u0101rds Audzin\u0101m\u0101 klase Laine P\u0101ruma 1.a Laila Adzil\u010da 1.b Iveta \u0136au\u0137\u012bte 1.c In\u0101ra Smone 2.a Dzintra Fogele 2.b M\u0101r\u012bte Ziemele 2.c Ramona Suveizda 3.a Laila Biteniece 3.b Jolanta V\u0101vere ... Las\u012bt t\u0101l\u0101k","_links":{"self":[{"href":"https:\/\/sig1psk.lv\/index.php\/wp-json\/wp\/v2\/pages\/79","targetHints":{"allow":["GET"]}}],"collection":[{"href":"https:\/\/sig1psk.lv\/index.php\/wp-json\/wp\/v2\/pages"}],"about":[{"href":"https:\/\/sig1psk.lv\/index.php\/wp-json\/wp\/v2\/types\/page"}],"author":[{"embeddable":true,"href":"https:\/\/sig1psk.lv\/index.php\/wp-json\/wp\/v2\/users\/2"}],"replies":[{"embeddable":true,"href":"https:\/\/sig1psk.lv\/index.php\/wp-json\/wp\/v2\/comments?post=79"}],"version-history":[{"count":19,"href":"https:\/\/sig1psk.lv\/index.php\/wp-json\/wp\/v2\/pages\/79\/revisions"}],"predecessor-version":[{"id":3550,"href":"https:\/\/sig1psk.lv\/index.php\/wp-json\/wp\/v2\/pages\/79\/revisions\/3550"}],"up":[{"embeddable":true,"href":"https:\/\/sig1psk.lv\/index.php\/wp-json\/wp\/v2\/pages\/8"}],"wp:attachment":[{"href":"https:\/\/sig1psk.lv\/index.php\/wp-json\/wp\/v2\/media?parent=79"}],"curies":[{"name":"wp","href":"https:\/\/api.w.org\/{rel}","templated":true}]}}