{"id":789,"date":"2023-11-18T09:37:11","date_gmt":"2023-11-18T07:37:11","guid":{"rendered":"https:\/\/sig1psk.lv\/?page_id=789"},"modified":"2026-01-04T20:49:39","modified_gmt":"2026-01-04T18:49:39","slug":"erasmus-ka-122","status":"publish","type":"page","link":"https:\/\/sig1psk.lv\/index.php\/projekti\/erasmus-ka-122\/","title":{"rendered":"IEK\u013bAUJO\u0160\u0100 IZGL\u012aT\u012aBA UN DIGIT\u0100L\u0100S INOV\u0100CIJAS: PAMATS N\u0100KOTNEI (KA122)"},"content":{"rendered":"\n<p style=\"font-size:17px\">2023.gada 31.maij\u0101 Siguldas 1. pamatskola ir sa\u0146\u0113musi Valsts izgl\u012bt\u012bbas att\u012bst\u012bbas a\u0123ent\u016bras l\u0113mumu par projekta Eiropas Savien\u012bbas Erasmus+ Nr.&nbsp;2023-1-LV01-KA122-SCH-000131137&nbsp;&#8221;&nbsp;Iek\u013caujo\u0161\u0101 izgl\u012bt\u012bba un digit\u0101l\u0101s inov\u0101cijas: pamats n\u0101kotnei\u201d apstiprin\u0101\u0161anu.<\/p>\n\n\n\n<p style=\"font-size:17px\">Projektam pie\u0161\u0137irtais finans\u0113jums ir&nbsp;17100,00 EUR.&nbsp;Projekta paredzamais \u012bsteno\u0161anas laiks 15 m\u0113ne\u0161i \u2013 no 2023.gada 1.septembra l\u012bdz 2024. gada 30.novembrim.<\/p>\n\n\n\n<p style=\"font-size:17px\">Projekta uzdevums ir sniegt pedagogiem atbalstu profesion\u0101l\u0101s kompetences pilnveid\u0113, bag\u0101tinot pedagogu zin\u0101\u0161anas, prasmes un pieredzi par iek\u013caujo\u0161o izgl\u012bt\u012bbu, pied\u0101v\u0101jot apg\u016bt starptautiski akredit\u0113tus t\u0101l\u0101kizgl\u012bt\u012bbas kursus. T\u0101dej\u0101di pedagogi b\u016btu prasm\u012bg\u0101ki m\u0101c\u012bbu proces\u0101 atbalst\u012bt, integr\u0113t un vest uz sasniegumiem ikvienu skol\u0113nu, jo kvalitat\u012bva izgl\u012bt\u012bba ir iek\u013caujo\u0161a izgl\u012bt\u012bba. T\u0101p\u0113c pl\u0101nots, ka projekta ietvaros:<\/p>\n\n\n\n<p style=\"font-size:17px\">1) Pedagogi apg\u016bs un integr\u0113s sav\u0101 m\u0101c\u012bbu darb\u0101 inovat\u012bvas m\u0101c\u012bbu metodes, metodiskos pa\u0146\u0113mienus, kas nodro\u0161in\u0101s individu\u0101lu pieeju m\u0101c\u012bb\u0101s ikvienam skol\u0113nam.<\/p>\n\n\n\n<p style=\"font-size:17px\">2) Pedagogi pilnveidos digit\u0101l\u0101s prasmes, kas pal\u012bdz\u0113s apg\u016bt un integr\u0113t sav\u0101 m\u0101c\u012bbu darb\u0101 jaunus digit\u0101los r\u012bkus, platformas, aplik\u0101cijas, realiz\u0113jot kvalitat\u012bvu iek\u013caujo\u0161o izgl\u012bt\u012bbu.<\/p>\n\n\n\n<p style=\"font-size:17px\">Projekta ietvaros Siguldas 1. pamatskola sekm\u012bgi realiz\u0113s savu n\u0101kotnes v\u012bziju, pied\u0101v\u0101jot kvalitat\u012bvu un iek\u013caujo\u0161u izgl\u012bt\u012bbu ikvienam skol\u0113nam.<\/p>\n\n\n\n<p style=\"font-size:17px\">Projekta realiz\u0113\u0161anas laik\u0101 pl\u0101noti \u010detri da\u017e\u0101di pedagogu profesion\u0101l\u0101s pilnveides starptautiski akredit\u0113ti kursi.<\/p>\n\n\n\n<p style=\"font-size:17px\">1) &#8220;Iek\u013caujo\u0161\u0101 izgl\u012bt\u012bba \u012arij\u0101 un bulinga nov\u0113r\u0161ana&#8221; akcent\u0113 \u012arijas iek\u013caujo\u0161\u0101s izgl\u012bt\u012bbas sist\u0113mas pieredzi, k\u0101 ar\u012b pied\u0101v\u0101 m\u0101ksl\u012bg\u0101 intelekta l\u012bdzek\u013cus, lai veicin\u0101tu skol\u0113nu ar \u012bpa\u0161\u0101m vajadz\u012bb\u0101m iek\u013cau\u0161anu un bulinga nov\u0113r\u0161anu.&nbsp;<\/p>\n\n\n\n<p style=\"font-size:17px\">T\u0101l\u0101kizgl\u012bt\u012bbas kursi Dublin\u0101 no 2024. gada 25.febru\u0101ra l\u012bdz 3.martam.<\/p>\n\n\n\n<p style=\"font-size:17px\"><a href=\"https:\/\/www.sigulda.lv\/public\/lat\/jaunumi\/26239\">https:\/\/www.sigulda.lv\/public\/lat\/jaunumi\/26239<\/a><\/p>\n\n\n\n<p style=\"font-size:17px\">2) T\u0101l\u0101kizgl\u012bt\u012bbas kursi &#8220;Veiksm\u012bgas strat\u0113\u0123ijas, m\u0101cot skol\u0113nus ar \u012bpa\u0161\u0101m vajadz\u012bb\u0101m ikvien\u0101 klas\u0113&#8221; pal\u012bdz\u0113s izgl\u012btojot m\u016bsu skolas pedagogus par veiksm\u012bg\u0101m m\u0101c\u012bbu metod\u0113m, integr\u0113jot skol\u0113nus ar speci\u0101l\u0101m vajadz\u012bb\u0101m visp\u0101rizgl\u012btojo\u0161\u0101 skol\u0101.<\/p>\n\n\n\n<p style=\"font-size:17px\">T\u0101l\u0101kizgl\u012bt\u012bbas kursi Barselon\u0101 no 2024. gada 3.-8. martam<\/p>\n\n\n\n<p style=\"font-size:17px\"><a href=\"https:\/\/m.sigulda.lv\/?sadala=read&amp;id=26271\">https:\/\/m.sigulda.lv\/?sadala=read&amp;id=26271<\/a><\/p>\n\n\n\n<p style=\"font-size:17px\">3) T\u0101l\u0101kizgl\u012bt\u012bbas kursos &#8220;Foto un video veido\u0161ana klas\u0113s: multimediju izgl\u012btojo\u0161ais sp\u0113ks&#8221; tiks pilnveidotas pedagogu digit\u0101l\u0101s prasmes veidot un izmantot audiovizu\u0101lus m\u0101c\u012bbu materi\u0101lus.<\/p>\n\n\n\n<p style=\"font-size:17px\">T\u0101l\u0101kizgl\u012bt\u012bbas kursi Barselon\u0101 no 2023. gada 1.-8.oktobrim<\/p>\n\n\n\n<p style=\"font-size:17px\"><a href=\"https:\/\/www.sigulda.lv\/public\/lat\/jaunumi\/25453\/\">https:\/\/www.sigulda.lv\/public\/lat\/jaunumi\/25453\/<\/a><\/p>\n\n\n\n<p style=\"font-size:17px\">4) T\u0101l\u0101kizgl\u012bt\u012bbas kursos &#8220;M\u0101c\u012b\u0161ana aizraujo\u0161\u0101 veid\u0101 digit\u0101l\u0101 \u0113r\u0101&#8221; tiks apg\u016bti inovat\u012bvi digit\u0101li r\u012bki un platformas, pilnveidojot pedagogu digit\u0101lo kompetenci.<\/p>\n\n\n\n<p style=\"font-size:17px\">T\u0101l\u0101kizgl\u012bt\u012bbas kursi Split\u0101 no 2024.gada 7. l\u012bdz 14. j\u016bnijam<\/p>\n\n\n\n<p style=\"font-size:17px\"><a href=\"https:\/\/www.sigulda.lv\/public\/lat\/jaunumi\/26949\">https:\/\/www.sigulda.lv\/public\/lat\/jaunumi\/26949<\/a><\/p>\n\n\n\n<p style=\"font-size:17px\">Siguldas 1. pamatskol\u0101 30.&nbsp;novembr\u012b nosl\u0113gsies Eiropas Savien\u012bbas \u201cErasmus+\u201d projekts&nbsp;\u201cIek\u013caujo\u0161\u0101 izgl\u012bt\u012bba un digit\u0101l\u0101s inov\u0101cijas: pamats n\u0101kotnei\u201d (projekta Nr.&nbsp;2023-1-LV01-KA122-SCH-000131137).<\/p>\n\n\n\n<p style=\"font-size:17px\"><a href=\"https:\/\/www.sigulda.lv\/public\/lat\/jaunumi\/27782\">https:\/\/www.sigulda.lv\/public\/lat\/jaunumi\/27782<\/a><\/p>\n\n\n\n<p><\/p>\n\n\n\n<h1 class=\"wp-block-heading\"><strong>Erasmus+ skolot\u0101ju t\u0101l\u0101kizgl\u012bt\u012bbas projekts \u201cIek\u013caujo\u0161\u0101 izgl\u012bt\u012bba un digit\u0101l\u0101s inov\u0101cijas: pamats n\u0101kotnei.\u201d<\/strong><\/h1>\n\n\n\n<p><\/p>\n\n\n\n<figure class=\"wp-block-table\"><table class=\"has-fixed-layout\"><tbody><tr><td><img decoding=\"async\" src=\"https:\/\/sig1psk.lv\/wp-content\/uploads\/2025\/11\/Brown-Business-Card-24-1-1024x585.jpg\" alt=\"\"><\/td><td><img decoding=\"async\" src=\"https:\/\/sig1psk.lv\/wp-content\/uploads\/2025\/11\/Brown-Business-Card-26-1024x585.jpg\" alt=\"\"><\/td><\/tr><tr><td><img decoding=\"async\" src=\"https:\/\/sig1psk.lv\/wp-content\/uploads\/2025\/11\/Brown-Business-Card-27-1024x585.jpg\" alt=\"\"><\/td><td><img decoding=\"async\" src=\"https:\/\/sig1psk.lv\/wp-content\/uploads\/2025\/11\/Brown-Business-Card-25-1024x585.jpg\" alt=\"\"><\/td><\/tr><tr><td><img decoding=\"async\" src=\"https:\/\/sig1psk.lv\/wp-content\/uploads\/2025\/11\/Brown-Business-Card-28-1024x585.jpg\" alt=\"\"><\/td><td><\/td><\/tr><\/tbody><\/table><\/figure>\n\n\n\n<p style=\"font-size:17px\"><\/p>\n","protected":false},"excerpt":{"rendered":"<p>2023.gada 31.maij\u0101 Siguldas 1. pamatskola ir sa\u0146\u0113musi Valsts izgl\u012bt\u012bbas att\u012bst\u012bbas a\u0123ent\u016bras l\u0113mumu par projekta Eiropas Savien\u012bbas Erasmus+ Nr.&nbsp;2023-1-LV01-KA122-SCH-000131137&nbsp;&#8221;&nbsp;Iek\u013caujo\u0161\u0101 izgl\u012bt\u012bba un digit\u0101l\u0101s inov\u0101cijas: pamats n\u0101kotnei\u201d apstiprin\u0101\u0161anu. Projektam pie\u0161\u0137irtais finans\u0113jums ir&nbsp;17100,00 EUR.&nbsp;Projekta &#8230; <a title=\"IEK\u013bAUJO\u0160\u0100 IZGL\u012aT\u012aBA UN DIGIT\u0100L\u0100S INOV\u0100CIJAS: PAMATS N\u0100KOTNEI (KA122)\" class=\"read-more\" href=\"https:\/\/sig1psk.lv\/index.php\/projekti\/erasmus-ka-122\/\" aria-label=\"Read more about IEK\u013bAUJO\u0160\u0100 IZGL\u012aT\u012aBA UN DIGIT\u0100L\u0100S INOV\u0100CIJAS: PAMATS N\u0100KOTNEI (KA122)\">Las\u012bt t\u0101l\u0101k<\/a><\/p>\n","protected":false},"author":2,"featured_media":0,"parent":39,"menu_order":1,"comment_status":"closed","ping_status":"closed","template":"","meta":{"footnotes":""},"class_list":["post-789","page","type-page","status-publish"],"rttpg_featured_image_url":null,"rttpg_author":{"display_name":"Siguldas Pamatskola","author_link":"https:\/\/sig1psk.lv\/index.php\/author\/admins\/"},"rttpg_comment":0,"rttpg_category":null,"rttpg_excerpt":"2023.gada 31.maij\u0101 Siguldas 1. pamatskola ir sa\u0146\u0113musi Valsts izgl\u012bt\u012bbas att\u012bst\u012bbas a\u0123ent\u016bras l\u0113mumu par projekta Eiropas Savien\u012bbas Erasmus+ Nr.&nbsp;2023-1-LV01-KA122-SCH-000131137&nbsp;&#8221;&nbsp;Iek\u013caujo\u0161\u0101 izgl\u012bt\u012bba un digit\u0101l\u0101s inov\u0101cijas: pamats n\u0101kotnei\u201d apstiprin\u0101\u0161anu. Projektam pie\u0161\u0137irtais finans\u0113jums ir&nbsp;17100,00 EUR.&nbsp;Projekta ... Las\u012bt t\u0101l\u0101k","_links":{"self":[{"href":"https:\/\/sig1psk.lv\/index.php\/wp-json\/wp\/v2\/pages\/789","targetHints":{"allow":["GET"]}}],"collection":[{"href":"https:\/\/sig1psk.lv\/index.php\/wp-json\/wp\/v2\/pages"}],"about":[{"href":"https:\/\/sig1psk.lv\/index.php\/wp-json\/wp\/v2\/types\/page"}],"author":[{"embeddable":true,"href":"https:\/\/sig1psk.lv\/index.php\/wp-json\/wp\/v2\/users\/2"}],"replies":[{"embeddable":true,"href":"https:\/\/sig1psk.lv\/index.php\/wp-json\/wp\/v2\/comments?post=789"}],"version-history":[{"count":13,"href":"https:\/\/sig1psk.lv\/index.php\/wp-json\/wp\/v2\/pages\/789\/revisions"}],"predecessor-version":[{"id":3755,"href":"https:\/\/sig1psk.lv\/index.php\/wp-json\/wp\/v2\/pages\/789\/revisions\/3755"}],"up":[{"embeddable":true,"href":"https:\/\/sig1psk.lv\/index.php\/wp-json\/wp\/v2\/pages\/39"}],"wp:attachment":[{"href":"https:\/\/sig1psk.lv\/index.php\/wp-json\/wp\/v2\/media?parent=789"}],"curies":[{"name":"wp","href":"https:\/\/api.w.org\/{rel}","templated":true}]}}