{"id":77,"date":"2023-08-14T11:27:56","date_gmt":"2023-08-14T09:27:56","guid":{"rendered":"https:\/\/sig1psk.lv\/?page_id=77"},"modified":"2025-09-03T12:40:12","modified_gmt":"2025-09-03T10:40:12","slug":"atbalsta-personals","status":"publish","type":"page","link":"https:\/\/sig1psk.lv\/index.php\/par-skolu\/atbalsta-personals\/","title":{"rendered":"ATBALSTA PERSON\u0100LS"},"content":{"rendered":"\n<p style=\"font-size:16px\"><\/p>\n\n\n\n<figure style=\"font-size:16px\" class=\"wp-block-table\"><table><tbody><tr><td><strong>V\u0101rds, uzv\u0101rds<\/strong><\/td><td><strong>Atbalsta loma<\/strong><\/td><\/tr><tr><td>Laine Amerika-M\u016brniece<\/td><td>Pedagoga pal\u012bgs<\/td><\/tr><tr><td>Sandra Parfenkova<\/td><td>Pedagoga pal\u012bgs<\/td><\/tr><tr><td>Eva Uzula<\/td><td>Logop\u0113ds,&nbsp;pedagoga pal\u012bgs<\/td><\/tr><tr><td>Inga Vagele<\/td><td>Medm\u0101sa<\/td><\/tr><tr><td>Reinis Krists Vergins<\/td><td>Psihologs<\/td><\/tr><\/tbody><\/table><\/figure>\n","protected":false},"excerpt":{"rendered":"<p>V\u0101rds, uzv\u0101rds Atbalsta loma Laine Amerika-M\u016brniece Pedagoga pal\u012bgs Sandra Parfenkova Pedagoga pal\u012bgs Eva Uzula Logop\u0113ds,&nbsp;pedagoga pal\u012bgs Inga Vagele Medm\u0101sa Reinis Krists Vergins Psihologs<\/p>\n","protected":false},"author":2,"featured_media":0,"parent":8,"menu_order":5,"comment_status":"closed","ping_status":"closed","template":"","meta":{"footnotes":""},"class_list":["post-77","page","type-page","status-publish"],"rttpg_featured_image_url":null,"rttpg_author":{"display_name":"Siguldas Pamatskola","author_link":"https:\/\/sig1psk.lv\/index.php\/author\/admins\/"},"rttpg_comment":0,"rttpg_category":null,"rttpg_excerpt":"V\u0101rds, uzv\u0101rds Atbalsta loma Laine Amerika-M\u016brniece Pedagoga pal\u012bgs Sandra Parfenkova Pedagoga pal\u012bgs Eva Uzula Logop\u0113ds,&nbsp;pedagoga pal\u012bgs Inga Vagele Medm\u0101sa Reinis Krists Vergins Psihologs","_links":{"self":[{"href":"https:\/\/sig1psk.lv\/index.php\/wp-json\/wp\/v2\/pages\/77","targetHints":{"allow":["GET"]}}],"collection":[{"href":"https:\/\/sig1psk.lv\/index.php\/wp-json\/wp\/v2\/pages"}],"about":[{"href":"https:\/\/sig1psk.lv\/index.php\/wp-json\/wp\/v2\/types\/page"}],"author":[{"embeddable":true,"href":"https:\/\/sig1psk.lv\/index.php\/wp-json\/wp\/v2\/users\/2"}],"replies":[{"embeddable":true,"href":"https:\/\/sig1psk.lv\/index.php\/wp-json\/wp\/v2\/comments?post=77"}],"version-history":[{"count":7,"href":"https:\/\/sig1psk.lv\/index.php\/wp-json\/wp\/v2\/pages\/77\/revisions"}],"predecessor-version":[{"id":3304,"href":"https:\/\/sig1psk.lv\/index.php\/wp-json\/wp\/v2\/pages\/77\/revisions\/3304"}],"up":[{"embeddable":true,"href":"https:\/\/sig1psk.lv\/index.php\/wp-json\/wp\/v2\/pages\/8"}],"wp:attachment":[{"href":"https:\/\/sig1psk.lv\/index.php\/wp-json\/wp\/v2\/media?parent=77"}],"curies":[{"name":"wp","href":"https:\/\/api.w.org\/{rel}","templated":true}]}}