{"id":75,"date":"2023-08-14T11:27:22","date_gmt":"2023-08-14T09:27:22","guid":{"rendered":"https:\/\/sig1psk.lv\/?page_id=75"},"modified":"2025-09-03T12:37:12","modified_gmt":"2025-09-03T10:37:12","slug":"pedagogi","status":"publish","type":"page","link":"https:\/\/sig1psk.lv\/index.php\/par-skolu\/pedagogi\/","title":{"rendered":"PEDAGOGI"},"content":{"rendered":"\n<p style=\"font-size:18px\"><strong>M\u0101c\u012bbu priek\u0161metu skolot\u0101ji<\/strong><\/p>\n\n\n\n<figure style=\"font-size:16px\" class=\"wp-block-table\"><table><tbody><tr><td><strong>V\u0101rds, uzv\u0101rds<\/strong><\/td><td><strong>M\u0101c\u012bbu priek\u0161mets<\/strong><\/td><\/tr><tr><td>Laila Adzil\u010da<\/td><td>S\u0101kumskolas skolot\u0101ja<\/td><\/tr><tr><td>Ivo Alksnis<\/td><td>Sporta un vesel\u012bbas skolot\u0101js<\/td><\/tr><tr><td>Amanda Azarova<\/td><td>Sporta un vesel\u012bbas skolot\u0101ja<\/td><\/tr><tr><td>Lilita Bernharde<\/td><td>Fizikas, matem\u0101tikas un in\u017eenierzin\u012bbu skolot\u0101ja<\/td><\/tr><tr><td>Laila Biteniece<\/td><td>S\u0101kumskolas skolot\u0101ja<\/td><\/tr><tr><td>Linda Bogdane<\/td><td>Ang\u013cu valodas skolot\u0101ja<\/td><\/tr><tr><td>Inese Borti\u0146a<\/td><td>\u0136\u012bmijas skolot\u0101ja<\/td><\/tr><tr><td>Santa Briede<\/td><td>Matem\u0101tikas skolot\u0101ja<\/td><\/tr><tr><td>Dzintra Fogele<\/td><td>S\u0101kumskolas skolot\u0101ja<\/td><\/tr><tr><td>Krist\u012bne Gail\u012bte<\/td><td>Te\u0101tra m\u0101kslas skolot\u0101ja<\/td><\/tr><tr><td>Liene Grundmane<\/td><td>Ang\u013cu valodas skolot\u0101ja<\/td><\/tr><tr><td>Aiva Indriksone<\/td><td>Dizaina un tehnolo\u0123iju skolot\u0101ja<\/td><\/tr><tr><td>Inga Jansone<\/td><td>M\u016bzikas skolot\u0101ja<\/td><\/tr><tr><td>Je\u013cena Kamoli\u0146a<\/td><td>Krievu valodas skolot\u0101ja<\/td><\/tr><tr><td>Evita Kulpe<\/td><td>Datorikas, programm\u0113\u0161anas skolot\u0101ja<\/td><\/tr><tr><td>\u017danna Knoka<\/td><td>V\u0101cu valodas skolot\u0101ja<\/td><\/tr><tr><td>J\u0101nis Levanovi\u010ds<\/td><td>Sporta un vesel\u012bbas skolot\u0101js<\/td><\/tr><tr><td>Lilita L\u016bse<\/td><td>Matem\u0101tikas skolot\u0101ja<\/td><\/tr><tr><td>Inga Lapikena<\/td><td>V\u0101cu valodas skolot\u0101ja<\/td><\/tr><tr><td>Ilze M\u0101rtinsone<\/td><td>Matem\u0101tikas skolot\u0101ja<\/td><\/tr><tr><td>Daina Neimane<\/td><td>Ang\u013cu valodas skolot\u0101ja<\/td><\/tr><tr><td>Lauma P\u012bpkal\u0113ja-Lo\u010dmele<\/td><td>Dizaina un tehnolo\u0123iju skolot\u0101ja<\/td><\/tr><tr><td>\u017danna Pried\u012bte<\/td><td>V\u0113stures un soci\u0101lo zin\u012bbu skolot\u0101ja<\/td><\/tr><tr><td>Ieva Pr\u012bmane<\/td><td>Vizu\u0101l\u0101s m\u0101kslas skolot\u0101ja<\/td><\/tr><tr><td>Ilze Rauska<\/td><td>Dabaszin\u012bbu un \u0123eogr\u0101fijas skolot\u0101ja<\/td><\/tr><tr><td>Evija Rozena<\/td><td>M\u016bzikas skolot\u0101ja<\/td><\/tr><tr><td>In\u0101ra Smone<\/td><td>S\u0101kumskolas skolot\u0101ja<\/td><\/tr><tr><td>M\u0101ris Smons<\/td><td>V\u0113stures un soci\u0101lo zin\u012bbu skolot\u0101js<\/td><\/tr><tr><td>Sintija St\u0101mere<\/td><td>Latvie\u0161u valodas un literat\u016bras skolot\u0101ja<\/td><\/tr><tr><td>Ramona Suveizda<\/td><td>S\u0101kumskolas skolot\u0101ja<\/td><\/tr><tr><td>Lolita \u0160teinberga<\/td><td>Latvie\u0161u valodas un literat\u016bras skolot\u0101ja<\/td><\/tr><tr><td>Jolanta V\u0101vere<\/td><td>S\u0101kumskolas skolot\u0101ja<\/td><\/tr><tr><td>Edgars Visockis<\/td><td>Dizaina un tehnolo\u0123iju skolot\u0101js<\/td><\/tr><tr><td>Elita V\u012bgante<\/td><td>Latvie\u0161u valodas un literat\u016bras skolot\u0101ja<\/td><\/tr><tr><td>M\u0101r\u012bte Ziemele<\/td><td>S\u0101kumskolas skolot\u0101ja<\/td><\/tr><\/tbody><\/table><\/figure>\n","protected":false},"excerpt":{"rendered":"<p>M\u0101c\u012bbu priek\u0161metu skolot\u0101ji V\u0101rds, uzv\u0101rds M\u0101c\u012bbu priek\u0161mets Laila Adzil\u010da S\u0101kumskolas skolot\u0101ja Ivo Alksnis Sporta un vesel\u012bbas skolot\u0101js Amanda Azarova Sporta un vesel\u012bbas skolot\u0101ja Lilita Bernharde Fizikas, matem\u0101tikas un in\u017eenierzin\u012bbu skolot\u0101ja &#8230; <a title=\"PEDAGOGI\" class=\"read-more\" href=\"https:\/\/sig1psk.lv\/index.php\/par-skolu\/pedagogi\/\" aria-label=\"Read more about PEDAGOGI\">Las\u012bt t\u0101l\u0101k<\/a><\/p>\n","protected":false},"author":2,"featured_media":0,"parent":8,"menu_order":4,"comment_status":"closed","ping_status":"closed","template":"","meta":{"footnotes":""},"class_list":["post-75","page","type-page","status-publish"],"rttpg_featured_image_url":null,"rttpg_author":{"display_name":"Siguldas Pamatskola","author_link":"https:\/\/sig1psk.lv\/index.php\/author\/admins\/"},"rttpg_comment":0,"rttpg_category":null,"rttpg_excerpt":"M\u0101c\u012bbu priek\u0161metu skolot\u0101ji V\u0101rds, uzv\u0101rds M\u0101c\u012bbu priek\u0161mets Laila Adzil\u010da S\u0101kumskolas skolot\u0101ja Ivo Alksnis Sporta un vesel\u012bbas skolot\u0101js Amanda Azarova Sporta un vesel\u012bbas skolot\u0101ja Lilita Bernharde Fizikas, matem\u0101tikas un in\u017eenierzin\u012bbu skolot\u0101ja ... Las\u012bt t\u0101l\u0101k","_links":{"self":[{"href":"https:\/\/sig1psk.lv\/index.php\/wp-json\/wp\/v2\/pages\/75","targetHints":{"allow":["GET"]}}],"collection":[{"href":"https:\/\/sig1psk.lv\/index.php\/wp-json\/wp\/v2\/pages"}],"about":[{"href":"https:\/\/sig1psk.lv\/index.php\/wp-json\/wp\/v2\/types\/page"}],"author":[{"embeddable":true,"href":"https:\/\/sig1psk.lv\/index.php\/wp-json\/wp\/v2\/users\/2"}],"replies":[{"embeddable":true,"href":"https:\/\/sig1psk.lv\/index.php\/wp-json\/wp\/v2\/comments?post=75"}],"version-history":[{"count":16,"href":"https:\/\/sig1psk.lv\/index.php\/wp-json\/wp\/v2\/pages\/75\/revisions"}],"predecessor-version":[{"id":3300,"href":"https:\/\/sig1psk.lv\/index.php\/wp-json\/wp\/v2\/pages\/75\/revisions\/3300"}],"up":[{"embeddable":true,"href":"https:\/\/sig1psk.lv\/index.php\/wp-json\/wp\/v2\/pages\/8"}],"wp:attachment":[{"href":"https:\/\/sig1psk.lv\/index.php\/wp-json\/wp\/v2\/media?parent=75"}],"curies":[{"name":"wp","href":"https:\/\/api.w.org\/{rel}","templated":true}]}}