{"id":73,"date":"2023-08-14T11:26:52","date_gmt":"2023-08-14T09:26:52","guid":{"rendered":"https:\/\/sig1psk.lv\/?page_id=73"},"modified":"2023-11-19T20:46:42","modified_gmt":"2023-11-19T18:46:42","slug":"vadibas-komanda","status":"publish","type":"page","link":"https:\/\/sig1psk.lv\/index.php\/par-skolu\/vadibas-komanda\/","title":{"rendered":"VAD\u012aBAS KOMANDA"},"content":{"rendered":"\n<p style=\"font-size:16px\"><\/p>\n\n\n\n<figure class=\"wp-block-table\" style=\"font-size:16px\"><table><tbody><tr><td><strong>V\u0101rds, uzv\u0101rds<\/strong><\/td><td><strong>Amats<\/strong><\/td><\/tr><tr><td>Edgars Visockis<\/td><td>Direktors<\/td><\/tr><tr><td>Ina Slavinska<\/td><td>Direktora vietniece izgl\u012bt\u012bbas jom\u0101<\/td><\/tr><tr><td>Laila Biteniece <\/td><td>Direktora vietniece izgl\u012bt\u012bbas jom\u0101<\/td><\/tr><tr><td>Guntra Purmale<\/td><td>Direktora vietniece \u0101rpusstundu darb\u0101<\/td><\/tr><tr><td>Arturs \u010cer\u0146ausks<\/td><td>Direktora vietnieks saimnieciskaj\u0101 darb\u0101<\/td><\/tr><\/tbody><\/table><\/figure>\n","protected":false},"excerpt":{"rendered":"<p>V\u0101rds, uzv\u0101rds Amats Edgars Visockis Direktors Ina Slavinska Direktora vietniece izgl\u012bt\u012bbas jom\u0101 Laila Biteniece Direktora vietniece izgl\u012bt\u012bbas jom\u0101 Guntra Purmale Direktora vietniece \u0101rpusstundu darb\u0101 Arturs \u010cer\u0146ausks Direktora vietnieks saimnieciskaj\u0101 darb\u0101<\/p>\n","protected":false},"author":2,"featured_media":0,"parent":8,"menu_order":3,"comment_status":"closed","ping_status":"closed","template":"","meta":{"footnotes":""},"class_list":["post-73","page","type-page","status-publish"],"rttpg_featured_image_url":null,"rttpg_author":{"display_name":"Siguldas Pamatskola","author_link":"https:\/\/sig1psk.lv\/index.php\/author\/admins\/"},"rttpg_comment":0,"rttpg_category":null,"rttpg_excerpt":"V\u0101rds, uzv\u0101rds Amats Edgars Visockis Direktors Ina Slavinska Direktora vietniece izgl\u012bt\u012bbas jom\u0101 Laila Biteniece Direktora vietniece izgl\u012bt\u012bbas jom\u0101 Guntra Purmale Direktora vietniece \u0101rpusstundu darb\u0101 Arturs \u010cer\u0146ausks Direktora vietnieks saimnieciskaj\u0101 darb\u0101","_links":{"self":[{"href":"https:\/\/sig1psk.lv\/index.php\/wp-json\/wp\/v2\/pages\/73","targetHints":{"allow":["GET"]}}],"collection":[{"href":"https:\/\/sig1psk.lv\/index.php\/wp-json\/wp\/v2\/pages"}],"about":[{"href":"https:\/\/sig1psk.lv\/index.php\/wp-json\/wp\/v2\/types\/page"}],"author":[{"embeddable":true,"href":"https:\/\/sig1psk.lv\/index.php\/wp-json\/wp\/v2\/users\/2"}],"replies":[{"embeddable":true,"href":"https:\/\/sig1psk.lv\/index.php\/wp-json\/wp\/v2\/comments?post=73"}],"version-history":[{"count":8,"href":"https:\/\/sig1psk.lv\/index.php\/wp-json\/wp\/v2\/pages\/73\/revisions"}],"predecessor-version":[{"id":1021,"href":"https:\/\/sig1psk.lv\/index.php\/wp-json\/wp\/v2\/pages\/73\/revisions\/1021"}],"up":[{"embeddable":true,"href":"https:\/\/sig1psk.lv\/index.php\/wp-json\/wp\/v2\/pages\/8"}],"wp:attachment":[{"href":"https:\/\/sig1psk.lv\/index.php\/wp-json\/wp\/v2\/media?parent=73"}],"curies":[{"name":"wp","href":"https:\/\/api.w.org\/{rel}","templated":true}]}}