{"id":71,"date":"2023-08-14T11:26:29","date_gmt":"2023-08-14T09:26:29","guid":{"rendered":"https:\/\/sig1psk.lv\/?page_id=71"},"modified":"2026-01-22T14:02:07","modified_gmt":"2026-01-22T12:02:07","slug":"uznemsana","status":"publish","type":"page","link":"https:\/\/sig1psk.lv\/index.php\/par-skolu\/uznemsana\/","title":{"rendered":"UZ\u0145EM\u0160ANA"},"content":{"rendered":"\n<p style=\"font-size:16px\"><\/p>\n\n\n\n<p><\/p>\n\n\n\n<p style=\"font-size:16px\"><strong>Cien\u012bjamie vec\u0101ki<\/strong>, piesakot b\u0113rnu uz\u0146em\u0161anai skol\u0101, j\u0101uzr\u0101da personu apliecino\u0161s dokuments, b\u0113rna dzim\u0161anas apliec\u012bbas ori\u0123in\u0101ls un j\u0101iesniedz direktoram adres\u0113ts iesniegums. Piesakot b\u0113rnu, kur\u0161 jau k\u0101du laiku ir apmekl\u0113jis skolu, j\u0101uzr\u0101da ar\u012b liec\u012bba vai cits iepriek\u0161 ieg\u016bt\u0101s izgl\u012bt\u012bbas apguvi apliecino\u0161s dokuments.<\/p>\n\n\n\n<p style=\"font-size:16px\"><\/p>\n\n\n\n<p style=\"font-size:16px\">Iesnieguma veidlapa, piesakot b\u0113rnu m\u0101c\u012bb\u0101m 1. klas\u0113 2026.\/2027. m\u0101c\u012bbu gad\u0101. <br><br><a href=\"https:\/\/sig1psk.lv\/wp-content\/uploads\/2026\/01\/Iesnieg2026_1.kl_1-2.pr_.doc\"><strong>Iesnieguma veidlapa 1. -2. priorit\u0101te<\/strong><\/a> Iesniegt no 2026. gada 1. febru\u0101ra &#8211; 15. febru\u0101rim.<br><br><a href=\"https:\/\/sig1psk.lv\/wp-content\/uploads\/2026\/01\/Iesnieg2026_1.kl_3-10.pr_.doc\"><strong>Iesnieguma veidlapa 3.-10. priorit\u0101te<\/strong><\/a> Iesniegt no 2026. gada 16. febru\u0101ra &#8211; 20. martam.<\/p>\n\n\n\n<p><\/p>\n\n\n\n<p style=\"font-size:16px\">Iesnieguma veidlapa, piesakot b\u0113rnu m\u0101c\u012bb\u0101m 2025.\/2026. m\u0101c\u012bbu gad\u0101. <a href=\"https:\/\/sig1psk.lv\/wp-content\/uploads\/2025\/09\/2025_iesn_uznemsanai-2-9.kl_.docx\">Iesnieguma veidlapa<\/a><\/p>\n\n\n\n<p style=\"font-size:16px\"><\/p>\n\n\n\n<p style=\"font-size:16px\">Pla\u0161\u0101ka inform\u0101cija par uz\u0146em\u0161anu \/ priorit\u0101t\u0113m pieejama Siguldas novada pa\u0161vald\u012bbas domes saisto\u0161ajos noteikumos\u00a0\u201c<a href=\"https:\/\/likumi.lv\/ta\/id\/352228-par-kartibu-kada-bernus-registre-un-uznem-siguldas-novada-pasvaldibas-visparejas-izglitibas-iestazu-pamatizglitibas-programmas\" target=\"_blank\" rel=\"noreferrer noopener\">Par k\u0101rt\u012bbu, k\u0101d\u0101 b\u0113rnus re\u0123istr\u0113 un uz\u0146em Siguldas novada pa\u0161vald\u012bbas visp\u0101r\u0113j\u0101s izgl\u012bt\u012bbas iest\u0101\u017eu pamatizgl\u012bt\u012bbas programm\u0101s<\/a><br><br><\/p>\n\n\n\n<p><\/p>\n","protected":false},"excerpt":{"rendered":"<p>Cien\u012bjamie vec\u0101ki, piesakot b\u0113rnu uz\u0146em\u0161anai skol\u0101, j\u0101uzr\u0101da personu apliecino\u0161s dokuments, b\u0113rna dzim\u0161anas apliec\u012bbas ori\u0123in\u0101ls un j\u0101iesniedz direktoram adres\u0113ts iesniegums. Piesakot b\u0113rnu, kur\u0161 jau k\u0101du laiku ir apmekl\u0113jis skolu, j\u0101uzr\u0101da ar\u012b &#8230; <a title=\"UZ\u0145EM\u0160ANA\" class=\"read-more\" href=\"https:\/\/sig1psk.lv\/index.php\/par-skolu\/uznemsana\/\" aria-label=\"Read more about UZ\u0145EM\u0160ANA\">Las\u012bt t\u0101l\u0101k<\/a><\/p>\n","protected":false},"author":2,"featured_media":0,"parent":8,"menu_order":2,"comment_status":"closed","ping_status":"closed","template":"","meta":{"footnotes":""},"class_list":["post-71","page","type-page","status-publish"],"rttpg_featured_image_url":null,"rttpg_author":{"display_name":"Siguldas Pamatskola","author_link":"https:\/\/sig1psk.lv\/index.php\/author\/admins\/"},"rttpg_comment":0,"rttpg_category":null,"rttpg_excerpt":"Cien\u012bjamie vec\u0101ki, piesakot b\u0113rnu uz\u0146em\u0161anai skol\u0101, j\u0101uzr\u0101da personu apliecino\u0161s dokuments, b\u0113rna dzim\u0161anas apliec\u012bbas ori\u0123in\u0101ls un j\u0101iesniedz direktoram adres\u0113ts iesniegums. Piesakot b\u0113rnu, kur\u0161 jau k\u0101du laiku ir apmekl\u0113jis skolu, j\u0101uzr\u0101da ar\u012b ... Las\u012bt t\u0101l\u0101k","_links":{"self":[{"href":"https:\/\/sig1psk.lv\/index.php\/wp-json\/wp\/v2\/pages\/71","targetHints":{"allow":["GET"]}}],"collection":[{"href":"https:\/\/sig1psk.lv\/index.php\/wp-json\/wp\/v2\/pages"}],"about":[{"href":"https:\/\/sig1psk.lv\/index.php\/wp-json\/wp\/v2\/types\/page"}],"author":[{"embeddable":true,"href":"https:\/\/sig1psk.lv\/index.php\/wp-json\/wp\/v2\/users\/2"}],"replies":[{"embeddable":true,"href":"https:\/\/sig1psk.lv\/index.php\/wp-json\/wp\/v2\/comments?post=71"}],"version-history":[{"count":25,"href":"https:\/\/sig1psk.lv\/index.php\/wp-json\/wp\/v2\/pages\/71\/revisions"}],"predecessor-version":[{"id":3960,"href":"https:\/\/sig1psk.lv\/index.php\/wp-json\/wp\/v2\/pages\/71\/revisions\/3960"}],"up":[{"embeddable":true,"href":"https:\/\/sig1psk.lv\/index.php\/wp-json\/wp\/v2\/pages\/8"}],"wp:attachment":[{"href":"https:\/\/sig1psk.lv\/index.php\/wp-json\/wp\/v2\/media?parent=71"}],"curies":[{"name":"wp","href":"https:\/\/api.w.org\/{rel}","templated":true}]}}