{"id":50,"date":"2023-08-14T11:04:21","date_gmt":"2023-08-14T09:04:21","guid":{"rendered":"https:\/\/sig1psk.lv\/?page_id=50"},"modified":"2023-11-19T20:54:28","modified_gmt":"2023-11-19T18:54:28","slug":"izglitibas-programmas","status":"publish","type":"page","link":"https:\/\/sig1psk.lv\/index.php\/macibu-darbs\/izglitibas-programmas\/","title":{"rendered":"IZGL\u012aT\u012aBAS PROGRAMMAS"},"content":{"rendered":"\n<p style=\"font-size:16px\"><strong>Skol\u0101 tiek \u012bstenotas \u0161\u0101das m\u0101c\u012bbu programmas:<\/strong><\/p>\n\n\n\n<p style=\"font-size:16px\">Pamatizgl\u012bt\u012bbas programma &#8211; 21011111<\/p>\n\n\n\n<p style=\"font-size:16px\">Speci\u0101l\u0101s pamatizgl\u012bt\u012bbas programma &#8211;&nbsp;21015611&nbsp;<\/p>\n","protected":false},"excerpt":{"rendered":"<p>Skol\u0101 tiek \u012bstenotas \u0161\u0101das m\u0101c\u012bbu programmas: Pamatizgl\u012bt\u012bbas programma &#8211; 21011111 Speci\u0101l\u0101s pamatizgl\u012bt\u012bbas programma &#8211;&nbsp;21015611&nbsp;<\/p>\n","protected":false},"author":2,"featured_media":0,"parent":10,"menu_order":1,"comment_status":"closed","ping_status":"closed","template":"","meta":{"footnotes":""},"class_list":["post-50","page","type-page","status-publish"],"rttpg_featured_image_url":null,"rttpg_author":{"display_name":"Siguldas Pamatskola","author_link":"https:\/\/sig1psk.lv\/index.php\/author\/admins\/"},"rttpg_comment":0,"rttpg_category":null,"rttpg_excerpt":"Skol\u0101 tiek \u012bstenotas \u0161\u0101das m\u0101c\u012bbu programmas: Pamatizgl\u012bt\u012bbas programma &#8211; 21011111 Speci\u0101l\u0101s pamatizgl\u012bt\u012bbas programma &#8211;&nbsp;21015611&nbsp;","_links":{"self":[{"href":"https:\/\/sig1psk.lv\/index.php\/wp-json\/wp\/v2\/pages\/50","targetHints":{"allow":["GET"]}}],"collection":[{"href":"https:\/\/sig1psk.lv\/index.php\/wp-json\/wp\/v2\/pages"}],"about":[{"href":"https:\/\/sig1psk.lv\/index.php\/wp-json\/wp\/v2\/types\/page"}],"author":[{"embeddable":true,"href":"https:\/\/sig1psk.lv\/index.php\/wp-json\/wp\/v2\/users\/2"}],"replies":[{"embeddable":true,"href":"https:\/\/sig1psk.lv\/index.php\/wp-json\/wp\/v2\/comments?post=50"}],"version-history":[{"count":3,"href":"https:\/\/sig1psk.lv\/index.php\/wp-json\/wp\/v2\/pages\/50\/revisions"}],"predecessor-version":[{"id":1079,"href":"https:\/\/sig1psk.lv\/index.php\/wp-json\/wp\/v2\/pages\/50\/revisions\/1079"}],"up":[{"embeddable":true,"href":"https:\/\/sig1psk.lv\/index.php\/wp-json\/wp\/v2\/pages\/10"}],"wp:attachment":[{"href":"https:\/\/sig1psk.lv\/index.php\/wp-json\/wp\/v2\/media?parent=50"}],"curies":[{"name":"wp","href":"https:\/\/api.w.org\/{rel}","templated":true}]}}