{"id":4347,"date":"2026-03-27T06:15:21","date_gmt":"2026-03-27T04:15:21","guid":{"rendered":"https:\/\/sig1psk.lv\/?page_id=4347"},"modified":"2026-03-27T06:19:22","modified_gmt":"2026-03-27T04:19:22","slug":"skola-kopiena","status":"publish","type":"page","link":"https:\/\/sig1psk.lv\/index.php\/skola-kopiena\/","title":{"rendered":"SKOLA KOPIEN\u0100"},"content":{"rendered":"\n<p style=\"font-size:17px\">Eiropas Savien\u012bbas koh\u0113zijas politikas programmas 2021.\u20132027.&nbsp;gadam 4.2.3.&nbsp;specifisk\u0101 atbalsta m\u0113r\u0137a &#8220;Sekm\u0113t to, lai&nbsp;\u2013 jo \u012bpa\u0161i nelabv\u0113l\u012bg\u0101 situ\u0101cij\u0101 eso\u0161\u0101m grup\u0101m&nbsp;\u2013 b\u016btu vienl\u012bdz\u012bga piek\u013cuve kvalitat\u012bvai un iek\u013caujo\u0161ai izgl\u012bt\u012bbai un m\u0101c\u012bb\u0101m un iesp\u0113ja to ieg\u016bt, s\u0101kot ar pirmsskolas izgl\u012bt\u012bbu un apr\u016bpi un visp\u0101r\u0113j\u0101s izgl\u012bt\u012bbas un profesion\u0101l\u0101s izgl\u012bt\u012bbas un m\u0101c\u012bbu gait\u0101 l\u012bdz pat augst\u0101kajai izgl\u012bt\u012bbai un pieaugu\u0161o izgl\u012bt\u012bbai un m\u0101c\u012bb\u0101m, tostarp veicin\u0101t m\u0101c\u012bbu mobilit\u0101ti visiem un atvieglot piek\u013c\u016bstam\u012bbas iesp\u0113jas person\u0101m ar invalidit\u0101ti&#8221; 4.2.3.1.&nbsp;pas\u0101kuma &#8220;Integr\u0113ta &#8220;Skola&nbsp;\u2013 kopiena&#8221; sadarb\u012bbas programma atstumt\u012bbas riska mazin\u0101\u0161anai izgl\u012bt\u012bbas iest\u0101d\u0113s&#8221;.<\/p>\n\n\n\n<p style=\"font-size:17px\">4.2.3.1.&nbsp;pas\u0101kuma &#8220;Integr\u0113ta &#8220;Skola&nbsp;\u2013 kopiena&#8221; ietvaros tiks \u012bstenots izgl\u012bt\u012bbas nozares projekts &#8220;Skola&nbsp;\u2013 kopien\u0101&#8221;, kura pl\u0101notais izn\u0101kums t.&nbsp;sk. ir izgl\u012btojamo soci\u0101l\u0101 iek\u013cau\u0161ana, vi\u0146u labb\u016bt\u012bbas veicin\u0101\u0161ana izgl\u012bt\u012bbas vid\u0113 un iek\u013caujo\u0161as izgl\u012bt\u012bbas att\u012bst\u012b\u0161ana.<\/p>\n\n\n\n<h4 class=\"wp-block-heading\">Projekta m\u0113r\u0137is<\/h4>\n\n\n\n<p style=\"font-size:17px\">Att\u012bst\u012bt integr\u0113tu skolas&nbsp;\u2013 kopienas jeb pa\u0161vald\u012bbas izgl\u012bt\u012bbas ekosist\u0113mas pieeju, veicinot starpinstit\u016bciju sadarb\u012bbu un izgl\u012btojam\u0101 vec\u0101ku (personu, kas realiz\u0113 aizg\u0101d\u012bbu) iesaisti izgl\u012bt\u012bbas proces\u0101, lai nodro\u0161in\u0101tu koordin\u0113tu r\u012bc\u012bbu soci\u0101l\u0101s atstumt\u012bbas un priek\u0161laic\u012bgas m\u0101c\u012bbu p\u0101rtrauk\u0161anas riska samazin\u0101\u0161anai izgl\u012btojamiem un sekm\u0113tu visp\u0101r\u0113j\u0101s pamatizgl\u012bt\u012bbas un vid\u0113j\u0101s izgl\u012bt\u012bbas satura apguvi.<\/p>\n\n\n\n<h4 class=\"wp-block-heading\">Projekta \u012bsteno\u0161anas ilgums<\/h4>\n\n\n\n<p style=\"font-size:17px\">2025.&nbsp;gada janv\u0101ris, \u012bsteno\u0161anas beigu termi\u0146\u0161 2029.&nbsp;gada augusts.<\/p>\n\n\n\n<p style=\"font-size:17px\">\u0145emot v\u0113r\u0101 nosac\u012bjumus par izmaksu attiecin\u0101m\u012bbu, faktiskais projekta \u012bsteno\u0161anas laiks: 01.07.2024.-31.08.2029.<\/p>\n\n\n\n<h4 class=\"wp-block-heading\">Projekta m\u0113r\u0137a grupas<\/h4>\n\n\n\n<ul style=\"font-size:17px\" class=\"wp-block-list\">\n<li>pa\u0161vald\u012bbu, valsts un valsts augstskolu dibin\u0101to visp\u0101r\u0113j\u0101s izgl\u012bt\u012bbas iest\u0101\u017eu izgl\u012btojamie no 1. l\u012bdz 12. klasei, to profesion\u0101l\u0101s izgl\u012bt\u012bbas iest\u0101\u017eu izgl\u012btojamie no 1. l\u012bdz 9. klasei, kuras \u012bsteno visp\u0101r\u0113j\u0101s pamatizgl\u012bt\u012bbas programmas;<\/li>\n\n\n\n<li>pa\u0161vald\u012bbu, valsts un valsts augstskolu dibin\u0101to profesion\u0101l\u0101s izgl\u012bt\u012bbas iest\u0101\u017eu un profesion\u0101l\u0101s izgl\u012bt\u012bbas programmas \u012bstenojo\u0161o visp\u0101r\u0113j\u0101s izgl\u012bt\u012bbas iest\u0101\u017eu izgl\u012btojamie no 1. l\u012bdz 4. kursam. M\u0113r\u0137a grupas izgl\u012btojamie visp\u0101r\u0113j\u0101s izgl\u012bt\u012bbas un profesion\u0101l\u0101s izgl\u012bt\u012bbas programmas apg\u016bst kl\u0101tienes form\u0101. M\u0113r\u0137a grup\u0101 neietilpst profesion\u0101l\u0101s ievirzes, profesion\u0101l\u0101s pilnveides, profesion\u0101l\u0101s t\u0101l\u0101kizgl\u012bt\u012bbas un profesion\u0101l\u0101s augst\u0101k\u0101s izgl\u012bt\u012bbas programmu izgl\u012btojamie.<\/li>\n<\/ul>\n\n\n\n<h4 class=\"wp-block-heading\">Projekta finans\u0113jums<\/h4>\n\n\n\n<p style=\"font-size:17px\">29 545 252&nbsp;euro, tai skait\u0101 ESF+ finans\u0113jums &#8211; 25 113 464&nbsp;euro&nbsp;un valsts bud\u017eeta l\u012bdzfinans\u0113jums \u2013 4 431 788&nbsp;euro.<\/p>\n\n\n\n<h4 class=\"wp-block-heading\">Projekta darb\u012bbas<\/h4>\n\n\n\n<ol class=\"wp-block-list\">\n<li style=\"font-size:17px\">Atbalsts starpresoru sadarb\u012bbas stiprin\u0101\u0161anai;<\/li>\n\n\n\n<li style=\"font-size:17px\">Grupu superv\u012bziju \u012bsteno\u0161ana pedagogiem, atbalsta person\u0101lam;<\/li>\n\n\n\n<li style=\"font-size:17px\">Individualiz\u0113ta atbalsta snieg\u0161ana izgl\u012btojamajiem;<\/li>\n\n\n\n<li style=\"font-size:17px\">Mentoru m\u0101c\u012bbu programmas izstr\u0101de un \u012bsteno\u0161ana;<\/li>\n\n\n\n<li style=\"font-size:17px\">Iniciat\u012bvu projektu un partner\u012bbas projektu \u012bsteno\u0161ana;<\/li>\n\n\n\n<li style=\"font-size:17px\">Interakt\u012bv\u0101 r\u012bka att\u012bst\u012b\u0161ana;<\/li>\n\n\n\n<li style=\"font-size:17px\">M\u0113r\u0137sadarb\u012bbas un izgl\u012btojo\u0161u pas\u0101kumu \u012bsteno\u0161ana;<\/li>\n\n\n\n<li style=\"font-size:17px\">Komunik\u0101cijas un vizu\u0101l\u0101s identit\u0101tes pras\u012bbu nodro\u0161in\u0101\u0161anas pas\u0101kumi;<\/li>\n\n\n\n<li style=\"font-size:17px\">Projekta vad\u012bba un \u012bsteno\u0161ana.<\/li>\n<\/ol>\n","protected":false},"excerpt":{"rendered":"<p>Eiropas Savien\u012bbas koh\u0113zijas politikas programmas 2021.\u20132027.&nbsp;gadam 4.2.3.&nbsp;specifisk\u0101 atbalsta m\u0113r\u0137a &#8220;Sekm\u0113t to, lai&nbsp;\u2013 jo \u012bpa\u0161i nelabv\u0113l\u012bg\u0101 situ\u0101cij\u0101 eso\u0161\u0101m grup\u0101m&nbsp;\u2013 b\u016btu vienl\u012bdz\u012bga piek\u013cuve kvalitat\u012bvai un iek\u013caujo\u0161ai izgl\u012bt\u012bbai un m\u0101c\u012bb\u0101m un iesp\u0113ja to &#8230; <a title=\"SKOLA KOPIEN\u0100\" class=\"read-more\" href=\"https:\/\/sig1psk.lv\/index.php\/skola-kopiena\/\" aria-label=\"Read more about SKOLA KOPIEN\u0100\">Las\u012bt t\u0101l\u0101k<\/a><\/p>\n","protected":false},"author":2,"featured_media":0,"parent":0,"menu_order":0,"comment_status":"closed","ping_status":"closed","template":"","meta":{"footnotes":""},"class_list":["post-4347","page","type-page","status-publish"],"rttpg_featured_image_url":null,"rttpg_author":{"display_name":"Siguldas Pamatskola","author_link":"https:\/\/sig1psk.lv\/index.php\/author\/admins\/"},"rttpg_comment":0,"rttpg_category":null,"rttpg_excerpt":"Eiropas Savien\u012bbas koh\u0113zijas politikas programmas 2021.\u20132027.&nbsp;gadam 4.2.3.&nbsp;specifisk\u0101 atbalsta m\u0113r\u0137a &#8220;Sekm\u0113t to, lai&nbsp;\u2013 jo \u012bpa\u0161i nelabv\u0113l\u012bg\u0101 situ\u0101cij\u0101 eso\u0161\u0101m grup\u0101m&nbsp;\u2013 b\u016btu vienl\u012bdz\u012bga piek\u013cuve kvalitat\u012bvai un iek\u013caujo\u0161ai izgl\u012bt\u012bbai un m\u0101c\u012bb\u0101m un iesp\u0113ja to ... Las\u012bt t\u0101l\u0101k","_links":{"self":[{"href":"https:\/\/sig1psk.lv\/index.php\/wp-json\/wp\/v2\/pages\/4347","targetHints":{"allow":["GET"]}}],"collection":[{"href":"https:\/\/sig1psk.lv\/index.php\/wp-json\/wp\/v2\/pages"}],"about":[{"href":"https:\/\/sig1psk.lv\/index.php\/wp-json\/wp\/v2\/types\/page"}],"author":[{"embeddable":true,"href":"https:\/\/sig1psk.lv\/index.php\/wp-json\/wp\/v2\/users\/2"}],"replies":[{"embeddable":true,"href":"https:\/\/sig1psk.lv\/index.php\/wp-json\/wp\/v2\/comments?post=4347"}],"version-history":[{"count":2,"href":"https:\/\/sig1psk.lv\/index.php\/wp-json\/wp\/v2\/pages\/4347\/revisions"}],"predecessor-version":[{"id":4352,"href":"https:\/\/sig1psk.lv\/index.php\/wp-json\/wp\/v2\/pages\/4347\/revisions\/4352"}],"wp:attachment":[{"href":"https:\/\/sig1psk.lv\/index.php\/wp-json\/wp\/v2\/media?parent=4347"}],"curies":[{"name":"wp","href":"https:\/\/api.w.org\/{rel}","templated":true}]}}