{"id":43,"date":"2023-08-14T10:58:36","date_gmt":"2023-08-14T08:58:36","guid":{"rendered":"https:\/\/sig1psk.lv\/?page_id=43"},"modified":"2025-05-15T15:16:38","modified_gmt":"2025-05-15T13:16:38","slug":"sasniegumi","status":"publish","type":"page","link":"https:\/\/sig1psk.lv\/index.php\/sasniegumi\/","title":{"rendered":"KARJERA"},"content":{"rendered":"\n<p style=\"font-size:18px\"><strong><a href=\"https:\/\/sig1psk.lv\/index.php\/sasniegumi\/ka-planot-karjeru\/\" data-type=\"link\" data-id=\"https:\/\/sig1psk.lv\/index.php\/sasniegumi\/ka-planot-karjeru\/\">K\u0100 PL\u0100NOT KARJERU?<\/a><\/strong><\/p>\n\n\n\n<p style=\"font-size:18px\"><strong><a href=\"https:\/\/sig1psk.lv\/index.php\/sasniegumi\/macibu-prieksmeti\/\">M\u0100C\u012aBU PRIEK\u0160METI<\/a><\/strong><\/p>\n\n\n\n<p style=\"font-size:18px\"><strong><a href=\"https:\/\/sig1psk.lv\/index.php\/sasniegumi\/noderigi-resursi\/\">NODER\u012aGI RESURSI<\/a><\/strong><\/p>\n\n\n\n<p style=\"font-size:18px\"><strong><a href=\"https:\/\/sig1psk.lv\/index.php\/karjera-2024-2025\/\">KARJERA 2024.\/2025.<\/a><\/strong><\/p>\n\n\n\n<p style=\"font-size:18px\"><strong><a href=\"https:\/\/sig1psk.lv\/index.php\/karjera-2023-2024\/\">KARJERA 2023.\/2024.<\/a><\/strong><\/p>\n\n\n\n<p style=\"font-size:18px\"><strong><a href=\"https:\/\/sig1psk.lv\/index.php\/sasniegumi\/karjera-2021-2022\/\">KARJERA 2021.\/2022.<\/a><\/strong><\/p>\n\n\n\n<p style=\"font-size:18px\"><strong><a href=\"https:\/\/sig1psk.lv\/index.php\/karjera-2020-2021\/\">KARJERA 2020.\/2021.<\/a><\/strong><\/p>\n\n\n\n<p style=\"font-size:18px\"><strong><a href=\"https:\/\/sig1psk.lv\/index.php\/sasniegumi\/karjera-2019-2020\/\">KARJERA 2019.\/2020.<\/a><\/strong><\/p>\n\n\n\n<p style=\"font-size:18px\"><strong><a href=\"https:\/\/sig1psk.lv\/index.php\/karjera-2018-2019\/\">KARJERA 2018.\/ 2019.<\/a><\/strong><\/p>\n\n\n\n<p style=\"font-size:18px\"><strong><a href=\"https:\/\/sig1psk.lv\/index.php\/sasniegumi\/karjera-2017-2018\/\">KARJERA 2017.\/ 2018.<\/a><\/strong><\/p>\n\n\n\n<p><\/p>\n","protected":false},"excerpt":{"rendered":"<p>K\u0100 PL\u0100NOT KARJERU? M\u0100C\u012aBU PRIEK\u0160METI NODER\u012aGI RESURSI KARJERA 2024.\/2025. KARJERA 2023.\/2024. KARJERA 2021.\/2022. KARJERA 2020.\/2021. KARJERA 2019.\/2020. KARJERA 2018.\/ 2019. KARJERA 2017.\/ 2018.<\/p>\n","protected":false},"author":2,"featured_media":0,"parent":0,"menu_order":0,"comment_status":"closed","ping_status":"closed","template":"","meta":{"footnotes":""},"class_list":["post-43","page","type-page","status-publish"],"rttpg_featured_image_url":null,"rttpg_author":{"display_name":"Siguldas Pamatskola","author_link":"https:\/\/sig1psk.lv\/index.php\/author\/admins\/"},"rttpg_comment":0,"rttpg_category":null,"rttpg_excerpt":"K\u0100 PL\u0100NOT KARJERU? M\u0100C\u012aBU PRIEK\u0160METI NODER\u012aGI RESURSI KARJERA 2024.\/2025. KARJERA 2023.\/2024. KARJERA 2021.\/2022. KARJERA 2020.\/2021. KARJERA 2019.\/2020. KARJERA 2018.\/ 2019. KARJERA 2017.\/ 2018.","_links":{"self":[{"href":"https:\/\/sig1psk.lv\/index.php\/wp-json\/wp\/v2\/pages\/43","targetHints":{"allow":["GET"]}}],"collection":[{"href":"https:\/\/sig1psk.lv\/index.php\/wp-json\/wp\/v2\/pages"}],"about":[{"href":"https:\/\/sig1psk.lv\/index.php\/wp-json\/wp\/v2\/types\/page"}],"author":[{"embeddable":true,"href":"https:\/\/sig1psk.lv\/index.php\/wp-json\/wp\/v2\/users\/2"}],"replies":[{"embeddable":true,"href":"https:\/\/sig1psk.lv\/index.php\/wp-json\/wp\/v2\/comments?post=43"}],"version-history":[{"count":10,"href":"https:\/\/sig1psk.lv\/index.php\/wp-json\/wp\/v2\/pages\/43\/revisions"}],"predecessor-version":[{"id":2788,"href":"https:\/\/sig1psk.lv\/index.php\/wp-json\/wp\/v2\/pages\/43\/revisions\/2788"}],"wp:attachment":[{"href":"https:\/\/sig1psk.lv\/index.php\/wp-json\/wp\/v2\/media?parent=43"}],"curies":[{"name":"wp","href":"https:\/\/api.w.org\/{rel}","templated":true}]}}