{"id":4285,"date":"2026-03-23T21:16:17","date_gmt":"2026-03-23T19:16:17","guid":{"rendered":"https:\/\/sig1psk.lv\/?page_id=4285"},"modified":"2026-03-23T21:21:35","modified_gmt":"2026-03-23T19:21:35","slug":"izstade-skola-2026","status":"publish","type":"page","link":"https:\/\/sig1psk.lv\/index.php\/izstade-skola-2026\/","title":{"rendered":"IZST\u0100DE \u201cSKOLA 2026\u201d"},"content":{"rendered":"\n<p style=\"font-size:17px\">20.febru\u0101r\u012b Siguldas 1.pamatskolas 9.kla\u0161u skol\u0113ni apmekl\u0113ja izst\u0101di \u201cSkola 2026\u201d, kas norisin\u0101j\u0101s \u0136\u012bpsalas izst\u0101\u017eu centr\u0101 R\u012bg\u0101. Skol\u0113ni iepazin\u0101s ar da\u017e\u0101du izgl\u012bt\u012bbas iest\u0101\u017eu pied\u0101v\u0101taj\u0101m m\u0101c\u012bbu programm\u0101m, uzdeva jaut\u0101jumus un ar interesi p\u0113t\u012bja savas turpm\u0101k\u0101s izgl\u012bt\u012bbas un karjeras iesp\u0113jas.<\/p>\n\n\n\n<p><\/p>\n\n\n<div class=\"wp-block-image\">\n<figure class=\"aligncenter size-large is-resized\"><img loading=\"lazy\" decoding=\"async\" width=\"1024\" height=\"577\" src=\"https:\/\/sig1psk.lv\/wp-content\/uploads\/2026\/03\/637845032_1639369344356020_3463709757376938389_n-1024x577.jpg\" alt=\"\" class=\"wp-image-4287\" style=\"width:700px\" srcset=\"https:\/\/sig1psk.lv\/wp-content\/uploads\/2026\/03\/637845032_1639369344356020_3463709757376938389_n-1024x577.jpg 1024w, https:\/\/sig1psk.lv\/wp-content\/uploads\/2026\/03\/637845032_1639369344356020_3463709757376938389_n-300x169.jpg 300w, https:\/\/sig1psk.lv\/wp-content\/uploads\/2026\/03\/637845032_1639369344356020_3463709757376938389_n-768x432.jpg 768w, https:\/\/sig1psk.lv\/wp-content\/uploads\/2026\/03\/637845032_1639369344356020_3463709757376938389_n-1536x865.jpg 1536w, https:\/\/sig1psk.lv\/wp-content\/uploads\/2026\/03\/637845032_1639369344356020_3463709757376938389_n.jpg 2000w\" sizes=\"auto, (max-width: 1024px) 100vw, 1024px\" \/><\/figure>\n<\/div>\n\n\n<p><\/p>\n\n\n<div class=\"wp-block-image\">\n<figure class=\"aligncenter size-large is-resized\"><img loading=\"lazy\" decoding=\"async\" width=\"764\" height=\"1024\" src=\"https:\/\/sig1psk.lv\/wp-content\/uploads\/2026\/03\/637249410_1639369717689316_4692419586155830125_n-764x1024.jpg\" alt=\"\" class=\"wp-image-4288\" style=\"width:auto;height:700px\" srcset=\"https:\/\/sig1psk.lv\/wp-content\/uploads\/2026\/03\/637249410_1639369717689316_4692419586155830125_n-764x1024.jpg 764w, https:\/\/sig1psk.lv\/wp-content\/uploads\/2026\/03\/637249410_1639369717689316_4692419586155830125_n-224x300.jpg 224w, https:\/\/sig1psk.lv\/wp-content\/uploads\/2026\/03\/637249410_1639369717689316_4692419586155830125_n-768x1029.jpg 768w, https:\/\/sig1psk.lv\/wp-content\/uploads\/2026\/03\/637249410_1639369717689316_4692419586155830125_n-1146x1536.jpg 1146w, https:\/\/sig1psk.lv\/wp-content\/uploads\/2026\/03\/637249410_1639369717689316_4692419586155830125_n.jpg 1194w\" sizes=\"auto, (max-width: 764px) 100vw, 764px\" \/><\/figure>\n<\/div>\n\n\n<p><\/p>\n\n\n<div class=\"wp-block-image\">\n<figure class=\"aligncenter size-large is-resized\"><img loading=\"lazy\" decoding=\"async\" width=\"1024\" height=\"577\" src=\"https:\/\/sig1psk.lv\/wp-content\/uploads\/2026\/03\/638426084_1639369377689350_3597218077533099541_n-1024x577.jpg\" alt=\"\" class=\"wp-image-4286\" style=\"width:700px\" srcset=\"https:\/\/sig1psk.lv\/wp-content\/uploads\/2026\/03\/638426084_1639369377689350_3597218077533099541_n-1024x577.jpg 1024w, https:\/\/sig1psk.lv\/wp-content\/uploads\/2026\/03\/638426084_1639369377689350_3597218077533099541_n-300x169.jpg 300w, https:\/\/sig1psk.lv\/wp-content\/uploads\/2026\/03\/638426084_1639369377689350_3597218077533099541_n-768x432.jpg 768w, https:\/\/sig1psk.lv\/wp-content\/uploads\/2026\/03\/638426084_1639369377689350_3597218077533099541_n-1536x865.jpg 1536w, https:\/\/sig1psk.lv\/wp-content\/uploads\/2026\/03\/638426084_1639369377689350_3597218077533099541_n.jpg 2000w\" sizes=\"auto, (max-width: 1024px) 100vw, 1024px\" \/><\/figure>\n<\/div>\n\n\n<p><\/p>\n\n\n<div class=\"wp-block-image\">\n<figure class=\"aligncenter size-large is-resized\"><img loading=\"lazy\" decoding=\"async\" width=\"1024\" height=\"768\" src=\"https:\/\/sig1psk.lv\/wp-content\/uploads\/2026\/03\/637784909_1639369674355987_3079253224626370936_n-1024x768.jpg\" alt=\"\" class=\"wp-image-4295\" style=\"width:700px\" srcset=\"https:\/\/sig1psk.lv\/wp-content\/uploads\/2026\/03\/637784909_1639369674355987_3079253224626370936_n-1024x768.jpg 1024w, https:\/\/sig1psk.lv\/wp-content\/uploads\/2026\/03\/637784909_1639369674355987_3079253224626370936_n-300x225.jpg 300w, https:\/\/sig1psk.lv\/wp-content\/uploads\/2026\/03\/637784909_1639369674355987_3079253224626370936_n-768x576.jpg 768w, https:\/\/sig1psk.lv\/wp-content\/uploads\/2026\/03\/637784909_1639369674355987_3079253224626370936_n-1536x1152.jpg 1536w, https:\/\/sig1psk.lv\/wp-content\/uploads\/2026\/03\/637784909_1639369674355987_3079253224626370936_n.jpg 2048w\" sizes=\"auto, (max-width: 1024px) 100vw, 1024px\" \/><\/figure>\n<\/div>\n\n\n<p><\/p>\n\n\n<div class=\"wp-block-image\">\n<figure class=\"aligncenter size-large is-resized\"><img loading=\"lazy\" decoding=\"async\" width=\"1024\" height=\"768\" src=\"https:\/\/sig1psk.lv\/wp-content\/uploads\/2026\/03\/636892139_1639369431022678_7453522352284936894_n-1024x768.jpg\" alt=\"\" class=\"wp-image-4294\" style=\"width:700px\" srcset=\"https:\/\/sig1psk.lv\/wp-content\/uploads\/2026\/03\/636892139_1639369431022678_7453522352284936894_n-1024x768.jpg 1024w, https:\/\/sig1psk.lv\/wp-content\/uploads\/2026\/03\/636892139_1639369431022678_7453522352284936894_n-300x225.jpg 300w, https:\/\/sig1psk.lv\/wp-content\/uploads\/2026\/03\/636892139_1639369431022678_7453522352284936894_n-768x576.jpg 768w, https:\/\/sig1psk.lv\/wp-content\/uploads\/2026\/03\/636892139_1639369431022678_7453522352284936894_n-1536x1152.jpg 1536w, https:\/\/sig1psk.lv\/wp-content\/uploads\/2026\/03\/636892139_1639369431022678_7453522352284936894_n.jpg 2000w\" sizes=\"auto, (max-width: 1024px) 100vw, 1024px\" \/><\/figure>\n<\/div>\n\n\n<p><\/p>\n\n\n\n<p><\/p>\n","protected":false},"excerpt":{"rendered":"<p>20.febru\u0101r\u012b Siguldas 1.pamatskolas 9.kla\u0161u skol\u0113ni apmekl\u0113ja izst\u0101di \u201cSkola 2026\u201d, kas norisin\u0101j\u0101s \u0136\u012bpsalas izst\u0101\u017eu centr\u0101 R\u012bg\u0101. Skol\u0113ni iepazin\u0101s ar da\u017e\u0101du izgl\u012bt\u012bbas iest\u0101\u017eu pied\u0101v\u0101taj\u0101m m\u0101c\u012bbu programm\u0101m, uzdeva jaut\u0101jumus un ar interesi p\u0113t\u012bja &#8230; <a title=\"IZST\u0100DE \u201cSKOLA 2026\u201d\" class=\"read-more\" href=\"https:\/\/sig1psk.lv\/index.php\/izstade-skola-2026\/\" aria-label=\"Read more about IZST\u0100DE \u201cSKOLA 2026\u201d\">Las\u012bt t\u0101l\u0101k<\/a><\/p>\n","protected":false},"author":2,"featured_media":0,"parent":0,"menu_order":0,"comment_status":"closed","ping_status":"closed","template":"","meta":{"footnotes":""},"class_list":["post-4285","page","type-page","status-publish"],"rttpg_featured_image_url":null,"rttpg_author":{"display_name":"Siguldas Pamatskola","author_link":"https:\/\/sig1psk.lv\/index.php\/author\/admins\/"},"rttpg_comment":0,"rttpg_category":null,"rttpg_excerpt":"20.febru\u0101r\u012b Siguldas 1.pamatskolas 9.kla\u0161u skol\u0113ni apmekl\u0113ja izst\u0101di \u201cSkola 2026\u201d, kas norisin\u0101j\u0101s \u0136\u012bpsalas izst\u0101\u017eu centr\u0101 R\u012bg\u0101. Skol\u0113ni iepazin\u0101s ar da\u017e\u0101du izgl\u012bt\u012bbas iest\u0101\u017eu pied\u0101v\u0101taj\u0101m m\u0101c\u012bbu programm\u0101m, uzdeva jaut\u0101jumus un ar interesi p\u0113t\u012bja ... Las\u012bt t\u0101l\u0101k","_links":{"self":[{"href":"https:\/\/sig1psk.lv\/index.php\/wp-json\/wp\/v2\/pages\/4285","targetHints":{"allow":["GET"]}}],"collection":[{"href":"https:\/\/sig1psk.lv\/index.php\/wp-json\/wp\/v2\/pages"}],"about":[{"href":"https:\/\/sig1psk.lv\/index.php\/wp-json\/wp\/v2\/types\/page"}],"author":[{"embeddable":true,"href":"https:\/\/sig1psk.lv\/index.php\/wp-json\/wp\/v2\/users\/2"}],"replies":[{"embeddable":true,"href":"https:\/\/sig1psk.lv\/index.php\/wp-json\/wp\/v2\/comments?post=4285"}],"version-history":[{"count":6,"href":"https:\/\/sig1psk.lv\/index.php\/wp-json\/wp\/v2\/pages\/4285\/revisions"}],"predecessor-version":[{"id":4300,"href":"https:\/\/sig1psk.lv\/index.php\/wp-json\/wp\/v2\/pages\/4285\/revisions\/4300"}],"wp:attachment":[{"href":"https:\/\/sig1psk.lv\/index.php\/wp-json\/wp\/v2\/media?parent=4285"}],"curies":[{"name":"wp","href":"https:\/\/api.w.org\/{rel}","templated":true}]}}