{"id":4106,"date":"2026-03-15T19:26:39","date_gmt":"2026-03-15T17:26:39","guid":{"rendered":"https:\/\/sig1psk.lv\/?page_id=4106"},"modified":"2026-03-16T00:31:13","modified_gmt":"2026-03-15T22:31:13","slug":"2025-2026-m-g-i-semestris-2","status":"publish","type":"page","link":"https:\/\/sig1psk.lv\/index.php\/2025-2026-m-g-i-semestris-2\/","title":{"rendered":"2025.\/2026. M. G. I SEMESTRIS"},"content":{"rendered":"\n<p><\/p>\n\n\n\n<p id=\"block-888aef67-4092-4924-8930-5072de6cdf1c\" style=\"font-size:17px\"><strong>\u201cZa\u013cais ce\u013c\u0161: no atkrituma l\u012bdz resursam\u201d<\/strong><\/p>\n\n\n\n<p><\/p>\n\n\n\n<p style=\"font-size:17px\">12.decembr\u012b ESF+ projekta \u201cSTEM un pilsonisk\u0101s l\u012bdzdal\u012bbas norises pla\u0161\u0101kai izgl\u012bt\u012bbas pieredzei un karjeras izv\u0113lei\u201d ietvaros 4.-6.kla\u0161u skol\u0113niem bija iesp\u0113ja piedal\u012bties nodarb\u012bb\u0101 \u201cZa\u013cais ce\u013c\u0161: no atkrituma l\u012bdz resursam\u201d. Roboskolas p\u0101rst\u0101vju vad\u012bb\u0101 skol\u0113ni interakt\u012bv\u0101 veid\u0101 \u2013 akt\u012bvi kustoties \u2013 uzzin\u0101ja, cik ilgi dab\u0101 sadal\u0101s da\u017e\u0101da veida atkritumi. Izmantojot virtu\u0101l\u0101s realit\u0101tes brilles, skol\u0113ni nok\u013cuva gan oke\u0101n\u0101 pie bru\u0146urupu\u010diem, kuriem j\u0101izdz\u012bvo pies\u0101r\u0146ot\u0101 \u016bden\u012b, gan atkritumu p\u0101rstr\u0101des r\u016bpn\u012bc\u0101.<\/p>\n\n\n\n<p><\/p>\n\n\n<div class=\"wp-block-image\">\n<figure class=\"aligncenter size-large is-resized\"><img loading=\"lazy\" decoding=\"async\" width=\"768\" height=\"1024\" src=\"https:\/\/sig1psk.lv\/wp-content\/uploads\/2026\/03\/600330000_1577114173914871_6573662830974822568_n-768x1024.jpg\" alt=\"\" class=\"wp-image-4243\" style=\"width:auto;height:600px\" srcset=\"https:\/\/sig1psk.lv\/wp-content\/uploads\/2026\/03\/600330000_1577114173914871_6573662830974822568_n-768x1024.jpg 768w, https:\/\/sig1psk.lv\/wp-content\/uploads\/2026\/03\/600330000_1577114173914871_6573662830974822568_n-225x300.jpg 225w, https:\/\/sig1psk.lv\/wp-content\/uploads\/2026\/03\/600330000_1577114173914871_6573662830974822568_n-1152x1536.jpg 1152w, https:\/\/sig1psk.lv\/wp-content\/uploads\/2026\/03\/600330000_1577114173914871_6573662830974822568_n.jpg 1536w\" sizes=\"auto, (max-width: 768px) 100vw, 768px\" \/><\/figure>\n<\/div>\n\n\n<p><\/p>\n\n\n<div class=\"wp-block-image\">\n<figure class=\"aligncenter size-large is-resized\"><img loading=\"lazy\" decoding=\"async\" width=\"768\" height=\"1024\" src=\"https:\/\/sig1psk.lv\/wp-content\/uploads\/2026\/03\/599593223_1577116117248010_4515941570227822661_n-768x1024.jpg\" alt=\"\" class=\"wp-image-4246\" style=\"width:auto;height:600px\" srcset=\"https:\/\/sig1psk.lv\/wp-content\/uploads\/2026\/03\/599593223_1577116117248010_4515941570227822661_n-768x1024.jpg 768w, https:\/\/sig1psk.lv\/wp-content\/uploads\/2026\/03\/599593223_1577116117248010_4515941570227822661_n-225x300.jpg 225w, https:\/\/sig1psk.lv\/wp-content\/uploads\/2026\/03\/599593223_1577116117248010_4515941570227822661_n-1152x1536.jpg 1152w, https:\/\/sig1psk.lv\/wp-content\/uploads\/2026\/03\/599593223_1577116117248010_4515941570227822661_n.jpg 1536w\" sizes=\"auto, (max-width: 768px) 100vw, 768px\" \/><\/figure>\n<\/div>\n\n\n<p><\/p>\n\n\n\n<p><\/p>\n\n\n\n<p><\/p>\n\n\n\n<p><\/p>\n\n\n\n<p style=\"font-size:17px\"><strong>\u201cDigit\u0101l\u0101 n\u0101kotne VR vid\u0113: no pieredzes l\u012bdz profesijai\u201d<\/strong><\/p>\n\n\n\n<p><\/p>\n\n\n\n<p style=\"font-size:17px\">11.decembr\u012b ESF+ projekta \u201cSTEM un pilsonisk\u0101s l\u012bdzdal\u012bbas norises pla\u0161\u0101kai izgl\u012bt\u012bbas pieredzei un karjeras izv\u0113lei\u201d ietvaros 7.-9. kla\u0161u skol\u0113ni piedal\u012bj\u0101s nodarb\u012bb\u0101 \u201cDigit\u0101l\u0101 n\u0101kotne VR vid\u0113: no pieredzes l\u012bdz profesijai\u201d. Skol\u0113ni tika iepaz\u012bstin\u0101ti ar virtu\u0101l\u0101s realit\u0101tes darb\u012bbas principiem gan teor\u0113tiski, gan praktiski. Praktiskaj\u0101 da\u013c\u0101 skol\u0113ni izmantoja Class VR virtu\u0101l\u0101s realit\u0101tes brilles seno notikumu izzin\u0101\u0161anai un izdz\u012bvo\u0161anai tagadn\u0113. Skol\u0113niem bija iesp\u0113ja \u201ciel\u016bkoties pag\u0101tn\u0113\u201d un apskat\u012bt lietas, ko ikdien\u0101 nav iesp\u0113jams redz\u0113t. Skol\u0113ni uzzin\u0101ja, kur\u0101s profesij\u0101s tiek izmantota virtu\u0101l\u0101 realit\u0101te un cik noz\u012bm\u012bga ir t\u0101s loma tehnolo\u0123iju att\u012bst\u012bb\u0101.<\/p>\n\n\n\n<p><\/p>\n\n\n<div class=\"wp-block-image\">\n<figure class=\"aligncenter size-large is-resized\"><img loading=\"lazy\" decoding=\"async\" width=\"768\" height=\"1024\" src=\"https:\/\/sig1psk.lv\/wp-content\/uploads\/2026\/03\/599472809_1577116343914654_1244894043589237646_n-768x1024.jpg\" alt=\"\" class=\"wp-image-4238\" style=\"width:auto;height:600px\" srcset=\"https:\/\/sig1psk.lv\/wp-content\/uploads\/2026\/03\/599472809_1577116343914654_1244894043589237646_n-768x1024.jpg 768w, https:\/\/sig1psk.lv\/wp-content\/uploads\/2026\/03\/599472809_1577116343914654_1244894043589237646_n-225x300.jpg 225w, https:\/\/sig1psk.lv\/wp-content\/uploads\/2026\/03\/599472809_1577116343914654_1244894043589237646_n-1152x1536.jpg 1152w, https:\/\/sig1psk.lv\/wp-content\/uploads\/2026\/03\/599472809_1577116343914654_1244894043589237646_n.jpg 1536w\" sizes=\"auto, (max-width: 768px) 100vw, 768px\" \/><\/figure>\n<\/div>\n\n\n<p><\/p>\n\n\n<div class=\"wp-block-image\">\n<figure class=\"aligncenter size-large is-resized\"><img loading=\"lazy\" decoding=\"async\" width=\"768\" height=\"1024\" src=\"https:\/\/sig1psk.lv\/wp-content\/uploads\/2026\/03\/600269752_1577116407247981_9097397954558850657_n-768x1024.jpg\" alt=\"\" class=\"wp-image-4239\" style=\"width:auto;height:600px\" srcset=\"https:\/\/sig1psk.lv\/wp-content\/uploads\/2026\/03\/600269752_1577116407247981_9097397954558850657_n-768x1024.jpg 768w, https:\/\/sig1psk.lv\/wp-content\/uploads\/2026\/03\/600269752_1577116407247981_9097397954558850657_n-225x300.jpg 225w, https:\/\/sig1psk.lv\/wp-content\/uploads\/2026\/03\/600269752_1577116407247981_9097397954558850657_n-1152x1536.jpg 1152w, https:\/\/sig1psk.lv\/wp-content\/uploads\/2026\/03\/600269752_1577116407247981_9097397954558850657_n.jpg 1536w\" sizes=\"auto, (max-width: 768px) 100vw, 768px\" \/><\/figure>\n<\/div>\n\n\n<p><\/p>\n\n\n\n<p><\/p>\n\n\n\n<p><\/p>\n\n\n\n<p><\/p>\n\n\n\n<p style=\"font-size:17px\"><strong>Roboskolas pasniedz\u0113ji ar nodarb\u012bbu \u201cCe\u013cojums kosmos\u0101\u201d.<\/strong><\/p>\n\n\n\n<p><\/p>\n\n\n\n<p style=\"font-size:17px\">ESF+ projekta &#8220;STEM un pilsonisk\u0101s l\u012bdzdal\u012bbas norises pla\u0161\u0101kai izgl\u012bt\u012bbas pieredzei un karjeras izv\u0113lei&#8221; ietvaros pie 1.-3.kla\u0161u skol\u0113niem 24.novembr\u012b viesoj\u0101s Roboskolas pasniedz\u0113ji ar nodarb\u012bbu \u201cCe\u013cojums kosmos\u0101\u201d.<\/p>\n\n\n\n<p style=\"font-size:17px\">Nodarb\u012bbas m\u0113r\u0137is bija iepaz\u012bstin\u0101t skol\u0113nus ar kosmosa izp\u0113tes pamatiem, rosin\u0101t interesi par zin\u0101tni un veicin\u0101t rado\u0161u dom\u0101\u0161anu, izmantojot robotus un interakt\u012bvas aktivit\u0101tes. Skol\u0113ni atk\u0101rtoja jau zin\u0101mo par plan\u0113t\u0101m un Saules sist\u0113mu, tika uzdoti jaut\u0101jumi, kas rosin\u0101ja diskusijas, \u013caujot skol\u0113niem pa\u0161iem izteikt min\u0113jumus un secin\u0101jumus. Ar virtu\u0101lo bri\u013c\u013cu pal\u012bdz\u012bbu skol\u0113niem bija iesp\u0113ja izt\u0113loties kosmisko vidi.<\/p>\n\n\n\n<p style=\"font-size:17px\">STEM nodarb\u012bba \u201cCe\u013cojums kosmos\u0101\u201d bija ne tikai izgl\u012btojo\u0161a, bet ar\u012b emocion\u0101li aizraujo\u0161a. Skol\u0113ni guva pozit\u012bvu pieredzi un iedvesmu turpm\u0101kai interesei par zin\u0101tni, tehnolo\u0123ij\u0101m un kosmosa nosl\u0113pumiem.<\/p>\n\n\n\n<p><\/p>\n\n\n<div class=\"wp-block-image\">\n<figure class=\"aligncenter size-large is-resized\"><img loading=\"lazy\" decoding=\"async\" width=\"1024\" height=\"768\" src=\"https:\/\/sig1psk.lv\/wp-content\/uploads\/2026\/03\/600506976_1580866013539687_5886599611095776572_n-1024x768.jpg\" alt=\"\" class=\"wp-image-4228\" style=\"width:700px\" srcset=\"https:\/\/sig1psk.lv\/wp-content\/uploads\/2026\/03\/600506976_1580866013539687_5886599611095776572_n-1024x768.jpg 1024w, https:\/\/sig1psk.lv\/wp-content\/uploads\/2026\/03\/600506976_1580866013539687_5886599611095776572_n-300x225.jpg 300w, https:\/\/sig1psk.lv\/wp-content\/uploads\/2026\/03\/600506976_1580866013539687_5886599611095776572_n-768x576.jpg 768w, https:\/\/sig1psk.lv\/wp-content\/uploads\/2026\/03\/600506976_1580866013539687_5886599611095776572_n-1536x1152.jpg 1536w, https:\/\/sig1psk.lv\/wp-content\/uploads\/2026\/03\/600506976_1580866013539687_5886599611095776572_n.jpg 1600w\" sizes=\"auto, (max-width: 1024px) 100vw, 1024px\" \/><\/figure>\n<\/div>\n\n\n<p><\/p>\n\n\n<div class=\"wp-block-image\">\n<figure class=\"aligncenter size-large is-resized\"><img loading=\"lazy\" decoding=\"async\" width=\"768\" height=\"1024\" src=\"https:\/\/sig1psk.lv\/wp-content\/uploads\/2026\/03\/602008772_1580866153539673_7844017995970534967_n-768x1024.jpg\" alt=\"\" class=\"wp-image-4229\" style=\"width:auto;height:600px\" srcset=\"https:\/\/sig1psk.lv\/wp-content\/uploads\/2026\/03\/602008772_1580866153539673_7844017995970534967_n-768x1024.jpg 768w, https:\/\/sig1psk.lv\/wp-content\/uploads\/2026\/03\/602008772_1580866153539673_7844017995970534967_n-225x300.jpg 225w, https:\/\/sig1psk.lv\/wp-content\/uploads\/2026\/03\/602008772_1580866153539673_7844017995970534967_n-1152x1536.jpg 1152w, https:\/\/sig1psk.lv\/wp-content\/uploads\/2026\/03\/602008772_1580866153539673_7844017995970534967_n.jpg 1200w\" sizes=\"auto, (max-width: 768px) 100vw, 768px\" \/><\/figure>\n<\/div>\n\n\n<p><\/p>\n\n\n\n<p style=\"font-size:17px\"><\/p>\n\n\n\n<p><\/p>\n\n\n\n<p style=\"font-size:17px\"><\/p>\n\n\n\n<p><\/p>\n","protected":false},"excerpt":{"rendered":"<p>\u201cZa\u013cais ce\u013c\u0161: no atkrituma l\u012bdz resursam\u201d 12.decembr\u012b ESF+ projekta \u201cSTEM un pilsonisk\u0101s l\u012bdzdal\u012bbas norises pla\u0161\u0101kai izgl\u012bt\u012bbas pieredzei un karjeras izv\u0113lei\u201d ietvaros 4.-6.kla\u0161u skol\u0113niem bija iesp\u0113ja piedal\u012bties nodarb\u012bb\u0101 \u201cZa\u013cais ce\u013c\u0161: no &#8230; <a title=\"2025.\/2026. M. G. I SEMESTRIS\" class=\"read-more\" href=\"https:\/\/sig1psk.lv\/index.php\/2025-2026-m-g-i-semestris-2\/\" aria-label=\"Read more about 2025.\/2026. M. G. I SEMESTRIS\">Las\u012bt t\u0101l\u0101k<\/a><\/p>\n","protected":false},"author":2,"featured_media":0,"parent":0,"menu_order":0,"comment_status":"closed","ping_status":"closed","template":"","meta":{"footnotes":""},"class_list":["post-4106","page","type-page","status-publish"],"rttpg_featured_image_url":null,"rttpg_author":{"display_name":"Siguldas Pamatskola","author_link":"https:\/\/sig1psk.lv\/index.php\/author\/admins\/"},"rttpg_comment":0,"rttpg_category":null,"rttpg_excerpt":"\u201cZa\u013cais ce\u013c\u0161: no atkrituma l\u012bdz resursam\u201d 12.decembr\u012b ESF+ projekta \u201cSTEM un pilsonisk\u0101s l\u012bdzdal\u012bbas norises pla\u0161\u0101kai izgl\u012bt\u012bbas pieredzei un karjeras izv\u0113lei\u201d ietvaros 4.-6.kla\u0161u skol\u0113niem bija iesp\u0113ja piedal\u012bties nodarb\u012bb\u0101 \u201cZa\u013cais ce\u013c\u0161: no ... Las\u012bt t\u0101l\u0101k","_links":{"self":[{"href":"https:\/\/sig1psk.lv\/index.php\/wp-json\/wp\/v2\/pages\/4106","targetHints":{"allow":["GET"]}}],"collection":[{"href":"https:\/\/sig1psk.lv\/index.php\/wp-json\/wp\/v2\/pages"}],"about":[{"href":"https:\/\/sig1psk.lv\/index.php\/wp-json\/wp\/v2\/types\/page"}],"author":[{"embeddable":true,"href":"https:\/\/sig1psk.lv\/index.php\/wp-json\/wp\/v2\/users\/2"}],"replies":[{"embeddable":true,"href":"https:\/\/sig1psk.lv\/index.php\/wp-json\/wp\/v2\/comments?post=4106"}],"version-history":[{"count":8,"href":"https:\/\/sig1psk.lv\/index.php\/wp-json\/wp\/v2\/pages\/4106\/revisions"}],"predecessor-version":[{"id":4248,"href":"https:\/\/sig1psk.lv\/index.php\/wp-json\/wp\/v2\/pages\/4106\/revisions\/4248"}],"wp:attachment":[{"href":"https:\/\/sig1psk.lv\/index.php\/wp-json\/wp\/v2\/media?parent=4106"}],"curies":[{"name":"wp","href":"https:\/\/api.w.org\/{rel}","templated":true}]}}