{"id":4102,"date":"2026-03-15T19:25:25","date_gmt":"2026-03-15T17:25:25","guid":{"rendered":"https:\/\/sig1psk.lv\/?page_id=4102"},"modified":"2026-03-15T19:37:27","modified_gmt":"2026-03-15T17:37:27","slug":"2025-2026-m-g-ii-semestris-2","status":"publish","type":"page","link":"https:\/\/sig1psk.lv\/index.php\/2025-2026-m-g-ii-semestris-2\/","title":{"rendered":"2025.\/2026. M. G. II SEMESTRIS"},"content":{"rendered":"\n<p><\/p>\n\n\n\n<h2 class=\"wp-block-heading\"><strong>\u201cElektronika un lod\u0113\u0161ana\u201d<\/strong><\/h2>\n\n\n\n<p><\/p>\n\n\n\n<p style=\"font-size:17px\">4.mart\u0101 6.\u20139. kla\u0161u skol\u0113niem bija lieliska iesp\u0113ja iepaz\u012bt elektronikas pasauli un pa\u0161iem izm\u0113\u0123in\u0101t roku lod\u0113\u0161an\u0101 SIA :Maz\u0101 Br\u012bnumzeme&#8221; meistaru vad\u012btaj\u0101 nodarb\u012bb\u0101 \u201cElektronika un lod\u0113\u0161ana\u201d.<\/p>\n\n\n\n<p style=\"font-size:17px\">Skol\u0113ni apguva darbu ar lod\u0101muru un rad\u012bja savu mikro\u010dipu<\/p>\n\n\n\n<p style=\"font-size:17px\">Un pats lab\u0101kais \u2013 katram tapa savs darbi\u0146\u0161! Vabol\u012bte ar LED ac\u012bm, kas rea\u0123\u0113 uz gaismu \u2013 \u012bsts, taust\u0101ms rezult\u0101ts un prieks par paveikto.<\/p>\n\n\n\n<p style=\"font-size:17px\">Nodarb\u012bba notika ESF+ projekta \u201cSTEM un pilsonisk\u0101s l\u012bdzdal\u012bbas norise pla\u0161\u0101kai izgl\u012bt\u012bbas pieredzei un karjeras izv\u0113lei\u201d ietvaros.<\/p>\n\n\n\n<p><\/p>\n\n\n<div class=\"wp-block-image\">\n<figure class=\"aligncenter size-large is-resized\"><img loading=\"lazy\" decoding=\"async\" width=\"1024\" height=\"768\" src=\"https:\/\/sig1psk.lv\/wp-content\/uploads\/2026\/03\/645473966_1650096933283261_3576330927912855146_n-1024x768.jpg\" alt=\"\" class=\"wp-image-4114\" style=\"width:600px\" srcset=\"https:\/\/sig1psk.lv\/wp-content\/uploads\/2026\/03\/645473966_1650096933283261_3576330927912855146_n-1024x768.jpg 1024w, https:\/\/sig1psk.lv\/wp-content\/uploads\/2026\/03\/645473966_1650096933283261_3576330927912855146_n-300x225.jpg 300w, https:\/\/sig1psk.lv\/wp-content\/uploads\/2026\/03\/645473966_1650096933283261_3576330927912855146_n-768x576.jpg 768w, https:\/\/sig1psk.lv\/wp-content\/uploads\/2026\/03\/645473966_1650096933283261_3576330927912855146_n-1536x1152.jpg 1536w, https:\/\/sig1psk.lv\/wp-content\/uploads\/2026\/03\/645473966_1650096933283261_3576330927912855146_n.jpg 2048w\" sizes=\"auto, (max-width: 1024px) 100vw, 1024px\" \/><\/figure>\n<\/div>\n\n\n<p><\/p>\n\n\n<div class=\"wp-block-image\">\n<figure class=\"aligncenter size-large is-resized\"><img loading=\"lazy\" decoding=\"async\" width=\"1024\" height=\"768\" src=\"https:\/\/sig1psk.lv\/wp-content\/uploads\/2026\/03\/645652062_1650096556616632_1250278178749711213_n-1024x768.jpg\" alt=\"\" class=\"wp-image-4119\" style=\"width:600px\" srcset=\"https:\/\/sig1psk.lv\/wp-content\/uploads\/2026\/03\/645652062_1650096556616632_1250278178749711213_n-1024x768.jpg 1024w, https:\/\/sig1psk.lv\/wp-content\/uploads\/2026\/03\/645652062_1650096556616632_1250278178749711213_n-300x225.jpg 300w, https:\/\/sig1psk.lv\/wp-content\/uploads\/2026\/03\/645652062_1650096556616632_1250278178749711213_n-768x576.jpg 768w, https:\/\/sig1psk.lv\/wp-content\/uploads\/2026\/03\/645652062_1650096556616632_1250278178749711213_n-1536x1152.jpg 1536w, https:\/\/sig1psk.lv\/wp-content\/uploads\/2026\/03\/645652062_1650096556616632_1250278178749711213_n.jpg 2048w\" sizes=\"auto, (max-width: 1024px) 100vw, 1024px\" \/><\/figure>\n<\/div>","protected":false},"excerpt":{"rendered":"<p>\u201cElektronika un lod\u0113\u0161ana\u201d 4.mart\u0101 6.\u20139. kla\u0161u skol\u0113niem bija lieliska iesp\u0113ja iepaz\u012bt elektronikas pasauli un pa\u0161iem izm\u0113\u0123in\u0101t roku lod\u0113\u0161an\u0101 SIA :Maz\u0101 Br\u012bnumzeme&#8221; meistaru vad\u012btaj\u0101 nodarb\u012bb\u0101 \u201cElektronika un lod\u0113\u0161ana\u201d. Skol\u0113ni apguva darbu &#8230; <a title=\"2025.\/2026. M. G. II SEMESTRIS\" class=\"read-more\" href=\"https:\/\/sig1psk.lv\/index.php\/2025-2026-m-g-ii-semestris-2\/\" aria-label=\"Read more about 2025.\/2026. M. G. II SEMESTRIS\">Las\u012bt t\u0101l\u0101k<\/a><\/p>\n","protected":false},"author":2,"featured_media":0,"parent":0,"menu_order":0,"comment_status":"closed","ping_status":"closed","template":"","meta":{"footnotes":""},"class_list":["post-4102","page","type-page","status-publish"],"rttpg_featured_image_url":null,"rttpg_author":{"display_name":"Siguldas Pamatskola","author_link":"https:\/\/sig1psk.lv\/index.php\/author\/admins\/"},"rttpg_comment":0,"rttpg_category":null,"rttpg_excerpt":"\u201cElektronika un lod\u0113\u0161ana\u201d 4.mart\u0101 6.\u20139. kla\u0161u skol\u0113niem bija lieliska iesp\u0113ja iepaz\u012bt elektronikas pasauli un pa\u0161iem izm\u0113\u0123in\u0101t roku lod\u0113\u0161an\u0101 SIA :Maz\u0101 Br\u012bnumzeme&#8221; meistaru vad\u012btaj\u0101 nodarb\u012bb\u0101 \u201cElektronika un lod\u0113\u0161ana\u201d. Skol\u0113ni apguva darbu ... Las\u012bt t\u0101l\u0101k","_links":{"self":[{"href":"https:\/\/sig1psk.lv\/index.php\/wp-json\/wp\/v2\/pages\/4102","targetHints":{"allow":["GET"]}}],"collection":[{"href":"https:\/\/sig1psk.lv\/index.php\/wp-json\/wp\/v2\/pages"}],"about":[{"href":"https:\/\/sig1psk.lv\/index.php\/wp-json\/wp\/v2\/types\/page"}],"author":[{"embeddable":true,"href":"https:\/\/sig1psk.lv\/index.php\/wp-json\/wp\/v2\/users\/2"}],"replies":[{"embeddable":true,"href":"https:\/\/sig1psk.lv\/index.php\/wp-json\/wp\/v2\/comments?post=4102"}],"version-history":[{"count":5,"href":"https:\/\/sig1psk.lv\/index.php\/wp-json\/wp\/v2\/pages\/4102\/revisions"}],"predecessor-version":[{"id":4122,"href":"https:\/\/sig1psk.lv\/index.php\/wp-json\/wp\/v2\/pages\/4102\/revisions\/4122"}],"wp:attachment":[{"href":"https:\/\/sig1psk.lv\/index.php\/wp-json\/wp\/v2\/media?parent=4102"}],"curies":[{"name":"wp","href":"https:\/\/api.w.org\/{rel}","templated":true}]}}