{"id":41,"date":"2023-08-14T10:58:27","date_gmt":"2023-08-14T08:58:27","guid":{"rendered":"https:\/\/sig1psk.lv\/?page_id=41"},"modified":"2023-12-10T17:50:56","modified_gmt":"2023-12-10T15:50:56","slug":"ekoskola","status":"publish","type":"page","link":"https:\/\/sig1psk.lv\/index.php\/ekoskola\/","title":{"rendered":"EKOSKOLA"},"content":{"rendered":"\n<p style=\"font-size:18px\"><strong><a href=\"https:\/\/sig1psk.lv\/index.php\/ekopadome\/\" data-type=\"link\" data-id=\"https:\/\/sig1psk.lv\/index.php\/ekopadome\/\">EKOPADOME<\/a><\/strong><\/p>\n\n\n\n<p style=\"font-size:18px\"><a href=\"https:\/\/sig1psk.lv\/index.php\/vides-novertejums-2\/\" data-type=\"link\" data-id=\"https:\/\/sig1psk.lv\/index.php\/vides-novertejums-2\/\"><strong>VIDES NOV\u0112RT\u0112JUMS<\/strong><\/a><\/p>\n\n\n\n<p style=\"font-size:18px\"><strong><a href=\"https:\/\/sig1psk.lv\/index.php\/ricibas-plans-2\/\" data-type=\"link\" data-id=\"https:\/\/sig1psk.lv\/index.php\/ricibas-plans-2\/\">R\u012aC\u012aBAS PL\u0100NS<\/a><\/strong><\/p>\n\n\n\n<p style=\"font-size:18px\"><strong><a href=\"https:\/\/sig1psk.lv\/index.php\/parraudziba-un-novertesana\/\" data-type=\"link\" data-id=\"https:\/\/sig1psk.lv\/index.php\/parraudziba-un-novertesana\/\">P\u0100RRAUDZ\u012aBA UN NOV\u0112RT\u0112\u0160ANA<\/a><\/strong><\/p>\n\n\n\n<p style=\"font-size:18px\"><strong><a href=\"https:\/\/sig1psk.lv\/index.php\/sasaiste-ar-macibu-procesu\/\" data-type=\"link\" data-id=\"https:\/\/sig1psk.lv\/index.php\/sasaiste-ar-macibu-procesu\/\">SASAISTE AR M\u0100C\u012aBU PROCESU<\/a><\/strong><\/p>\n\n\n\n<p style=\"font-size:18px\"><strong><a href=\"https:\/\/sig1psk.lv\/index.php\/skolas-un-sabiedribas-iesaistisana\/\" data-type=\"link\" data-id=\"https:\/\/sig1psk.lv\/index.php\/skolas-un-sabiedribas-iesaistisana\/\">SKOLAS UN SABIEDR\u012aBAS IESAIST\u012a\u0160ANA<\/a><\/strong><\/p>\n\n\n\n<p style=\"font-size:18px\"><strong><a href=\"https:\/\/sig1psk.lv\/index.php\/vides-kodekss\/\" data-type=\"link\" data-id=\"https:\/\/sig1psk.lv\/index.php\/vides-kodekss\/\">VIDES KODEKSS<\/a><\/strong><\/p>\n","protected":false},"excerpt":{"rendered":"<p>EKOPADOME VIDES NOV\u0112RT\u0112JUMS R\u012aC\u012aBAS PL\u0100NS P\u0100RRAUDZ\u012aBA UN NOV\u0112RT\u0112\u0160ANA SASAISTE AR M\u0100C\u012aBU PROCESU SKOLAS UN SABIEDR\u012aBAS IESAIST\u012a\u0160ANA VIDES KODEKSS<\/p>\n","protected":false},"author":2,"featured_media":0,"parent":0,"menu_order":0,"comment_status":"closed","ping_status":"closed","template":"","meta":{"footnotes":""},"class_list":["post-41","page","type-page","status-publish"],"rttpg_featured_image_url":null,"rttpg_author":{"display_name":"Siguldas Pamatskola","author_link":"https:\/\/sig1psk.lv\/index.php\/author\/admins\/"},"rttpg_comment":0,"rttpg_category":null,"rttpg_excerpt":"EKOPADOME VIDES NOV\u0112RT\u0112JUMS R\u012aC\u012aBAS PL\u0100NS P\u0100RRAUDZ\u012aBA UN NOV\u0112RT\u0112\u0160ANA SASAISTE AR M\u0100C\u012aBU PROCESU SKOLAS UN SABIEDR\u012aBAS IESAIST\u012a\u0160ANA VIDES KODEKSS","_links":{"self":[{"href":"https:\/\/sig1psk.lv\/index.php\/wp-json\/wp\/v2\/pages\/41","targetHints":{"allow":["GET"]}}],"collection":[{"href":"https:\/\/sig1psk.lv\/index.php\/wp-json\/wp\/v2\/pages"}],"about":[{"href":"https:\/\/sig1psk.lv\/index.php\/wp-json\/wp\/v2\/types\/page"}],"author":[{"embeddable":true,"href":"https:\/\/sig1psk.lv\/index.php\/wp-json\/wp\/v2\/users\/2"}],"replies":[{"embeddable":true,"href":"https:\/\/sig1psk.lv\/index.php\/wp-json\/wp\/v2\/comments?post=41"}],"version-history":[{"count":2,"href":"https:\/\/sig1psk.lv\/index.php\/wp-json\/wp\/v2\/pages\/41\/revisions"}],"predecessor-version":[{"id":1222,"href":"https:\/\/sig1psk.lv\/index.php\/wp-json\/wp\/v2\/pages\/41\/revisions\/1222"}],"wp:attachment":[{"href":"https:\/\/sig1psk.lv\/index.php\/wp-json\/wp\/v2\/media?parent=41"}],"curies":[{"name":"wp","href":"https:\/\/api.w.org\/{rel}","templated":true}]}}