{"id":4094,"date":"2026-03-15T19:17:02","date_gmt":"2026-03-15T17:17:02","guid":{"rendered":"https:\/\/sig1psk.lv\/?page_id=4094"},"modified":"2026-03-16T00:20:36","modified_gmt":"2026-03-15T22:20:36","slug":"stem-un-pilsoniskas-lidzdalibas-norise-plasakai-izglitibas-pieredzei-un-karjeras-izvelei","status":"publish","type":"page","link":"https:\/\/sig1psk.lv\/index.php\/stem-un-pilsoniskas-lidzdalibas-norise-plasakai-izglitibas-pieredzei-un-karjeras-izvelei\/","title":{"rendered":"STEM un pilsonisk\u0101s l\u012bdzdal\u012bbas norise pla\u0161\u0101kai izgl\u012bt\u012bbas pieredzei un karjeras izv\u0113lei"},"content":{"rendered":"\n<h1 class=\"wp-block-heading\"><strong><a href=\"https:\/\/sig1psk.lv\/index.php\/2025-2026-m-g-ii-semestris-2\/\">2025.\/2026. M. G. II SEMESTRIS<\/a><\/strong><\/h1>\n\n\n\n<p><\/p>\n\n\n\n<h1 class=\"wp-block-heading\"><strong><a href=\"https:\/\/sig1psk.lv\/index.php\/2025-2026-m-g-i-semestris-2\/\">2025.\/2026. M. G. I SEMESTRIS<\/a><\/strong><\/h1>\n\n\n\n<p><\/p>\n\n\n\n<p><\/p>\n","protected":false},"excerpt":{"rendered":"<p>2025.\/2026. M. G. II SEMESTRIS 2025.\/2026. M. G. I SEMESTRIS<\/p>\n","protected":false},"author":2,"featured_media":0,"parent":0,"menu_order":0,"comment_status":"closed","ping_status":"closed","template":"","meta":{"footnotes":""},"class_list":["post-4094","page","type-page","status-publish"],"rttpg_featured_image_url":null,"rttpg_author":{"display_name":"Siguldas Pamatskola","author_link":"https:\/\/sig1psk.lv\/index.php\/author\/admins\/"},"rttpg_comment":0,"rttpg_category":null,"rttpg_excerpt":"2025.\/2026. M. G. II SEMESTRIS 2025.\/2026. M. G. I SEMESTRIS","_links":{"self":[{"href":"https:\/\/sig1psk.lv\/index.php\/wp-json\/wp\/v2\/pages\/4094","targetHints":{"allow":["GET"]}}],"collection":[{"href":"https:\/\/sig1psk.lv\/index.php\/wp-json\/wp\/v2\/pages"}],"about":[{"href":"https:\/\/sig1psk.lv\/index.php\/wp-json\/wp\/v2\/types\/page"}],"author":[{"embeddable":true,"href":"https:\/\/sig1psk.lv\/index.php\/wp-json\/wp\/v2\/users\/2"}],"replies":[{"embeddable":true,"href":"https:\/\/sig1psk.lv\/index.php\/wp-json\/wp\/v2\/comments?post=4094"}],"version-history":[{"count":6,"href":"https:\/\/sig1psk.lv\/index.php\/wp-json\/wp\/v2\/pages\/4094\/revisions"}],"predecessor-version":[{"id":4234,"href":"https:\/\/sig1psk.lv\/index.php\/wp-json\/wp\/v2\/pages\/4094\/revisions\/4234"}],"wp:attachment":[{"href":"https:\/\/sig1psk.lv\/index.php\/wp-json\/wp\/v2\/media?parent=4094"}],"curies":[{"name":"wp","href":"https:\/\/api.w.org\/{rel}","templated":true}]}}