{"id":4031,"date":"2026-02-20T12:54:59","date_gmt":"2026-02-20T10:54:59","guid":{"rendered":"https:\/\/sig1psk.lv\/?page_id=4031"},"modified":"2026-02-20T13:09:59","modified_gmt":"2026-02-20T11:09:59","slug":"7-klase","status":"publish","type":"page","link":"https:\/\/sig1psk.lv\/index.php\/7-klase\/","title":{"rendered":"7. klase"},"content":{"rendered":"\n<p class=\"has-medium-font-size\">Uz\u0146em\u0161ana 7. klas\u0113 Siguldas 1. pamatskol\u0101 2026.\/2027. m\u0101c\u012bbu gad\u0101<\/p>\n\n\n\n<p class=\"has-small-font-size\">2026.\/2027. m\u0101c\u012bbu gad\u0101 Siguldas 1. pamatskol\u0101 tiks atv\u0113rtas <strong>tr\u012bs 7. klases<\/strong>, kur\u0101s skol\u0113niem paral\u0113li pamatizgl\u012bt\u012bbas programmas apguvei b\u016bs iesp\u0113ja izv\u0113l\u0113ties <strong>noteiktu m\u0101c\u012bbu virzienu<\/strong>.<\/p>\n\n\n\n<p class=\"has-small-font-size\">Katram virzienam paredz\u0113ta <strong>papildu fakultat\u012bv\u0101 stunda<\/strong>, kas \u013caus skol\u0113niem padzi\u013cin\u0101ti att\u012bst\u012bt savas intereses un prasmes. Papildus tam <strong>visi 7. kla\u0161u skol\u0113ni matem\u0101tikas stund\u0101s m\u0101c\u012bsies grup\u0101s<\/strong>, nodro\u0161inot iesp\u0113ju apg\u016bt matem\u0101tiku <strong>atbilsto\u0161i katra skol\u0113na zin\u0101\u0161anu l\u012bmenim<\/strong>, veicinot izpratni, pa\u0161p\u0101rliec\u012bbu un m\u0101c\u012bbu progresu<\/p>\n\n\n\n<p class=\"has-medium-font-size\"><strong>Pied\u0101v\u0101tie m\u0101c\u012bbu virzieni<\/strong><\/p>\n\n\n\n<p class=\"has-small-font-size\"><strong>Uz\u0146\u0113m\u0113jdarb\u012bbas virziens<\/strong><br>(papildu stunda uz\u0146\u0113m\u0113jdarb\u012bb\u0101 \u2013 skol\u0113nu m\u0101c\u012bbu uz\u0146\u0113mumi)<br>\u0160aj\u0101 m\u0101c\u012bbu virzien\u0101 skol\u0113ni apg\u016bs uz\u0146\u0113m\u0113jdarb\u012bbas pamatus, att\u012bst\u012bs iniciat\u012bvu un praktiskas prasmes, k\u0101 ar\u012b izveidos un vad\u012bs savu skol\u0113nu m\u0101c\u012bbu uz\u0146\u0113mumu.<\/p>\n\n\n\n<p class=\"has-small-font-size\"><strong>Datorzin\u012bbu virziens<\/strong><br>(papildu stunda datorik\u0101 \u2013 programm\u0113\u0161ana un robotika)<br>Skol\u0113ni ieg\u016bs pamatzin\u0101\u0161anas programm\u0113\u0161an\u0101 un robotik\u0101, iepaz\u012bs da\u017e\u0101das programm\u0113\u0161anas valodas un darbosies ar robotikas komplektiem, att\u012bstot lo\u0123isko dom\u0101\u0161anu un tehnolo\u0123iju izpratni.<\/p>\n\n\n\n<p class=\"has-small-font-size\"><strong>Rado\u0161\u0101 virziens<\/strong><br>(papildu stunda digit\u0101laj\u0101 anim\u0101cij\u0101)<br>\u0160aj\u0101 virzien\u0101 skol\u0113ni att\u012bst\u012bs rado\u0161umu un vizu\u0101lo dom\u0101\u0161anu, iepaz\u012bs digit\u0101lo r\u012bku izmanto\u0161anu rado\u0161aj\u0101 proces\u0101.<\/p>\n\n\n\n<p class=\"has-medium-font-size\"><strong>Uz\u0146em\u0161anas k\u0101rt\u012bba<\/strong><\/p>\n\n\n\n<p class=\"has-small-font-size\"><strong>Siguldas 1. pamatskolas skol\u0113niem<\/strong>, kuri pabeidz 6. klasi:<\/p>\n\n\n\n<p class=\"has-small-font-size\">Skol\u0113ni turpina m\u0101c\u012bbas Siguldas 1. pamatskol\u0101 7. klas\u0113 bez papildu dokumentu iesnieg\u0161anas. Skol\u0113niem nepiecie\u0161ams aizpild\u012bt anketu, nor\u0101dot v\u0113lamo m\u0101c\u012bbu virzienu.<\/p>\n\n\n\n<p class=\"has-small-font-size\"><strong>Citu skolu skol\u0113niem<\/strong>, kuri v\u0113las uzs\u0101kt m\u0101c\u012bbas Siguldas 1. pamatskolas 7. klas\u0113:<\/p>\n\n\n\n<p class=\"has-small-font-size\">S\u0101kot no <strong>1. j\u016bnija<\/strong>, j\u0101aizpilda pieteikuma anketa. Skol\u0113na vec\u0101kiem j\u0101iesniedz rakstisku iesniegums un j\u0101pievieno 6. klases liec\u012bbas kopija.<\/p>\n\n\n\n<p class=\"has-small-font-size\">Rezult\u0101tu pazi\u0146o\u0161ana un kla\u0161u komplekt\u0113\u0161ana l\u012bdz 26.j\u016bnijam.<\/p>\n\n\n\n<figure class=\"wp-block-image size-large\"><img loading=\"lazy\" decoding=\"async\" width=\"724\" height=\"1024\" src=\"https:\/\/sig1psk.lv\/wp-content\/uploads\/2026\/02\/7-724x1024.png\" alt=\"\" class=\"wp-image-4036\" srcset=\"https:\/\/sig1psk.lv\/wp-content\/uploads\/2026\/02\/7-724x1024.png 724w, https:\/\/sig1psk.lv\/wp-content\/uploads\/2026\/02\/7-212x300.png 212w, https:\/\/sig1psk.lv\/wp-content\/uploads\/2026\/02\/7-768x1086.png 768w, https:\/\/sig1psk.lv\/wp-content\/uploads\/2026\/02\/7-1086x1536.png 1086w, https:\/\/sig1psk.lv\/wp-content\/uploads\/2026\/02\/7.png 1414w\" sizes=\"auto, (max-width: 724px) 100vw, 724px\" \/><\/figure>\n","protected":false},"excerpt":{"rendered":"<p>Uz\u0146em\u0161ana 7. klas\u0113 Siguldas 1. pamatskol\u0101 2026.\/2027. m\u0101c\u012bbu gad\u0101 2026.\/2027. m\u0101c\u012bbu gad\u0101 Siguldas 1. pamatskol\u0101 tiks atv\u0113rtas tr\u012bs 7. klases, kur\u0101s skol\u0113niem paral\u0113li pamatizgl\u012bt\u012bbas programmas apguvei b\u016bs iesp\u0113ja izv\u0113l\u0113ties noteiktu &#8230; <a title=\"7. klase\" class=\"read-more\" href=\"https:\/\/sig1psk.lv\/index.php\/7-klase\/\" aria-label=\"Read more about 7. klase\">Las\u012bt t\u0101l\u0101k<\/a><\/p>\n","protected":false},"author":2,"featured_media":0,"parent":0,"menu_order":0,"comment_status":"closed","ping_status":"closed","template":"","meta":{"footnotes":""},"class_list":["post-4031","page","type-page","status-publish"],"rttpg_featured_image_url":null,"rttpg_author":{"display_name":"Siguldas Pamatskola","author_link":"https:\/\/sig1psk.lv\/index.php\/author\/admins\/"},"rttpg_comment":0,"rttpg_category":null,"rttpg_excerpt":"Uz\u0146em\u0161ana 7. klas\u0113 Siguldas 1. pamatskol\u0101 2026.\/2027. m\u0101c\u012bbu gad\u0101 2026.\/2027. m\u0101c\u012bbu gad\u0101 Siguldas 1. pamatskol\u0101 tiks atv\u0113rtas tr\u012bs 7. klases, kur\u0101s skol\u0113niem paral\u0113li pamatizgl\u012bt\u012bbas programmas apguvei b\u016bs iesp\u0113ja izv\u0113l\u0113ties noteiktu ... Las\u012bt t\u0101l\u0101k","_links":{"self":[{"href":"https:\/\/sig1psk.lv\/index.php\/wp-json\/wp\/v2\/pages\/4031","targetHints":{"allow":["GET"]}}],"collection":[{"href":"https:\/\/sig1psk.lv\/index.php\/wp-json\/wp\/v2\/pages"}],"about":[{"href":"https:\/\/sig1psk.lv\/index.php\/wp-json\/wp\/v2\/types\/page"}],"author":[{"embeddable":true,"href":"https:\/\/sig1psk.lv\/index.php\/wp-json\/wp\/v2\/users\/2"}],"replies":[{"embeddable":true,"href":"https:\/\/sig1psk.lv\/index.php\/wp-json\/wp\/v2\/comments?post=4031"}],"version-history":[{"count":2,"href":"https:\/\/sig1psk.lv\/index.php\/wp-json\/wp\/v2\/pages\/4031\/revisions"}],"predecessor-version":[{"id":4037,"href":"https:\/\/sig1psk.lv\/index.php\/wp-json\/wp\/v2\/pages\/4031\/revisions\/4037"}],"wp:attachment":[{"href":"https:\/\/sig1psk.lv\/index.php\/wp-json\/wp\/v2\/media?parent=4031"}],"curies":[{"name":"wp","href":"https:\/\/api.w.org\/{rel}","templated":true}]}}