{"id":39,"date":"2023-08-14T10:58:18","date_gmt":"2023-08-14T08:58:18","guid":{"rendered":"https:\/\/sig1psk.lv\/?page_id=39"},"modified":"2026-03-15T19:20:14","modified_gmt":"2026-03-15T17:20:14","slug":"projekti","status":"publish","type":"page","link":"https:\/\/sig1psk.lv\/index.php\/projekti\/","title":{"rendered":"PROJEKTI"},"content":{"rendered":"\n<p style=\"font-size:18px\"><a href=\"https:\/\/sig1psk.lv\/index.php\/kiva\/\"><strong>KiVa<\/strong><\/a><\/p>\n\n\n\n<p style=\"font-size:18px\"><strong><a href=\"https:\/\/sig1psk.lv\/index.php\/projekti\/latvijas-skolas-soma\/\" data-type=\"link\" data-id=\"https:\/\/sig1psk.lv\/index.php\/projekti\/latvijas-skolas-soma\/\">LATVIJAS SKOLAS SOMA<\/a><\/strong><\/p>\n\n\n\n<p style=\"font-size:18px\"><strong>STEM un pilsonisk\u0101s l\u012bdzdal\u012bbas norise pla\u0161\u0101kai izgl\u012bt\u012bbas pieredzei un karjeras izv\u0113lei<\/strong><\/p>\n\n\n\n<p><\/p>\n","protected":false},"excerpt":{"rendered":"<p>KiVa LATVIJAS SKOLAS SOMA STEM un pilsonisk\u0101s l\u012bdzdal\u012bbas norise pla\u0161\u0101kai izgl\u012bt\u012bbas pieredzei un karjeras izv\u0113lei<\/p>\n","protected":false},"author":2,"featured_media":0,"parent":0,"menu_order":0,"comment_status":"closed","ping_status":"closed","template":"","meta":{"footnotes":""},"class_list":["post-39","page","type-page","status-publish"],"rttpg_featured_image_url":null,"rttpg_author":{"display_name":"Siguldas Pamatskola","author_link":"https:\/\/sig1psk.lv\/index.php\/author\/admins\/"},"rttpg_comment":0,"rttpg_category":null,"rttpg_excerpt":"KiVa LATVIJAS SKOLAS SOMA STEM un pilsonisk\u0101s l\u012bdzdal\u012bbas norise pla\u0161\u0101kai izgl\u012bt\u012bbas pieredzei un karjeras izv\u0113lei","_links":{"self":[{"href":"https:\/\/sig1psk.lv\/index.php\/wp-json\/wp\/v2\/pages\/39","targetHints":{"allow":["GET"]}}],"collection":[{"href":"https:\/\/sig1psk.lv\/index.php\/wp-json\/wp\/v2\/pages"}],"about":[{"href":"https:\/\/sig1psk.lv\/index.php\/wp-json\/wp\/v2\/types\/page"}],"author":[{"embeddable":true,"href":"https:\/\/sig1psk.lv\/index.php\/wp-json\/wp\/v2\/users\/2"}],"replies":[{"embeddable":true,"href":"https:\/\/sig1psk.lv\/index.php\/wp-json\/wp\/v2\/comments?post=39"}],"version-history":[{"count":12,"href":"https:\/\/sig1psk.lv\/index.php\/wp-json\/wp\/v2\/pages\/39\/revisions"}],"predecessor-version":[{"id":4100,"href":"https:\/\/sig1psk.lv\/index.php\/wp-json\/wp\/v2\/pages\/39\/revisions\/4100"}],"wp:attachment":[{"href":"https:\/\/sig1psk.lv\/index.php\/wp-json\/wp\/v2\/media?parent=39"}],"curies":[{"name":"wp","href":"https:\/\/api.w.org\/{rel}","templated":true}]}}