{"id":3411,"date":"2025-10-20T08:56:08","date_gmt":"2025-10-20T06:56:08","guid":{"rendered":"https:\/\/sig1psk.lv\/?page_id=3411"},"modified":"2026-04-13T02:08:22","modified_gmt":"2026-04-13T00:08:22","slug":"2025-2026","status":"publish","type":"page","link":"https:\/\/sig1psk.lv\/index.php\/2025-2026\/","title":{"rendered":"2025.\/2026."},"content":{"rendered":"\n<p><\/p>\n\n\n\n<h2 class=\"wp-block-heading\">M\u0101c\u012bbu priek\u0161metu valsts olimpi\u0101\u017eu laure\u0101ti 2025.\/2026. m\u0101c\u012bbu gad\u0101<\/h2>\n\n\n\n<figure style=\"font-size:16px\" class=\"wp-block-table\"><table><tbody><tr><th class=\"has-text-align-left\" data-align=\"left\">Olimpi\u0101de<\/th><th>Skol\u0113ns, klase<\/th><th>Skolot\u0101js<\/th><th>Vieta<\/th><\/tr><tr><th class=\"has-text-align-left\" data-align=\"left\" colspan=\"4\">&nbsp;<\/th><\/tr><tr><td class=\"has-text-align-left\" data-align=\"left\">\u0136\u012bmijas valsts 67. olimpi\u0101de<\/td><td><strong>Adrians An\u0161mits (9.b kl.)<\/strong><\/td><td>Inese Borti\u0146a<\/td><td><strong>I<\/strong> <strong>pak\u0101pe<\/strong><\/td><\/tr><tr><td class=\"has-text-align-left\" data-align=\"left\">Ang\u013cu valodas valsts 55. olimpi\u0101de<\/td><td><strong>Valts Pakalns (6.b kl.)<\/strong><\/td><td>Daina Neimane<\/td><td><strong>I<\/strong> <strong>pak\u0101pe<\/strong><\/td><\/tr><tr><td class=\"has-text-align-left\" data-align=\"left\">Ang\u013cu valodas valsts 55. olimpi\u0101de<\/td><td><strong>Adrians An\u0161mits (9.b kl.)<\/strong><\/td><td>Linda Bogdane<\/td><td><strong>III<\/strong> <strong>pak\u0101pe<\/strong><\/td><\/tr><tr><td class=\"has-text-align-left\" data-align=\"left\">Atkl\u0101t\u0101 \u0137\u012bmijas olimpi\u0101de<\/td><td><strong>Adrians An\u0161mits (9.b kl.)<\/strong><\/td><td>Inese Borti\u0146a<\/td><td><strong>II<\/strong> <strong>pak\u0101pe<\/strong><\/td><\/tr><tr><td class=\"has-text-align-left\" data-align=\"left\">Biolo\u0123ijas valsts 48.olimpi\u0101de<\/td><td><strong>Adrians An\u0161mits (9.b kl.)<\/strong><\/td><td>Ina Slavinska<\/td><td><strong>III<\/strong> <strong>pak\u0101pe<\/strong><\/td><\/tr><tr><td class=\"has-text-align-left\" data-align=\"left\">12.atkl\u0101t\u0101 in\u017eenierzin\u0101t\u0146u (AIZO) olimpi\u0101de<\/td><td><strong>Adrians An\u0161mits (9.b kl.)<\/strong><\/td><td>Lilita L\u016bse, <br>Lilita Bernharde,<br>Inese Borti\u0146a<\/td><td><strong>I<\/strong><\/td><\/tr><tr><td class=\"has-text-align-left\" data-align=\"left\">Atkl\u0101t\u0101 v\u0101cu valodas olimpi\u0101de<\/td><td><strong>Elisa Kotkova (6.c kl.)<\/strong><\/td><td>Inga Lapikena<\/td><td><strong>II<\/strong><\/td><\/tr><tr><td class=\"has-text-align-left\" data-align=\"left\">Atkl\u0101t\u0101 matem\u0101tikas olimpi\u0101de<\/td><td><strong>Krist\u012bne Bankovska (6.a kl.)<\/strong><\/td><td>Santa Briede<\/td><td><strong>Atzin\u012bba<\/strong><\/td><\/tr><tr><td class=\"has-text-align-left\" data-align=\"left\">Atkl\u0101t\u0101 matem\u0101tikas olimpi\u0101de<\/td><td><strong>Hlib Lukashchyk (9.b kl.)<\/strong><\/td><td>Lilita L\u016bse<\/td><td><strong>Atzin\u012bba<\/strong><\/td><\/tr><tr><td class=\"has-text-align-left\" data-align=\"left\">Atkl\u0101t\u0101 matem\u0101tikas olimpi\u0101de<\/td><td><strong>Kar\u012bna Spurava (8.a kl.)<\/strong><\/td><td>Ilze M\u0101rtinsone<\/td><td><strong>III<\/strong><\/td><\/tr><tr><td class=\"has-text-align-left\" data-align=\"left\">Atkl\u0101t\u0101 matem\u0101tikas olimpi\u0101de<\/td><td><strong>Valts Pakalns (6.b kl.)<\/strong><\/td><td>Lilita L\u016bse<\/td><td><strong>II<\/strong><\/td><\/tr><\/tbody><\/table><\/figure>\n\n\n\n<h2 class=\"wp-block-heading\">M\u0101c\u012bbu priek\u0161metu novada olimpi\u0101\u017eu laure\u0101ti 2025.\/2026. m\u0101c\u012bbu gad\u0101<\/h2>\n\n\n\n<figure style=\"font-size:16px\" class=\"wp-block-table\"><table><tbody><tr><th class=\"has-text-align-left\" data-align=\"left\">Olimpi\u0101de<\/th><th>Skol\u0113ns, klase<\/th><th>Skolot\u0101js<\/th><th>Vieta<\/th><\/tr><tr><th class=\"has-text-align-left\" data-align=\"left\" colspan=\"4\">&nbsp;<\/th><\/tr><tr><td class=\"has-text-align-left\" data-align=\"left\">Zemgales novada matem\u0101tikas olimpi\u0101de<\/td><td><strong>Valts Pakalns (6.b kl.)<\/strong><\/td><td>Lilita L\u016bse<\/td><td><strong>I<\/strong><\/td><\/tr><tr><td class=\"has-text-align-left\" data-align=\"left\">Siguldas novada skolu olimpi\u0101de ang\u013cu valod\u0101(speci\u0101lo programmu skol\u0113niem)<\/td><td><strong>Mariuss Br\u016bveris (5.c kl.)<\/strong><\/td><td>Daina Neimane<\/td><td><strong>II<\/strong><\/td><\/tr><tr><td class=\"has-text-align-left\" data-align=\"left\">Siguldas novada skolu olimpi\u0101de latvie\u0161u valod\u0101 5.-6.klas\u0113m<\/td><td><strong>Valts Pakalns (6.b kl.)<\/strong><\/td><td><br>Sintija St\u0101mere<\/td><td><strong>I<\/strong><\/td><\/tr><tr><td class=\"has-text-align-left\" data-align=\"left\">Siguldas novada skolu olimpi\u0101de latvie\u0161u valod\u0101 5.-6.klas\u0113m<\/td><td><strong>Evel\u012bna Buile (6.a kl.)<\/strong><\/td><td>Sintija St\u0101mere<\/td><td><strong>II<\/strong><\/td><\/tr><tr><td class=\"has-text-align-left\" data-align=\"left\">Siguldas novada skolu olimpi\u0101de latvie\u0161u valod\u0101 5.-6.klas\u0113m<\/td><td><strong>Karl\u012bna Karla (6.c kl.)<\/strong><\/td><td>Lolita \u0160teinberga<\/td><td><strong>III<\/strong><\/td><\/tr><tr><td class=\"has-text-align-left\" data-align=\"left\">Siguldas novada skolu olimpi\u0101de latvie\u0161u valod\u0101 5.-6.klas\u0113m<\/td><td><strong>S\u0101ra Gail\u012bte (5.a kl.)<\/strong><\/td><td>L\u0101sma Dzintare<\/td><td><strong>Atzin\u012bba<\/strong><\/td><\/tr><tr><td class=\"has-text-align-left\" data-align=\"left\">Siguldas novada skolu olimpi\u0101de matem\u0101tik\u0101 (speci\u0101lo programmu skol\u0113niem)<\/td><td><strong>Pauls Rakuls (4.c kl.)<\/strong><\/td><td>Sandra Parfenkova<\/td><td><strong>II<\/strong><\/td><\/tr><tr><td class=\"has-text-align-left\" data-align=\"left\">Siguldas novada skolu olimpi\u0101de matem\u0101tik\u0101 (speci\u0101lo programmu skol\u0113niem)<\/td><td><strong>Andris Fogels (5.a kl.)<\/strong><\/td><td>Ilze M\u0101rtinsone<\/td><td><strong>Atzin\u012bba<\/strong><\/td><\/tr><tr><td class=\"has-text-align-left\" data-align=\"left\">Siguldas novada skolu olimpi\u0101de \u0137\u012bmij\u0101<\/td><td><strong>Adrians An\u0161mits<\/strong> <strong>(9.b kl.)<\/strong><\/td><td>Inese Borti\u0146a<\/td><td><strong>I<\/strong><\/td><\/tr><tr><td class=\"has-text-align-left\" data-align=\"left\">Siguldas novada skolu olimpi\u0101de \u0137\u012bmij\u0101<\/td><td><strong>Em\u012bls M\u0101rtinsons<\/strong> <strong>(9.a kl.)<\/strong><\/td><td><br>Inese Borti\u0146a<\/td><td><strong>III<\/strong><\/td><\/tr><tr><td class=\"has-text-align-left\" data-align=\"left\">Siguldas novada skolu olimpi\u0101de latvie\u0161u valod\u0101 8.-9.kl.<\/td><td><strong>Adrians An\u0161mits<\/strong> <strong>(9.b kl.)<\/strong><\/td><td>Sintija St\u0101mere<\/td><td><strong>I<\/strong><\/td><\/tr><tr><td class=\"has-text-align-left\" data-align=\"left\">Siguldas novada skolu olimpi\u0101de latvie\u0161u valod\u0101 8.-9.kl.<\/td><td><strong>Laura M\u0101rtinsone (9.a kl.)<\/strong><\/td><td>Elita V\u012bgante<\/td><td><strong>II<\/strong><\/td><\/tr><tr><td class=\"has-text-align-left\" data-align=\"left\">Siguldas novada skolu olimpi\u0101de latvie\u0161u valod\u0101 8.-9.kl.<\/td><td><strong>Agate \u010candere (8.c kl.)<\/strong><\/td><td>L\u0101sma Dzintare<\/td><td><strong>III<\/strong><\/td><\/tr><tr><td class=\"has-text-align-left\" data-align=\"left\">Siguldas novada skolu olimpi\u0101de latvie\u0161u valod\u0101 8.-9.kl.<\/td><td><strong>Madara Daniela Skrasti\u0146a (8.b kl.),<\/strong><\/td><td>Elita V\u012bgante<\/td><td><strong>III<\/strong><\/td><\/tr><tr><td class=\"has-text-align-left\" data-align=\"left\">Siguldas novada skolu olimpi\u0101de latvie\u0161u valod\u0101 8.-9.kl.<\/td><td><strong>L\u012bva Krau\u0161a (9.a kl)<\/strong><\/td><td>Elita V\u012bgante<\/td><td><strong>Atzin\u012bba<\/strong><\/td><\/tr><tr><td class=\"has-text-align-left\" data-align=\"left\">Siguldas novada skolu olimpi\u0101d\u0113 matem\u0101tik\u0101<\/td><td><strong>Adrians An\u0161mits<\/strong> <strong>(9.b kl.)<\/strong><\/td><td>Lilita L\u016bse<\/td><td><strong>III<\/strong><\/td><\/tr><tr><td class=\"has-text-align-left\" data-align=\"left\">Siguldas novada skolu olimpi\u0101d\u0113 fizik\u0101<\/td><td><strong>Roberts \u0136iploks (9.b kl.)<\/strong><\/td><td>Lilita Bernharde<\/td><td><strong>II<\/strong><\/td><\/tr><tr><td class=\"has-text-align-left\" data-align=\"left\">Siguldas novada skolu olimpi\u0101d\u0113 fizik\u0101<\/td><td><strong>Adrians An\u0161mits<\/strong> <strong>(9.b kl.)<\/strong><\/td><td>Lilita Bernharde<\/td><td><strong>I<\/strong><\/td><\/tr><tr><td class=\"has-text-align-left\" data-align=\"left\">Siguldas novada skolu olimpi\u0101d\u0113 fizik\u0101<\/td><td><strong>Hlib Lukashchyk (9.c kl.)<\/strong><\/td><td>Lilita Bernharde<\/td><td><strong>I<\/strong><\/td><\/tr><tr><td class=\"has-text-align-left\" data-align=\"left\">Siguldas novada skolu olimpi\u0101de v\u0113stur\u0113<\/td><td><strong>Adrians An\u0161mits (9.b kl.)<\/strong><\/td><td>\u017danna Pried\u012bte<\/td><td><strong>I<\/strong><\/td><\/tr><tr><td class=\"has-text-align-left\" data-align=\"left\">Siguldas novada skolu olimpi\u0101de biolo\u0123ij\u0101<\/td><td><strong>Adrians An\u0161mits (9.b kl.)<\/strong><\/td><td>Ina Slavinska<\/td><td><strong>I<\/strong><\/td><\/tr><tr><td class=\"has-text-align-left\" data-align=\"left\">Siguldas novada skolu ang\u013cu valodas olimpi\u0101de 4.-6. klas\u0113m<\/td><td><strong>Valts Pakalns (6.b kl.)<\/strong><br><\/td><td>Daina Neimane<\/td><td><strong>I<\/strong><\/td><\/tr><tr><td class=\"has-text-align-left\" data-align=\"left\">\u00a0<br>Siguldas novada skolu ang\u013cu valodas olimpi\u0101de 4.-6. klas\u0113m<\/td><td><strong>&nbsp;\u0100dams Olivers Kikusts<\/strong> <strong>(4.a kl.)<\/strong><\/td><td>Daina Neimane<\/td><td><strong>Atzin\u012bba<\/strong><\/td><\/tr><tr><td class=\"has-text-align-left\" data-align=\"left\">Siguldas novada skolu ang\u013cu valodas olimpi\u0101de 7.-9. klas\u0113m<\/td><td><strong>Adrians An\u0161mits (9.b kl.)<\/strong><\/td><td>Linda Bogdane<\/td><td><strong>I<\/strong><\/td><\/tr><tr><td class=\"has-text-align-left\" data-align=\"left\">Siguldas novada skolu ang\u013cu valodas olimpi\u0101de 7.-9. klas\u0113m<\/td><td><strong>L\u012bva Krau\u0161a (9.a kl.)<\/strong><\/td><td>Linda Bogdane<\/td><td><strong><strong><strong><strong><strong>II<\/strong><\/strong><\/strong><\/strong><\/strong><\/td><\/tr><tr><td class=\"has-text-align-left\" data-align=\"left\">Siguldas novada skolu ang\u013cu valodas olimpi\u0101de 7.-9. klas\u0113m<\/td><td><strong>Markuss Demidovs (9.a kl.)<\/strong><\/td><td>Linda Bogdane<\/td><td><strong><strong><strong><strong><strong>II<\/strong><\/strong><\/strong><\/strong><\/strong><\/td><\/tr><tr><td class=\"has-text-align-left\" data-align=\"left\">Siguldas novada skolu ang\u013cu valodas olimpi\u0101de 7.-9. klas\u0113m<\/td><td><strong>Herta Butkus (7.c kl.),<br><\/strong><\/td><td>Linda Bogdane<\/td><td><strong>I<strong><strong>II<\/strong><\/strong><\/strong><\/td><\/tr><tr><td class=\"has-text-align-left\" data-align=\"left\">Siguldas novada skolu ang\u013cu valodas olimpi\u0101de 7.-9. klas\u0113m<\/td><td><strong>Madara Bogdane (9.c kl.)<\/strong><\/td><td>Linda Bogdane<\/td><td><strong>Atzin\u012bba<\/strong><\/td><\/tr><\/tbody><\/table><\/figure>\n\n\n\n<h2 class=\"wp-block-heading\">M\u0101c\u012bbu priek\u0161metu skolas olimpi\u0101\u017eu laure\u0101ti 2025.\/2026. m\u0101c\u012bbu gad\u0101<\/h2>\n\n\n\n<figure style=\"font-size:16px\" class=\"wp-block-table\"><table><tbody><tr><th class=\"has-text-align-left\" data-align=\"left\">Olimpi\u0101de<\/th><th>Skol\u0113ns, klase<\/th><th>Skolot\u0101js<\/th><th>Vieta<\/th><\/tr><tr><th class=\"has-text-align-left\" data-align=\"left\" colspan=\"4\">&nbsp;<\/th><\/tr><tr><td class=\"has-text-align-left\" data-align=\"left\">Skolas ang\u013cu valodas olimpi\u0101de 4.-6. klas\u0113m<\/td><td><strong>Roberts Pauls Gri\u0161kevi\u010ds<\/strong> <strong>(4.a), <\/strong><br><strong>Em\u012blija \u0160\u0137endere (5.a), <\/strong><br><strong>K\u0101rlis V\u0101vere (6.b)<\/strong><br><\/td><td>Daina Neimane, <br>Liene Grundmane, <br>Linda Bogdane<\/td><td><strong>I<\/strong><\/td><\/tr><tr><td class=\"has-text-align-left\" data-align=\"left\">Skolas ang\u013cu valodas olimpi\u0101de 4.-6. klas\u0113m<\/td><td><strong>Am\u0113lija Ar\u0101ja (4.c), <br>Edgars Pr\u012bmanis (4.c),<br>\u0100dams Olivers Kikusts (5.a),<br>Valts Pakalns (6.b),<br>Marta Paula Broka (6.b)<\/strong><\/td><td>Daina Neimane, <br>Liene Grundmane, <br>Linda Bogdane<\/td><td><strong><strong>II<\/strong><\/strong><\/td><\/tr><tr><td class=\"has-text-align-left\" data-align=\"left\">Skolas ang\u013cu valodas olimpi\u0101de 4.-6. klas\u0113m<\/td><td><strong>Madara Medne (4.c),<br>Markuss Tomsons-Lapi\u0146\u0161 (5.b),<br>Rebeka P\u016bce (6.c),<br>Evel\u012bna Buile (6.a)<\/strong><\/td><td>Daina Neimane, <br>Liene Grundmane, <br>Linda Bogdane<\/td><td><strong>I<strong><strong>II<\/strong><\/strong><\/strong><\/td><\/tr><tr><td class=\"has-text-align-left\" data-align=\"left\">Skolas ang\u013cu valodas olimpi\u0101de 7.-9. klas\u0113m<\/td><td><strong>El\u012bna J\u0101kobsone (7.a),<br>Madara Daniela Skrasti\u0146a (8.b),<br>Adrians An\u0161mits (9.b)<\/strong><\/td><td>Daina Neimane,  <br>Linda Bogdane<\/td><td><strong><strong>I<\/strong><\/strong><\/td><\/tr><tr><td class=\"has-text-align-left\" data-align=\"left\">Skolas ang\u013cu valodas olimpi\u0101de 7.-9. klas\u0113m<\/td><td><strong>Herta Butkus (7.c),<br>Alise Lapsi\u0146a (8.b),<br>L\u012bva Krau\u0161a (9.a), <br>Elza Gail\u012bte (9.b),<br>Madara Bogdane (9.c)<\/strong><\/td><td>Daina Neimane, <br>Linda Bogdane<\/td><td><strong><strong><strong>II<\/strong><\/strong><\/strong><\/td><\/tr><tr><td class=\"has-text-align-left\" data-align=\"left\">Skolas ang\u013cu valodas olimpi\u0101de 7.-9. klas\u0113m<\/td><td><strong>Emma Ozoli\u0146a (7.a),<br>Markuss Demidovs (9.a)<\/strong><\/td><td>Daina Neimane,  <br>Linda Bogdane<\/td><td><strong><strong>I<strong><strong>II<\/strong><\/strong><\/strong><\/strong><\/td><\/tr><\/tbody><\/table><\/figure>\n\n\n\n<h2 class=\"wp-block-heading\" style=\"font-size:22px\">Konkursu laure\u0101ti 2025.\/2026. m\u0101c\u012bbu gad\u0101<\/h2>\n\n\n\n<figure class=\"wp-block-table aligncenter\" style=\"font-size:16px\"><table><tbody><tr><th>Konkurss<\/th><th>Skol\u0113ns, klase<\/th><th>Skolot\u0101js<\/th><th>Vieta<\/th><\/tr><tr><td colspan=\"4\"><\/td><\/tr><tr><td>Siguldas novada skol\u0113nu skatuves <br>runas konkurss<\/td><td><strong>Estere \u016ape (2.c), <br>S\u0101ra Gail\u012bte (5.a)<\/strong><\/td><td>M\u0101r\u012bte Ziemele, <br>Krist\u012bne Gail\u012bte<\/td><td><strong>Augst\u0101k\u0101 pak\u0101pe<\/strong><\/td><\/tr><tr><td>Siguldas novada skol\u0113nu skatuves <br>runas konkurss<\/td><td><strong>D\u0101rta Raslava (1.b),<br>Kirils Aleksejevs (1.c),<br>Dominiks Ozols (3.b),<br>Ragn\u0101rs Muksti\u0146\u0161 (4.b),<br>Lote \u0160teinberga (5.c)<\/strong><\/td><td>Laila Adzil\u010da,<br>Iveta \u0136au\u0137\u012bte,<br>Laila Biteniece,<br>Lolita \u0160teinberga,<\/td><td><strong>I pak\u0101pe<\/strong><\/td><\/tr><tr><td>Konkurss &#8220;ERUD\u012aTS&#8221; 4.-5. kl.<\/td><td><strong>A.Dobinda, <\/strong><strong>V.Ozoli\u0146a, <br>L.Ke\u0161\u0101ne,<\/strong> <strong>R.St\u0101mers, <br>E.Kairis, M.Bulavs,<br>5.c klase<\/strong><\/td><td><\/td><td><strong>I<\/strong><\/td><\/tr><tr><td>Konkurss &#8220;ERUD\u012aTS&#8221; 4.-5. kl.<\/td><td><strong>E.St\u0101mere, <\/strong><strong>P.Lauga, <\/strong><br><strong>L.E.Zu\u0161a, <\/strong><strong>E.Deksnis,<\/strong><br><strong>M.Kairis, <\/strong><strong>D.Dunskis,<br>4.b klase<\/strong><\/td><td><\/td><td><strong>II<\/strong><\/td><\/tr><tr><td>Konkurss &#8220;ERUD\u012aTS&#8221; 4.-5. kl.<\/td><td><strong>M.Kalni\u0146a, <\/strong><strong>S.Gail\u012bte, <\/strong><br><strong>E.\u0160\u0137endere, <\/strong><strong>M.\u0136iploks, <\/strong><br><strong>A.Tru\u0161elis, <\/strong><strong>\u0100.O.Kikusts, <\/strong><br><strong>5.a klase<\/strong><\/td><td><\/td><td><strong>III<\/strong><\/td><\/tr><tr><td>Konkurss &#8220;ERUD\u012aTS&#8221; 6.-7. kl<\/td><td><strong>E.Buile, L.Horelika, <\/strong><br><strong>E.Sarapova, A.\u0100boli\u0146\u0161, <\/strong><br><strong>K.E.Petrovics, Z.Lapi\u0146\u0161, <\/strong><br><strong>6.a klase<\/strong><\/td><td><\/td><td><strong><br>I<\/strong><\/td><\/tr><tr><td>Konkurss &#8220;ERUD\u012aTS&#8221; 6.-7. kl<\/td><td><strong>M.P.Broka, M.L.Kr\u016bmi\u0146a, <\/strong><br><strong>S.Ozolante, V.Pakalns, <\/strong><br><strong>R.V\u0101vere, A.Uzars, <\/strong><br><strong>6.b klase<\/strong><\/td><td><\/td><td><strong>II<\/strong><\/td><\/tr><tr><td>Konkurss &#8220;ERUD\u012aTS&#8221; 6.-7. kl<\/td><td><strong>H.Butkus, L.\u0160teinberga, <\/strong><br><strong>D.T\u012bsa, D.Druziks, <\/strong><br><strong>H.\u0100ri\u0146\u0161, K.Kan\u010ds, <\/strong><br><strong>7.c klase<\/strong><\/td><td><\/td><td><strong><br>III<\/strong><\/td><\/tr><tr><td>Konkurss &#8220;ERUD\u012aTS&#8221; 8.-9. kl.<\/td><td><strong>E.\u0160ica, E.Gail\u012bte, <\/strong><br><strong>P.Lemberga, A.An\u0161mits, <\/strong><br><strong>R.\u0136iploks, I.Buk\u0161s, <\/strong><br><strong>9.b klase<\/strong><\/td><td><\/td><td><strong>I<\/strong><\/td><\/tr><tr><td>Konkurss &#8220;ERUD\u012aTS&#8221; 8.-9. kl.<\/td><td><strong>L.M\u0101rtinsone, L.Krau\u0161a, <\/strong><br><strong>V.Delikatnija, E.M\u0101rtinsons, <\/strong><br><strong>J.B\u0113rzi\u0146\u0161, M.Tru\u0161elis, <\/strong><br><strong>9.a klase<\/strong><\/td><td><\/td><td><strong>II<\/strong><\/td><\/tr><tr><td>Konkurss &#8220;ERUD\u012aTS&#8221; 8.-9. kl.<\/td><td><strong>M.Bogdane, E.Eisaka, <\/strong><br><strong>A.Slav\u0113na, G.Luka\u0161\u010diks, <\/strong><br><strong>M.O.Saule, K.Jegurs, <\/strong><br><strong>9.c<\/strong> <strong>klase<\/strong><\/td><td><\/td><td><strong>III<\/strong><\/td><\/tr><tr><td>Konkurss &#8220;MAZAIS ERUD\u012aTS&#8221; 1.-3. kl.<\/td><td><strong>Amanda Kalni\u0146a (1.a), <\/strong><br><strong>Anna Pokrovska (1.b), <br>Nora Eni\u0146a (1.c),<\/strong><br><strong>\u0112riks Kr\u016bmi\u0146\u0161 (2.a), <br>K\u0101rlis Maur\u0101ns (2.b), <\/strong><br><strong>Estere \u016ape (2.c),<br>M\u0101rcis Gruduls (3.a), <\/strong><br><strong>Dominiks Ozols (3.b), <\/strong><br><strong>Letia G\u016btmane (3.c)<\/strong><\/td><td><\/td><td><strong>I<\/strong><\/td><\/tr><tr><td>Konkurss &#8220;MAZAIS ERUD\u012aTS&#8221; 1.-3. kl.<\/td><td><strong>Kristers Apars (1.a), <\/strong><br><strong>Ralfs V\u012btols (1.b), <br>J\u0113kabs Lapi\u0146\u0161 (1.c),<\/strong><br><strong>Alekss K\u013cimovi\u010ds (2.a), <br>Sandis P\u0113k\u0161ens (2.b), <\/strong><br><strong>Sindija Valga\u010da (2.c),<br>Teodors Uzuls (3.a), <\/strong><br><strong>Paula Raslava (3.b), <\/strong><br><strong>Eduards Prindulis (3.c)<\/strong><\/td><td><\/td><td><strong>II<\/strong><\/td><\/tr><tr><td>Konkurss &#8220;MAZAIS ERUD\u012aTS&#8221; 1.-3. kl.<\/td><td><strong>Estere Labanovska (1.a), <\/strong><br><strong>Olivers L\u0101cis (1.b), <br>Leila Vimba (1.c), <\/strong><br><strong>Gundega Medne (2.a), <br>Miks Podberezskis (2.b), <\/strong><br><strong>J\u0101nis Mednis (2.c),<br>J\u0113kabs \u0100dams Grots (3.a), <\/strong><br><strong>Maija Deksne (3.b), <\/strong><br><strong>Em\u012blija Purmale (3.c)<\/strong><\/td><td><\/td><td><strong>III<\/strong><\/td><\/tr><\/tbody><\/table><\/figure>\n\n\n\n<p><\/p>\n\n\n\n<h2 class=\"wp-block-heading\">Sporta pas\u0101kumu un sacens\u012bbu\u00a0laure\u0101ti 2025.\/2026. m\u0101c\u012bbu gad\u0101<\/h2>\n\n\n\n<figure class=\"wp-block-table aligncenter\" style=\"font-size:16px\"><table class=\"has-fixed-layout\"><tbody><tr><th>Sporta pas\u0101kums<\/th><th>Skol\u0113ns, klase<\/th><th>Skolot\u0101js<\/th><th>Vieta<\/th><\/tr><tr><td colspan=\"4\">&nbsp;<\/td><\/tr><tr><td>Latvijas \u010dempion\u0101ts S-14 grup\u0101 3x2km stafet\u0113 br\u012bvaj\u0101 stil\u0101<\/td><td><strong>Herta Butkus<\/strong> <strong>(7.c)<\/strong><\/td><td>Laura Lapi\u0146a<\/td><td><strong>I<\/strong><\/td><\/tr><tr><td>Vidzemes skolu \u0161aha olimpi\u0101de<\/td><td><strong>Agate \u010candere (8.c)<\/strong><\/td><td>Sandra Harlinska<\/td><td><strong>III<\/strong><\/td><\/tr><tr><td>S!-Fischer 2026 ziemas skol\u0113nu \u010dempion\u0101ta distan\u010du <br>\u010dempion\u0101ta 2.posms<\/td><td><strong>Herta Butkus<\/strong> <strong>(7.c)<\/strong><\/td><td>Laura Lapi\u0146a<\/td><td><strong>I<\/strong><\/td><\/tr><\/tbody><\/table><\/figure>\n","protected":false},"excerpt":{"rendered":"<p>M\u0101c\u012bbu priek\u0161metu valsts olimpi\u0101\u017eu laure\u0101ti 2025.\/2026. m\u0101c\u012bbu gad\u0101 Olimpi\u0101de Skol\u0113ns, klase Skolot\u0101js Vieta &nbsp; \u0136\u012bmijas valsts 67. olimpi\u0101de Adrians An\u0161mits (9.b kl.) Inese Borti\u0146a I pak\u0101pe Ang\u013cu valodas valsts 55. &#8230; <a title=\"2025.\/2026.\" class=\"read-more\" href=\"https:\/\/sig1psk.lv\/index.php\/2025-2026\/\" aria-label=\"Read more about 2025.\/2026.\">Las\u012bt t\u0101l\u0101k<\/a><\/p>\n","protected":false},"author":2,"featured_media":0,"parent":0,"menu_order":0,"comment_status":"closed","ping_status":"closed","template":"","meta":{"footnotes":""},"class_list":["post-3411","page","type-page","status-publish"],"rttpg_featured_image_url":null,"rttpg_author":{"display_name":"Siguldas Pamatskola","author_link":"https:\/\/sig1psk.lv\/index.php\/author\/admins\/"},"rttpg_comment":0,"rttpg_category":null,"rttpg_excerpt":"M\u0101c\u012bbu priek\u0161metu valsts olimpi\u0101\u017eu laure\u0101ti 2025.\/2026. m\u0101c\u012bbu gad\u0101 Olimpi\u0101de Skol\u0113ns, klase Skolot\u0101js Vieta &nbsp; \u0136\u012bmijas valsts 67. olimpi\u0101de Adrians An\u0161mits (9.b kl.) Inese Borti\u0146a I pak\u0101pe Ang\u013cu valodas valsts 55. ... Las\u012bt t\u0101l\u0101k","_links":{"self":[{"href":"https:\/\/sig1psk.lv\/index.php\/wp-json\/wp\/v2\/pages\/3411","targetHints":{"allow":["GET"]}}],"collection":[{"href":"https:\/\/sig1psk.lv\/index.php\/wp-json\/wp\/v2\/pages"}],"about":[{"href":"https:\/\/sig1psk.lv\/index.php\/wp-json\/wp\/v2\/types\/page"}],"author":[{"embeddable":true,"href":"https:\/\/sig1psk.lv\/index.php\/wp-json\/wp\/v2\/users\/2"}],"replies":[{"embeddable":true,"href":"https:\/\/sig1psk.lv\/index.php\/wp-json\/wp\/v2\/comments?post=3411"}],"version-history":[{"count":93,"href":"https:\/\/sig1psk.lv\/index.php\/wp-json\/wp\/v2\/pages\/3411\/revisions"}],"predecessor-version":[{"id":4427,"href":"https:\/\/sig1psk.lv\/index.php\/wp-json\/wp\/v2\/pages\/3411\/revisions\/4427"}],"wp:attachment":[{"href":"https:\/\/sig1psk.lv\/index.php\/wp-json\/wp\/v2\/media?parent=3411"}],"curies":[{"name":"wp","href":"https:\/\/api.w.org\/{rel}","templated":true}]}}