{"id":3093,"date":"2025-06-11T10:31:21","date_gmt":"2025-06-11T08:31:21","guid":{"rendered":"https:\/\/sig1psk.lv\/?page_id=3093"},"modified":"2025-06-11T11:06:31","modified_gmt":"2025-06-11T09:06:31","slug":"ricibas-dienas-2024","status":"publish","type":"page","link":"https:\/\/sig1psk.lv\/index.php\/ricibas-dienas-2024\/","title":{"rendered":"R\u012aC\u012aBAS DIENAS 2024.\/2025."},"content":{"rendered":"\n<p style=\"font-size:17px\"><strong>\u2013<a href=\"https:\/\/sig1psk.lv\/wp-content\/uploads\/2025\/06\/11_ricibasdienas.docx\">&nbsp;Ekoskolu r\u012bc\u012bbas dienas- M\u0101rti\u0146dienas tirdzi\u0146\u0161<\/a><\/strong><\/p>\n\n\n\n<p style=\"font-size:17px\">Ekoskolu R\u012bc\u012bbas dienu ned\u0113\u013c\u0101 8.novembr\u012b Siguldas 1. pamatskol\u0101 norisin\u0101j\u0101s M\u0101rti\u0146dienas tirgus, kur\u0161 tapis ar Ekopadomes un Skol\u0113nu pa\u0161p\u0101rvaldes iesaisti. Pas\u0101kum\u0101 skat\u012bt\u0101jus priec\u0113ja Eko Modes par\u0101de ar otrreiz izmantotiem t\u0113rpiem no dab\u012bgiem un p\u0101rstr\u0101d\u0101tiem materi\u0101liem, un skat\u012bt\u0101ji var\u0113ja iesaist\u012bties, veidojot savus dizainus! Neizpalika latvju dan\u010di un rudens vel\u0161u \u0161\u0137iro\u0161anas konkurss, tic\u0113jumu sacer\u0113\u0161ana, tautasdziesmu skait\u012b\u0161ana un viktor\u012bna par miegu, jo rudens n\u0101k ar miego\u0161anos! \u0160is rado\u0161ais pas\u0101kums gan turpin\u0101ja skolas trad\u012bciju, gan skolu iesaist\u012bja Ekoskolu R\u012bc\u012bbas dien\u0101s!<\/p>\n\n\n<div class=\"wp-block-image\">\n<figure class=\"aligncenter size-full\"><img loading=\"lazy\" decoding=\"async\" width=\"579\" height=\"267\" src=\"https:\/\/sig1psk.lv\/wp-content\/uploads\/2025\/06\/image-5.png\" alt=\"\" class=\"wp-image-3115\" srcset=\"https:\/\/sig1psk.lv\/wp-content\/uploads\/2025\/06\/image-5.png 579w, https:\/\/sig1psk.lv\/wp-content\/uploads\/2025\/06\/image-5-300x138.png 300w\" sizes=\"auto, (max-width: 579px) 100vw, 579px\" \/><\/figure>\n<\/div>\n\n\n<p><\/p>\n\n\n<div class=\"wp-block-image\">\n<figure class=\"aligncenter size-full\"><img loading=\"lazy\" decoding=\"async\" width=\"579\" height=\"434\" src=\"https:\/\/sig1psk.lv\/wp-content\/uploads\/2025\/06\/image-6.png\" alt=\"\" class=\"wp-image-3116\" srcset=\"https:\/\/sig1psk.lv\/wp-content\/uploads\/2025\/06\/image-6.png 579w, https:\/\/sig1psk.lv\/wp-content\/uploads\/2025\/06\/image-6-300x225.png 300w\" sizes=\"auto, (max-width: 579px) 100vw, 579px\" \/><\/figure>\n<\/div>\n\n\n<p><\/p>\n\n\n\n<p><\/p>\n","protected":false},"excerpt":{"rendered":"<p>\u2013&nbsp;Ekoskolu r\u012bc\u012bbas dienas- M\u0101rti\u0146dienas tirdzi\u0146\u0161 Ekoskolu R\u012bc\u012bbas dienu ned\u0113\u013c\u0101 8.novembr\u012b Siguldas 1. pamatskol\u0101 norisin\u0101j\u0101s M\u0101rti\u0146dienas tirgus, kur\u0161 tapis ar Ekopadomes un Skol\u0113nu pa\u0161p\u0101rvaldes iesaisti. Pas\u0101kum\u0101 skat\u012bt\u0101jus priec\u0113ja Eko Modes par\u0101de &#8230; <a title=\"R\u012aC\u012aBAS DIENAS 2024.\/2025.\" class=\"read-more\" href=\"https:\/\/sig1psk.lv\/index.php\/ricibas-dienas-2024\/\" aria-label=\"Read more about R\u012aC\u012aBAS DIENAS 2024.\/2025.\">Las\u012bt t\u0101l\u0101k<\/a><\/p>\n","protected":false},"author":2,"featured_media":0,"parent":0,"menu_order":0,"comment_status":"closed","ping_status":"closed","template":"","meta":{"footnotes":""},"class_list":["post-3093","page","type-page","status-publish"],"rttpg_featured_image_url":null,"rttpg_author":{"display_name":"Siguldas Pamatskola","author_link":"https:\/\/sig1psk.lv\/index.php\/author\/admins\/"},"rttpg_comment":0,"rttpg_category":null,"rttpg_excerpt":"\u2013&nbsp;Ekoskolu r\u012bc\u012bbas dienas- M\u0101rti\u0146dienas tirdzi\u0146\u0161 Ekoskolu R\u012bc\u012bbas dienu ned\u0113\u013c\u0101 8.novembr\u012b Siguldas 1. pamatskol\u0101 norisin\u0101j\u0101s M\u0101rti\u0146dienas tirgus, kur\u0161 tapis ar Ekopadomes un Skol\u0113nu pa\u0161p\u0101rvaldes iesaisti. Pas\u0101kum\u0101 skat\u012bt\u0101jus priec\u0113ja Eko Modes par\u0101de ... Las\u012bt t\u0101l\u0101k","_links":{"self":[{"href":"https:\/\/sig1psk.lv\/index.php\/wp-json\/wp\/v2\/pages\/3093","targetHints":{"allow":["GET"]}}],"collection":[{"href":"https:\/\/sig1psk.lv\/index.php\/wp-json\/wp\/v2\/pages"}],"about":[{"href":"https:\/\/sig1psk.lv\/index.php\/wp-json\/wp\/v2\/types\/page"}],"author":[{"embeddable":true,"href":"https:\/\/sig1psk.lv\/index.php\/wp-json\/wp\/v2\/users\/2"}],"replies":[{"embeddable":true,"href":"https:\/\/sig1psk.lv\/index.php\/wp-json\/wp\/v2\/comments?post=3093"}],"version-history":[{"count":6,"href":"https:\/\/sig1psk.lv\/index.php\/wp-json\/wp\/v2\/pages\/3093\/revisions"}],"predecessor-version":[{"id":3119,"href":"https:\/\/sig1psk.lv\/index.php\/wp-json\/wp\/v2\/pages\/3093\/revisions\/3119"}],"wp:attachment":[{"href":"https:\/\/sig1psk.lv\/index.php\/wp-json\/wp\/v2\/media?parent=3093"}],"curies":[{"name":"wp","href":"https:\/\/api.w.org\/{rel}","templated":true}]}}