{"id":2908,"date":"2025-05-20T16:40:28","date_gmt":"2025-05-20T14:40:28","guid":{"rendered":"https:\/\/sig1psk.lv\/?page_id=2908"},"modified":"2025-05-20T16:40:29","modified_gmt":"2025-05-20T14:40:29","slug":"izstade-skola-2025","status":"publish","type":"page","link":"https:\/\/sig1psk.lv\/index.php\/izstade-skola-2025\/","title":{"rendered":"IZST\u0100DE \u201cSKOLA 2025\u201d"},"content":{"rendered":"\n<p style=\"font-size:17px\">Piektdien, 21.febru\u0101r\u012b, visi Siguldas 1.pamatskolas 9.kla\u0161u skol\u0113ni apmekl\u0113ja ikgad\u0113jo izst\u0101di \u201cSkola 2025\u201d \u0136\u012bpsal\u0101. Skol\u0113niem bija iesp\u0113ja uzzin\u0101t par da\u017e\u0101d\u0101m turpm\u0101ko m\u0101c\u012bbu iesp\u0113j\u0101m, \u012bpa\u0161i da\u017e\u0101d\u0101s koled\u017e\u0101s. \u012apa\u0161u interesi izrais\u012bja RSU koled\u017eas pied\u0101v\u0101jums, J\u016brniec\u012bbas koled\u017ea, Valsts policijas koled\u017ea un m\u0101c\u012bbu iest\u0101des, saist\u012btas ar IT jomu. Izst\u0101d\u0113 iepaz\u012btais pal\u012bdz\u0113s skol\u0113niem izv\u0113l\u0113ties n\u0101kotnes profesiju!<\/p>\n\n\n<div class=\"wp-block-image\">\n<figure class=\"aligncenter size-full\"><img loading=\"lazy\" decoding=\"async\" width=\"526\" height=\"701\" src=\"https:\/\/sig1psk.lv\/wp-content\/uploads\/2025\/05\/491930401_1358697759089848_3380102361565334942_n-1.jpg\" alt=\"\" class=\"wp-image-2909\" srcset=\"https:\/\/sig1psk.lv\/wp-content\/uploads\/2025\/05\/491930401_1358697759089848_3380102361565334942_n-1.jpg 526w, https:\/\/sig1psk.lv\/wp-content\/uploads\/2025\/05\/491930401_1358697759089848_3380102361565334942_n-1-225x300.jpg 225w\" sizes=\"auto, (max-width: 526px) 100vw, 526px\" \/><\/figure>\n<\/div>","protected":false},"excerpt":{"rendered":"<p>Piektdien, 21.febru\u0101r\u012b, visi Siguldas 1.pamatskolas 9.kla\u0161u skol\u0113ni apmekl\u0113ja ikgad\u0113jo izst\u0101di \u201cSkola 2025\u201d \u0136\u012bpsal\u0101. Skol\u0113niem bija iesp\u0113ja uzzin\u0101t par da\u017e\u0101d\u0101m turpm\u0101ko m\u0101c\u012bbu iesp\u0113j\u0101m, \u012bpa\u0161i da\u017e\u0101d\u0101s koled\u017e\u0101s. \u012apa\u0161u interesi izrais\u012bja RSU koled\u017eas &#8230; <a title=\"IZST\u0100DE \u201cSKOLA 2025\u201d\" class=\"read-more\" href=\"https:\/\/sig1psk.lv\/index.php\/izstade-skola-2025\/\" aria-label=\"Read more about IZST\u0100DE \u201cSKOLA 2025\u201d\">Las\u012bt t\u0101l\u0101k<\/a><\/p>\n","protected":false},"author":2,"featured_media":0,"parent":0,"menu_order":0,"comment_status":"closed","ping_status":"closed","template":"","meta":{"footnotes":""},"class_list":["post-2908","page","type-page","status-publish"],"rttpg_featured_image_url":null,"rttpg_author":{"display_name":"Siguldas Pamatskola","author_link":"https:\/\/sig1psk.lv\/index.php\/author\/admins\/"},"rttpg_comment":0,"rttpg_category":null,"rttpg_excerpt":"Piektdien, 21.febru\u0101r\u012b, visi Siguldas 1.pamatskolas 9.kla\u0161u skol\u0113ni apmekl\u0113ja ikgad\u0113jo izst\u0101di \u201cSkola 2025\u201d \u0136\u012bpsal\u0101. Skol\u0113niem bija iesp\u0113ja uzzin\u0101t par da\u017e\u0101d\u0101m turpm\u0101ko m\u0101c\u012bbu iesp\u0113j\u0101m, \u012bpa\u0161i da\u017e\u0101d\u0101s koled\u017e\u0101s. \u012apa\u0161u interesi izrais\u012bja RSU koled\u017eas ... Las\u012bt t\u0101l\u0101k","_links":{"self":[{"href":"https:\/\/sig1psk.lv\/index.php\/wp-json\/wp\/v2\/pages\/2908","targetHints":{"allow":["GET"]}}],"collection":[{"href":"https:\/\/sig1psk.lv\/index.php\/wp-json\/wp\/v2\/pages"}],"about":[{"href":"https:\/\/sig1psk.lv\/index.php\/wp-json\/wp\/v2\/types\/page"}],"author":[{"embeddable":true,"href":"https:\/\/sig1psk.lv\/index.php\/wp-json\/wp\/v2\/users\/2"}],"replies":[{"embeddable":true,"href":"https:\/\/sig1psk.lv\/index.php\/wp-json\/wp\/v2\/comments?post=2908"}],"version-history":[{"count":1,"href":"https:\/\/sig1psk.lv\/index.php\/wp-json\/wp\/v2\/pages\/2908\/revisions"}],"predecessor-version":[{"id":2910,"href":"https:\/\/sig1psk.lv\/index.php\/wp-json\/wp\/v2\/pages\/2908\/revisions\/2910"}],"wp:attachment":[{"href":"https:\/\/sig1psk.lv\/index.php\/wp-json\/wp\/v2\/media?parent=2908"}],"curies":[{"name":"wp","href":"https:\/\/api.w.org\/{rel}","templated":true}]}}