{"id":267,"date":"2023-08-18T12:03:31","date_gmt":"2023-08-18T10:03:31","guid":{"rendered":"https:\/\/sig1psk.lv\/?page_id=267"},"modified":"2024-10-29T14:34:43","modified_gmt":"2024-10-29T12:34:43","slug":"267-2","status":"publish","type":"page","link":"https:\/\/sig1psk.lv\/","title":{"rendered":""},"content":{"rendered":"<div id=\"psacp-post-carousel-wrap-1\" class=\"psacp-wrap psacp-post-carousel-wrap owl-carousel psacp-design-1 psacp-has-arrows psacp-clearfix\" data-conf=\"{&quot;slide_show&quot;:3,&quot;loop&quot;:true,&quot;arrows&quot;:true,&quot;dots&quot;:true,&quot;autoplay&quot;:true,&quot;autoplay_interval&quot;:5000,&quot;speed&quot;:500,&quot;slide_scroll&quot;:3,&quot;rtl&quot;:false}\"><div class=\"psacp-post-slide psacp-post-4370 psacp-post-standard psacp-has-thumb\">\r\n\t<div class=\"psacp-post-carousel-content\">\r\n\t\t<div class=\"psacp-post-img-bg\" style=\"background-image:url(https:\/\/sig1psk.lv\/wp-content\/uploads\/2026\/04\/02.04-500x500.jpg);\">\r\n\t\t\t<a class=\"psacp-post-linkoverlay\" href=\"https:\/\/sig1psk.lv\/index.php\/2026\/04\/02\/kimijas-valsts-67-olimpiade\/\"><\/a>\r\n\t\t\t<div class=\"psacp-post-overlay\">\r\n\t\t\t\t\t\t\t\t<h2 class=\"psacp-post-title\">\r\n\t\t\t\t\t<a href=\"https:\/\/sig1psk.lv\/index.php\/2026\/04\/02\/kimijas-valsts-67-olimpiade\/\">\u0136\u012bmijas valsts 67.olimpi\u0101de<\/a>\r\n\t\t\t\t<\/h2>\r\n\r\n\t\t\t\t\t\t\t<\/div>\r\n\t\t<\/div>\r\n\r\n\t\t\t<\/div>\r\n<\/div><div class=\"psacp-post-slide psacp-post-4367 psacp-post-standard psacp-has-thumb\">\r\n\t<div class=\"psacp-post-carousel-content\">\r\n\t\t<div class=\"psacp-post-img-bg\" style=\"background-image:url(https:\/\/sig1psk.lv\/wp-content\/uploads\/2026\/04\/3003-500x500.jpg);\">\r\n\t\t\t<a class=\"psacp-post-linkoverlay\" href=\"https:\/\/sig1psk.lv\/index.php\/2026\/03\/30\/valsts-olimpiade-anglu-valoda-apsveicam-un-lepojamies\/\"><\/a>\r\n\t\t\t<div class=\"psacp-post-overlay\">\r\n\t\t\t\t\t\t\t\t<h2 class=\"psacp-post-title\">\r\n\t\t\t\t\t<a href=\"https:\/\/sig1psk.lv\/index.php\/2026\/03\/30\/valsts-olimpiade-anglu-valoda-apsveicam-un-lepojamies\/\">Valsts olimpi\u0101de ang\u013cu valod\u0101. Apsveicam un lepojamies!<\/a>\r\n\t\t\t\t<\/h2>\r\n\r\n\t\t\t\t\t\t\t<\/div>\r\n\t\t<\/div>\r\n\r\n\t\t\t<\/div>\r\n<\/div><div class=\"psacp-post-slide psacp-post-4364 psacp-post-standard psacp-has-thumb\">\r\n\t<div class=\"psacp-post-carousel-content\">\r\n\t\t<div class=\"psacp-post-img-bg\" style=\"background-image:url(https:\/\/sig1psk.lv\/wp-content\/uploads\/2026\/04\/2503-500x500.jpg);\">\r\n\t\t\t<a class=\"psacp-post-linkoverlay\" href=\"https:\/\/sig1psk.lv\/index.php\/2026\/03\/25\/atklata-kimijas-olimpiade\/\"><\/a>\r\n\t\t\t<div class=\"psacp-post-overlay\">\r\n\t\t\t\t\t\t\t\t<h2 class=\"psacp-post-title\">\r\n\t\t\t\t\t<a href=\"https:\/\/sig1psk.lv\/index.php\/2026\/03\/25\/atklata-kimijas-olimpiade\/\">Atkl\u0101t\u0101 \u0137\u012bmijas olimpi\u0101de<\/a>\r\n\t\t\t\t<\/h2>\r\n\r\n\t\t\t\t\t\t\t<\/div>\r\n\t\t<\/div>\r\n\r\n\t\t\t<\/div>\r\n<\/div><div class=\"psacp-post-slide psacp-post-4344 psacp-post-standard psacp-has-thumb\">\r\n\t<div class=\"psacp-post-carousel-content\">\r\n\t\t<div class=\"psacp-post-img-bg\" style=\"background-image:url(https:\/\/sig1psk.lv\/wp-content\/uploads\/2026\/03\/656423393_1667158944910393_6440549586306678257_n-500x500.jpg);\">\r\n\t\t\t<a class=\"psacp-post-linkoverlay\" href=\"https:\/\/sig1psk.lv\/index.php\/2026\/03\/23\/zemgales-novada-matematikas-olimpiade-apsveicam-un-lepojamies\/\"><\/a>\r\n\t\t\t<div class=\"psacp-post-overlay\">\r\n\t\t\t\t\t\t\t\t<h2 class=\"psacp-post-title\">\r\n\t\t\t\t\t<a href=\"https:\/\/sig1psk.lv\/index.php\/2026\/03\/23\/zemgales-novada-matematikas-olimpiade-apsveicam-un-lepojamies\/\">Zemgales novada matem\u0101tikas olimpi\u0101de. Apsveicam un lepojamies!<\/a>\r\n\t\t\t\t<\/h2>\r\n\r\n\t\t\t\t\t\t\t<\/div>\r\n\t\t<\/div>\r\n\r\n\t\t\t<\/div>\r\n<\/div><div class=\"psacp-post-slide psacp-post-4274 psacp-post-standard psacp-has-thumb\">\r\n\t<div class=\"psacp-post-carousel-content\">\r\n\t\t<div class=\"psacp-post-img-bg\" style=\"background-image:url(https:\/\/sig1psk.lv\/wp-content\/uploads\/2026\/03\/24-500x500.jpg);\">\r\n\t\t\t<a class=\"psacp-post-linkoverlay\" href=\"https:\/\/sig1psk.lv\/index.php\/2026\/03\/20\/12-atklata-inzenierzinatnu-olimpiade-aizo-2026\/\"><\/a>\r\n\t\t\t<div class=\"psacp-post-overlay\">\r\n\t\t\t\t\t\t\t\t<h2 class=\"psacp-post-title\">\r\n\t\t\t\t\t<a href=\"https:\/\/sig1psk.lv\/index.php\/2026\/03\/20\/12-atklata-inzenierzinatnu-olimpiade-aizo-2026\/\">12. Atkl\u0101t\u0101 in\u017eenierzin\u0101t\u0146u olimpi\u0101de (AIZO) 2026<\/a>\r\n\t\t\t\t<\/h2>\r\n\r\n\t\t\t\t\t\t\t<\/div>\r\n\t\t<\/div>\r\n\r\n\t\t\t<\/div>\r\n<\/div><div class=\"psacp-post-slide psacp-post-4270 psacp-post-standard psacp-has-thumb\">\r\n\t<div class=\"psacp-post-carousel-content\">\r\n\t\t<div class=\"psacp-post-img-bg\" style=\"background-image:url(https:\/\/sig1psk.lv\/wp-content\/uploads\/2026\/03\/23-500x500.jpg);\">\r\n\t\t\t<a class=\"psacp-post-linkoverlay\" href=\"https:\/\/sig1psk.lv\/index.php\/2026\/03\/20\/valsts-olimpiade-vesture-apsveicam-un-lepojamies\/\"><\/a>\r\n\t\t\t<div class=\"psacp-post-overlay\">\r\n\t\t\t\t\t\t\t\t<h2 class=\"psacp-post-title\">\r\n\t\t\t\t\t<a href=\"https:\/\/sig1psk.lv\/index.php\/2026\/03\/20\/valsts-olimpiade-vesture-apsveicam-un-lepojamies\/\">Valsts olimpi\u0101de v\u0113stur\u0113. Apsveicam un lepojamies!<\/a>\r\n\t\t\t\t<\/h2>\r\n\r\n\t\t\t\t\t\t\t<\/div>\r\n\t\t<\/div>\r\n\r\n\t\t\t<\/div>\r\n<\/div><div class=\"psacp-post-slide psacp-post-4267 psacp-post-standard psacp-has-thumb\">\r\n\t<div class=\"psacp-post-carousel-content\">\r\n\t\t<div class=\"psacp-post-img-bg\" style=\"background-image:url(https:\/\/sig1psk.lv\/wp-content\/uploads\/2026\/03\/22-500x500.jpg);\">\r\n\t\t\t<a class=\"psacp-post-linkoverlay\" href=\"https:\/\/sig1psk.lv\/index.php\/2026\/03\/18\/siguldas-novada-skolu-olimpiade-matematika-5-8-klasei\/\"><\/a>\r\n\t\t\t<div class=\"psacp-post-overlay\">\r\n\t\t\t\t\t\t\t\t<h2 class=\"psacp-post-title\">\r\n\t\t\t\t\t<a href=\"https:\/\/sig1psk.lv\/index.php\/2026\/03\/18\/siguldas-novada-skolu-olimpiade-matematika-5-8-klasei\/\">Siguldas novada skolu olimpi\u0101de matem\u0101tik\u0101 5.-8.klasei<\/a>\r\n\t\t\t\t<\/h2>\r\n\r\n\t\t\t\t\t\t\t<\/div>\r\n\t\t<\/div>\r\n\r\n\t\t\t<\/div>\r\n<\/div><div class=\"psacp-post-slide psacp-post-4135 psacp-post-standard psacp-has-thumb\">\r\n\t<div class=\"psacp-post-carousel-content\">\r\n\t\t<div class=\"psacp-post-img-bg\" style=\"background-image:url(https:\/\/sig1psk.lv\/wp-content\/uploads\/2026\/03\/650482841_1655950942697860_3667543179376630803_n-500x500.jpg);\">\r\n\t\t\t<a class=\"psacp-post-linkoverlay\" href=\"https:\/\/sig1psk.lv\/index.php\/2026\/03\/15\/siguldas-novada-skolu-olimpiade-anglu-valoda-specialo-programmu-skoleniem-apsveicam-un-lepojamies\/\"><\/a>\r\n\t\t\t<div class=\"psacp-post-overlay\">\r\n\t\t\t\t\t\t\t\t<h2 class=\"psacp-post-title\">\r\n\t\t\t\t\t<a href=\"https:\/\/sig1psk.lv\/index.php\/2026\/03\/15\/siguldas-novada-skolu-olimpiade-anglu-valoda-specialo-programmu-skoleniem-apsveicam-un-lepojamies\/\">Siguldas novada skolu olimpi\u0101de ang\u013cu valod\u0101 (speci\u0101lo programmu skol\u0113niem). Apsveicam un lepojamies!<\/a>\r\n\t\t\t\t<\/h2>\r\n\r\n\t\t\t\t\t\t\t<\/div>\r\n\t\t<\/div>\r\n\r\n\t\t\t<\/div>\r\n<\/div><div class=\"psacp-post-slide psacp-post-4128 psacp-post-standard psacp-has-thumb\">\r\n\t<div class=\"psacp-post-carousel-content\">\r\n\t\t<div class=\"psacp-post-img-bg\" style=\"background-image:url(https:\/\/sig1psk.lv\/wp-content\/uploads\/2026\/03\/646282010_1650036503289304_4366154582532525985_n-500x500.jpg);\">\r\n\t\t\t<a class=\"psacp-post-linkoverlay\" href=\"https:\/\/sig1psk.lv\/index.php\/2026\/03\/09\/sarunas-ar-skolotajiem-3\/\"><\/a>\r\n\t\t\t<div class=\"psacp-post-overlay\">\r\n\t\t\t\t\t\t\t\t<h2 class=\"psacp-post-title\">\r\n\t\t\t\t\t<a href=\"https:\/\/sig1psk.lv\/index.php\/2026\/03\/09\/sarunas-ar-skolotajiem-3\/\">Individu\u0101l\u0101s sarunas ar skolot\u0101jiem<\/a>\r\n\t\t\t\t<\/h2>\r\n\r\n\t\t\t\t\t\t\t<\/div>\r\n\t\t<\/div>\r\n\r\n\t\t\t<\/div>\r\n<\/div><\/div>\n\n\n<ul class=\"wp-block-latest-posts__list is-grid columns-3 aligncenter wp-block-latest-posts\"><li><div class=\"wp-block-latest-posts__featured-image\"><img loading=\"lazy\" decoding=\"async\" width=\"724\" height=\"1024\" src=\"https:\/\/sig1psk.lv\/wp-content\/uploads\/2026\/04\/02.04-724x1024.jpg\" class=\"attachment-large size-large wp-post-image\" alt=\"\" style=\"\" srcset=\"https:\/\/sig1psk.lv\/wp-content\/uploads\/2026\/04\/02.04-724x1024.jpg 724w, https:\/\/sig1psk.lv\/wp-content\/uploads\/2026\/04\/02.04-212x300.jpg 212w, https:\/\/sig1psk.lv\/wp-content\/uploads\/2026\/04\/02.04-768x1086.jpg 768w, https:\/\/sig1psk.lv\/wp-content\/uploads\/2026\/04\/02.04-1086x1536.jpg 1086w, https:\/\/sig1psk.lv\/wp-content\/uploads\/2026\/04\/02.04.jpg 1414w\" sizes=\"auto, (max-width: 724px) 100vw, 724px\" \/><\/div><a class=\"wp-block-latest-posts__post-title\" href=\"https:\/\/sig1psk.lv\/index.php\/2026\/04\/02\/kimijas-valsts-67-olimpiade\/\">\u0136\u012bmijas valsts 67.olimpi\u0101de<\/a><div class=\"wp-block-latest-posts__post-excerpt\"><\/div><\/li>\n<li><div class=\"wp-block-latest-posts__featured-image\"><img loading=\"lazy\" decoding=\"async\" width=\"724\" height=\"1024\" src=\"https:\/\/sig1psk.lv\/wp-content\/uploads\/2026\/04\/3003-724x1024.jpg\" class=\"attachment-large size-large wp-post-image\" alt=\"\" style=\"\" srcset=\"https:\/\/sig1psk.lv\/wp-content\/uploads\/2026\/04\/3003-724x1024.jpg 724w, https:\/\/sig1psk.lv\/wp-content\/uploads\/2026\/04\/3003-212x300.jpg 212w, https:\/\/sig1psk.lv\/wp-content\/uploads\/2026\/04\/3003-768x1086.jpg 768w, https:\/\/sig1psk.lv\/wp-content\/uploads\/2026\/04\/3003-1086x1536.jpg 1086w, https:\/\/sig1psk.lv\/wp-content\/uploads\/2026\/04\/3003.jpg 1414w\" sizes=\"auto, (max-width: 724px) 100vw, 724px\" \/><\/div><a class=\"wp-block-latest-posts__post-title\" href=\"https:\/\/sig1psk.lv\/index.php\/2026\/03\/30\/valsts-olimpiade-anglu-valoda-apsveicam-un-lepojamies\/\">Valsts olimpi\u0101de ang\u013cu valod\u0101. Apsveicam un lepojamies!<\/a><div class=\"wp-block-latest-posts__post-excerpt\"><\/div><\/li>\n<li><div class=\"wp-block-latest-posts__featured-image\"><img loading=\"lazy\" decoding=\"async\" width=\"724\" height=\"1024\" src=\"https:\/\/sig1psk.lv\/wp-content\/uploads\/2026\/04\/2503-724x1024.jpg\" class=\"attachment-large size-large wp-post-image\" alt=\"\" style=\"\" srcset=\"https:\/\/sig1psk.lv\/wp-content\/uploads\/2026\/04\/2503-724x1024.jpg 724w, https:\/\/sig1psk.lv\/wp-content\/uploads\/2026\/04\/2503-212x300.jpg 212w, https:\/\/sig1psk.lv\/wp-content\/uploads\/2026\/04\/2503-768x1086.jpg 768w, https:\/\/sig1psk.lv\/wp-content\/uploads\/2026\/04\/2503-1086x1536.jpg 1086w, https:\/\/sig1psk.lv\/wp-content\/uploads\/2026\/04\/2503.jpg 1414w\" sizes=\"auto, (max-width: 724px) 100vw, 724px\" \/><\/div><a class=\"wp-block-latest-posts__post-title\" href=\"https:\/\/sig1psk.lv\/index.php\/2026\/03\/25\/atklata-kimijas-olimpiade\/\">Atkl\u0101t\u0101 \u0137\u012bmijas olimpi\u0101de<\/a><div class=\"wp-block-latest-posts__post-excerpt\"><\/div><\/li>\n<li><div class=\"wp-block-latest-posts__featured-image\"><img loading=\"lazy\" decoding=\"async\" width=\"724\" height=\"1024\" src=\"https:\/\/sig1psk.lv\/wp-content\/uploads\/2026\/03\/656423393_1667158944910393_6440549586306678257_n-724x1024.jpg\" class=\"attachment-large size-large wp-post-image\" alt=\"\" style=\"\" srcset=\"https:\/\/sig1psk.lv\/wp-content\/uploads\/2026\/03\/656423393_1667158944910393_6440549586306678257_n-724x1024.jpg 724w, https:\/\/sig1psk.lv\/wp-content\/uploads\/2026\/03\/656423393_1667158944910393_6440549586306678257_n-212x300.jpg 212w, https:\/\/sig1psk.lv\/wp-content\/uploads\/2026\/03\/656423393_1667158944910393_6440549586306678257_n-768x1086.jpg 768w, https:\/\/sig1psk.lv\/wp-content\/uploads\/2026\/03\/656423393_1667158944910393_6440549586306678257_n-1086x1536.jpg 1086w, https:\/\/sig1psk.lv\/wp-content\/uploads\/2026\/03\/656423393_1667158944910393_6440549586306678257_n.jpg 1414w\" sizes=\"auto, (max-width: 724px) 100vw, 724px\" \/><\/div><a class=\"wp-block-latest-posts__post-title\" href=\"https:\/\/sig1psk.lv\/index.php\/2026\/03\/23\/zemgales-novada-matematikas-olimpiade-apsveicam-un-lepojamies\/\">Zemgales novada matem\u0101tikas olimpi\u0101de. Apsveicam un lepojamies!<\/a><div class=\"wp-block-latest-posts__post-excerpt\"><\/div><\/li>\n<li><div class=\"wp-block-latest-posts__featured-image\"><img loading=\"lazy\" decoding=\"async\" width=\"724\" height=\"1024\" src=\"https:\/\/sig1psk.lv\/wp-content\/uploads\/2026\/03\/24-724x1024.jpg\" class=\"attachment-large size-large wp-post-image\" alt=\"\" style=\"\" srcset=\"https:\/\/sig1psk.lv\/wp-content\/uploads\/2026\/03\/24-724x1024.jpg 724w, https:\/\/sig1psk.lv\/wp-content\/uploads\/2026\/03\/24-212x300.jpg 212w, https:\/\/sig1psk.lv\/wp-content\/uploads\/2026\/03\/24-768x1086.jpg 768w, https:\/\/sig1psk.lv\/wp-content\/uploads\/2026\/03\/24-1086x1536.jpg 1086w, https:\/\/sig1psk.lv\/wp-content\/uploads\/2026\/03\/24.jpg 1414w\" sizes=\"auto, (max-width: 724px) 100vw, 724px\" \/><\/div><a class=\"wp-block-latest-posts__post-title\" href=\"https:\/\/sig1psk.lv\/index.php\/2026\/03\/20\/12-atklata-inzenierzinatnu-olimpiade-aizo-2026\/\">12. Atkl\u0101t\u0101 in\u017eenierzin\u0101t\u0146u olimpi\u0101de (AIZO) 2026<\/a><div class=\"wp-block-latest-posts__post-excerpt\"><\/div><\/li>\n<li><div class=\"wp-block-latest-posts__featured-image\"><img loading=\"lazy\" decoding=\"async\" width=\"724\" height=\"1024\" src=\"https:\/\/sig1psk.lv\/wp-content\/uploads\/2026\/03\/23-724x1024.jpg\" class=\"attachment-large size-large wp-post-image\" alt=\"\" style=\"\" srcset=\"https:\/\/sig1psk.lv\/wp-content\/uploads\/2026\/03\/23-724x1024.jpg 724w, https:\/\/sig1psk.lv\/wp-content\/uploads\/2026\/03\/23-212x300.jpg 212w, https:\/\/sig1psk.lv\/wp-content\/uploads\/2026\/03\/23-768x1086.jpg 768w, https:\/\/sig1psk.lv\/wp-content\/uploads\/2026\/03\/23-1086x1536.jpg 1086w, https:\/\/sig1psk.lv\/wp-content\/uploads\/2026\/03\/23.jpg 1414w\" sizes=\"auto, (max-width: 724px) 100vw, 724px\" \/><\/div><a class=\"wp-block-latest-posts__post-title\" href=\"https:\/\/sig1psk.lv\/index.php\/2026\/03\/20\/valsts-olimpiade-vesture-apsveicam-un-lepojamies\/\">Valsts olimpi\u0101de v\u0113stur\u0113. Apsveicam un lepojamies!<\/a><div class=\"wp-block-latest-posts__post-excerpt\"><\/div><\/li>\n<li><div class=\"wp-block-latest-posts__featured-image\"><img loading=\"lazy\" decoding=\"async\" width=\"724\" height=\"1024\" src=\"https:\/\/sig1psk.lv\/wp-content\/uploads\/2026\/03\/22-724x1024.jpg\" class=\"attachment-large size-large wp-post-image\" alt=\"\" style=\"\" srcset=\"https:\/\/sig1psk.lv\/wp-content\/uploads\/2026\/03\/22-724x1024.jpg 724w, https:\/\/sig1psk.lv\/wp-content\/uploads\/2026\/03\/22-212x300.jpg 212w, https:\/\/sig1psk.lv\/wp-content\/uploads\/2026\/03\/22-768x1086.jpg 768w, https:\/\/sig1psk.lv\/wp-content\/uploads\/2026\/03\/22-1086x1536.jpg 1086w, https:\/\/sig1psk.lv\/wp-content\/uploads\/2026\/03\/22.jpg 1414w\" sizes=\"auto, (max-width: 724px) 100vw, 724px\" \/><\/div><a class=\"wp-block-latest-posts__post-title\" href=\"https:\/\/sig1psk.lv\/index.php\/2026\/03\/18\/siguldas-novada-skolu-olimpiade-matematika-5-8-klasei\/\">Siguldas novada skolu olimpi\u0101de matem\u0101tik\u0101 5.-8.klasei<\/a><div class=\"wp-block-latest-posts__post-excerpt\"><\/div><\/li>\n<li><div class=\"wp-block-latest-posts__featured-image\"><img loading=\"lazy\" decoding=\"async\" width=\"724\" height=\"1024\" src=\"https:\/\/sig1psk.lv\/wp-content\/uploads\/2026\/03\/650482841_1655950942697860_3667543179376630803_n-724x1024.jpg\" class=\"attachment-large size-large wp-post-image\" alt=\"\" style=\"\" srcset=\"https:\/\/sig1psk.lv\/wp-content\/uploads\/2026\/03\/650482841_1655950942697860_3667543179376630803_n-724x1024.jpg 724w, https:\/\/sig1psk.lv\/wp-content\/uploads\/2026\/03\/650482841_1655950942697860_3667543179376630803_n-212x300.jpg 212w, https:\/\/sig1psk.lv\/wp-content\/uploads\/2026\/03\/650482841_1655950942697860_3667543179376630803_n-768x1086.jpg 768w, https:\/\/sig1psk.lv\/wp-content\/uploads\/2026\/03\/650482841_1655950942697860_3667543179376630803_n-1086x1536.jpg 1086w, https:\/\/sig1psk.lv\/wp-content\/uploads\/2026\/03\/650482841_1655950942697860_3667543179376630803_n.jpg 1414w\" sizes=\"auto, (max-width: 724px) 100vw, 724px\" \/><\/div><a class=\"wp-block-latest-posts__post-title\" href=\"https:\/\/sig1psk.lv\/index.php\/2026\/03\/15\/siguldas-novada-skolu-olimpiade-anglu-valoda-specialo-programmu-skoleniem-apsveicam-un-lepojamies\/\">Siguldas novada skolu olimpi\u0101de ang\u013cu valod\u0101 (speci\u0101lo programmu skol\u0113niem). Apsveicam un lepojamies!<\/a><div class=\"wp-block-latest-posts__post-excerpt\"><\/div><\/li>\n<li><div class=\"wp-block-latest-posts__featured-image\"><img loading=\"lazy\" decoding=\"async\" width=\"724\" height=\"1024\" src=\"https:\/\/sig1psk.lv\/wp-content\/uploads\/2026\/03\/646282010_1650036503289304_4366154582532525985_n-724x1024.jpg\" class=\"attachment-large size-large wp-post-image\" alt=\"\" style=\"\" srcset=\"https:\/\/sig1psk.lv\/wp-content\/uploads\/2026\/03\/646282010_1650036503289304_4366154582532525985_n-724x1024.jpg 724w, https:\/\/sig1psk.lv\/wp-content\/uploads\/2026\/03\/646282010_1650036503289304_4366154582532525985_n-212x300.jpg 212w, https:\/\/sig1psk.lv\/wp-content\/uploads\/2026\/03\/646282010_1650036503289304_4366154582532525985_n-768x1086.jpg 768w, https:\/\/sig1psk.lv\/wp-content\/uploads\/2026\/03\/646282010_1650036503289304_4366154582532525985_n-1086x1536.jpg 1086w, https:\/\/sig1psk.lv\/wp-content\/uploads\/2026\/03\/646282010_1650036503289304_4366154582532525985_n.jpg 1414w\" sizes=\"auto, (max-width: 724px) 100vw, 724px\" \/><\/div><a class=\"wp-block-latest-posts__post-title\" href=\"https:\/\/sig1psk.lv\/index.php\/2026\/03\/09\/sarunas-ar-skolotajiem-3\/\">Individu\u0101l\u0101s sarunas ar skolot\u0101jiem<\/a><div class=\"wp-block-latest-posts__post-excerpt\">L\u016bdzam pieteikties, aizpildot anketu: https:\/\/ej.uz\/24032026<\/div><\/li>\n<li><div class=\"wp-block-latest-posts__featured-image\"><img loading=\"lazy\" decoding=\"async\" width=\"724\" height=\"1024\" src=\"https:\/\/sig1psk.lv\/wp-content\/uploads\/2026\/03\/645939799_1649120263380928_834235430856463907_n-724x1024.jpg\" class=\"attachment-large size-large wp-post-image\" alt=\"\" style=\"\" srcset=\"https:\/\/sig1psk.lv\/wp-content\/uploads\/2026\/03\/645939799_1649120263380928_834235430856463907_n-724x1024.jpg 724w, https:\/\/sig1psk.lv\/wp-content\/uploads\/2026\/03\/645939799_1649120263380928_834235430856463907_n-212x300.jpg 212w, https:\/\/sig1psk.lv\/wp-content\/uploads\/2026\/03\/645939799_1649120263380928_834235430856463907_n-768x1086.jpg 768w, https:\/\/sig1psk.lv\/wp-content\/uploads\/2026\/03\/645939799_1649120263380928_834235430856463907_n-1086x1536.jpg 1086w, https:\/\/sig1psk.lv\/wp-content\/uploads\/2026\/03\/645939799_1649120263380928_834235430856463907_n.jpg 1414w\" sizes=\"auto, (max-width: 724px) 100vw, 724px\" \/><\/div><a class=\"wp-block-latest-posts__post-title\" href=\"https:\/\/sig1psk.lv\/index.php\/2026\/03\/03\/skolenu-skatuves-runas-konkurss\/\">Skol\u0113nu skatuves runas konkurss<\/a><div class=\"wp-block-latest-posts__post-excerpt\"><\/div><\/li>\n<li><div class=\"wp-block-latest-posts__featured-image\"><img loading=\"lazy\" decoding=\"async\" width=\"724\" height=\"1024\" src=\"https:\/\/sig1psk.lv\/wp-content\/uploads\/2026\/03\/Olimpiazu-vizuali-14-724x1024.jpg\" class=\"attachment-large size-large wp-post-image\" alt=\"\" style=\"\" srcset=\"https:\/\/sig1psk.lv\/wp-content\/uploads\/2026\/03\/Olimpiazu-vizuali-14-724x1024.jpg 724w, https:\/\/sig1psk.lv\/wp-content\/uploads\/2026\/03\/Olimpiazu-vizuali-14-212x300.jpg 212w, https:\/\/sig1psk.lv\/wp-content\/uploads\/2026\/03\/Olimpiazu-vizuali-14-768x1086.jpg 768w, https:\/\/sig1psk.lv\/wp-content\/uploads\/2026\/03\/Olimpiazu-vizuali-14-1086x1536.jpg 1086w, https:\/\/sig1psk.lv\/wp-content\/uploads\/2026\/03\/Olimpiazu-vizuali-14.jpg 1414w\" sizes=\"auto, (max-width: 724px) 100vw, 724px\" \/><\/div><a class=\"wp-block-latest-posts__post-title\" href=\"https:\/\/sig1psk.lv\/index.php\/2026\/02\/27\/siguldas-novada-skolu-olimpiade-latviesu-valoda-5-6-klasem-apsveicam-un-lepojamies\/\">Siguldas novada skolu olimpi\u0101de latvie\u0161u valod\u0101 5.-6.klas\u0113m. Apsveicam un lepojamies!<\/a><div class=\"wp-block-latest-posts__post-excerpt\"><\/div><\/li>\n<li><div class=\"wp-block-latest-posts__featured-image\"><img loading=\"lazy\" decoding=\"async\" width=\"724\" height=\"1024\" src=\"https:\/\/sig1psk.lv\/wp-content\/uploads\/2026\/03\/Olimpiazu-vizuali-15-724x1024.jpg\" class=\"attachment-large size-large wp-post-image\" alt=\"\" style=\"\" srcset=\"https:\/\/sig1psk.lv\/wp-content\/uploads\/2026\/03\/Olimpiazu-vizuali-15-724x1024.jpg 724w, https:\/\/sig1psk.lv\/wp-content\/uploads\/2026\/03\/Olimpiazu-vizuali-15-212x300.jpg 212w, https:\/\/sig1psk.lv\/wp-content\/uploads\/2026\/03\/Olimpiazu-vizuali-15-768x1086.jpg 768w, https:\/\/sig1psk.lv\/wp-content\/uploads\/2026\/03\/Olimpiazu-vizuali-15-1086x1536.jpg 1086w, https:\/\/sig1psk.lv\/wp-content\/uploads\/2026\/03\/Olimpiazu-vizuali-15.jpg 1414w\" sizes=\"auto, (max-width: 724px) 100vw, 724px\" \/><\/div><a class=\"wp-block-latest-posts__post-title\" href=\"https:\/\/sig1psk.lv\/index.php\/2026\/02\/25\/siguldas-novada-skolu-olimpiade-matematika-specialo-programmu-skoleniem-apsveicam-un-lepojamies\/\">Siguldas novada skolu olimpi\u0101de matem\u0101tik\u0101 (speci\u0101lo programmu skol\u0113niem). Apsveicam un lepojamies!<\/a><div class=\"wp-block-latest-posts__post-excerpt\"><\/div><\/li>\n<\/ul>\n\n\n<div class=\"wp-block-query is-layout-flow wp-block-query-is-layout-flow\"><\/div>\n","protected":false},"excerpt":{"rendered":"","protected":false},"author":2,"featured_media":0,"parent":0,"menu_order":-2,"comment_status":"closed","ping_status":"closed","template":"","meta":{"footnotes":""},"class_list":["post-267","page","type-page","status-publish","hentry"],"rttpg_featured_image_url":null,"rttpg_author":{"display_name":"Siguldas Pamatskola","author_link":"https:\/\/sig1psk.lv\/index.php\/author\/admins\/"},"rttpg_comment":0,"rttpg_category":"","rttpg_excerpt":null,"_links":{"self":[{"href":"https:\/\/sig1psk.lv\/index.php\/wp-json\/wp\/v2\/pages\/267","targetHints":{"allow":["GET"]}}],"collection":[{"href":"https:\/\/sig1psk.lv\/index.php\/wp-json\/wp\/v2\/pages"}],"about":[{"href":"https:\/\/sig1psk.lv\/index.php\/wp-json\/wp\/v2\/types\/page"}],"author":[{"embeddable":true,"href":"https:\/\/sig1psk.lv\/index.php\/wp-json\/wp\/v2\/users\/2"}],"replies":[{"embeddable":true,"href":"https:\/\/sig1psk.lv\/index.php\/wp-json\/wp\/v2\/comments?post=267"}],"version-history":[{"count":26,"href":"https:\/\/sig1psk.lv\/index.php\/wp-json\/wp\/v2\/pages\/267\/revisions"}],"predecessor-version":[{"id":2112,"href":"https:\/\/sig1psk.lv\/index.php\/wp-json\/wp\/v2\/pages\/267\/revisions\/2112"}],"wp:attachment":[{"href":"https:\/\/sig1psk.lv\/index.php\/wp-json\/wp\/v2\/media?parent=267"}],"curies":[{"name":"wp","href":"https:\/\/api.w.org\/{rel}","templated":true}]}}