{"id":2666,"date":"2025-05-14T00:39:20","date_gmt":"2025-05-13T22:39:20","guid":{"rendered":"https:\/\/sig1psk.lv\/?page_id=2666"},"modified":"2025-05-19T23:16:08","modified_gmt":"2025-05-19T21:16:08","slug":"2024-2025-m-g-ii-semestris","status":"publish","type":"page","link":"https:\/\/sig1psk.lv\/index.php\/2024-2025-m-g-ii-semestris\/","title":{"rendered":"2024.\/2025. M. G. II SEMESTRIS"},"content":{"rendered":"\n<p style=\"font-size:22px\"><strong>Koncertlekcija \u201cMan pat\u012bk dz\u012bvot Latvij\u0101\u201d<\/strong><\/p>\n\n\n\n<p style=\"font-size:17px\">30 apr\u012bl\u012b Siguldas 1.pamatskol\u0101 vald\u012bja \u012bsta pirmssv\u0113tku noska\u0146a! Projekta \u201cLatvijas skolas soma\u201d ietvaros izskan\u0113ja koncertlekcija \u201cMan pat\u012bk dz\u012bvot Latvij\u0101\u201d. Koncert\u0101 skan\u0113ja jaun\u0101s paaudzes latvie\u0161u komponistu darbi, kas tapu\u0161i, dom\u0101jot par t\u0113mu \u2013 man pat\u012bk dz\u012bvot Latvij\u0101, Ivo Gr\u012bsni\u0146a \u2013Gr\u012b\u0161\u013ca un K\u0101r\u013ca Mangulsona izpild\u012bjum\u0101. \u0160ie ska\u0146darbi bija k\u0101 muzik\u0101ls apliecin\u0101jums tam, ka Latvija ir valsts, kur iesp\u0113jams att\u012bst\u012bties, sap\u0146ot un lepoties ar savu pieder\u012bbu. Pas\u0101kum\u0101 dzird\u0113tais tika papildin\u0101ts ar st\u0101stiem par m\u016bsu kult\u016bru, v\u0113rt\u012bb\u0101m un v\u0113sturi, padarot \u0161o notikumu par iedvesmojo\u0161u un sirsn\u012bgu sv\u0113tku piedz\u012bvojumu.<\/p>\n\n\n<div class=\"wp-block-image\">\n<figure class=\"aligncenter size-large is-resized\"><img loading=\"lazy\" decoding=\"async\" width=\"1024\" height=\"768\" src=\"https:\/\/sig1psk.lv\/wp-content\/uploads\/2025\/05\/Man-patik-dzivot-Latvija-1024x768.jpg\" alt=\"\" class=\"wp-image-2824\" style=\"width:1000px\" srcset=\"https:\/\/sig1psk.lv\/wp-content\/uploads\/2025\/05\/Man-patik-dzivot-Latvija-1024x768.jpg 1024w, https:\/\/sig1psk.lv\/wp-content\/uploads\/2025\/05\/Man-patik-dzivot-Latvija-300x225.jpg 300w, https:\/\/sig1psk.lv\/wp-content\/uploads\/2025\/05\/Man-patik-dzivot-Latvija-768x576.jpg 768w, https:\/\/sig1psk.lv\/wp-content\/uploads\/2025\/05\/Man-patik-dzivot-Latvija-1536x1152.jpg 1536w, https:\/\/sig1psk.lv\/wp-content\/uploads\/2025\/05\/Man-patik-dzivot-Latvija.jpg 1600w\" sizes=\"auto, (max-width: 1024px) 100vw, 1024px\" \/><\/figure>\n<\/div>\n\n\n<p><\/p>\n\n\n\n<p><\/p>\n\n\n\n<p><\/p>\n\n\n\n<p style=\"font-size:22px\"><strong>Latvijas Le\u013c\u013cu te\u0101tru Klubs ar izr\u0101di &#8220;M\u0113ness taurenis&#8221;<\/strong><\/p>\n\n\n\n<p style=\"font-size:17px\">Projekta &#8220;Latvijas skolas soma&#8221; ietvaros 24.apr\u012bl\u012b Siguldas 1.pamatskol\u0101 viesoj\u0101s Latvijas Le\u013c\u013cu te\u0101tru Klubs ar izr\u0101di &#8220;M\u0113ness taurenis&#8221;. Izr\u0101d\u0113 1.-4.kla\u0161u skol\u0113ni iepazin\u0101s ar r\u016b\u0137u ciema dz\u012bvi, kur, aizvadot savu ierasto dienas gaitu, r\u016b\u0137i st\u0101d\u012bja k\u0101postus, lai nov\u0101ktu ra\u017eu. Tom\u0113r to apdraud\u0113ja taure\u0146u k\u0101purs. R\u016b\u0137i uzveica k\u0101puru. Tas sar\u016bgtin\u0101ja k\u0101pura mammu &#8211; balto tauri\u0146u. Gais\u012bgais taurenis sp\u0113ja st\u0101ties pret\u012b r\u016b\u0137u lepn\u012bbai un augstpr\u0101t\u012bbai.<\/p>\n\n\n<div class=\"wp-block-image\">\n<figure class=\"aligncenter size-large is-resized\"><img loading=\"lazy\" decoding=\"async\" width=\"2048\" height=\"1152\" src=\"https:\/\/sig1psk.lv\/wp-content\/uploads\/2025\/05\/Meness-taurenis-edited.jpg\" alt=\"\" class=\"wp-image-2819\" style=\"width:1000px\" srcset=\"https:\/\/sig1psk.lv\/wp-content\/uploads\/2025\/05\/Meness-taurenis-edited.jpg 2048w, https:\/\/sig1psk.lv\/wp-content\/uploads\/2025\/05\/Meness-taurenis-edited-300x169.jpg 300w, https:\/\/sig1psk.lv\/wp-content\/uploads\/2025\/05\/Meness-taurenis-edited-1024x576.jpg 1024w, https:\/\/sig1psk.lv\/wp-content\/uploads\/2025\/05\/Meness-taurenis-edited-768x432.jpg 768w, https:\/\/sig1psk.lv\/wp-content\/uploads\/2025\/05\/Meness-taurenis-edited-1536x864.jpg 1536w\" sizes=\"auto, (max-width: 2048px) 100vw, 2048px\" \/><\/figure>\n<\/div>\n\n\n<p><\/p>\n\n\n\n<p><\/p>\n\n\n\n<p><\/p>\n\n\n\n<p style=\"font-size:22px\"><strong>\u201cNamdara darbn\u012bca\u201d ar nodarb\u012bb\u0101m par t\u0113mu \u201cCilv\u0113ks, koks, kult\u016brv\u0113rt\u012bba\u201d<\/strong><\/p>\n\n\n\n<p style=\"font-size:17px\">Projekta Latvijas skolas soma ietvaros 20. un 21. febru\u0101r\u012b Siguldas 1. pamatskol\u0101 pie 5. \u2013 9. kla\u0161u skol\u0113niem viesoj\u0101s \u201cNamdara darbn\u012bca\u201d ar nodarb\u012bb\u0101m par t\u0113mu <a><\/a>\u201cCilv\u0113ks, koks, kult\u016brv\u0113rt\u012bba\u201d. Nodarb\u012bbu teor\u0113tiskaj\u0101 da\u013c\u0101 skol\u0113niem bija iesp\u0113ja uzzin\u0101t par koka daudzveid\u012bgo dz\u012bvi, skatoties izgl\u012btojo\u0161u filmu un klausoties lektora st\u0101st\u012bjum\u0101. Praktiskaj\u0101 da\u013c\u0101 skol\u0113ni iepazin\u0101s un iem\u0113\u0123in\u0101ja da\u017e\u0101dus kokapstr\u0101des instrumentus. No pa\u0161u \u0113vel\u0113taj\u0101m skaid\u0101m var\u0113ja gatavot rot\u0101jumus, bet kop\u012bgi izgrebt\u0101s pu\u0137u kastes noder\u0113s k\u0101 labs dekors skolas vestibilam pavasara sv\u0113tku laik\u0101.<\/p>\n\n\n\n<p style=\"font-size:17px\">Skol\u0113ni atzin\u012bgi nov\u0113rt\u0113ja pied\u0101v\u0101t\u0101s iesp\u0113jas. Profesion\u0101lu meistaru demonstr\u0113jumi un darbo\u0161an\u0101s ir laba ievirze karjeras izgl\u012bt\u012bbas veicin\u0101\u0161an\u0101.<\/p>\n\n\n\n<div class=\"wp-block-columns is-layout-flex wp-container-core-columns-is-layout-9d6595d7 wp-block-columns-is-layout-flex\">\n<div class=\"wp-block-column is-layout-flow wp-block-column-is-layout-flow\" style=\"flex-basis:50%\"><div class=\"wp-block-image\">\n<figure class=\"aligncenter size-large\"><img loading=\"lazy\" decoding=\"async\" width=\"768\" height=\"1024\" src=\"https:\/\/sig1psk.lv\/wp-content\/uploads\/2025\/05\/namdara-darbnica-1-768x1024.jpg\" alt=\"\" class=\"wp-image-2802\" srcset=\"https:\/\/sig1psk.lv\/wp-content\/uploads\/2025\/05\/namdara-darbnica-1-768x1024.jpg 768w, https:\/\/sig1psk.lv\/wp-content\/uploads\/2025\/05\/namdara-darbnica-1-225x300.jpg 225w, https:\/\/sig1psk.lv\/wp-content\/uploads\/2025\/05\/namdara-darbnica-1-1152x1536.jpg 1152w, https:\/\/sig1psk.lv\/wp-content\/uploads\/2025\/05\/namdara-darbnica-1.jpg 1536w\" sizes=\"auto, (max-width: 768px) 100vw, 768px\" \/><\/figure>\n<\/div><\/div>\n\n\n\n<div class=\"wp-block-column is-layout-flow wp-block-column-is-layout-flow\" style=\"flex-basis:50%\"><div class=\"wp-block-image\">\n<figure class=\"aligncenter size-large\"><img loading=\"lazy\" decoding=\"async\" width=\"768\" height=\"1024\" src=\"https:\/\/sig1psk.lv\/wp-content\/uploads\/2025\/05\/namdara-darbnica-2-1-768x1024.jpg\" alt=\"\" class=\"wp-image-2808\" srcset=\"https:\/\/sig1psk.lv\/wp-content\/uploads\/2025\/05\/namdara-darbnica-2-1-768x1024.jpg 768w, https:\/\/sig1psk.lv\/wp-content\/uploads\/2025\/05\/namdara-darbnica-2-1-225x300.jpg 225w, https:\/\/sig1psk.lv\/wp-content\/uploads\/2025\/05\/namdara-darbnica-2-1-1152x1536.jpg 1152w, https:\/\/sig1psk.lv\/wp-content\/uploads\/2025\/05\/namdara-darbnica-2-1.jpg 1536w\" sizes=\"auto, (max-width: 768px) 100vw, 768px\" \/><\/figure>\n<\/div><\/div>\n<\/div>\n\n\n\n<div class=\"wp-block-columns is-layout-flex wp-container-core-columns-is-layout-9d6595d7 wp-block-columns-is-layout-flex\">\n<div class=\"wp-block-column is-vertically-aligned-bottom is-layout-flow wp-block-column-is-layout-flow\" style=\"flex-basis:50%\"><\/div>\n\n\n\n<div class=\"wp-block-column is-layout-flow wp-block-column-is-layout-flow\" style=\"flex-basis:50%\"><\/div>\n<\/div>\n","protected":false},"excerpt":{"rendered":"<p>Koncertlekcija \u201cMan pat\u012bk dz\u012bvot Latvij\u0101\u201d 30 apr\u012bl\u012b Siguldas 1.pamatskol\u0101 vald\u012bja \u012bsta pirmssv\u0113tku noska\u0146a! Projekta \u201cLatvijas skolas soma\u201d ietvaros izskan\u0113ja koncertlekcija \u201cMan pat\u012bk dz\u012bvot Latvij\u0101\u201d. Koncert\u0101 skan\u0113ja jaun\u0101s paaudzes latvie\u0161u komponistu &#8230; <a title=\"2024.\/2025. M. G. II SEMESTRIS\" class=\"read-more\" href=\"https:\/\/sig1psk.lv\/index.php\/2024-2025-m-g-ii-semestris\/\" aria-label=\"Read more about 2024.\/2025. M. G. II SEMESTRIS\">Las\u012bt t\u0101l\u0101k<\/a><\/p>\n","protected":false},"author":2,"featured_media":0,"parent":0,"menu_order":0,"comment_status":"closed","ping_status":"closed","template":"","meta":{"footnotes":""},"class_list":["post-2666","page","type-page","status-publish"],"rttpg_featured_image_url":null,"rttpg_author":{"display_name":"Siguldas Pamatskola","author_link":"https:\/\/sig1psk.lv\/index.php\/author\/admins\/"},"rttpg_comment":0,"rttpg_category":null,"rttpg_excerpt":"Koncertlekcija \u201cMan pat\u012bk dz\u012bvot Latvij\u0101\u201d 30 apr\u012bl\u012b Siguldas 1.pamatskol\u0101 vald\u012bja \u012bsta pirmssv\u0113tku noska\u0146a! Projekta \u201cLatvijas skolas soma\u201d ietvaros izskan\u0113ja koncertlekcija \u201cMan pat\u012bk dz\u012bvot Latvij\u0101\u201d. Koncert\u0101 skan\u0113ja jaun\u0101s paaudzes latvie\u0161u komponistu ... Las\u012bt t\u0101l\u0101k","_links":{"self":[{"href":"https:\/\/sig1psk.lv\/index.php\/wp-json\/wp\/v2\/pages\/2666","targetHints":{"allow":["GET"]}}],"collection":[{"href":"https:\/\/sig1psk.lv\/index.php\/wp-json\/wp\/v2\/pages"}],"about":[{"href":"https:\/\/sig1psk.lv\/index.php\/wp-json\/wp\/v2\/types\/page"}],"author":[{"embeddable":true,"href":"https:\/\/sig1psk.lv\/index.php\/wp-json\/wp\/v2\/users\/2"}],"replies":[{"embeddable":true,"href":"https:\/\/sig1psk.lv\/index.php\/wp-json\/wp\/v2\/comments?post=2666"}],"version-history":[{"count":13,"href":"https:\/\/sig1psk.lv\/index.php\/wp-json\/wp\/v2\/pages\/2666\/revisions"}],"predecessor-version":[{"id":2838,"href":"https:\/\/sig1psk.lv\/index.php\/wp-json\/wp\/v2\/pages\/2666\/revisions\/2838"}],"wp:attachment":[{"href":"https:\/\/sig1psk.lv\/index.php\/wp-json\/wp\/v2\/media?parent=2666"}],"curies":[{"name":"wp","href":"https:\/\/api.w.org\/{rel}","templated":true}]}}