{"id":2532,"date":"2025-04-16T13:07:01","date_gmt":"2025-04-16T11:07:01","guid":{"rendered":"https:\/\/sig1psk.lv\/?page_id=2532"},"modified":"2025-10-20T09:58:55","modified_gmt":"2025-10-20T07:58:55","slug":"kiva","status":"publish","type":"page","link":"https:\/\/sig1psk.lv\/index.php\/kiva\/","title":{"rendered":"KiVa"},"content":{"rendered":"\n<p>2024.\/2025.m.g. Siguldas 1.pamatskola ir pievienojusies KiVa programmai bulinga mazin\u0101\u0161anai. Latvij\u0101 \u0161\u012b programma tiek ieviesta skol\u0101s jau otro gadu, \u0161ogad programmai <a><\/a>pievienojas 115 skolas, starp kur\u0101m esam ar\u012b m\u0113s! Svin\u012bgaj\u0101 atkl\u0101\u0161anas pas\u0101kum\u0101 3.septembr\u012b sadev\u0101mies rok\u0101s, lai kop\u0101 iest\u0101tos PAR 365 dien\u0101m bez p\u0101ridar\u012bjumiem.<\/p>\n\n\n\n<p>Darbjoties KiVa programm\u0101, turpin\u0101sim stiprin\u0101t m\u016bsu skolas v\u0113rt\u012bbas &#8211; atbild\u012bbu, cie\u0146u, sadarb\u012bbu. Visa gada garum\u0101 m\u0101c\u012bsimies atpaz\u012bt bulingu un prevent\u012bvi rea\u0123\u0113t, to nov\u0113r\u0161ot. Darbojoties visiem kop\u0101, noteikti izdosies izveidot emocion\u0101li l\u012bdzsvarot\u0101ku skolas vidi. Mums ir svar\u012bgi, lai gan b\u0113rni, gan pedagogi ir vienoti. Iem\u0101c\u012bsimies visi kop\u0101 par bulingu run\u0101t un pielietot KiVa programmas metodes ikdien\u0101. Par dro\u0161u un cie\u0146pilnu vidi ikvienam!<\/p>\n\n\n\n<p><a href=\"https:\/\/latvia.kivaprogram.net\/what-is-kiva\/\">Kas ir KiVa?<\/a><\/p>\n\n\n\n<p>Gada nosl\u0113gums KiVa programm\u0101: pirmais solis pret\u012b dro\u0161\u0101kai un cie\u0146piln\u0101kai skolai.<\/p>\n\n\n\n<p>\u0160is m\u0101c\u012bbu gads mums bija \u012bpa\u0161s \u2013 uzs\u0101k\u0101m dal\u012bbu starptautiski atz\u012btaj\u0101 KiVa pretbulinga programm\u0101, kas izstr\u0101d\u0101ta Somij\u0101 un balst\u012bta uz p\u0113tniec\u012bb\u0101 pamatot\u0101m metod\u0113m. M\u016bsu m\u0113r\u0137is bija rad\u012bt dro\u0161\u0101ku, atbalsto\u0161\u0101ku un vienl\u012bdz\u012bg\u0101ku vidi skol\u0101, kur\u0101 ikviens skol\u0113ns j\u016btas redz\u0113ts, sadzird\u0113ts un aizsarg\u0101ts.<\/p>\n\n\n\n<p><strong>Ko \u0161ogad paveic\u0101m?<\/strong><\/p>\n\n\n\n<p>Apm\u0101c\u012bj\u0101m pedagogus par KiVa pieeju un bulinga atpaz\u012b\u0161anu, nov\u0113r\u0161anu un risin\u0101\u0161anu.<\/p>\n\n\n\n<p>Izveidoj\u0101m KiVa komandu skol\u0101, kas ir \u012bpa\u0161i sagatavota, lai rea\u0123\u0113tu uz bulinga gad\u012bjumiem.<\/p>\n\n\n\n<p>Organiz\u0113j\u0101m KiVa stundas un sarunas ar skol\u0113niem par dro\u0161\u012bbu, draudz\u012bbu, cie\u0146u un emp\u0101tiju.<\/p>\n\n\n\n<p>Veic\u0101m skol\u0113nu aptaujas, lai apzin\u0101tu, k\u0101 vi\u0146i j\u016btas un vai saskaras ar gr\u016bt\u012bb\u0101m sav\u0101 vid\u0113.<\/p>\n\n\n\n<p>Skol\u0113ni k\u013c\u016bst atv\u0113rt\u0101ki, vair\u0101k run\u0101 par sav\u0101m izj\u016bt\u0101m un nov\u0113roto, redz un run\u0101 par KiVa programmu.<\/p>\n\n\n\n<p>Pedagogi j\u016btas dro\u0161\u0101k r\u012bkoties, ja par\u0101d\u0101s bulinga paz\u012bmes \u2013 ir skaidr\u0101ka sist\u0113ma un atbalsts.<\/p>\n\n\n\n<p>Skolas kolekt\u012bv\u0101 palielin\u0101jusies izpratne, ka bulinga nov\u0113r\u0161ana ir visu kop\u012bgs darbs.<\/p>\n\n\n\n<p><\/p>\n\n\n\n<p><\/p>\n\n\n\n<p><strong>Kas v\u0113l priek\u0161\u0101?<\/strong><\/p>\n\n\n\n<p>Turpin\u0101sim regul\u0101ras m\u0101c\u012bbas un apm\u0101c\u012bbas gan skol\u0113niem, gan skolot\u0101jiem.<\/p>\n\n\n\n<p>Uzlabosim sadarb\u012bbu ar vec\u0101kiem, lai kop\u012bgi stiprin\u0101tu b\u0113rnu emocion\u0101lo dro\u0161\u012bbu.<\/p>\n\n\n\n<p>V\u0113rt\u0113sim rezult\u0101tus un mekl\u0113sim v\u0113l efekt\u012bv\u0101kas pieejas atbilsto\u0161i m\u016bsu skolas specifikai.<\/p>\n\n\n\n<p>\u0160is ir tikai s\u0101kums, bet jau tagad redzam, cik svar\u012bgi ir run\u0101t, klaus\u012bties un nepalikt vienaldz\u012bgiem. M\u0113s turpin\u0101m \u0161o ce\u013cu ar p\u0101rliec\u012bbu, ka katrs solis tuvina m\u016bs dro\u0161\u0101kai, saproto\u0161\u0101kai un draudz\u012bg\u0101kai skolai visiem.<\/p>\n\n\n\n<p><strong>M\u0113s esam KiVa skola!<\/strong><\/p>\n\n\n\n<p><a href=\"https:\/\/drive.google.com\/file\/d\/1TR0Ppc1o4MyqXdUUcc71cMWFT_00q8VR\/view?usp=drive_web\">https:\/\/drive.google.com\/file\/d\/1TR0Ppc1o4MyqXdUUcc71cMWFT_00q8VR\/view?usp=drive_web<\/a><\/p>\n\n\n\n<p><\/p>\n\n\n\n<p><\/p>\n","protected":false},"excerpt":{"rendered":"<p>2024.\/2025.m.g. Siguldas 1.pamatskola ir pievienojusies KiVa programmai bulinga mazin\u0101\u0161anai. Latvij\u0101 \u0161\u012b programma tiek ieviesta skol\u0101s jau otro gadu, \u0161ogad programmai pievienojas 115 skolas, starp kur\u0101m esam ar\u012b m\u0113s! Svin\u012bgaj\u0101 atkl\u0101\u0161anas &#8230; <a title=\"KiVa\" class=\"read-more\" href=\"https:\/\/sig1psk.lv\/index.php\/kiva\/\" aria-label=\"Read more about KiVa\">Las\u012bt t\u0101l\u0101k<\/a><\/p>\n","protected":false},"author":2,"featured_media":0,"parent":0,"menu_order":0,"comment_status":"closed","ping_status":"closed","template":"","meta":{"footnotes":""},"class_list":["post-2532","page","type-page","status-publish"],"rttpg_featured_image_url":null,"rttpg_author":{"display_name":"Siguldas Pamatskola","author_link":"https:\/\/sig1psk.lv\/index.php\/author\/admins\/"},"rttpg_comment":0,"rttpg_category":null,"rttpg_excerpt":"2024.\/2025.m.g. Siguldas 1.pamatskola ir pievienojusies KiVa programmai bulinga mazin\u0101\u0161anai. Latvij\u0101 \u0161\u012b programma tiek ieviesta skol\u0101s jau otro gadu, \u0161ogad programmai pievienojas 115 skolas, starp kur\u0101m esam ar\u012b m\u0113s! Svin\u012bgaj\u0101 atkl\u0101\u0161anas ... Las\u012bt t\u0101l\u0101k","_links":{"self":[{"href":"https:\/\/sig1psk.lv\/index.php\/wp-json\/wp\/v2\/pages\/2532","targetHints":{"allow":["GET"]}}],"collection":[{"href":"https:\/\/sig1psk.lv\/index.php\/wp-json\/wp\/v2\/pages"}],"about":[{"href":"https:\/\/sig1psk.lv\/index.php\/wp-json\/wp\/v2\/types\/page"}],"author":[{"embeddable":true,"href":"https:\/\/sig1psk.lv\/index.php\/wp-json\/wp\/v2\/users\/2"}],"replies":[{"embeddable":true,"href":"https:\/\/sig1psk.lv\/index.php\/wp-json\/wp\/v2\/comments?post=2532"}],"version-history":[{"count":10,"href":"https:\/\/sig1psk.lv\/index.php\/wp-json\/wp\/v2\/pages\/2532\/revisions"}],"predecessor-version":[{"id":3426,"href":"https:\/\/sig1psk.lv\/index.php\/wp-json\/wp\/v2\/pages\/2532\/revisions\/3426"}],"wp:attachment":[{"href":"https:\/\/sig1psk.lv\/index.php\/wp-json\/wp\/v2\/media?parent=2532"}],"curies":[{"name":"wp","href":"https:\/\/api.w.org\/{rel}","templated":true}]}}