{"id":2522,"date":"2025-04-16T12:45:28","date_gmt":"2025-04-16T10:45:28","guid":{"rendered":"https:\/\/sig1psk.lv\/?page_id=2522"},"modified":"2025-04-16T12:56:45","modified_gmt":"2025-04-16T10:56:45","slug":"erasmus-3","status":"publish","type":"page","link":"https:\/\/sig1psk.lv\/index.php\/erasmus-3\/","title":{"rendered":"ERASMUS"},"content":{"rendered":"\n<p style=\"font-size:18px\"><a href=\"https:\/\/sig1psk.lv\/index.php\/erasmus-akreditacija\/\"><strong>ERASMUS+ AKREDIT\u0100CIJA<\/strong><\/a><\/p>\n\n\n\n<p style=\"font-size:18px\"><strong><a href=\"https:\/\/sig1psk.lv\/index.php\/projekti\/erasmus-ka-122\/\">IEK\u013bAUJO\u0160\u0100 IZGL\u012aT\u012aBA UN DIGIT\u0100L\u0100S INOV\u0100CIJAS: PAMATS N\u0100KOTNEI (KA122)<\/a><\/strong><\/p>\n\n\n\n<p style=\"font-size:18px\"><strong><a href=\"https:\/\/sig1psk.lv\/index.php\/projekti\/erasmus-k2-cloudlet\/\" data-type=\"link\" data-id=\"https:\/\/sig1psk.lv\/index.php\/projekti\/erasmus-k2-cloudlet\/\">CLOUDLET &#8211; L<\/a><\/strong><strong><a href=\"https:\/\/sig1psk.lv\/index.php\/projekti\/erasmus-k2-cloudlet\/\" data-type=\"link\" data-id=\"https:\/\/sig1psk.lv\/index.php\/projekti\/erasmus-k2-cloudlet\/\">ET&#8217;S MEET IN THE CLOUDS (KA229)<\/a><\/strong><\/p>\n\n\n\n<p style=\"font-size:18px\"><strong><a href=\"https:\/\/sig1psk.lv\/index.php\/projekti\/erasmus-k2\/\" data-type=\"link\" data-id=\"https:\/\/sig1psk.lv\/index.php\/projekti\/erasmus-k2\/\">NEITHER PLACE NOR TIME SETS US APART (KA219)<\/a><\/strong><\/p>\n\n\n\n<p style=\"font-size:18px\"><strong><a href=\"https:\/\/sig1psk.lv\/index.php\/projekti\/erasmus-k1-teatra-maksla\/\" data-type=\"link\" data-id=\"https:\/\/sig1psk.lv\/index.php\/projekti\/erasmus-k1-teatra-maksla\/\">TE\u0100TRA M\u0100KSLA &#8211; IZAICIN\u0100JUMS VAI IESP\u0112JA 21. GS. IZGL\u012aT\u012aB\u0100 (KA101)<\/a><\/strong><\/p>\n\n\n\n<p style=\"font-size:18px\"><strong><a href=\"https:\/\/sig1psk.lv\/index.php\/erasmus-akreditacija\/\" data-type=\"link\" data-id=\"https:\/\/sig1psk.lv\/index.php\/erasmus-akreditacija\/\">AKREDIT\u0100CIJAS PROJEKTS (KA121)<\/a><\/strong><\/p>\n\n\n\n<p><\/p>\n","protected":false},"excerpt":{"rendered":"<p>ERASMUS+ AKREDIT\u0100CIJA IEK\u013bAUJO\u0160\u0100 IZGL\u012aT\u012aBA UN DIGIT\u0100L\u0100S INOV\u0100CIJAS: PAMATS N\u0100KOTNEI (KA122) CLOUDLET &#8211; LET&#8217;S MEET IN THE CLOUDS (KA229) NEITHER PLACE NOR TIME SETS US APART (KA219) TE\u0100TRA M\u0100KSLA &#8211; IZAICIN\u0100JUMS &#8230; <a title=\"ERASMUS\" class=\"read-more\" href=\"https:\/\/sig1psk.lv\/index.php\/erasmus-3\/\" aria-label=\"Read more about ERASMUS\">Las\u012bt t\u0101l\u0101k<\/a><\/p>\n","protected":false},"author":2,"featured_media":0,"parent":0,"menu_order":0,"comment_status":"closed","ping_status":"closed","template":"","meta":{"footnotes":""},"class_list":["post-2522","page","type-page","status-publish"],"rttpg_featured_image_url":null,"rttpg_author":{"display_name":"Siguldas Pamatskola","author_link":"https:\/\/sig1psk.lv\/index.php\/author\/admins\/"},"rttpg_comment":0,"rttpg_category":null,"rttpg_excerpt":"ERASMUS+ AKREDIT\u0100CIJA IEK\u013bAUJO\u0160\u0100 IZGL\u012aT\u012aBA UN DIGIT\u0100L\u0100S INOV\u0100CIJAS: PAMATS N\u0100KOTNEI (KA122) CLOUDLET &#8211; LET&#8217;S MEET IN THE CLOUDS (KA229) NEITHER PLACE NOR TIME SETS US APART (KA219) TE\u0100TRA M\u0100KSLA &#8211; IZAICIN\u0100JUMS ... Las\u012bt t\u0101l\u0101k","_links":{"self":[{"href":"https:\/\/sig1psk.lv\/index.php\/wp-json\/wp\/v2\/pages\/2522","targetHints":{"allow":["GET"]}}],"collection":[{"href":"https:\/\/sig1psk.lv\/index.php\/wp-json\/wp\/v2\/pages"}],"about":[{"href":"https:\/\/sig1psk.lv\/index.php\/wp-json\/wp\/v2\/types\/page"}],"author":[{"embeddable":true,"href":"https:\/\/sig1psk.lv\/index.php\/wp-json\/wp\/v2\/users\/2"}],"replies":[{"embeddable":true,"href":"https:\/\/sig1psk.lv\/index.php\/wp-json\/wp\/v2\/comments?post=2522"}],"version-history":[{"count":3,"href":"https:\/\/sig1psk.lv\/index.php\/wp-json\/wp\/v2\/pages\/2522\/revisions"}],"predecessor-version":[{"id":2529,"href":"https:\/\/sig1psk.lv\/index.php\/wp-json\/wp\/v2\/pages\/2522\/revisions\/2529"}],"wp:attachment":[{"href":"https:\/\/sig1psk.lv\/index.php\/wp-json\/wp\/v2\/media?parent=2522"}],"curies":[{"name":"wp","href":"https:\/\/api.w.org\/{rel}","templated":true}]}}