{"id":1976,"date":"2024-06-18T11:38:59","date_gmt":"2024-06-18T09:38:59","guid":{"rendered":"https:\/\/sig1psk.lv\/?page_id=1976"},"modified":"2026-01-04T20:55:50","modified_gmt":"2026-01-04T18:55:50","slug":"erasmus-akreditacija","status":"publish","type":"page","link":"https:\/\/sig1psk.lv\/index.php\/erasmus-akreditacija\/","title":{"rendered":"ERASMUS+ AKREDIT\u0100CIJA"},"content":{"rendered":"\n<p style=\"font-size:17px\"><strong>Erasmus+ akredit\u0101cijas m\u0113r\u0137i 2024-2027 gadam<\/strong><\/p>\n\n\n\n<p style=\"font-size:17px\">1. Laikmet\u012bga, rado\u0161a un kvalitat\u012bva m\u0101c\u012bbu procesa nodro\u0161in\u0101\u0161anai pilnveidot pedagogu tehnolo\u0123iju un digit\u0101lo kompetenci. <\/p>\n\n\n\n<p style=\"font-size:17px\">2. Pilnveidot skol\u0113nu digit\u0101lo kompetenci, m\u0101c\u012bbu proces\u0101 integr\u0113jot digit\u0101lo izgl\u012bt\u012bbu, inovat\u012bvas m\u0101c\u012bbu metodes, digit\u0101los r\u012bkus un platformas. <\/p>\n\n\n\n<p style=\"font-size:17px\">3. Sagatavot pedagogus k\u0101 mentorus, kas kvalitat\u012bvi un profesion\u0101li sp\u0113tu izstr\u0101d\u0101t lekciju materi\u0101lus, t\u0101l\u0101kizgl\u012bt\u012bbas kursu saturu par digit\u0101lo prasmju pilnveidi kol\u0113\u0123iem.<\/p>\n\n\n\n<p><\/p>\n\n\n\n<h2 class=\"wp-block-heading\" style=\"font-size:20px\"><a href=\"https:\/\/sig1psk.lv\/index.php\/erasmus-akreditacija-2-gads-2025-2026-m-g\/\"><strong>Erasmus+ akredit\u0101cija 2.gads<\/strong> <strong>2025.\/2026.m.g.<\/strong><\/a><\/h2>\n\n\n\n<h1 class=\"wp-block-heading\" style=\"font-size:20px\"><a href=\"https:\/\/sig1psk.lv\/index.php\/erasmus-akreditacija-1-gads-2024-2025-m-g\/\"><strong>Erasmus+ akredit\u0101cija 1.gads<\/strong> <strong>2024.\/2025.m.g.<\/strong><\/a><\/h1>\n\n\n\n<h1 class=\"wp-block-heading\" style=\"font-size:20px\"><\/h1>\n\n\n\n<p><\/p>\n\n\n\n<h1 class=\"wp-block-heading\" style=\"font-size:20px\"><\/h1>\n\n\n\n<h1 class=\"wp-block-heading\" style=\"font-size:20px\"><\/h1>\n","protected":false},"excerpt":{"rendered":"<p>Erasmus+ akredit\u0101cijas m\u0113r\u0137i 2024-2027 gadam 1. Laikmet\u012bga, rado\u0161a un kvalitat\u012bva m\u0101c\u012bbu procesa nodro\u0161in\u0101\u0161anai pilnveidot pedagogu tehnolo\u0123iju un digit\u0101lo kompetenci. 2. Pilnveidot skol\u0113nu digit\u0101lo kompetenci, m\u0101c\u012bbu proces\u0101 integr\u0113jot digit\u0101lo izgl\u012bt\u012bbu, inovat\u012bvas &#8230; <a title=\"ERASMUS+ AKREDIT\u0100CIJA\" class=\"read-more\" href=\"https:\/\/sig1psk.lv\/index.php\/erasmus-akreditacija\/\" aria-label=\"Read more about ERASMUS+ AKREDIT\u0100CIJA\">Las\u012bt t\u0101l\u0101k<\/a><\/p>\n","protected":false},"author":2,"featured_media":0,"parent":0,"menu_order":0,"comment_status":"closed","ping_status":"closed","template":"","meta":{"footnotes":""},"class_list":["post-1976","page","type-page","status-publish"],"rttpg_featured_image_url":null,"rttpg_author":{"display_name":"Siguldas Pamatskola","author_link":"https:\/\/sig1psk.lv\/index.php\/author\/admins\/"},"rttpg_comment":0,"rttpg_category":null,"rttpg_excerpt":"Erasmus+ akredit\u0101cijas m\u0113r\u0137i 2024-2027 gadam 1. Laikmet\u012bga, rado\u0161a un kvalitat\u012bva m\u0101c\u012bbu procesa nodro\u0161in\u0101\u0161anai pilnveidot pedagogu tehnolo\u0123iju un digit\u0101lo kompetenci. 2. Pilnveidot skol\u0113nu digit\u0101lo kompetenci, m\u0101c\u012bbu proces\u0101 integr\u0113jot digit\u0101lo izgl\u012bt\u012bbu, inovat\u012bvas ... Las\u012bt t\u0101l\u0101k","_links":{"self":[{"href":"https:\/\/sig1psk.lv\/index.php\/wp-json\/wp\/v2\/pages\/1976","targetHints":{"allow":["GET"]}}],"collection":[{"href":"https:\/\/sig1psk.lv\/index.php\/wp-json\/wp\/v2\/pages"}],"about":[{"href":"https:\/\/sig1psk.lv\/index.php\/wp-json\/wp\/v2\/types\/page"}],"author":[{"embeddable":true,"href":"https:\/\/sig1psk.lv\/index.php\/wp-json\/wp\/v2\/users\/2"}],"replies":[{"embeddable":true,"href":"https:\/\/sig1psk.lv\/index.php\/wp-json\/wp\/v2\/comments?post=1976"}],"version-history":[{"count":163,"href":"https:\/\/sig1psk.lv\/index.php\/wp-json\/wp\/v2\/pages\/1976\/revisions"}],"predecessor-version":[{"id":3760,"href":"https:\/\/sig1psk.lv\/index.php\/wp-json\/wp\/v2\/pages\/1976\/revisions\/3760"}],"wp:attachment":[{"href":"https:\/\/sig1psk.lv\/index.php\/wp-json\/wp\/v2\/media?parent=1976"}],"curies":[{"name":"wp","href":"https:\/\/api.w.org\/{rel}","templated":true}]}}