{"id":1877,"date":"2024-05-08T06:10:34","date_gmt":"2024-05-08T04:10:34","guid":{"rendered":"https:\/\/sig1psk.lv\/?page_id=1877"},"modified":"2024-05-22T06:35:51","modified_gmt":"2024-05-22T04:35:51","slug":"2023-2024-m-g-ii-semestris","status":"publish","type":"page","link":"https:\/\/sig1psk.lv\/index.php\/2023-2024-m-g-ii-semestris\/","title":{"rendered":"2023.\/2024. M. G. II SEMESTRIS"},"content":{"rendered":"\n<p style=\"font-size:22px\"><strong>Uzvedums &#8220;Grieti\u0146a un Ans\u012btis&#8221;<\/strong><\/p>\n\n\n\n<p style=\"font-size:17px\">20.maij\u0101 Siguldas 1. pamatskolas 1.-4. kla\u0161u skol\u0113ni kult\u016brizgl\u012bt\u012bbas<br>programmas &#8220;Latvijas skolas soma&#8221; ietvaros noskat\u012bj\u0101s uzvedumu \u201cGrieti\u0146a un<br>Ans\u012btis\u201d.<\/p>\n\n\n\n<p style=\"font-size:17px\"><br>Dzied\u0101t\u0101ja Annija Putni\u0146a ar izzino\u0161u un m\u016bsdien\u012bgu muzik\u0101lu st\u0101stu<br>kl\u0101teso\u0161os priec\u0113ja ar skaist\u0101m dziesm\u0101m un izgl\u012btoja par m\u016bsdien\u0101s aktu\u0101l\u0101m<br>t\u0113m\u0101m, kas ietver kritisko dom\u0101\u0161anu un neapjuk\u0161anu da\u017e\u0101du dz\u012bves izv\u0113\u013cu<br>priek\u0161\u0101, kad digit\u0101l\u0101 pasaule pied\u0101v\u0101 tik daudz ko interesantu.<br>Skol\u0113ni \u013coti uzman\u012bgi klaus\u012bj\u0101s un akt\u012bvi piedal\u012bj\u0101s da\u017e\u0101du uzdevumu<br>veik\u0161an\u0101, t\u0101 par\u0101dot, nostiprinot zin\u0101mo un tikko uzzin\u0101to.<\/p>\n\n\n\n<ol class=\"wp-block-list\" start=\"20\"><\/ol>\n\n\n\n<figure class=\"wp-block-image size-large is-resized\"><img loading=\"lazy\" decoding=\"async\" width=\"1024\" height=\"768\" src=\"https:\/\/sig1psk.lv\/wp-content\/uploads\/2024\/05\/WhatsApp-Image-2024-05-21-at-08.33.18-1024x768.jpeg\" alt=\"\" class=\"wp-image-1947\" style=\"width:909px;height:auto\" srcset=\"https:\/\/sig1psk.lv\/wp-content\/uploads\/2024\/05\/WhatsApp-Image-2024-05-21-at-08.33.18-1024x768.jpeg 1024w, https:\/\/sig1psk.lv\/wp-content\/uploads\/2024\/05\/WhatsApp-Image-2024-05-21-at-08.33.18-300x225.jpeg 300w, https:\/\/sig1psk.lv\/wp-content\/uploads\/2024\/05\/WhatsApp-Image-2024-05-21-at-08.33.18-768x576.jpeg 768w, https:\/\/sig1psk.lv\/wp-content\/uploads\/2024\/05\/WhatsApp-Image-2024-05-21-at-08.33.18-1536x1152.jpeg 1536w, https:\/\/sig1psk.lv\/wp-content\/uploads\/2024\/05\/WhatsApp-Image-2024-05-21-at-08.33.18.jpeg 1600w\" sizes=\"auto, (max-width: 1024px) 100vw, 1024px\" \/><\/figure>\n\n\n\n<p><\/p>\n\n\n\n<p style=\"font-size:22px\"><strong>Daudz laimes!<\/strong><\/p>\n\n\n\n<p style=\"font-size:17px\">Kult\u016brizgl\u012bt\u012bbas programmas &#8220;Latvijas skolas soma&#8221; ietvaros 3.maij\u0101<br>Siguldas 1.pamatskol\u0101 viesoj\u0101s duets Gr\u0113ta Granti\u0146a un Justs Sirmais ar 4.maija<br>sv\u0113tkiem &#8211; Latvijas Republikas Neatkar\u012bbas atjauno\u0161anas dienai &#8211; par godu<br>sagatavotu koncertprogrammu.<br><\/p>\n\n\n\n<p style=\"font-size:17px\">Izskan\u0113ja ne tikai popul\u0101ras, bet ar\u012b maz\u0101k dzird\u0113tas, taj\u0101 skait\u0101 ukrai\u0146u,<br>dziesmas, k\u0101 ar\u012b jaunie\u0161i retrospekt\u012bvi atkl\u0101ja Latvijas br\u012bv\u012bbas c\u012b\u0146u ce\u013cu, s\u0101kot no<br>str\u0113lnieku dziesm\u0101m l\u012bdz m\u016bsdien\u0101s tik popul\u0101rajai grupas \u201cThe Sound Poets\u201d<br>dziesmai \u201cKalniem p\u0101ri\u201d, neaizmirstot v\u0113st\u012bt ar\u012b par Dziesmot\u0101s revol\u016bcijas laiku<br>Z.Liepi\u0146a dziesm\u0101 \u201cTaisn\u012bba\u201d.<br><\/p>\n\n\n\n<p style=\"font-size:17px\">Skan\u012bgas balsis, harizm\u0101tiski, inform\u0101ciju v\u0113sto\u0161i, jaunie\u0161us aizraujo\u0161i \u2013 t\u0101<br>duetu raksturoja skol\u0113ni, apliecinot Kult\u016brizgl\u012bt\u012bbas programmas &#8220;Latvijas<br>skolas soma&#8221; daudzveid\u012bbu un noz\u012bmi gan skolas ikdien\u0101, gan sagaidot<br>valsts sv\u0113tkus.<\/p>\n\n\n\n<figure class=\"wp-block-image size-large\"><img loading=\"lazy\" decoding=\"async\" width=\"1024\" height=\"768\" src=\"https:\/\/sig1psk.lv\/wp-content\/uploads\/2024\/05\/WhatsApp-Image-2024-05-06-at-18.13.02-1024x768.jpeg\" alt=\"\" class=\"wp-image-1882\" srcset=\"https:\/\/sig1psk.lv\/wp-content\/uploads\/2024\/05\/WhatsApp-Image-2024-05-06-at-18.13.02-1024x768.jpeg 1024w, https:\/\/sig1psk.lv\/wp-content\/uploads\/2024\/05\/WhatsApp-Image-2024-05-06-at-18.13.02-300x225.jpeg 300w, https:\/\/sig1psk.lv\/wp-content\/uploads\/2024\/05\/WhatsApp-Image-2024-05-06-at-18.13.02-768x576.jpeg 768w, https:\/\/sig1psk.lv\/wp-content\/uploads\/2024\/05\/WhatsApp-Image-2024-05-06-at-18.13.02-1536x1152.jpeg 1536w, https:\/\/sig1psk.lv\/wp-content\/uploads\/2024\/05\/WhatsApp-Image-2024-05-06-at-18.13.02.jpeg 1600w\" sizes=\"auto, (max-width: 1024px) 100vw, 1024px\" \/><\/figure>\n\n\n\n<p><\/p>\n\n\n\n<p style=\"font-size:22px\"><strong>Uzvedums &#8220;Mazais Princis&#8221;<\/strong><\/p>\n\n\n\n<p style=\"font-size:17px\">11.apr\u012bl\u012b Siguldas 1. pamatskolas 5.-9. kla\u0161u skol\u0113ni kult\u016brizgl\u012bt\u012bbas<br>programmas \u201cLatvijas skolas soma\u201d ietvaros noskat\u012bj\u0101s uzvedumu \u201cMazais<br>princis\u201d.<\/p>\n\n\n\n<p style=\"font-size:17px\">Skol\u0113ni ar patiesu prieku un uzman\u012bbu v\u0113roja izr\u0101di. T\u0101s laik\u0101 vi\u0146i dev\u0101s<br>ce\u013cojum\u0101 kop\u0101 ar Mazo princi un Lidot\u0101ju, apzinot svar\u012bg\u0101k\u0101s dz\u012bves v\u0113rt\u012bbas un<br>tikumus: draudz\u012bbu, atbild\u012bbu, emp\u0101tiju u.c.<\/p>\n\n\n\n<p style=\"font-size:17px\">Ce\u013cojumu pavad\u012bja romantisk\u0101s Em\u012bla D\u0101rzi\u0146a solodziesmas, aktiera<br>Em\u012bla Kivlenieka izjustaj\u0101 izpild\u012bjum\u0101.<\/p>\n\n\n\n<p style=\"font-size:17px\">T\u0101 bija k\u0101 izzino\u0161a stunda, kur\u0101 integr\u0113ti vair\u0101ki m\u0101c\u012bbu priek\u0161meti:<br>literat\u016bra, te\u0101tra m\u0101ksla, vizu\u0101l\u0101 m\u0101ksla, m\u016bzika, matem\u0101tika, \u0123eogr\u0101fija,<br>soci\u0101l\u0101s zin\u012bbas.<\/p>\n\n\n\n<figure class=\"wp-block-image size-large\"><img loading=\"lazy\" decoding=\"async\" width=\"1024\" height=\"473\" src=\"https:\/\/sig1psk.lv\/wp-content\/uploads\/2024\/04\/20240411_101531-1024x473.jpg\" alt=\"\" class=\"wp-image-1797\" srcset=\"https:\/\/sig1psk.lv\/wp-content\/uploads\/2024\/04\/20240411_101531-1024x473.jpg 1024w, https:\/\/sig1psk.lv\/wp-content\/uploads\/2024\/04\/20240411_101531-300x139.jpg 300w, https:\/\/sig1psk.lv\/wp-content\/uploads\/2024\/04\/20240411_101531-768x355.jpg 768w, https:\/\/sig1psk.lv\/wp-content\/uploads\/2024\/04\/20240411_101531-1536x710.jpg 1536w, https:\/\/sig1psk.lv\/wp-content\/uploads\/2024\/04\/20240411_101531-2048x946.jpg 2048w\" sizes=\"auto, (max-width: 1024px) 100vw, 1024px\" \/><\/figure>\n","protected":false},"excerpt":{"rendered":"<p>Uzvedums &#8220;Grieti\u0146a un Ans\u012btis&#8221; 20.maij\u0101 Siguldas 1. pamatskolas 1.-4. kla\u0161u skol\u0113ni kult\u016brizgl\u012bt\u012bbasprogrammas &#8220;Latvijas skolas soma&#8221; ietvaros noskat\u012bj\u0101s uzvedumu \u201cGrieti\u0146a unAns\u012btis\u201d. Dzied\u0101t\u0101ja Annija Putni\u0146a ar izzino\u0161u un m\u016bsdien\u012bgu muzik\u0101lu st\u0101stukl\u0101teso\u0161os priec\u0113ja &#8230; <a title=\"2023.\/2024. M. G. II SEMESTRIS\" class=\"read-more\" href=\"https:\/\/sig1psk.lv\/index.php\/2023-2024-m-g-ii-semestris\/\" aria-label=\"Read more about 2023.\/2024. M. G. II SEMESTRIS\">Las\u012bt t\u0101l\u0101k<\/a><\/p>\n","protected":false},"author":2,"featured_media":0,"parent":0,"menu_order":0,"comment_status":"closed","ping_status":"closed","template":"","meta":{"footnotes":""},"class_list":["post-1877","page","type-page","status-publish"],"rttpg_featured_image_url":null,"rttpg_author":{"display_name":"Siguldas Pamatskola","author_link":"https:\/\/sig1psk.lv\/index.php\/author\/admins\/"},"rttpg_comment":0,"rttpg_category":null,"rttpg_excerpt":"Uzvedums &#8220;Grieti\u0146a un Ans\u012btis&#8221; 20.maij\u0101 Siguldas 1. pamatskolas 1.-4. kla\u0161u skol\u0113ni kult\u016brizgl\u012bt\u012bbasprogrammas &#8220;Latvijas skolas soma&#8221; ietvaros noskat\u012bj\u0101s uzvedumu \u201cGrieti\u0146a unAns\u012btis\u201d. Dzied\u0101t\u0101ja Annija Putni\u0146a ar izzino\u0161u un m\u016bsdien\u012bgu muzik\u0101lu st\u0101stukl\u0101teso\u0161os priec\u0113ja ... Las\u012bt t\u0101l\u0101k","_links":{"self":[{"href":"https:\/\/sig1psk.lv\/index.php\/wp-json\/wp\/v2\/pages\/1877","targetHints":{"allow":["GET"]}}],"collection":[{"href":"https:\/\/sig1psk.lv\/index.php\/wp-json\/wp\/v2\/pages"}],"about":[{"href":"https:\/\/sig1psk.lv\/index.php\/wp-json\/wp\/v2\/types\/page"}],"author":[{"embeddable":true,"href":"https:\/\/sig1psk.lv\/index.php\/wp-json\/wp\/v2\/users\/2"}],"replies":[{"embeddable":true,"href":"https:\/\/sig1psk.lv\/index.php\/wp-json\/wp\/v2\/comments?post=1877"}],"version-history":[{"count":7,"href":"https:\/\/sig1psk.lv\/index.php\/wp-json\/wp\/v2\/pages\/1877\/revisions"}],"predecessor-version":[{"id":1948,"href":"https:\/\/sig1psk.lv\/index.php\/wp-json\/wp\/v2\/pages\/1877\/revisions\/1948"}],"wp:attachment":[{"href":"https:\/\/sig1psk.lv\/index.php\/wp-json\/wp\/v2\/media?parent=1877"}],"curies":[{"name":"wp","href":"https:\/\/api.w.org\/{rel}","templated":true}]}}