{"id":182,"date":"2023-08-17T20:57:55","date_gmt":"2023-08-17T18:57:55","guid":{"rendered":"https:\/\/sig1psk.lv\/?page_id=182"},"modified":"2024-06-18T12:26:06","modified_gmt":"2024-06-18T10:26:06","slug":"noderigi-resursi","status":"publish","type":"page","link":"https:\/\/sig1psk.lv\/index.php\/sasniegumi\/noderigi-resursi\/","title":{"rendered":"NODER\u012aGI RESURSI"},"content":{"rendered":"\n<p><\/p>\n\n\n\n<p style=\"font-size:17px\"><strong>Noderigi interneta resursi<\/strong>:<\/p>\n\n\n\n<p style=\"font-size:17px\"><a href=\"https:\/\/sig1psk.lv\/wp-content\/uploads\/2024\/06\/sevis_izzinasana.pdf\" data-type=\"link\" data-id=\"https:\/\/sig1psk.lv\/wp-content\/uploads\/2024\/06\/sevis_izzinasana.pdf\">Sevis izzin\u0101\u0161ana, da\u017e\u0101di testi<\/a><\/p>\n\n\n\n<p style=\"font-size:17px\"><a href=\"https:\/\/sig1psk.lv\/wp-content\/uploads\/2024\/06\/izglitiba_un_nodarbinatiba.pdf\" data-type=\"link\" data-id=\"https:\/\/sig1psk.lv\/wp-content\/uploads\/2024\/06\/izglitiba_un_nodarbinatiba.pdf\">Izgl\u012bt\u012bbas un nodarbin\u0101t\u012bbas iesp\u0113ju p\u0113t\u012b\u0161ana, m\u0101c\u012bbu iest\u0101des<\/a><\/p>\n\n\n\n<p style=\"font-size:17px\"><a href=\"https:\/\/sig1psk.lv\/wp-content\/uploads\/2024\/06\/es_veidotas_organizacijas.pdf\" data-type=\"link\" data-id=\"https:\/\/sig1psk.lv\/wp-content\/uploads\/2024\/06\/es_veidotas_organizacijas.pdf\">ES veidot\u0101s organiz\u0101cijas un to pakalpojumi. Valsts iest\u0101d\u0113s pieejamie inform\u0101cijas resursi. Darba mekl\u0113jumi. Karjeras konsult\u0113\u0161ana<\/a><\/p>\n","protected":false},"excerpt":{"rendered":"<p>Noderigi interneta resursi: Sevis izzin\u0101\u0161ana, da\u017e\u0101di testi Izgl\u012bt\u012bbas un nodarbin\u0101t\u012bbas iesp\u0113ju p\u0113t\u012b\u0161ana, m\u0101c\u012bbu iest\u0101des ES veidot\u0101s organiz\u0101cijas un to pakalpojumi. Valsts iest\u0101d\u0113s pieejamie inform\u0101cijas resursi. Darba mekl\u0113jumi. Karjeras konsult\u0113\u0161ana<\/p>\n","protected":false},"author":2,"featured_media":0,"parent":43,"menu_order":0,"comment_status":"closed","ping_status":"closed","template":"","meta":{"footnotes":""},"class_list":["post-182","page","type-page","status-publish"],"rttpg_featured_image_url":null,"rttpg_author":{"display_name":"Siguldas Pamatskola","author_link":"https:\/\/sig1psk.lv\/index.php\/author\/admins\/"},"rttpg_comment":0,"rttpg_category":null,"rttpg_excerpt":"Noderigi interneta resursi: Sevis izzin\u0101\u0161ana, da\u017e\u0101di testi Izgl\u012bt\u012bbas un nodarbin\u0101t\u012bbas iesp\u0113ju p\u0113t\u012b\u0161ana, m\u0101c\u012bbu iest\u0101des ES veidot\u0101s organiz\u0101cijas un to pakalpojumi. Valsts iest\u0101d\u0113s pieejamie inform\u0101cijas resursi. Darba mekl\u0113jumi. Karjeras konsult\u0113\u0161ana","_links":{"self":[{"href":"https:\/\/sig1psk.lv\/index.php\/wp-json\/wp\/v2\/pages\/182","targetHints":{"allow":["GET"]}}],"collection":[{"href":"https:\/\/sig1psk.lv\/index.php\/wp-json\/wp\/v2\/pages"}],"about":[{"href":"https:\/\/sig1psk.lv\/index.php\/wp-json\/wp\/v2\/types\/page"}],"author":[{"embeddable":true,"href":"https:\/\/sig1psk.lv\/index.php\/wp-json\/wp\/v2\/users\/2"}],"replies":[{"embeddable":true,"href":"https:\/\/sig1psk.lv\/index.php\/wp-json\/wp\/v2\/comments?post=182"}],"version-history":[{"count":5,"href":"https:\/\/sig1psk.lv\/index.php\/wp-json\/wp\/v2\/pages\/182\/revisions"}],"predecessor-version":[{"id":2011,"href":"https:\/\/sig1psk.lv\/index.php\/wp-json\/wp\/v2\/pages\/182\/revisions\/2011"}],"up":[{"embeddable":true,"href":"https:\/\/sig1psk.lv\/index.php\/wp-json\/wp\/v2\/pages\/43"}],"wp:attachment":[{"href":"https:\/\/sig1psk.lv\/index.php\/wp-json\/wp\/v2\/media?parent=182"}],"curies":[{"name":"wp","href":"https:\/\/api.w.org\/{rel}","templated":true}]}}