{"id":180,"date":"2023-08-17T20:57:29","date_gmt":"2023-08-17T18:57:29","guid":{"rendered":"https:\/\/sig1psk.lv\/?page_id=180"},"modified":"2024-06-18T12:04:42","modified_gmt":"2024-06-18T10:04:42","slug":"macibu-prieksmeti","status":"publish","type":"page","link":"https:\/\/sig1psk.lv\/index.php\/sasniegumi\/macibu-prieksmeti\/","title":{"rendered":"M\u0100C\u012aBU PRIEK\u0160METI"},"content":{"rendered":"\n<h2 class=\"wp-block-heading\"><strong>M\u0101c\u012bbu priek\u0161meti ir\u00a0b\u016btiska profesijas sast\u0101vda\u013ca<\/strong><\/h2>\n\n\n\n<p><\/p>\n\n\n\n<p style=\"font-size:17px\"><strong>Tehnolo\u0123iju un zin\u0101t\u0146u pamati<\/strong><\/p>\n\n\n\n<figure class=\"wp-block-image size-full\"><img loading=\"lazy\" decoding=\"async\" width=\"793\" height=\"561\" src=\"https:\/\/sig1psk.lv\/wp-content\/uploads\/2024\/06\/tehn-karjera.jpg\" alt=\"\" class=\"wp-image-1991\" srcset=\"https:\/\/sig1psk.lv\/wp-content\/uploads\/2024\/06\/tehn-karjera.jpg 793w, https:\/\/sig1psk.lv\/wp-content\/uploads\/2024\/06\/tehn-karjera-300x212.jpg 300w, https:\/\/sig1psk.lv\/wp-content\/uploads\/2024\/06\/tehn-karjera-768x543.jpg 768w\" sizes=\"auto, (max-width: 793px) 100vw, 793px\" \/><\/figure>\n\n\n\n<p><\/p>\n\n\n\n<p style=\"font-size:17px\"><strong>Priek\u0161metu cikls &#8220;Cilv\u0113ks un sabiedr\u012bba&#8221;<\/strong><\/p>\n\n\n\n<figure class=\"wp-block-image size-full\"><img loading=\"lazy\" decoding=\"async\" width=\"790\" height=\"558\" src=\"https:\/\/sig1psk.lv\/wp-content\/uploads\/2024\/06\/cilv-karjera.jpg\" alt=\"\" class=\"wp-image-1992\" srcset=\"https:\/\/sig1psk.lv\/wp-content\/uploads\/2024\/06\/cilv-karjera.jpg 790w, https:\/\/sig1psk.lv\/wp-content\/uploads\/2024\/06\/cilv-karjera-300x212.jpg 300w, https:\/\/sig1psk.lv\/wp-content\/uploads\/2024\/06\/cilv-karjera-768x542.jpg 768w\" sizes=\"auto, (max-width: 790px) 100vw, 790px\" \/><\/figure>\n\n\n\n<p><\/p>\n\n\n\n<p style=\"font-size:17px\"><strong>M\u0101kslas priek\u0161meti<\/strong><\/p>\n\n\n\n<figure class=\"wp-block-image size-full\"><img loading=\"lazy\" decoding=\"async\" width=\"793\" height=\"558\" src=\"https:\/\/sig1psk.lv\/wp-content\/uploads\/2024\/06\/maksla-karjera.jpg\" alt=\"\" class=\"wp-image-1993\" srcset=\"https:\/\/sig1psk.lv\/wp-content\/uploads\/2024\/06\/maksla-karjera.jpg 793w, https:\/\/sig1psk.lv\/wp-content\/uploads\/2024\/06\/maksla-karjera-300x211.jpg 300w, https:\/\/sig1psk.lv\/wp-content\/uploads\/2024\/06\/maksla-karjera-768x540.jpg 768w\" sizes=\"auto, (max-width: 793px) 100vw, 793px\" \/><\/figure>\n\n\n\n<p><\/p>\n\n\n\n<p style=\"font-size:17px\"><strong>Valoda<\/strong><\/p>\n\n\n\n<figure class=\"wp-block-image size-full\"><img loading=\"lazy\" decoding=\"async\" width=\"792\" height=\"576\" src=\"https:\/\/sig1psk.lv\/wp-content\/uploads\/2024\/06\/val-karjera.jpg\" alt=\"\" class=\"wp-image-1990\" srcset=\"https:\/\/sig1psk.lv\/wp-content\/uploads\/2024\/06\/val-karjera.jpg 792w, https:\/\/sig1psk.lv\/wp-content\/uploads\/2024\/06\/val-karjera-300x218.jpg 300w, https:\/\/sig1psk.lv\/wp-content\/uploads\/2024\/06\/val-karjera-768x559.jpg 768w\" sizes=\"auto, (max-width: 792px) 100vw, 792px\" \/><\/figure>\n","protected":false},"excerpt":{"rendered":"<p>M\u0101c\u012bbu priek\u0161meti ir\u00a0b\u016btiska profesijas sast\u0101vda\u013ca Tehnolo\u0123iju un zin\u0101t\u0146u pamati Priek\u0161metu cikls &#8220;Cilv\u0113ks un sabiedr\u012bba&#8221; M\u0101kslas priek\u0161meti Valoda<\/p>\n","protected":false},"author":2,"featured_media":0,"parent":43,"menu_order":0,"comment_status":"closed","ping_status":"closed","template":"","meta":{"footnotes":""},"class_list":["post-180","page","type-page","status-publish"],"rttpg_featured_image_url":null,"rttpg_author":{"display_name":"Siguldas Pamatskola","author_link":"https:\/\/sig1psk.lv\/index.php\/author\/admins\/"},"rttpg_comment":0,"rttpg_category":null,"rttpg_excerpt":"M\u0101c\u012bbu priek\u0161meti ir\u00a0b\u016btiska profesijas sast\u0101vda\u013ca Tehnolo\u0123iju un zin\u0101t\u0146u pamati Priek\u0161metu cikls &#8220;Cilv\u0113ks un sabiedr\u012bba&#8221; M\u0101kslas priek\u0161meti Valoda","_links":{"self":[{"href":"https:\/\/sig1psk.lv\/index.php\/wp-json\/wp\/v2\/pages\/180","targetHints":{"allow":["GET"]}}],"collection":[{"href":"https:\/\/sig1psk.lv\/index.php\/wp-json\/wp\/v2\/pages"}],"about":[{"href":"https:\/\/sig1psk.lv\/index.php\/wp-json\/wp\/v2\/types\/page"}],"author":[{"embeddable":true,"href":"https:\/\/sig1psk.lv\/index.php\/wp-json\/wp\/v2\/users\/2"}],"replies":[{"embeddable":true,"href":"https:\/\/sig1psk.lv\/index.php\/wp-json\/wp\/v2\/comments?post=180"}],"version-history":[{"count":5,"href":"https:\/\/sig1psk.lv\/index.php\/wp-json\/wp\/v2\/pages\/180\/revisions"}],"predecessor-version":[{"id":1995,"href":"https:\/\/sig1psk.lv\/index.php\/wp-json\/wp\/v2\/pages\/180\/revisions\/1995"}],"up":[{"embeddable":true,"href":"https:\/\/sig1psk.lv\/index.php\/wp-json\/wp\/v2\/pages\/43"}],"wp:attachment":[{"href":"https:\/\/sig1psk.lv\/index.php\/wp-json\/wp\/v2\/media?parent=180"}],"curies":[{"name":"wp","href":"https:\/\/api.w.org\/{rel}","templated":true}]}}