{"id":1790,"date":"2024-04-11T06:28:33","date_gmt":"2024-04-11T04:28:33","guid":{"rendered":"https:\/\/sig1psk.lv\/?page_id=1790"},"modified":"2025-06-11T10:50:39","modified_gmt":"2025-06-11T08:50:39","slug":"2023-2024","status":"publish","type":"page","link":"https:\/\/sig1psk.lv\/index.php\/2023-2024\/","title":{"rendered":"R\u012aC\u012aBAS DIENAS 2023.\/2024."},"content":{"rendered":"\n<p style=\"font-size:17px\"><strong>&#8211;<a href=\"https:\/\/sig1psk.lv\/wp-content\/uploads\/2025\/06\/Martindienas_tirdzins-compressed.pdf\">\u00a0Ekoskolu r\u012bc\u012bbas dienas- M\u0101rti\u0146dienas tirdzi\u0146\u0161<\/a><\/strong><\/p>\n\n\n\n<p><\/p>\n","protected":false},"excerpt":{"rendered":"<p>&#8211;\u00a0Ekoskolu r\u012bc\u012bbas dienas- M\u0101rti\u0146dienas tirdzi\u0146\u0161<\/p>\n","protected":false},"author":2,"featured_media":0,"parent":0,"menu_order":0,"comment_status":"closed","ping_status":"closed","template":"","meta":{"footnotes":""},"class_list":["post-1790","page","type-page","status-publish"],"rttpg_featured_image_url":null,"rttpg_author":{"display_name":"Siguldas Pamatskola","author_link":"https:\/\/sig1psk.lv\/index.php\/author\/admins\/"},"rttpg_comment":0,"rttpg_category":null,"rttpg_excerpt":"&#8211;\u00a0Ekoskolu r\u012bc\u012bbas dienas- M\u0101rti\u0146dienas tirdzi\u0146\u0161","_links":{"self":[{"href":"https:\/\/sig1psk.lv\/index.php\/wp-json\/wp\/v2\/pages\/1790","targetHints":{"allow":["GET"]}}],"collection":[{"href":"https:\/\/sig1psk.lv\/index.php\/wp-json\/wp\/v2\/pages"}],"about":[{"href":"https:\/\/sig1psk.lv\/index.php\/wp-json\/wp\/v2\/types\/page"}],"author":[{"embeddable":true,"href":"https:\/\/sig1psk.lv\/index.php\/wp-json\/wp\/v2\/users\/2"}],"replies":[{"embeddable":true,"href":"https:\/\/sig1psk.lv\/index.php\/wp-json\/wp\/v2\/comments?post=1790"}],"version-history":[{"count":8,"href":"https:\/\/sig1psk.lv\/index.php\/wp-json\/wp\/v2\/pages\/1790\/revisions"}],"predecessor-version":[{"id":3104,"href":"https:\/\/sig1psk.lv\/index.php\/wp-json\/wp\/v2\/pages\/1790\/revisions\/3104"}],"wp:attachment":[{"href":"https:\/\/sig1psk.lv\/index.php\/wp-json\/wp\/v2\/media?parent=1790"}],"curies":[{"name":"wp","href":"https:\/\/api.w.org\/{rel}","templated":true}]}}