{"id":169,"date":"2023-08-17T20:53:07","date_gmt":"2023-08-17T18:53:07","guid":{"rendered":"https:\/\/sig1psk.lv\/?page_id=169"},"modified":"2023-12-10T15:35:36","modified_gmt":"2023-12-10T13:35:36","slug":"2019-2020","status":"publish","type":"page","link":"https:\/\/sig1psk.lv\/index.php\/sasniegumi-2\/2019-2020\/","title":{"rendered":"2019.\/2020."},"content":{"rendered":"\n<p><\/p>\n\n\n\n<h3 class=\"wp-block-heading\">M\u0101c\u012bbu priek\u0161metu olimpi\u0101\u017eu laure\u0101ti 2019.\/2020. m\u0101c\u012bbu gad\u0101<\/h3>\n\n\n\n<figure class=\"wp-block-table\"><table><tbody><tr><th>Olimpi\u0101de<\/th><th>Skol\u0113ns, klase<\/th><th>Skolot\u0101js<\/th><th>Vieta<\/th><\/tr><tr><td>Starpnovadu olimpi\u0101de ang\u013cu valod\u0101 8.kl<\/td><td>J\u0101nis Pipars, 8.c<\/td><td>Anita J\u0101zepa<\/td><td><strong>III<\/strong><\/td><\/tr><tr><td>Starpnovadu olimpi\u0101de ang\u013cu valod\u0101 8.kl<\/td><td>L\u012bva L\u012bpace, 8.b<\/td><td>Ed\u012bte Kuzmina<\/td><td><strong>Atzin\u012bba<\/strong><\/td><\/tr><tr><td>Starpnovadu olimpi\u0101de fizik\u0101 9.kl<\/td><td>Kristers Matiass V\u0101vere, 9.b.<\/td><td>Lilita Bernharde<\/td><td><strong>III<\/strong><\/td><\/tr><tr><td>Starpnovadu kombin\u0113t\u0101 olimpi\u0101de &#8220;Pasaka ir t\u0101, kas visu pasaka&#8221; 4.kl<\/td><td>M\u0101ra B\u0113rze, 4.c<\/td><td>Lolita \u0160teinberga<\/td><td><strong>Atzin\u012bba<\/strong><\/td><\/tr><tr><td>Starpnovadu v\u0113stures un soci\u0101lo zin\u012bbu komandu olimpi\u0101de 6.-9.kl.&nbsp;<\/td><td>Evita M\u0101rtinsone (6.kl.), Dace Elizabete St\u012bpniece (7.kl.), Justs J\u0113kabsons (8.kl.), Kristers Matiass V\u0101vere (9.kl.)<\/td><td>M\u0101ris Smons<\/td><td><strong>Atzin\u012bba<\/strong><\/td><\/tr><tr><td>Novadu apvien\u012bbas olimpi\u0101de&nbsp;matem\u0101tik\u0101<\/td><td>Laura Pakalne, 5.a<\/td><td>In\u0101ra Smone<\/td><td><strong>II<\/strong><\/td><\/tr><tr><td>Novadu apvien\u012bbas olimpi\u0101de&nbsp;matem\u0101tik\u0101<\/td><td>Bruno Kan\u010ds, 5.c<\/td><td>Ilze M\u0101rtinsone<\/td><td><strong>III<\/strong><\/td><\/tr><tr><td>Novadu apvien\u012bbas atkl\u0101t\u0101 meite\u0146u m\u0101jtur\u012bbas olimpi\u0101de 8.-9.kl.<\/td><td>Anete Acti\u0146a, 9.c<\/td><td>Aiva Indriksone<\/td><td><strong>I<\/strong><\/td><\/tr><tr><td>Novadu apvien\u012bbas atkl\u0101t\u0101 meite\u0146u m\u0101jtur\u012bbas olimpi\u0101de 8.-9.kl.<\/td><td>Kristi\u0101na Pl\u016bme, 8.a<\/td><td>Aiva Indriksone<\/td><td><strong>III<\/strong><\/td><\/tr><tr><td>Novadu apvien\u012bbas s\u0101kumskolas olimpi\u0101de matem\u0101tik\u0101 3.klasei<\/td><td>Ance Pakalne, 3.c&nbsp;<\/td><td>Ramona Suveizda<\/td><td><strong>I<\/strong><\/td><\/tr><tr><td>Novadu apvien\u012bbas s\u0101kumskolas olimpi\u0101de matem\u0101tik\u0101 3.klasei<\/td><td>Em\u012bls M\u0101rtinsons, 3.a&nbsp;<\/td><td>Daina \u0160valbe<\/td><td><strong>II<\/strong><\/td><\/tr><tr><td>Novadu apvien\u012bbas s\u0101kumskolas olimpi\u0101de matem\u0101tik\u0101 1.klasei<\/td><td>J\u0113kabs V\u0101vere, 1.b<\/td><td>Laila Adzil\u010da<\/td><td><strong>Atzin\u012bba<\/strong><\/td><\/tr><tr><td>S\u0101kumskolas 3.kla\u0161u kombin\u0113t\u0101 olimpi\u0101de<\/td><td>Adrians An\u0161mits, 3.b<\/td><td>Laila Adzil\u010da<\/td><td><strong>III<\/strong><\/td><\/tr><tr><td>S\u0101kumskolas 3.kla\u0161u kombin\u0113t\u0101 olimpi\u0101de<\/td><td>Ance Pakalne, 3.c<\/td><td>Ramona Suveizda<\/td><td><strong>Atzin\u012bba<\/strong><\/td><\/tr><tr><td>S\u0101kumskolas 4.kla\u0161u kombin\u0113t\u0101 olimpi\u0101de<\/td><td>Lote L\u012bpace, 4.b<\/td><td>Laila Biteniece<\/td><td><strong>II<\/strong><\/td><\/tr><tr><td>S\u0101kumskolas 4.kla\u0161u kombin\u0113t\u0101 olimpi\u0101de<\/td><td>M\u0101ra B\u0113rze, 4.c<\/td><td>Lolita \u0160teinberga<\/td><td><strong>I<\/strong><\/td><\/tr><\/tbody><\/table><\/figure>\n\n\n\n<p><\/p>\n\n\n\n<h3 class=\"wp-block-heading\">Konkursu laure\u0101ti 2019.\/2020. m\u0101c\u012bbu gad\u0101<\/h3>\n\n\n\n<figure class=\"wp-block-table\"><table><tbody><tr><th>Konkurss<\/th><th>Skol\u0113ns, klase<\/th><th>Skolot\u0101js<\/th><th>Vieta<\/th><\/tr><tr><td>Konkurss &#8220;Mazais ERUD\u012aTS&#8221;&nbsp;<\/td><td>Sofija Kristi\u0101na Petrovska 1.a,&nbsp;J\u0113kabs V\u0101vere 1.b,&nbsp;Lu\u012bze O\u013cukalna 1.c,&nbsp;Kar\u012bna Spurava 2.a,&nbsp;Ritvars Rozent\u0101ls 2.b,&nbsp;Kri\u0161j\u0101nis Em\u012bls Kal\u0113js 2.c,&nbsp;Laura M\u0101rtinsone 3.a,&nbsp;Roberts \u0136iploks&nbsp;3.b,&nbsp;Ance Pakalne&nbsp;3.c,&nbsp;Inguss Supe&nbsp;4.a,&nbsp;Marta St\u012bpniece&nbsp;4.b,&nbsp;Marta Zandberga&nbsp;4.c<\/td><td>&nbsp;S\u0101kumskolas skolot\u0101ji<\/td><td><strong>I<\/strong><\/td><\/tr><tr><td>Konkurss &#8220;Mazais ERUD\u012aTS&#8221;&nbsp;<\/td><td>El\u012bna J\u0101kabsone 1.a,&nbsp;Alise Hana 1.b,&nbsp;Leila \u0160teinberga 1.c,&nbsp;Mi\u0137elis Rostoks 2.a,&nbsp;Alise Timma 2.b,&nbsp;Sofija \u013busaja 2.c,&nbsp;Em\u012bls M\u0101rtinsons 3.a,&nbsp;M\u0101rti\u0146\u0161 Sviklis 3.b,&nbsp;Madara Bogdane 3.c,&nbsp;Daniela Jankovska 4.a,&nbsp;Maija Pumpure 4.b,&nbsp;Tomass Melngalvis 4.c<\/td><td>&nbsp;S\u0101kumskolas skolot\u0101ji<\/td><td><strong>II<\/strong><\/td><\/tr><tr><td>Konkurss &#8220;Mazais ERUD\u012aTS&#8221;&nbsp;<\/td><td>Keita Kr\u016bmi\u0146a 1.a,&nbsp;J\u0101nis Raki\u0161s 1.b,&nbsp;Herta Butkus 1.c,&nbsp;Kate L\u012bvi\u0146a 2.a.,&nbsp;Roberts Vitte 2.b,&nbsp;Talisa Kotkova 2.c,&nbsp;L\u012bva Krau\u0161a 3.a,&nbsp;Elizabete \u017dagare 3.b,&nbsp;Miks Oskars Saule 3.c,&nbsp;Adrians Celms&nbsp;4.a,&nbsp;R\u016bdolfs Rostoks 4.b,&nbsp;M\u0101ra B\u0113rze 4.c<\/td><td>&nbsp;S\u0101kumskolas skolot\u0101ji<\/td><td><strong>III<\/strong><\/td><\/tr><tr><td>Konkurss &#8220;ERUD\u012aTS&#8221; 5.-6.kl.<\/td><td>6.a kl. komanda: Aleksandrija Sofija Bogdanova, \u0160arlote Jurj\u0101ne, L\u012bna Meilerte, Sandis Markovskis, Kristi\u0101ns Kalna\u010ds, Art\u016brs Polis<\/td><td>&nbsp;kl.audz. Ilze Lielmane<\/td><td><strong>I<\/strong><\/td><\/tr><tr><td>Konkurss &#8220;ERUD\u012aTS&#8221; 5.-6.kl.<\/td><td>6.c kl. komanda:&nbsp;D\u017eastina D\u0101rta V\u012btola, Sindija Gabr\u0101ne, Daniela Logina, Silvestrs Kalni\u0146\u0161, U\u0123is Broks, Niks Vizulis<\/td><td>&nbsp;kl.audz. Ilze Rauska<\/td><td><strong>II<\/strong><\/td><\/tr><tr><td>Konkurss &#8220;ERUD\u012aTS&#8221; 5.-6.kl.<\/td><td>5.c kl. komanda:&nbsp;Laura L\u0113\u0123ere, \u0160arlote And\u017eel\u012bna Cechladze, Amanda Brauere, K\u0101rlis Mat\u012bss Ievi\u0146\u0161, Bruno Kan\u010ds, Kristians Komur\u0146ickis<\/td><td>kl.audz. Aiva Indriksone<\/td><td><strong>III<\/strong><\/td><\/tr><tr><td>Konkurss &#8220;ERUD\u012aTS&#8221; 7.-9.kl.<\/td><td>9.b kl. komanda:&nbsp;Adele \u0136iploka, Nikola Liepi\u0146a, Elizabete Daniela \u0160\u0137ute, Valts Ziemelis, Kristers Matiass V\u0101vere, Kristers Eisaks<\/td><td>kl.audz. Je\u013cena Kamoli\u0146a<\/td><td><strong>I<\/strong><\/td><\/tr><tr><td>Konkurss &#8220;ERUD\u012aTS&#8221; 7.-9.kl.<\/td><td>9.c kl. komanda:&nbsp;Anete Acti\u0146a, Linita Trofimova, El\u012bna Linda Zvejniece, Raimonds Dzerkalis, Daniels Kononovs, Rolands Briedis<\/td><td>kl.audz. Lilita Bernharde<\/td><td><strong>II<\/strong><\/td><\/tr><tr><td>Konkurss &#8220;ERUD\u012aTS&#8221; 7.-9.kl.<\/td><td>8.b kl. komanda:&nbsp;L\u012bva L\u012bpace, R\u016bta Meistere, Ance Adzil\u010da, Art\u016brs \u0100bele, Ralfs Sebastians Rozens, Daniels Ralfs Si\u0146ica<\/td><td>kl.audz. Elita V\u012bgante<\/td><td><strong>III<\/strong><\/td><\/tr><tr><td>Vizu\u0101l\u0101s un vizu\u0101li plastisk\u0101s m\u0101kslas darbu konkurss &#8220;Radi rot\u0101jot&#8221; 2.posms, 1.-3.kl.<\/td><td>Elizabete Anna Pavasara, 2.b<\/td><td>Laura Rostoka<\/td><td><strong>III<\/strong><\/td><\/tr><tr><td>Siguldas novada skol\u0113nu rado\u0161i p\u0113tniecisko darbu konkurss<\/td><td>Laura M\u0101rtinsone, Em\u012bls M\u0101rtinsons, 3.a<\/td><td>Ilze M\u0101rtinsone<\/td><td><strong>I pak\u0101pe<\/strong><\/td><\/tr><tr><td>Siguldas novada skol\u0113nu rado\u0161i p\u0113tniecisko darbu konkurss<\/td><td>R\u016bdolfs Rostoks, 4.b<\/td><td>Laila Biteniece<\/td><td><strong>I pak\u0101pe<\/strong><\/td><\/tr><tr><td>Siguldas novada skol\u0113nu rado\u0161i p\u0113tniecisko darbu konkurss<\/td><td>Laura Pakalne, 5.a<\/td><td>Ed\u012bte Kuzmina<\/td><td><strong>I pak\u0101pe<\/strong><\/td><\/tr><tr><td>Siguldas novada skol\u0113nu rado\u0161i p\u0113tniecisko darbu konkurss<\/td><td>Evita M\u0101rtinsone, 6.b<\/td><td>Evita Kulpe<\/td><td><strong>I pak\u0101pe<\/strong><\/td><\/tr><tr><td>Siguldas novada skol\u0113nu rado\u0161i p\u0113tniecisko darbu konkurss<\/td><td>Amanda A\u0146ikina, 6.c<\/td><td>Elita V\u012bgante<\/td><td><strong>I pak\u0101pe<\/strong><\/td><\/tr><tr><td>Siguldas novada skol\u0113nu rado\u0161i p\u0113tniecisko darbu konkurss<\/td><td>Ralfs Sebastians Rozens, 8.b<\/td><td>Evija Rozena<\/td><td><strong>I pak\u0101pe<\/strong><\/td><\/tr><tr><td>Siguldas novada skol\u0113nu rado\u0161i p\u0113tniecisko darbu konkurss<\/td><td>Kristers Matiass V\u0101vere, Ri\u010dards Ralfs V\u012bksni\u0146\u0161, 9.b<\/td><td>Aiva indriksone<\/td><td><strong>I pak\u0101pe<\/strong><\/td><\/tr><tr><td>St\u0101stnieku Vidusvidzemes st\u0101stnieku konkursa pusfin\u0101ls \u201cTeci, teci valodi\u0146a 2019\u201d<\/td><td>Marta Zandberga, 4.c<\/td><td>Lolita \u0160teinberga<\/td><td><strong>I pak\u0101pe&nbsp;<\/strong>tituls \u201cDi\u017eais st\u0101stnieks\u201d<\/td><\/tr><tr><td>Valsts Izgl\u012bt\u012bbas satura centra XXIII St\u0101stnieku konkurss \u201cTeci teci valoi\u0146a\u201d<\/td><td>Marta Zandberga, 4.c<\/td><td>Lolita \u0160teinberga<\/td><td><strong>II pak\u0101pe&nbsp; &nbsp;<\/strong>tituls \u201cLiel\u0101 st\u0101stniece\u201d<\/td><\/tr><tr><td>XXIII skolu st\u0101stnieku&nbsp; konkurss, Valmieras pusfin\u0101ls \u201cTeci, teci valodi\u0146a 2019\u201d<\/td><td>Evel\u012bna Buk\u0161a, 8.c<\/td><td>Lolita \u0160teinberga<\/td><td><strong>I pak\u0101pe&nbsp;<\/strong>tituls \u201cDi\u017eais st\u0101stnieks\u201d<\/td><\/tr><\/tbody><\/table><\/figure>\n\n\n\n<p><\/p>\n\n\n\n<h3 class=\"wp-block-heading\">Sporta pas\u0101kumu un sacens\u012bbu&nbsp;laure\u0101ti 2019.\/2020. m\u0101c\u012bbu gad\u0101<\/h3>\n\n\n\n<figure class=\"wp-block-table\"><table><tbody><tr><th>Sacens\u012bbas\/pas\u0101kums<\/th><th>Skol\u0113ns, klase<\/th><th>Skolot\u0101js<\/th><th>Vieta<\/th><\/tr><tr><td>Siguldas novada skolu 7.-9.kl.rudens sporta sp\u0113les<\/td><td>8.b klase<\/td><td>Elita V\u012bgante<\/td><td><strong>I<\/strong><\/td><\/tr><tr><td>Siguldas novada skolu 7.-9.kl.rudens sporta sp\u0113les<\/td><td>9.a klase<\/td><td>Ina Belinska<\/td><td><strong>II<\/strong><\/td><\/tr><tr><td>Siguldas novada skolu sacens\u012bbas basketbol\u0101 C grupa<\/td><td>M.R.V\u012bgants, V.\u0160\u016bmanis, R.Aizupietis, R.Nekra\u0161s, A.Lebedoks, K.R.Skuja, S.Kalni\u0146\u0161.<\/td><td>Ina Belinska<\/td><td><strong>I<\/strong><\/td><\/tr><tr><td>Siguldas novada skolu sacens\u012bbas tautas bumb\u0101<\/td><td>Z\u0113nu komanda: J.Graudi\u0146\u0161, R.Acti\u0146\u0161, E.Klibas, M.St\u016br\u012btis, R.Briedis, M.R.Billis, V.Jo\u0146ins, O.\u0160varckopfs, K.Liepi\u0146\u0161, E.\u0160t\u0101ks, K.Guca\u013cuks, E.Varnelo<\/td><td>Di\u0101na Meir\u0101ne<\/td><td><strong>II<\/strong><\/td><\/tr><tr><td>Siguldas novada skolu sacens\u012bbas tautas bumb\u0101<\/td><td>Meite\u0146u komanda: L.Kurpniece, K.K.Bizune, S.Nagle, L.Zilbere, E.Zverbule, K.Jansone, L.Lebedoka, M.Ozoli\u0146a, M.Zandberga, K.Aps\u012bte, D.Uzare, A.Azarova<\/td><td>Di\u0101na Meir\u0101ne<\/td><td><strong>II<\/strong><\/td><\/tr><tr><td>&nbsp;<\/td><td>&nbsp;<\/td><td>&nbsp;<\/td><td>&nbsp;<\/td><\/tr><tr><td>&nbsp;<\/td><td>&nbsp;<\/td><td>&nbsp;<\/td><td>&nbsp;<\/td><\/tr><\/tbody><\/table><\/figure>\n\n\n\n<p><\/p>\n\n\n\n<h3 class=\"wp-block-heading\">Sasniegumi intere\u0161u izgl\u012bt\u012bb\u0101&nbsp;2019.\/2020. m\u0101c\u012bbu gad\u0101<\/h3>\n\n\n\n<figure class=\"wp-block-table\"><table><tbody><tr><th>Konkurss, skates<\/th><th>Skol\u0113ns, klase&nbsp;<\/th><th><strong>Skolot\u0101js<\/strong><\/th><th><strong>Vieta<\/strong><\/th><\/tr><tr><td>Siguldas novada skol\u0113nu turn\u012brs \u0161ah\u0101<\/td><td>Ance Adzil\u010da, 8.b&nbsp; &nbsp; &nbsp; &nbsp; &nbsp; &nbsp; &nbsp; &nbsp; &nbsp;&nbsp;<\/td><td>J\u0101nis Plitnieks&nbsp; &nbsp; &nbsp; &nbsp; &nbsp; &nbsp; &nbsp; &nbsp; &nbsp; &nbsp; &nbsp;&nbsp;<\/td><td><strong>II<\/strong><\/td><\/tr><tr><td>Siguldas novada skol\u0113nu turn\u012brs \u0161ah\u0101<\/td><td>Lote L\u012bpace, 4.b<\/td><td>J\u0101nis Plitnieks<\/td><td><strong>III<\/strong><\/td><\/tr><tr><td>Slim\u012bbu profilakses un kontroles centra\u00a0konkurss\u00a0<strong>\u201cDz\u012bv\u0113 supervaro\u0146u nav, dro\u0161\u012bba s\u0101kas ar Tevi!\u201d<\/strong><\/td><td>4.c klases skol\u0113ni<\/td><td>Lolita \u0160teinberga<\/td><td><strong>I<\/strong><\/td><\/tr><\/tbody><\/table><\/figure>\n\n\n\n<h3 class=\"wp-block-heading\">&nbsp;<\/h3>\n\n\n","protected":false},"excerpt":{"rendered":"<p>M\u0101c\u012bbu priek\u0161metu olimpi\u0101\u017eu laure\u0101ti 2019.\/2020. m\u0101c\u012bbu gad\u0101 Olimpi\u0101de Skol\u0113ns, klase Skolot\u0101js Vieta Starpnovadu olimpi\u0101de ang\u013cu valod\u0101 8.kl J\u0101nis Pipars, 8.c Anita J\u0101zepa III Starpnovadu olimpi\u0101de ang\u013cu valod\u0101 8.kl L\u012bva L\u012bpace, &#8230; <a title=\"2019.\/2020.\" class=\"read-more\" href=\"https:\/\/sig1psk.lv\/index.php\/sasniegumi-2\/2019-2020\/\" aria-label=\"Read more about 2019.\/2020.\">Las\u012bt t\u0101l\u0101k<\/a><\/p>\n","protected":false},"author":2,"featured_media":0,"parent":145,"menu_order":5,"comment_status":"closed","ping_status":"closed","template":"","meta":{"footnotes":""},"class_list":["post-169","page","type-page","status-publish"],"rttpg_featured_image_url":null,"rttpg_author":{"display_name":"Siguldas Pamatskola","author_link":"https:\/\/sig1psk.lv\/index.php\/author\/admins\/"},"rttpg_comment":0,"rttpg_category":null,"rttpg_excerpt":"M\u0101c\u012bbu priek\u0161metu olimpi\u0101\u017eu laure\u0101ti 2019.\/2020. m\u0101c\u012bbu gad\u0101 Olimpi\u0101de Skol\u0113ns, klase Skolot\u0101js Vieta Starpnovadu olimpi\u0101de ang\u013cu valod\u0101 8.kl J\u0101nis Pipars, 8.c Anita J\u0101zepa III Starpnovadu olimpi\u0101de ang\u013cu valod\u0101 8.kl L\u012bva L\u012bpace, ... Las\u012bt t\u0101l\u0101k","_links":{"self":[{"href":"https:\/\/sig1psk.lv\/index.php\/wp-json\/wp\/v2\/pages\/169","targetHints":{"allow":["GET"]}}],"collection":[{"href":"https:\/\/sig1psk.lv\/index.php\/wp-json\/wp\/v2\/pages"}],"about":[{"href":"https:\/\/sig1psk.lv\/index.php\/wp-json\/wp\/v2\/types\/page"}],"author":[{"embeddable":true,"href":"https:\/\/sig1psk.lv\/index.php\/wp-json\/wp\/v2\/users\/2"}],"replies":[{"embeddable":true,"href":"https:\/\/sig1psk.lv\/index.php\/wp-json\/wp\/v2\/comments?post=169"}],"version-history":[{"count":5,"href":"https:\/\/sig1psk.lv\/index.php\/wp-json\/wp\/v2\/pages\/169\/revisions"}],"predecessor-version":[{"id":1182,"href":"https:\/\/sig1psk.lv\/index.php\/wp-json\/wp\/v2\/pages\/169\/revisions\/1182"}],"up":[{"embeddable":true,"href":"https:\/\/sig1psk.lv\/index.php\/wp-json\/wp\/v2\/pages\/145"}],"wp:attachment":[{"href":"https:\/\/sig1psk.lv\/index.php\/wp-json\/wp\/v2\/media?parent=169"}],"curies":[{"name":"wp","href":"https:\/\/api.w.org\/{rel}","templated":true}]}}