{"id":167,"date":"2023-08-17T20:52:02","date_gmt":"2023-08-17T18:52:02","guid":{"rendered":"https:\/\/sig1psk.lv\/?page_id=167"},"modified":"2023-12-10T15:32:11","modified_gmt":"2023-12-10T13:32:11","slug":"2020-2021","status":"publish","type":"page","link":"https:\/\/sig1psk.lv\/index.php\/sasniegumi-2\/2020-2021\/","title":{"rendered":"2020.\/2021."},"content":{"rendered":"\n<h3 class=\"wp-block-heading\">M\u0101c\u012bbu priek\u0161metu olimpi\u0101\u017eu laure\u0101ti 2020.\/2021. m\u0101c\u012bbu gad\u0101<\/h3>\n\n\n\n<figure class=\"wp-block-table\"><table><tbody><tr><th>Olimpi\u0101de<\/th><th>Skol\u0113ns, klase<\/th><th>Skolot\u0101js<\/th><th>Vieta<\/th><\/tr><tr><td>Valsts olimp\u0101de&nbsp; latvie\u0161u valod\u0101 un literat\u016br\u0101 8.klas\u0113m 2.posms<\/td><td>Sandija Podniece, 8.a<\/td><td>L\u0101sma Kono\u0161onoka<\/td><td><strong>I<\/strong><\/td><\/tr><tr><td>Valsts olimp\u0101de&nbsp; latvie\u0161u valod\u0101 un literat\u016br\u0101 8.klas\u0113m 2.posms<\/td><td>Dace Elizabete St\u012bpniece, 8.a<\/td><td>L\u0101sma Kono\u0161onoka<\/td><td><strong>II<\/strong><\/td><\/tr><tr><td>Valsts olimp\u0101de&nbsp; latvie\u0161u valod\u0101 un literat\u016br\u0101 8.klas\u0113m 2.posms<\/td><td>Kate Dunska, 8.a<\/td><td>L\u0101sma Kono\u0161onoka<\/td><td><strong>II<\/strong><\/td><\/tr><tr><td>Biolo\u0123ijas valsts olimpi\u0101des novada posms<\/td><td>L\u012bva L\u012bpace, 9.b&nbsp; &nbsp; &nbsp; &nbsp; &nbsp; &nbsp; &nbsp; &nbsp; &nbsp; &nbsp; &nbsp; &nbsp; &nbsp; &nbsp; &nbsp; &nbsp; &nbsp; &nbsp;<\/td><td>Ina Slavinska<\/td><td><strong>III<\/strong><\/td><\/tr><tr><td>Biolo\u0123ijas valsts olimpi\u0101des novada posms<\/td><td>Justs J\u0113kabsons, 9.c&nbsp; &nbsp; &nbsp; &nbsp; &nbsp; &nbsp;<\/td><td>Ina Slavinska<\/td><td><strong>Atzin\u012bba<\/strong><\/td><\/tr><tr><td>\u0122eogr\u0101fijas olimpi\u0101des 9.-12.klas\u0113m novada posms<\/td><td>L\u012bva L\u012bpace, 9.b<\/td><td>Ilze Rauska<\/td><td><strong>I<\/strong><\/td><\/tr><tr><td>Novadu apvien\u012bbas olimpi\u0101de matem\u0101tik\u0101<\/td><td>Laura Pakalne, 6.a<\/td><td>Santa Briede<\/td><td><strong>I<\/strong><\/td><\/tr><tr><td>Novadu apvien\u012bbas olimpi\u0101de matem\u0101tik\u0101<\/td><td>Ralfs Briedis, 5.c<\/td><td>Lilita Bernharde<\/td><td><strong>III<\/strong><\/td><\/tr><tr><td>Valsts olimpi\u0101de latvie\u0161u valod\u0101 un literat\u016br\u0101<\/td><td>Sandija Podniece, 8.a<\/td><td>L\u0101sma Kono\u0161onoka<\/td><td><strong>III pak\u0101pe<\/strong><\/td><\/tr><tr><td>Valsts olimpi\u0101de latvie\u0161u valod\u0101 un literat\u016br\u0101<\/td><td>Dace Elizabete St\u012bpniece, 8.a<\/td><td>L\u0101sma Kono\u0161onoka<\/td><td><strong>III pak\u0101pe<\/strong><\/td><\/tr><\/tbody><\/table><\/figure>\n\n\n\n<p><\/p>\n\n\n\n<h3 class=\"wp-block-heading\">Konkursu laure\u0101ti 2020.\/2021. m\u0101c\u012bbu gad\u0101<\/h3>\n\n\n\n<figure class=\"wp-block-table\"><table><tbody><tr><th>Konkurss<\/th><th>Skol\u0113ns, klase<\/th><th>Skolot\u0101js<\/th><th>Vieta<\/th><\/tr><tr><td>Siguldas novada skatuves runas konkurss&nbsp; &nbsp; &nbsp; &nbsp;<\/td><td>Karl\u012bna Kur\u013cikova (1.c)&nbsp; &nbsp; &nbsp; &nbsp; &nbsp;&nbsp;<\/td><td>Lolita \u0160teinberga<\/td><td><strong>I pak\u0101pe<\/strong><\/td><\/tr><tr><td>Siguldas novada skatuves runas konkurss<\/td><td>Leila \u0160teinberga (2.c)<\/td><td>Lolita \u0160teinberga<\/td><td><strong>I pak\u0101pe<\/strong><\/td><\/tr><tr><td>Siguldas novada skatuves runas konkurss<\/td><td>Kri\u0161j\u0101nis Em\u012bls Kal\u0113js (3.c)<\/td><td>Ramona Suveizda<\/td><td><strong>I pak\u0101pe<\/strong><\/td><\/tr><tr><td>Siguldas novada skatuves runas konkurss<\/td><td>Loreta Lebedoka (5.c)<\/td><td>Lolita \u0160teinberga<\/td><td><strong>I pak\u0101pe<\/strong><\/td><\/tr><tr><td>Siguldas novada skatuves runas konkurss<\/td><td>Laura Pakalne (6.a)<\/td><td>Elita V\u012bgante<\/td><td><strong>I pak\u0101pe<\/strong><\/td><\/tr><tr><td>Siguldas novada skatuves runas konkurss<\/td><td>Evel\u012bna Buk\u0161a (9.c)<\/td><td>Lolita \u0160teinberga<\/td><td><strong>I pak\u0101pe<\/strong><\/td><\/tr><tr><td>Siguldas novada skatuves runas konkurss<\/td><td>Ralfs Sebastians Rozens (9.b)<\/td><td>Elita V\u012bgante<\/td><td><strong>I pak\u0101pe<\/strong><\/td><\/tr><tr><td>Siguldas novada skatuves runas konkurss<\/td><td>Valts Pakalns (1.b)<\/td><td>Laila Biteniece<\/td><td><strong>II pak\u0101pe<\/strong><\/td><\/tr><tr><td>Siguldas novada skatuves runas konkurss<\/td><td>Atis \u0100boli\u0146\u0161 (1.a)<\/td><td>Ramona Suveizda<\/td><td><strong>II pak\u0101pe<\/strong><\/td><\/tr><tr><td>Siguldas novada skatuves runas konkurss<\/td><td>Ance Pakalne (4.c)<\/td><td>Ramona Suveizda<\/td><td><strong>II pak\u0101pe<\/strong><\/td><\/tr><tr><td>Konkurss &#8220;Fizmix eksperiments&#8221; R\u012bgas re\u0123iona pusfin\u0101ls<\/td><td>Ance Adzil\u010da (9.b), L\u012bva L\u012bpace (9.b), Kristi\u0101na Pl\u016bme (9.a), Justs J\u0113kabsons (9.c), Ralfs Sebastians Rozens (9.b)<\/td><td>Lilita Bernharde<\/td><td><strong>III<\/strong><\/td><\/tr><tr><td>Konkurss &#8220;Radi. Dari. Aizsarg\u0101.&#8221;&nbsp;<\/td><td>\u0112rika Brikmane (5.c), Loreta Lebedoka (5.c), Evel\u012bna Markevica (5.c)<\/td><td>Lolita \u0160teinberga<\/td><td><strong>I<\/strong><\/td><\/tr><tr><td>&nbsp;XXIV St\u0101stnieku konkurss&nbsp; \u201eTeci, teci, valodi\u0146a 2020\u201d&nbsp;Valmieras novada pusfin\u0101ls<\/td><td>Marta Zandberga (5.c)<\/td><td>Lolita \u0160teinberga<\/td><td><strong>&#8220;Liel\u0101 st\u0101stniece&#8221; 1.pak\u0101pe<\/strong><\/td><\/tr><tr><td>XXIV St\u0101stnieku konkurss fin\u0101ls R\u012bg\u0101 \u201eTeci, teci, valodi\u0146a 2020 \u201d<\/td><td>Marta Zandberga (5.c)<\/td><td>Lolita \u0160teinberga<\/td><td><strong>&#8220;Liel\u0101 st\u0101stniece&#8221; 2.pak\u0101pe<\/strong><\/td><\/tr><tr><td>&nbsp;A. Liepas Nekl\u0101tienes matem\u0101tikas skolas Jauno matem\u0101ti\u0137u konkurs\u0101<\/td><td>Laura Pakalne (6.a)<\/td><td>Santa Briede<\/td><td><strong>III<\/strong><\/td><\/tr><tr><td>Jauno m\u0101kslinieku izst\u0101de-konkurss &#8220;Lidice 2021&#8221;<\/td><td>L\u012bva Markevica (6.b)<\/td><td>Krist\u012bne Gail\u012bte<\/td><td><strong>Meda\u013cas<\/strong><\/td><\/tr><\/tbody><\/table><\/figure>\n\n\n\n<p><\/p>\n\n\n\n<h2 class=\"wp-block-heading\">Skol\u0113nu ar m\u0101c\u012bbu sasniegumiem apbalvo\u0161ana 2020.\/2021. m\u0101c\u012bbu gad\u0101<\/h2>\n\n\n\n<figure class=\"wp-block-table\"><table><tbody><tr><td><em>Zelta liec\u012bbas<\/em><\/td><td>&nbsp;<\/td><td>&nbsp;<\/td><\/tr><tr><td>Dana Astra\u0146ina 2.a&nbsp; &nbsp; &nbsp; &nbsp; &nbsp;&nbsp; &nbsp; &nbsp; &nbsp; &nbsp; &nbsp; &nbsp; &nbsp; &nbsp; &nbsp; &nbsp; &nbsp; &nbsp; &nbsp; &nbsp; &nbsp; &nbsp; &nbsp;&nbsp;<\/td><td>Keita Kr\u016bmi\u0146a 2.a&nbsp; &nbsp; &nbsp; &nbsp; &nbsp; &nbsp; &nbsp; &nbsp; &nbsp; &nbsp; &nbsp; &nbsp; &nbsp; &nbsp; &nbsp; &nbsp; &nbsp; &nbsp; &nbsp; &nbsp; &nbsp; &nbsp; &nbsp; &nbsp;&nbsp;<\/td><td>Gvido \u0100bols 2.b&nbsp; &nbsp; &nbsp; &nbsp; &nbsp; &nbsp; &nbsp; &nbsp; &nbsp; &nbsp; &nbsp; &nbsp; &nbsp; &nbsp; &nbsp; &nbsp; &nbsp; &nbsp; &nbsp; &nbsp; &nbsp; &nbsp; &nbsp;&nbsp;<\/td><\/tr><tr><td>Enija B\u0113rzi\u0146a 2.b<\/td><td>J\u0113kabs V\u0101vere 2.b<\/td><td>Elza Acti\u0146a&nbsp;2.c<\/td><\/tr><tr><td>Herta Butkus&nbsp;2.c<\/td><td>Ansis Jugans 2.c<\/td><td>Adele Kurpniece 2.c<\/td><\/tr><tr><td>Lu\u012bze O\u013cukalna 2.c<\/td><td>Leila \u0160teinberga 2.c<\/td><td>D\u0101rta T\u012bsa 2.c<\/td><\/tr><tr><td>&nbsp;J\u0101nis Mion\u010dinskis 3.a<\/td><td>&nbsp;Mi\u0137elis Rostoks 3.a<\/td><td>Kar\u012bna Spurava 3.a<\/td><\/tr><tr><td>Ritvars Rozent\u0101ls 3.b<\/td><td>Rei\u010dela Anna Skuja 3.b<\/td><td>Kri\u0161j\u0101nis Em\u012bls Kal\u0113js 3.c<\/td><\/tr><tr><td>Sofija \u013busaja 3.c<\/td><td>Laura M\u0101rtinsone 4.a<\/td><td>Em\u012bls M\u0101rtinsons 4.a<\/td><\/tr><tr><td>El\u012bza \u0160ica 4.b<\/td><td>Elizabete \u017dagare 4.b<\/td><td>Madara Bogdane 4.c<\/td><\/tr><tr><td>El\u012bna Eisaka 4.c<\/td><td>Kristaps Jegurs 4.c&nbsp;<\/td><td>Ance Pakalne 4.c<\/td><\/tr><tr><td>&nbsp;Alise Slav\u0113na 4.c<\/td><td>&nbsp;Dita Adzil\u010da 5.b<\/td><td>Elm\u0101rs Klibas 5.b<\/td><\/tr><tr><td>&nbsp;Lote L\u012bpace 5.b<\/td><td>Kristaps Neimans 5.b<\/td><td>Marta St\u012bpniece 5.b<\/td><\/tr><tr><td>Martins St\u016br\u012btis 5.b<\/td><td>M\u0101ra B\u0113rze&nbsp;5.c<\/td><td>Ralfs Briedis 5.c<\/td><\/tr><tr><td>Loreta Lebedoka 5.c<\/td><td>Ketija Pried\u012bte 5.c<\/td><td>Marta Zandberga 5.c<\/td><\/tr><tr><td>Laura Pakalne 6.a<\/td><td>Aleksandrija Sofija Bogdanova 7.a<\/td><td>\u0160arlote Jurj\u0101ne 7.a<\/td><\/tr><tr><td>Evita M\u0101rtinsone 7.b<\/td><td>Arvita Tu\u0146\u0137ele 7.b<\/td><td>&nbsp;<\/td><\/tr><tr><td><em>Sudraba liec\u012bbas<\/em><\/td><td>&nbsp;<\/td><td>&nbsp;<\/td><\/tr><tr><td>Alise Hana 2.b<\/td><td>\u0160arlote Anna Kraukle 2.b<\/td><td>Gerda Uzare 2.b<\/td><\/tr><tr><td>K\u0101rlis Kan\u010ds 2.c<\/td><td>Linards Ke\u0161\u0101ns 2.c<\/td><td>Anna Brante 3.a<\/td><\/tr><tr><td>Enija Celmi\u0146a 3.a<\/td><td>Kevins Golti\u0146\u0161 3.a<\/td><td>Em\u012bls R\u016bdolfs 3.a<\/td><\/tr><tr><td>Madara Daniela Skrasti\u0146a 3.b<\/td><td>Estere Gavare 3.c<\/td><td>Adrians Grebe\u017eniks 3.c<\/td><\/tr><tr><td>Talisa Kotkova 3.c<\/td><td>Mel\u0101nija Lebedoka 3.c<\/td><td>Eriks Plisko 3.c<\/td><\/tr><tr><td>Anna Saule 3.c<\/td><td>Sandis Neimanis 3.c<\/td><td>Viktorija Delikatnija 4.a<\/td><\/tr><tr><td>L\u012bva Krau\u0161a 4.a<\/td><td>Simona Sprudz\u0101ne 4.a<\/td><td>Maksims Tenka\u013cuks 4.a<\/td><\/tr><tr><td>Markuss Tru\u0161elis 4.a<\/td><td>Adrians An\u0161mits 4.b<\/td><td>Elza Gail\u012bte 4.b<\/td><\/tr><tr><td>Roberts \u0136iploks 4.b<\/td><td>Paula Lemberga 4.b<\/td><td>L\u0101sma Pipare 4.b<\/td><\/tr><tr><td>M\u0101rti\u0146\u0161 Sviklis 4.b<\/td><td>Viktorija Gavare 4.c<\/td><td>Gabriela Kuprijanova 4.c<\/td><\/tr><tr><td>Mi\u0137elis L\u012bkops 4.c<\/td><td>Edgars \u0122\u0113rmanis 5.a<\/td><td>&nbsp;Egija Kl\u0101mane 5.a<\/td><\/tr><tr><td>Markuss Broks 5.b<\/td><td>Sab\u012bne Be\u0137ere 5.c<\/td><td>Kristi\u0101ns B\u0113rti\u0146\u0161 5.c<\/td><\/tr><tr><td>&nbsp;Tomass Melngalvis 5.c<\/td><td>Kristaps Ondzulis 5.c<\/td><td>Marats Ko\u010degarovs 6.a<\/td><\/tr><tr><td>Imants M\u0101rti\u0146\u0161 Kup\u010ds 6.a<\/td><td>Mat\u012bss Lauris 6.a<\/td><td>D\u0101rta Uzare 6.a<\/td><\/tr><tr><td>Niks Bogdans 6.b<\/td><td>Raitis Goferts 6.b<\/td><td>&nbsp;Viktorija Ustinova 6.b<\/td><\/tr><tr><td>Al\u012bna Azarova 6.c<\/td><td>\u0160arlote And\u017eel\u012bna Cechladze 6.c<\/td><td>Kristaps Guca\u013cuks 6.c<\/td><\/tr><tr><td>K\u0101rlis Mat\u012bss Ievi\u0146\u0161 6.c<\/td><td>Bruno Kan\u010ds 6.c<\/td><td>Kristians Komur\u0146ickis 6.c<\/td><\/tr><tr><td>Laura L\u0113\u0123ere 6.c<\/td><td>Denis A\u0146enkovs 7.c<\/td><td>U\u0123is Broks 7.c<\/td><\/tr><tr><td>Raiens R\u016bja 8.a<\/td><td>Dace Elizabete St\u012bpniece 8.a<\/td><td>Kristi\u0101na Freimane 8.b<\/td><\/tr><tr><td>L\u012bva Domokejeva 8.c<\/td><td>&nbsp;<\/td><td>&nbsp;<\/td><\/tr><\/tbody><\/table><\/figure>\n\n\n\n<p><\/p>\n\n\n\n<h2 class=\"wp-block-heading\">Skol\u0113nu ar m\u0101c\u012bbu sasniegumiem apbalvo\u0161ana 2020.\/2021. m\u0101c\u012bbu gada I semestr\u012b<\/h2>\n\n\n\n<figure class=\"wp-block-table\"><table><tbody><tr><td>Enija B\u0113rzi\u0146a&nbsp;2.b<\/td><td>J\u0113kabs V\u0101vere 2.b<\/td><td>Herta Butkus 2.c<\/td><\/tr><tr><td>Ansis Jugans 2.c<\/td><td>Adele Kurpniece 2.c<\/td><td>Lu\u012bze O\u013cukalna&nbsp;2.c<\/td><\/tr><tr><td>Leila \u0160teinberga&nbsp;2.c<\/td><td>D\u0101rta T\u012bsa&nbsp;2.c<\/td><td>Ernests K\u0101rlis Panovs 3.a<\/td><\/tr><tr><td>Mi\u0137elis Rostoks&nbsp;3.a<\/td><td>Kar\u012bna Spurava 3.a<\/td><td>Ritvars Rozent\u0101ls 3.b<\/td><\/tr><tr><td>Rei\u010dela Anna Skuja 3.b<\/td><td>Adrians Grebe\u017e\u0146iks 3.c<\/td><td>Kri\u0161j\u0101nis Em\u012bls Kal\u0113js&nbsp;3.c<\/td><\/tr><tr><td>Sofija \u013busaja 3.c<\/td><td>Viktorija Delikatnija 4.a<\/td><td>L\u012bva Krau\u0161a 4.a<\/td><\/tr><tr><td>Krist\u012bne Kr\u016bmi\u0146a 4.a<\/td><td>Laura M\u0101rtinsone 4.a<\/td><td>Em\u012bls M\u0101rtinsons 4.a<\/td><\/tr><tr><td>Simona Sprudz\u0101ne 4.a<\/td><td>Markuss Tru\u0161elis 4.a<\/td><td>Elza Gail\u012bte 4.b<\/td><\/tr><tr><td>El\u012bza \u0160ica 4.b<\/td><td>Elizabete \u017dagare 4.b<\/td><td>Madara Bogdane 4.c<\/td><\/tr><tr><td>El\u012bna Eisaka 4.c<\/td><td>Viktorija Gavare 4.c<\/td><td>Kristaps Jegurs 4.c<\/td><\/tr><tr><td>Gabriela Kuprijanova 4.c<\/td><td>Mi\u0137elis L\u012bkops 4.c<\/td><td>Ance Pakalne 4.c<\/td><\/tr><tr><td>Alise Slav\u0113na 4.c<\/td><td>Egija Kl\u0101mane&nbsp;5.a<\/td><td>Dita Adzil\u010da 5.b<\/td><\/tr><tr><td>Markuss Broks 5.b<\/td><td>Elm\u0101rs Klibas 5.b<\/td><td>Lote L\u012bpace 5.b<\/td><\/tr><tr><td>Kristaps Neimans 5.b<\/td><td>R\u016bdolfs Rostoks 5.b<\/td><td>Marta St\u012bpniece 5.b<\/td><\/tr><tr><td>Martins St\u016br\u012btis 5.b<\/td><td>Sab\u012bne Be\u0137ere 5.c<\/td><td>M\u0101ra B\u0113rze 5.c<\/td><\/tr><tr><td>Ralfs Briedis 5.c<\/td><td>Loreta Lebedoka 5.c<\/td><td>Tomass Melngalvis 5.c<\/td><\/tr><tr><td>Kristaps Ondzulis 5.c<\/td><td>Marta Zandberga 5.c<\/td><td>Laura Pakalne 6.a<\/td><\/tr><tr><td>D\u0101rta Uzare 6.a<\/td><td>Niks Bogdans 6.b<\/td><td>Raitis Goferts 6.b<\/td><\/tr><tr><td>\u0160arlote And\u017eel\u012bna Cechladze 6.c<\/td><td>K\u0101rlis Mat\u012bss Ievi\u0146\u0161 6.c<\/td><td>Bruno Kan\u010ds 6.c<\/td><\/tr><tr><td>Kristians Komur\u0146ickis 6.c<\/td><td>Annija Maslovska 6.c<\/td><td>Aleksandrija Sofija Bogdanova 7.a<\/td><\/tr><tr><td>\u0160arlote Jurj\u0101ne 7.a<\/td><td>Evita M\u0101rtinsone 7.b<\/td><td>Arvita Tu\u0146\u0137ele 7.b<\/td><\/tr><tr><td>Gustavs Melngalvis 8.a<\/td><td>Estere Mintika 8.a<\/td><td>Martins Platk\u0113vi\u010ds 8.a<\/td><\/tr><tr><td>Sandija Podniece 8.a<\/td><td>Raiens R\u016bja 8.a<\/td><td>Dace Elizabete St\u012bpniece 8.a<\/td><\/tr><tr><td>Kristi\u0101na Freimane 8.b<\/td><td>Nika Ti\u0161alovi\u010da 8.b<\/td><td>Normena Logina 8.c<\/td><\/tr><tr><td>Toms R\u0101gs 8.c<\/td><td>Monika Apkalne 9.a<\/td><td>Kristi\u0101na Pl\u016bme 9.a<\/td><\/tr><tr><td>El\u012bza Roze 9.a<\/td><td>Ance Adzil\u010da 9.b<\/td><td>L\u012bva L\u012bpace 9.b<\/td><\/tr><tr><td>R\u016bta Meistere 9.b<\/td><td>Ralfs Sebastians Rozens 9.b<\/td><td>Marta Virzi\u0146a 9.b<\/td><\/tr><tr><td>Evel\u012bna Buk\u0161a 9.c<\/td><td>Daniela L\u012bna Petrova 9.c<\/td><\/tr><\/tbody><\/table><\/figure>\n","protected":false},"excerpt":{"rendered":"<p>M\u0101c\u012bbu priek\u0161metu olimpi\u0101\u017eu laure\u0101ti 2020.\/2021. m\u0101c\u012bbu gad\u0101 Olimpi\u0101de Skol\u0113ns, klase Skolot\u0101js Vieta Valsts olimp\u0101de&nbsp; latvie\u0161u valod\u0101 un literat\u016br\u0101 8.klas\u0113m 2.posms Sandija Podniece, 8.a L\u0101sma Kono\u0161onoka I Valsts olimp\u0101de&nbsp; latvie\u0161u valod\u0101 &#8230; <a title=\"2020.\/2021.\" class=\"read-more\" href=\"https:\/\/sig1psk.lv\/index.php\/sasniegumi-2\/2020-2021\/\" aria-label=\"Read more about 2020.\/2021.\">Las\u012bt t\u0101l\u0101k<\/a><\/p>\n","protected":false},"author":2,"featured_media":0,"parent":145,"menu_order":4,"comment_status":"closed","ping_status":"closed","template":"","meta":{"footnotes":""},"class_list":["post-167","page","type-page","status-publish"],"rttpg_featured_image_url":null,"rttpg_author":{"display_name":"Siguldas Pamatskola","author_link":"https:\/\/sig1psk.lv\/index.php\/author\/admins\/"},"rttpg_comment":0,"rttpg_category":null,"rttpg_excerpt":"M\u0101c\u012bbu priek\u0161metu olimpi\u0101\u017eu laure\u0101ti 2020.\/2021. m\u0101c\u012bbu gad\u0101 Olimpi\u0101de Skol\u0113ns, klase Skolot\u0101js Vieta Valsts olimp\u0101de&nbsp; latvie\u0161u valod\u0101 un literat\u016br\u0101 8.klas\u0113m 2.posms Sandija Podniece, 8.a L\u0101sma Kono\u0161onoka I Valsts olimp\u0101de&nbsp; latvie\u0161u valod\u0101 ... Las\u012bt t\u0101l\u0101k","_links":{"self":[{"href":"https:\/\/sig1psk.lv\/index.php\/wp-json\/wp\/v2\/pages\/167","targetHints":{"allow":["GET"]}}],"collection":[{"href":"https:\/\/sig1psk.lv\/index.php\/wp-json\/wp\/v2\/pages"}],"about":[{"href":"https:\/\/sig1psk.lv\/index.php\/wp-json\/wp\/v2\/types\/page"}],"author":[{"embeddable":true,"href":"https:\/\/sig1psk.lv\/index.php\/wp-json\/wp\/v2\/users\/2"}],"replies":[{"embeddable":true,"href":"https:\/\/sig1psk.lv\/index.php\/wp-json\/wp\/v2\/comments?post=167"}],"version-history":[{"count":5,"href":"https:\/\/sig1psk.lv\/index.php\/wp-json\/wp\/v2\/pages\/167\/revisions"}],"predecessor-version":[{"id":1178,"href":"https:\/\/sig1psk.lv\/index.php\/wp-json\/wp\/v2\/pages\/167\/revisions\/1178"}],"up":[{"embeddable":true,"href":"https:\/\/sig1psk.lv\/index.php\/wp-json\/wp\/v2\/pages\/145"}],"wp:attachment":[{"href":"https:\/\/sig1psk.lv\/index.php\/wp-json\/wp\/v2\/media?parent=167"}],"curies":[{"name":"wp","href":"https:\/\/api.w.org\/{rel}","templated":true}]}}