{"id":164,"date":"2023-08-17T20:49:27","date_gmt":"2023-08-17T18:49:27","guid":{"rendered":"https:\/\/sig1psk.lv\/?page_id=164"},"modified":"2023-12-10T15:28:09","modified_gmt":"2023-12-10T13:28:09","slug":"2021-2022","status":"publish","type":"page","link":"https:\/\/sig1psk.lv\/index.php\/sasniegumi-2\/2021-2022\/","title":{"rendered":"2021.\/2022."},"content":{"rendered":"\n<h3 class=\"wp-block-heading\">M\u0101c\u012bbu priek\u0161metu olimpi\u0101\u017eu laure\u0101ti 2021.\/2022. m\u0101c\u012bbu gad\u0101<\/h3>\n\n\n\n<figure class=\"wp-block-table\"><table><tbody><tr><th>Olimpi\u0101de<\/th><th>Skol\u0113ns, klase<\/th><th>Skolot\u0101js<\/th><th>Vieta<\/th><\/tr><tr><td>Valsts&nbsp;olimpi\u0101de latvie\u0161u valod\u0101 un literat\u016br\u0101<\/td><td>Dace Elizabete St\u012bpniece, 9.a<\/td><td>L\u0101sma Kono\u0161onoka<\/td><td><strong>III<\/strong><\/td><\/tr><tr><td>Valsts&nbsp;olimpi\u0101de&nbsp;latvie\u0161u valod\u0101 un literat\u016br\u0101<\/td><td>Evita M\u0101rtinsone, 8.b<\/td><td>Sintija St\u0101mere<\/td><td><strong>Atzin\u012bba<\/strong><\/td><\/tr><tr><td>Valsts olimpi\u0101de biolo\u0123ij\u0101<\/td><td>Dace Elizabete St\u012bpniece, 9.a<\/td><td>Ina Slavinska<\/td><td><strong>Atzin\u012bba<\/strong><\/td><\/tr><tr><td>Siguldas novada&nbsp;olimpi\u0101de&nbsp;v\u0113stur\u0113&nbsp;<\/td><td>Raiens R\u016bja,&nbsp; 9.a<\/td><td>M\u0101ris Smons<\/td><td><strong>I<\/strong><\/td><\/tr><tr><td>Siguldas novada&nbsp;olimpi\u0101de v\u0113stur\u0113&nbsp;<\/td><td>Dace Elizabete St\u012bpniece, 9.a<\/td><td>M\u0101ris Smons<\/td><td><strong>II<\/strong><\/td><\/tr><tr><td>Siguldas novada&nbsp;olimpi\u0101de biolo\u0123ij\u0101<\/td><td>Dace Elizabete St\u012bpniece, 9.a<\/td><td>Ina Slavinska<\/td><td><strong>I<\/strong><\/td><\/tr><tr><td>Siguldas novada&nbsp;olimpi\u0101de&nbsp;biolo\u0123ij\u0101<\/td><td>Raiens R\u016bja,&nbsp; 9.a<\/td><td>Ina Slavinska<\/td><td><strong>Atzin\u012bba<\/strong><\/td><\/tr><tr><td>Siguldas novada olimpi\u0101de&nbsp;matem\u0101tik\u0101<\/td><td>Roberts \u0136iploks, 5.b<\/td><td>Lilita L\u016bse<\/td><td><strong>I<\/strong><\/td><\/tr><tr><td>Siguldas novada olimpi\u0101de&nbsp;matem\u0101tik\u0101<\/td><td>Ance Pakalne, 5.c<\/td><td>Ilze M\u0101rtinsone<\/td><td><strong>II<\/strong><\/td><\/tr><tr><td>Siguldas novada olimpi\u0101de&nbsp;matem\u0101tik\u0101<\/td><td>Marta St\u012bpniece, 6.b<\/td><td>Santa Briede<\/td><td><strong>Atzin\u012bba<\/strong><\/td><\/tr><tr><td>Siguldas novada olimpi\u0101de&nbsp;matem\u0101tik\u0101<\/td><td>K\u0101rlis Mat\u012bss Ievi\u0146\u0161, 7.c<\/td><td>Lilita L\u016bse<\/td><td><strong>Atzin\u012bba<\/strong><\/td><\/tr><tr><td>Siguldas novada olimpi\u0101de&nbsp;matem\u0101tik\u0101<\/td><td>Laura Pakalne, 7.a<\/td><td>Lilita L\u016bse<\/td><td><strong>Atzin\u012bba<\/strong><\/td><\/tr><tr><td>Siguldas novada olimpi\u0101de latvie\u0161u valod\u0101 un literat\u016br\u0101<\/td><td>Evita M\u0101rtinsone, 8.b<\/td><td>Sintija St\u0101mere<\/td><td><strong>I<\/strong><\/td><\/tr><tr><td>Siguldas novada&nbsp;olimpi\u0101de&nbsp;latvie\u0161u valod\u0101 un literat\u016br\u0101<\/td><td>Dace Elizabete St\u012bpniece, 9.a<\/td><td>L\u0101sma Kono\u0161onoka<\/td><td><strong>I<\/strong><\/td><\/tr><tr><td>Siguldas novada&nbsp;olimpi\u0101de&nbsp;latvie\u0161u valod\u0101 un literat\u016br\u0101<\/td><td>Sandija Podniece, 9.a<\/td><td>L\u0101sma Kono\u0161onoka<\/td><td><strong>II<\/strong><\/td><\/tr><tr><td>Siguldas novada&nbsp;olimpi\u0101de&nbsp;latvie\u0161u valod\u0101 un literat\u016br\u0101<\/td><td>\u0160arlote Jurj\u0101ne, 8.a<\/td><td>Elita V\u012bgante<\/td><td><strong>Atzin\u012bba<\/strong><\/td><\/tr><\/tbody><\/table><\/figure>\n\n\n\n<h3 class=\"wp-block-heading\">&nbsp;<\/h3>\n\n\n\n<h2 class=\"wp-block-heading\">Skol\u0113nu ar m\u0101c\u012bbu sasniegumiem apbalvo\u0161ana 2021.\/2022. m\u0101c\u012bbu gada I semestr\u012b<\/h2>\n\n\n\n<figure class=\"wp-block-table\"><table><tbody><tr><td colspan=\"3\"><strong>3.kla\u0161u skol\u0113ni, kuru liec\u012bb\u0101s v\u0113rt\u0113jums ir 9 balles un augst\u0101k<\/strong><\/td><\/tr><tr><td>Keita Kr\u016bmi\u0146a 3.a<\/td><td>Enija B\u0113rzi\u0146a&nbsp;3.b<\/td><td>Herta Butkus&nbsp;3.c<\/td><\/tr><tr><td>Daniels Druziks&nbsp;3.c&nbsp;<\/td><td>Adele Kurpniece&nbsp;3.c&nbsp;<\/td><td>Leila \u0160teinberga&nbsp;3.c<\/td><\/tr><\/tbody><\/table><\/figure>\n\n\n\n<figure class=\"wp-block-table\"><table><tbody><tr><td colspan=\"3\"><strong>4.-7.kla\u0161u skol\u0113ni, kuru liec\u012bb\u0101s v\u0113rt\u0113jums ir 7 balles un augst\u0101k<\/strong><\/td><\/tr><tr><td>Anna Brante&nbsp;4.a<\/td><td>Enija Celmi\u0146a&nbsp;4.a<\/td><td>Kevins Golti\u0146\u0161&nbsp;4.a<\/td><\/tr><tr><td>J\u0101nis Mion\u010dinskis&nbsp;4.a<\/td><td>Ernests K\u0101rlis Panovs&nbsp;4.a<\/td><td>Mi\u0137elis Rostoks&nbsp;4.a<\/td><\/tr><tr><td>Kar\u012bna Spurava&nbsp;4.a<\/td><td>Ritvars Rozent\u0101ls&nbsp;4.b<\/td><td>Madara Daniela Skrasti\u0146a&nbsp;4.b<\/td><\/tr><tr><td>Rei\u010dela Anna Skuja&nbsp;4.b<\/td><td>Estere Gavare&nbsp;4.c<\/td><td>Adrians Grebe\u017eniks&nbsp;4.c<\/td><\/tr><tr><td>Talisa Kotkova&nbsp;4.c<\/td><td>Mel\u0101nija Lebedoka&nbsp;4.c<\/td><td>Sofija \u013busaja&nbsp;4.c<\/td><\/tr><tr><td>Sandis Neimanis&nbsp;4.c<\/td><td>Eriks Plisko&nbsp;4.c<\/td><td>Anna Saule&nbsp;4.c<\/td><\/tr><tr><td>Laura M\u0101rtinsone&nbsp;5.a<\/td><td>Em\u012bls M\u0101rtinsons&nbsp;5.a<\/td><td>Elza Gail\u012bte&nbsp;5.b<\/td><\/tr><tr><td>Roberts \u0136iploks&nbsp;5.b<\/td><td>M\u0101rti\u0146\u0161 Sviklis&nbsp;5.b<\/td><td>El\u012bza \u0160ica&nbsp;5.b<\/td><\/tr><tr><td>Elizabete \u017dagare&nbsp;5.b<\/td><td>Madara Bogdane&nbsp;5.c<\/td><td>El\u012bna Eisaka&nbsp;5.c<\/td><\/tr><tr><td>Viktorija Gavare&nbsp;5.c<\/td><td>Kristaps Jegurs&nbsp;5.c<\/td><td>Ance Pakalne&nbsp;5.c<\/td><\/tr><tr><td>Alise Slav\u0113na&nbsp;5.c<\/td><td>Dita Adzil\u010da&nbsp;6.b<\/td><td>Elm\u0101rs Klibas&nbsp;6.b<\/td><\/tr><tr><td>Lote L\u012bpace&nbsp;6.b<\/td><td>Kristaps Neimans&nbsp;6.b<\/td><td>Marta St\u012bpniece&nbsp;6.b<\/td><\/tr><tr><td>M\u0101ra B\u0113rze&nbsp;6.c<\/td><td>Ralfs Briedis&nbsp;6.c<\/td><td>Loreta Lebedoka&nbsp;6.c<\/td><\/tr><tr><td>Tomass Melngalvis&nbsp;6.c<\/td><td>Marta Zandberga&nbsp;6.c<\/td><td>&nbsp;<\/td><\/tr><tr><td>Laura Pakalne&nbsp;7.a<\/td><td>D\u0101rta Uzare&nbsp;7.a<\/td><td>Bruno Kan\u010ds&nbsp;7.c<\/td><\/tr><tr><td>Kristians Komur\u0146ickis&nbsp;7.c<\/td><td>&nbsp;<\/td><td>&nbsp;<\/td><\/tr><\/tbody><\/table><\/figure>\n\n\n\n<figure class=\"wp-block-table\"><table><tbody><tr><td colspan=\"3\"><strong>8.-9.kla\u0161u skol\u0113ni, kuru liec\u012bb\u0101s ir 6 balles un augst\u0101k<\/strong><\/td><\/tr><tr><td>Ance Gulbe&nbsp;8.a<\/td><td>\u0160arlote Jurj\u0101ne&nbsp;8.a<\/td><td>Markuss Celms 8.b<\/td><\/tr><tr><td>Evita M\u0101rtinsone&nbsp;8.b<\/td><td>Kristofers Ronijs Skuja&nbsp;8.b<\/td><td>El\u012bza \u0160ulca&nbsp;8.b<\/td><\/tr><tr><td>Arvita Tu\u0146\u0137ele&nbsp;8.b<\/td><td>U\u0123is Broks&nbsp;8.c<\/td><td>Nikola Liepi\u0146a&nbsp;8.c<\/td><\/tr><tr><td>Gustavs Melngalvis&nbsp;9.a<\/td><td>Estere Mintika&nbsp;9.a<\/td><td>Sandija Podniece&nbsp;9.a<\/td><\/tr><tr><td>Raiens R\u016bja&nbsp;9.a<\/td><td>Dace Elizabete St\u012bpniece&nbsp;9.a<\/td><td>Nika Ti\u0161alovi\u010da&nbsp;9.b<\/td><\/tr><tr><td>L\u012bva Domokejeva 9.c<\/td><td>&nbsp;<\/td><td>&nbsp;<\/td><\/tr><\/tbody><\/table><\/figure>\n\n\n\n<p><\/p>\n\n\n\n<h2 class=\"wp-block-heading\">Konkursu laure\u0101ti&nbsp;2021.\/2022. m\u0101c\u012bbu gad\u0101<\/h2>\n\n\n\n<figure class=\"wp-block-table\"><table><tbody><tr><th>Konkurss<\/th><th>Skol\u0113ns, klase<\/th><th>Skolot\u0101js<\/th><th>Vieta<\/th><\/tr><tr><td colspan=\"4\">&nbsp;<\/td><\/tr><tr><td rowspan=\"8\">Siguldas novada skol\u0113nu Skatuves runas konkurss<\/td><td>Lote \u0160teinberga, 1.c<\/td><td>M\u0101r\u012bte Ziemele<\/td><td><strong>I<\/strong><\/td><\/tr><tr><td>Valts Pakalns, 2.b<\/td><td>Laila Biteniece<\/td><td><strong>I<\/strong><\/td><\/tr><tr><td>\u0160arlote Anna Kraukle, 3.b<\/td><td>Laila Adzil\u010da<\/td><td><strong>I<\/strong><\/td><\/tr><tr><td>Elza Gail\u012bte, 5.b<\/td><td>Krist\u012bne Gail\u012bte<\/td><td><strong>I<\/strong><\/td><\/tr><tr><td>Kristaps Jegurs, 5.c<\/td><td>Ramona Suveizda<\/td><td><strong>I<\/strong><\/td><\/tr><tr><td>El\u012bza Martinovska, 8.c<\/td><td>Elita V\u012bgante<\/td><td><strong>I<\/strong><\/td><\/tr><tr><td>S\u0101ra Gail\u012bte, 1.a<\/td><td>In\u0101ra Smone<\/td><td><strong>II<\/strong><\/td><\/tr><tr><td>\u0160arlote Jurj\u0101ne, 8.a<\/td><td>Elita V\u012bgante<\/td><td><strong>II<\/strong><\/td><\/tr><tr><td colspan=\"4\">&nbsp;<\/td><\/tr><tr><td rowspan=\"14\">Siguldas novada skol\u0113nu rado\u0161i p\u0113tniecisko darbu konkurss<\/td><td>Valts Pakalns, 2.b<\/td><td>Laila Biteniece<\/td><td><strong>I<\/strong><\/td><\/tr><tr><td>Ralfs V\u0101vere, Arvis Uzars, 2.b<\/td><td>Laila Biteniece<\/td><td><strong>I<\/strong><\/td><\/tr><tr><td>Sofija Kristi\u0101na Petrovska, 3.a<\/td><td>Inga Jansone<\/td><td><strong>I<\/strong><\/td><\/tr><tr><td>Alise Hana, Gerda Uzare, 3.b<\/td><td>Laila Adzil\u010da<\/td><td><strong>I<\/strong><\/td><\/tr><tr><td>Rei\u010dela Anna Skuja, 4.b<\/td><td>Elita V\u012bgante<\/td><td><strong>I<\/strong><\/td><\/tr><tr><td>Edgars Indriksons, 4.c<\/td><td>Aiva Indriksone<\/td><td><strong>I<\/strong><\/td><\/tr><tr><td>Laura M\u0101rtinsone, 5.a<\/td><td>Ilze M\u0101rtinsone<\/td><td><strong>I<\/strong><\/td><\/tr><tr><td>Elza Gail\u012bte, 5.b<\/td><td>Krist\u012bne Gail\u012bte<\/td><td><strong>I<\/strong><\/td><\/tr><tr><td>Loreta Lebedoka, 6.c<\/td><td>Lilita Bernharde<\/td><td><strong>I<\/strong><\/td><\/tr><tr><td>Em\u012blija Lemberga, 7.a<\/td><td>Elita V\u012bgante<\/td><td><strong>I<\/strong><\/td><\/tr><tr><td>Nika Ti\u0161alovi\u010da, 9.b<\/td><td>Ina Slavinska<\/td><td><strong>I<\/strong><\/td><\/tr><tr><td>Mel\u0101nija Lebedoka, 4.c<\/td><td>Iveta \u0136au\u0137\u012bte<\/td><td><strong>II<\/strong><\/td><\/tr><tr><td>Paula Lemberga, 5.b<\/td><td>Lilita L\u016bse<\/td><td><strong>II<\/strong><\/td><\/tr><tr><td>Nana Ma\u0161ko, 9.a<\/td><td>Evija Rozena<\/td><td><strong>II<\/strong><\/td><\/tr><tr><td colspan=\"4\">&nbsp;<\/td><\/tr><tr><td>Z\u012bm\u0113jumu konkurss &#8220;Sarg\u0101sim Latviju kop\u0101&#8221;<\/td><td>Lorensa Paula, 4.a<\/td><td>Ieva Pr\u012bmane<\/td><td><strong>II<\/strong><\/td><\/tr><tr><td colspan=\"4\">&nbsp;<\/td><\/tr><tr><td>Ang\u013cu valodas olimpi\u0101de &#8220;Hippo&#8221;<\/td><td>Keita Kr\u016bmi\u0146a&nbsp;3.a&nbsp;Herta Butkus&nbsp;3.c&nbsp;J\u0101nis Mion\u010dinskis&nbsp;4.a&nbsp;L\u012bva Krau\u0161a&nbsp;5.a&nbsp;Laura M\u0101rtinsone&nbsp;5.a&nbsp;Maija Pumpure&nbsp;6.bDita Kukule&nbsp;6.c&nbsp;Pauls Jungh\u0101ns&nbsp;6.c&nbsp;Kristers Lo\u010dmelis&nbsp;7.a&nbsp;Bruno Kan\u010ds&nbsp;7.c&nbsp;Evita M\u0101rtinsone&nbsp;8.a&nbsp;<\/td><td>L\u012bva Undzenko Daina\u00a0Neimane Ed\u012bte\u00a0Kuzmina<\/td><td>Pusfin\u0101ls<\/td><\/tr><tr><td>Ang\u013cu valodas olimpi\u0101de &#8220;Hippo&#8221;<\/td><td>L\u012bva Krau\u0161a&nbsp;5.a<br>Keita Krumi\u0146a&nbsp;3a<\/td><td>L\u012bva Undzenko Ed\u012bte\u00a0Kuzmina<\/td><td>Fin\u0101ls<\/td><\/tr><tr><td colspan=\"4\">&nbsp;<\/td><\/tr><tr><td>Konkurss &#8220;Mazais erud\u012bts&#8221;<\/td><td>Ralfs Patriks Putni\u0146\u0161 1.a<br>Markuss Tomsons-Lapi\u0146\u0161 1.b<br>\u200bLote \u0160teinberga 1.c&nbsp;Zemguss Lapi\u0146\u0161&nbsp;2.a&nbsp;<br>Valts Pakalns&nbsp;\u200b2.b<br>Ol\u012bvija Purmale&nbsp;2.cKeita Kr\u016bmi\u0146a&nbsp;3.a<br>J\u0113kabs V\u0101vere&nbsp;3.b<br>Herta Butkus&nbsp;3.c<\/td><td>S\u0101kumskolas skolot\u0101jas<\/td><td><strong>I<\/strong><\/td><\/tr><tr><td colspan=\"4\">&nbsp;<\/td><\/tr><tr><td>Konkurss &#8220;Mazais erud\u012bts&#8221;<\/td><td>S\u0101ra Gail\u012bte&nbsp;1.a<br>Roberts Celmi\u0146\u0161&nbsp;1.b<br>Ralfs Niedings&nbsp;1.cAtis \u0100boli\u0146\u0161&nbsp;2.a<br>Marta Lu\u012bze Kr\u016bmi\u0146a&nbsp;\u200b2.b<br>D\u0101rta Jankevi\u010da&nbsp;2.cEl\u012bna J\u0113kabsone&nbsp;3.a<br>M\u0101ra Kokta&nbsp;3.b<br>Daniels Druziks&nbsp;3.c<\/td><td>S\u0101kumskolas skolot\u0101jas<\/td><td><strong>II<\/strong><\/td><\/tr><tr><td colspan=\"4\">&nbsp;<\/td><\/tr><tr><td>Konkurss &#8220;Mazais erud\u012bts&#8221;<\/td><td>Art\u016brs Tru\u0161elis&nbsp;1.a<br>Hel\u0113na Tilgase&nbsp;1.b&nbsp;<br>Estere J\u0101n\u012bte&nbsp;1.c&nbsp;Krist\u012bne Bankovska&nbsp;2.a<br>Ralfs V\u0101vere&nbsp;2.b<br>Pauls Jugans&nbsp;2.c&nbsp;Dana Astra\u0146ina&nbsp;3.a<br>Enija B\u0113rzi\u0146a&nbsp;3.b<br>Ansis Jugans&nbsp;3.c<\/td><td>S\u0101kumskolas skolot\u0101jas<\/td><td><strong>III<\/strong><\/td><\/tr><tr><td colspan=\"4\">&nbsp;<\/td><\/tr><tr><td>Konkurss &#8220;Sib\u012brijas b\u0113rni&#8221;<\/td><td>Patr\u012bcija \u017daimunde 9.a<\/td><td>Ieva Pr\u012bmane<\/td><td><strong>II<\/strong><\/td><\/tr><tr><td>Konkurss &#8220;Sarg\u0101sim Latviju kop\u0101&#8221;<\/td><td>Lorensa Paula 4.a<\/td><td>Ieva Pr\u012bmane<\/td><td><strong>II<\/strong><\/td><\/tr><tr><td>Konkurss &#8220;Mans t\u0113tis &#8211; supervaronis&#8221;<\/td><td>Rei\u010dela Anna Skuja 4.b<\/td><td>Ieva Pr\u012bmane<\/td><td><strong>I<\/strong><\/td><\/tr><tr><td>Konkurss &#8220;Sveiciens bit\u0113m&#8221;<\/td><td>1. &#8211; 4. kla\u0161u skol\u0113ni<\/td><td>Ieva Pr\u012bmane<\/td><td><strong>I<\/strong><\/td><\/tr><\/tbody><\/table><\/figure>\n\n\n\n<p><\/p>\n\n\n\n<h3 class=\"wp-block-heading\">Sporta pas\u0101kumu un sacens\u012bbu&nbsp;laure\u0101ti 2021.\/2022. m\u0101c\u012bbu gad\u0101<\/h3>\n\n\n\n<figure class=\"wp-block-table\"><table><tbody><tr><th>Sporta pas\u0101kums<\/th><th>Skol\u0113ns, klase<\/th><th>Skolot\u0101js<\/th><th>Vieta<\/th><\/tr><tr><td colspan=\"4\">&nbsp;<\/td><\/tr><tr><td>Latvijas skol\u0113nu spartaki\u0101de basketbol\u0101<\/td><td>Raitis Goferts, Em\u012bls Eisaks 7.b, Aksels Lebedoks, Kristofers Ronijs Skuja&nbsp;8.b,<br>Silvestrs Kalni\u0146\u0161 8.c,<br>Rodrigo Auzi\u0146\u0161, Valts \u0160\u016bmanis, Roberts Nekra\u0161s, Mat\u012bss Ralfs V\u012bgants 9.b<\/td><td>Ivo Alksnis<\/td><td><strong>II<\/strong><\/td><\/tr><\/tbody><\/table><\/figure>\n","protected":false},"excerpt":{"rendered":"<p>M\u0101c\u012bbu priek\u0161metu olimpi\u0101\u017eu laure\u0101ti 2021.\/2022. m\u0101c\u012bbu gad\u0101 Olimpi\u0101de Skol\u0113ns, klase Skolot\u0101js Vieta Valsts&nbsp;olimpi\u0101de latvie\u0161u valod\u0101 un literat\u016br\u0101 Dace Elizabete St\u012bpniece, 9.a L\u0101sma Kono\u0161onoka III Valsts&nbsp;olimpi\u0101de&nbsp;latvie\u0161u valod\u0101 un literat\u016br\u0101 Evita M\u0101rtinsone, &#8230; <a title=\"2021.\/2022.\" class=\"read-more\" href=\"https:\/\/sig1psk.lv\/index.php\/sasniegumi-2\/2021-2022\/\" aria-label=\"Read more about 2021.\/2022.\">Las\u012bt t\u0101l\u0101k<\/a><\/p>\n","protected":false},"author":2,"featured_media":0,"parent":145,"menu_order":3,"comment_status":"closed","ping_status":"closed","template":"","meta":{"footnotes":""},"class_list":["post-164","page","type-page","status-publish"],"rttpg_featured_image_url":null,"rttpg_author":{"display_name":"Siguldas Pamatskola","author_link":"https:\/\/sig1psk.lv\/index.php\/author\/admins\/"},"rttpg_comment":0,"rttpg_category":null,"rttpg_excerpt":"M\u0101c\u012bbu priek\u0161metu olimpi\u0101\u017eu laure\u0101ti 2021.\/2022. m\u0101c\u012bbu gad\u0101 Olimpi\u0101de Skol\u0113ns, klase Skolot\u0101js Vieta Valsts&nbsp;olimpi\u0101de latvie\u0161u valod\u0101 un literat\u016br\u0101 Dace Elizabete St\u012bpniece, 9.a L\u0101sma Kono\u0161onoka III Valsts&nbsp;olimpi\u0101de&nbsp;latvie\u0161u valod\u0101 un literat\u016br\u0101 Evita M\u0101rtinsone, ... Las\u012bt t\u0101l\u0101k","_links":{"self":[{"href":"https:\/\/sig1psk.lv\/index.php\/wp-json\/wp\/v2\/pages\/164","targetHints":{"allow":["GET"]}}],"collection":[{"href":"https:\/\/sig1psk.lv\/index.php\/wp-json\/wp\/v2\/pages"}],"about":[{"href":"https:\/\/sig1psk.lv\/index.php\/wp-json\/wp\/v2\/types\/page"}],"author":[{"embeddable":true,"href":"https:\/\/sig1psk.lv\/index.php\/wp-json\/wp\/v2\/users\/2"}],"replies":[{"embeddable":true,"href":"https:\/\/sig1psk.lv\/index.php\/wp-json\/wp\/v2\/comments?post=164"}],"version-history":[{"count":4,"href":"https:\/\/sig1psk.lv\/index.php\/wp-json\/wp\/v2\/pages\/164\/revisions"}],"predecessor-version":[{"id":1177,"href":"https:\/\/sig1psk.lv\/index.php\/wp-json\/wp\/v2\/pages\/164\/revisions\/1177"}],"up":[{"embeddable":true,"href":"https:\/\/sig1psk.lv\/index.php\/wp-json\/wp\/v2\/pages\/145"}],"wp:attachment":[{"href":"https:\/\/sig1psk.lv\/index.php\/wp-json\/wp\/v2\/media?parent=164"}],"curies":[{"name":"wp","href":"https:\/\/api.w.org\/{rel}","templated":true}]}}