{"id":160,"date":"2023-08-17T20:47:45","date_gmt":"2023-08-17T18:47:45","guid":{"rendered":"https:\/\/sig1psk.lv\/?page_id=160"},"modified":"2026-01-04T20:51:41","modified_gmt":"2026-01-04T18:51:41","slug":"erasmus-k1-teatra-maksla","status":"publish","type":"page","link":"https:\/\/sig1psk.lv\/index.php\/projekti\/erasmus-k1-teatra-maksla\/","title":{"rendered":"TE\u0100TRA M\u0100KSLA &#8211; IZAICIN\u0100JUMS VAI IESP\u0112JA 21. GS. IZGL\u012aT\u012aB\u0100 (KA101)"},"content":{"rendered":"\n<p style=\"font-size:17px\">Projekta nosaukums ir \u201cTe\u0101tra m\u0101ksla \u2013 izaicin\u0101jums vai iesp\u0113ja 21.gadsimta izgl\u012bt\u012bb\u0101\u201d. Projekta aktivit\u0101tes iepl\u0101notas diviem gadiem, pie\u0161\u0137irt\u0101 finans\u0113juma kop\u0113j\u0101 summa EUR 19760.<\/p>\n\n\n\n<p style=\"font-size:17px\">Siguldas 1.pamatskol\u0101 te\u0101tra m\u0101ksla l\u012bdz \u0161im tika integr\u0113ta da\u017eos m\u0101c\u012bbu priek\u0161metos &#8211; latvie\u0161u valod\u0101, literat\u016br\u0101, ang\u013cu valod\u0101. Skolot\u0101jas Lolitas \u0160teinbergas vad\u012bb\u0101 skol\u0113ni apguvu\u0161i pamatiema\u0146as anim\u0101cij\u0101, veidojot \u012bsas filmi\u0146as par da\u017e\u0101d\u0101m t\u0113m\u0101m. Valst\u012b noteiktaj\u0101 jaunaj\u0101 izgl\u012bt\u012bbas standart\u0101, kas st\u0101jas sp\u0113k\u0101 jau 2020.\/2021.m\u0101c\u012bbu gad\u0101, ir iek\u013cauts jauns, atsevi\u0161\u0137s m\u0101c\u012bbu priek\u0161mets &#8211; te\u0101tra m\u0101ksla, kas skol\u0113niem dos iesp\u0113jas apg\u016bt un izmantot da\u017e\u0101das tehnikas un valodas kodus &#8211; audi\u0101los, verb\u0101los, vizu\u0101los, kinest\u0113tiskos. M\u016bsdien\u0101s, lai konkur\u0113tu darba tirg\u016b, ir svar\u012bga prasme sevi reprezent\u0113t. Erasmus+ projekt\u0101 tiks iesaist\u012bti skolot\u0101ji, kuri sav\u0101 darb\u0101 jau integr\u0113 te\u0101tra m\u0101kslu sav\u0101 m\u0101c\u012bbu priek\u0161met\u0101 un pedagogi, kas 2019.\/2020.m.g. s\u0101ku\u0161i vad\u012bt dr\u0101mu k\u0101 atsevi\u0161\u0137u m\u0101c\u012bbu priek\u0161metu. Ir pl\u0101nots iesaist\u012bt gan s\u0101kumskolas skolot\u0101jus, gan sve\u0161valodu skolot\u0101jus, gan ar\u012b latvie\u0161u valodas un literat\u016bras un m\u016bzikas skolot\u0101jus.<\/p>\n\n\n\n<p style=\"font-size:17px\">\u0160\u012b projekta m\u0113r\u0137i ir: 1) Padzi\u013cin\u0101t pedagogu profesion\u0101lo kompetenci vad\u012bt Dr\u0101mu k\u0101 atsevi\u0161\u0137u m\u0101c\u012bbu priek\u0161metu; 2) Papla\u0161in\u0101t pedagogu zin\u0101\u0161anas un prasmes par Dr\u0101mas integr\u0113\u0161anu citos m\u0101c\u012bbu priek\u0161metos 3) Veidot pedagoga zin\u0101\u0161anas un prasmes izstr\u0101d\u0101t Dr\u0101mas k\u0101 m\u0101c\u012bbu priek\u0161meta satura programmu 5.-7.klas\u0113m. Projekta m\u0113r\u0137i tiks sasniegti, sniedzot pedagogiem atbalstu profesion\u0101l\u0101s kompetences pilnveid\u0113: &#8211; nodro\u0161inot dal\u012bbu \u0101rvalstu m\u0101c\u012bbu kursos par Dr\u0101mas m\u0101c\u012bbu metodiku un izmanto\u0161anas iesp\u0113j\u0101m &#8211; organiz\u0113jot \u0101rvalstu pieredzes apmai\u0146as braucienus uz partnerorganiz\u0101cij\u0101m &#8211; nodro\u0161inot atbalstu m\u0101c\u012bbu priek\u0161meta &#8220;Dr\u0101ma&#8221; programmas 5.-7.klas\u0113m izstr\u0101d\u0113. Projekt\u0101 izstr\u0101d\u0101tie materi\u0101li tiks ievietoti Latvijas pedagogiem elektroniski pieejam\u0101 vietn\u0113, k\u0101 ar\u012b projekta dal\u012bbnieki dal\u012bsies sav\u0101 pieredz\u0113 par Dr\u0101mas m\u0101c\u012b\u0161anu izgl\u012btojo\u0161\u0101s lekcij\u0101s Siguldas novada skolot\u0101jiem.<\/p>\n\n\n\n<p><\/p>\n\n\n\n<p style=\"font-size:17px\"><\/p>\n\n\n\n<figure class=\"wp-block-table aligncenter\"><table class=\"has-fixed-layout\"><tbody><tr><td><img decoding=\"async\" src=\"https:\/\/sig1psk.lv\/wp-content\/uploads\/2025\/11\/Brown-Business-Card-23-1024x585.jpg\" alt=\"\"><\/td><td><img decoding=\"async\" src=\"https:\/\/sig1psk.lv\/wp-content\/uploads\/2025\/11\/Brown-Business-Card-21-1024x585.jpg\" alt=\"\"><\/td><\/tr><tr><td><img decoding=\"async\" src=\"https:\/\/sig1psk.lv\/wp-content\/uploads\/2025\/11\/Brown-Business-Card-20-1024x585.jpg\" alt=\"\"><\/td><td><img decoding=\"async\" src=\"https:\/\/sig1psk.lv\/wp-content\/uploads\/2025\/11\/Brown-Business-Card-22-1024x585.jpg\" alt=\"\"><\/td><\/tr><\/tbody><\/table><\/figure>\n\n\n\n<p style=\"font-size:17px\"><br><\/p>\n\n\n\n<p style=\"font-size:17px\"><br><strong>Publicit\u0101te<\/strong><\/p>\n\n\n\n<p style=\"font-size:17px\"><br>Siguldas 1. pamatskolas pedagogi dodas uz Erasmus+ programmas kursiem It\u0101lij\u0101.<br><strong><a href=\"https:\/\/www.sigulda.lv\/public\/lat\/jaunumi\/21927\/\">Spied \u0161eit<\/a><\/strong><\/p>\n\n\n\n<p style=\"font-size:17px\">Siguldas 1. pamatskolas pedagogi g\u016bst pieredzi&nbsp;Erasmus+ programmas m\u0101c\u012bb\u0101s Grie\u0137ij\u0101.<br><strong><a href=\"https:\/\/www.facebook.com\/sig1psk\/posts\/5293327044039578\">Spied \u0161eit<\/a><\/strong><\/p>\n\n\n\n<p style=\"font-size:17px\">Siguldas 1. pamatskolas pedagogi g\u016bst zin\u0101\u0161anas \u201cErasmus+\u201d kursos Island\u0113.<br><strong><a href=\"https:\/\/www.sigulda.lv\/public\/lat\/jaunumi\/23644\/\">Spied \u0161eit<\/a><\/strong><\/p>\n\n\n\n<p style=\"font-size:17px\">Siguldas 1. pamatskolas pedagogi dodas v\u0113rot stundas&nbsp;\u201cErasmus+\u201d ietvaros&nbsp;Somij\u0101.<br><strong><a href=\"https:\/\/www.sigulda.lv\/public\/lat\/jaunumi\/24045\/\">Spied \u0161eit<\/a><\/strong><\/p>\n","protected":false},"excerpt":{"rendered":"<p>Projekta nosaukums ir \u201cTe\u0101tra m\u0101ksla \u2013 izaicin\u0101jums vai iesp\u0113ja 21.gadsimta izgl\u012bt\u012bb\u0101\u201d. Projekta aktivit\u0101tes iepl\u0101notas diviem gadiem, pie\u0161\u0137irt\u0101 finans\u0113juma kop\u0113j\u0101 summa EUR 19760. Siguldas 1.pamatskol\u0101 te\u0101tra m\u0101ksla l\u012bdz \u0161im tika integr\u0113ta &#8230; <a title=\"TE\u0100TRA M\u0100KSLA &#8211; IZAICIN\u0100JUMS VAI IESP\u0112JA 21. GS. IZGL\u012aT\u012aB\u0100 (KA101)\" class=\"read-more\" href=\"https:\/\/sig1psk.lv\/index.php\/projekti\/erasmus-k1-teatra-maksla\/\" aria-label=\"Read more about TE\u0100TRA M\u0100KSLA &#8211; IZAICIN\u0100JUMS VAI IESP\u0112JA 21. GS. IZGL\u012aT\u012aB\u0100 (KA101)\">Las\u012bt t\u0101l\u0101k<\/a><\/p>\n","protected":false},"author":2,"featured_media":0,"parent":39,"menu_order":6,"comment_status":"closed","ping_status":"closed","template":"","meta":{"footnotes":""},"class_list":["post-160","page","type-page","status-publish"],"rttpg_featured_image_url":null,"rttpg_author":{"display_name":"Siguldas Pamatskola","author_link":"https:\/\/sig1psk.lv\/index.php\/author\/admins\/"},"rttpg_comment":0,"rttpg_category":null,"rttpg_excerpt":"Projekta nosaukums ir \u201cTe\u0101tra m\u0101ksla \u2013 izaicin\u0101jums vai iesp\u0113ja 21.gadsimta izgl\u012bt\u012bb\u0101\u201d. Projekta aktivit\u0101tes iepl\u0101notas diviem gadiem, pie\u0161\u0137irt\u0101 finans\u0113juma kop\u0113j\u0101 summa EUR 19760. Siguldas 1.pamatskol\u0101 te\u0101tra m\u0101ksla l\u012bdz \u0161im tika integr\u0113ta ... Las\u012bt t\u0101l\u0101k","_links":{"self":[{"href":"https:\/\/sig1psk.lv\/index.php\/wp-json\/wp\/v2\/pages\/160","targetHints":{"allow":["GET"]}}],"collection":[{"href":"https:\/\/sig1psk.lv\/index.php\/wp-json\/wp\/v2\/pages"}],"about":[{"href":"https:\/\/sig1psk.lv\/index.php\/wp-json\/wp\/v2\/types\/page"}],"author":[{"embeddable":true,"href":"https:\/\/sig1psk.lv\/index.php\/wp-json\/wp\/v2\/users\/2"}],"replies":[{"embeddable":true,"href":"https:\/\/sig1psk.lv\/index.php\/wp-json\/wp\/v2\/comments?post=160"}],"version-history":[{"count":6,"href":"https:\/\/sig1psk.lv\/index.php\/wp-json\/wp\/v2\/pages\/160\/revisions"}],"predecessor-version":[{"id":3757,"href":"https:\/\/sig1psk.lv\/index.php\/wp-json\/wp\/v2\/pages\/160\/revisions\/3757"}],"up":[{"embeddable":true,"href":"https:\/\/sig1psk.lv\/index.php\/wp-json\/wp\/v2\/pages\/39"}],"wp:attachment":[{"href":"https:\/\/sig1psk.lv\/index.php\/wp-json\/wp\/v2\/media?parent=160"}],"curies":[{"name":"wp","href":"https:\/\/api.w.org\/{rel}","templated":true}]}}