{"id":156,"date":"2023-08-17T20:46:22","date_gmt":"2023-08-17T18:46:22","guid":{"rendered":"https:\/\/sig1psk.lv\/?page_id=156"},"modified":"2026-01-04T20:52:53","modified_gmt":"2026-01-04T18:52:53","slug":"erasmus-k2-cloudlet","status":"publish","type":"page","link":"https:\/\/sig1psk.lv\/index.php\/projekti\/erasmus-k2-cloudlet\/","title":{"rendered":"CLOUDLET &#8211; LET&#8217;S MEET IN THE CLOUDS (KA229)"},"content":{"rendered":"\n<p style=\"font-size:17px\">2020.\/2021. m\u0101c\u012bbu gad\u0101 Siguldas 1.pamatskola ir iesaist\u012bjusies divos Erasmus+ programmas finans\u0113tos projektos: viens ir saist\u012bts ar skolot\u0101ju t\u0101l\u0101kizgl\u012bt\u012bbu, bet otr\u0101 pl\u0101nota skol\u0113nu sadarb\u012bba ar \u010detr\u0101m Eiropas valstu skol\u0101m.<\/p>\n\n\n\n<p style=\"font-size:17px\">Sastopoties ar nepieredz\u0113tiem izaicin\u0101jumiem, skol\u0113ni ir uzs\u0101ku\u0161i darb\u012bbu projekt\u0101 \u201cTiksimies m\u0101ko\u0146os\u201d (Let\u2019s meet in the clouds).<\/p>\n\n\n\n<p style=\"font-size:17px\">2020.gada oktobr\u012b visi Siguldas 1.pamatskolas 5. un 6.kla\u0161u skol\u0113ni tika aicin\u0101ti uz dal\u012bbnieku atlasi \u2013 skol\u0113ni rakst\u012bja motiv\u0101cijas v\u0113stuli ang\u013cu valod\u0101, k\u0101 ar\u012b iesniedza projekta logo z\u012bm\u0113jumu. Tika izveidota 21 skol\u0113na komanda. Laikam ritot, m\u0101c\u012bbu gada nosl\u0113gum\u0101 Erasmus+ skol\u0113nu komand\u0101 darboj\u0101s 18 skol\u0113ni.<\/p>\n\n\n\n<p style=\"font-size:17px\">Projekt\u0101 piedal\u0101s ar\u012b skolas no Polijas, Sp\u0101nijas un Horv\u0101tijas, skol\u0113ni regul\u0101ri satiekas e-twinning vid\u0113, veic da\u017e\u0101dus uzdevumus, iepaz\u012bst citu valstu skolas un skol\u0113nus att\u0101lin\u0101ti.<\/p>\n\n\n\n<p style=\"font-size:17px\">E-twinning vid\u0113 notika ar\u012b balsojums par lab\u0101ko projekta logo. Liels bija m\u016bsu prieks, kad projektu konkurs\u0101 s\u012bv\u0101 konkurenc\u0113 uzvar\u0113ja m\u016bsu skol\u0113na R\u016bdolfa Rostoka veidotais logo!<\/p>\n\n\n\n<p style=\"font-size:17px\">2020.gada 25.febru\u0101r\u012b notika liel\u0101 skol\u0113nu konference, kur katras valsts skol\u0113ni prezent\u0113ja savu skolu, pils\u0113tu un valsti, k\u0101 ar\u012b uzdeva jaut\u0101jumus citiem skol\u0113niem.<\/p>\n\n\n\n<p style=\"font-size:17px\">Projektam pie\u0161\u0137irtais finans\u0113jums ir EUR 30324. Projekta m\u0113r\u0137is ir izveidot m\u0101c\u012bbu materi\u0101lus, ko izvietot m\u0101kon\u012b, \u013caujot tiem piek\u013c\u016bt att\u0101lin\u0101ti no da\u017e\u0101d\u0101m viet\u0101m un da\u017e\u0101d\u0101m pasaules valst\u012bm.<\/p>\n\n\n\n<p><\/p>\n\n\n\n<figure class=\"wp-block-table aligncenter\"><table class=\"has-fixed-layout\"><tbody><tr><td><img decoding=\"async\" src=\"https:\/\/sig1psk.lv\/wp-content\/uploads\/2025\/11\/Brown-Business-Card-15-1024x585.jpg\" alt=\"\"><\/td><td><img decoding=\"async\" src=\"https:\/\/sig1psk.lv\/wp-content\/uploads\/2025\/11\/Brown-Business-Card-16-1024x585.jpg\" alt=\"\"><\/td><\/tr><tr><td><img decoding=\"async\" src=\"https:\/\/sig1psk.lv\/wp-content\/uploads\/2025\/11\/Brown-Business-Card-18-1024x585.jpg\" alt=\"\"><\/td><td><img decoding=\"async\" src=\"https:\/\/sig1psk.lv\/wp-content\/uploads\/2025\/11\/Brown-Business-Card-19-1024x585.jpg\" alt=\"\"><\/td><\/tr><tr><td><img decoding=\"async\" src=\"https:\/\/sig1psk.lv\/wp-content\/uploads\/2025\/11\/Brown-Business-Card-17-1024x585.jpg\" alt=\"\"><\/td><td><br><\/td><\/tr><\/tbody><\/table><\/figure>\n\n\n\n<p style=\"font-size:17px\">2021.\/2022.m.g. projekta ietvaros uzs\u0101ktas mobilit\u0101tes viz\u012btes<\/p>\n\n\n\n<p style=\"font-size:17px\">2021.gada 3.-5.novembris skolot\u0101ju mobilit\u0101tes viz\u012bte Polij\u0101<\/p>\n\n\n\n<p style=\"font-size:17px\">2022.gada. 4.-8.apr\u012bl\u012b skol\u0113nu un skolot\u0101ju mobilit\u0101tes viz\u012bte Sp\u0101nij\u0101<\/p>\n\n\n\n<p style=\"font-size:17px\">2022.gada 9.-13.maij\u0101 skol\u0113nu un skolot\u0101ju mobilit\u0101tes viz\u012bte Horv\u0101tij\u0101<\/p>\n\n\n\n<p style=\"font-size:17px\">2022.gada 3.-7.oktobr\u012b mobilit\u0101tes viz\u012bte Latvij\u0101<\/p>\n\n\n\n<p style=\"font-size:17px\">2023.gada 24.-28.apr\u012bl\u012b skol\u0113nu un skolot\u0101ju mobilit\u0101tes viz\u012bte Polij\u0101<\/p>\n\n\n\n<figure class=\"wp-block-image size-full is-resized\"><img loading=\"lazy\" decoding=\"async\" width=\"1600\" height=\"790\" src=\"https:\/\/sig1psk.lv\/wp-content\/uploads\/2024\/01\/ErasmusCloudlet2020-2023-LOGO-1.jpg\" alt=\"\" class=\"wp-image-1425\" style=\"width:558px;height:275px\" srcset=\"https:\/\/sig1psk.lv\/wp-content\/uploads\/2024\/01\/ErasmusCloudlet2020-2023-LOGO-1.jpg 1600w, https:\/\/sig1psk.lv\/wp-content\/uploads\/2024\/01\/ErasmusCloudlet2020-2023-LOGO-1-300x148.jpg 300w, https:\/\/sig1psk.lv\/wp-content\/uploads\/2024\/01\/ErasmusCloudlet2020-2023-LOGO-1-1024x506.jpg 1024w, https:\/\/sig1psk.lv\/wp-content\/uploads\/2024\/01\/ErasmusCloudlet2020-2023-LOGO-1-768x379.jpg 768w, https:\/\/sig1psk.lv\/wp-content\/uploads\/2024\/01\/ErasmusCloudlet2020-2023-LOGO-1-1536x758.jpg 1536w\" sizes=\"auto, (max-width: 1600px) 100vw, 1600px\" \/><\/figure>\n\n\n\n<p><\/p>\n\n\n\n<p><\/p>\n\n\n\n<p style=\"font-size:17px\"><strong>Publicit\u0101te<\/strong><\/p>\n\n\n\n<p style=\"font-size:17px\">Raksts par projektu &#8220;Siguldas Av\u012bz\u0113&#8221;, 2020.gada novembris.<br><strong><a href=\"https:\/\/www.sig1psk.lv\/upload\/Image\/gallery\/projekti\/raksts_sa_11_2020.jpg\">Spied \u0161eit<\/a><\/strong><\/p>\n\n\n\n<p style=\"font-size:17px\">Raksts par pirmo mobilit\u0101ti Siguldas novada m\u0101jaslap\u0101 2021.gada 08.novembr\u012b.<br><strong><a href=\"https:\/\/www.sigulda.lv\/public\/lat\/jaunumi\/21491\/\">Spied \u0161eit<\/a><\/strong><\/p>\n\n\n\n<p style=\"font-size:17px\">Raksts par otro mobilit\u0101ti Siguldas novada m\u0101jaslap\u0101 2022.gada 21.apr\u012bl\u012b.<br><strong><a href=\"https:\/\/www.sigulda.lv\/public\/lat\/jaunumi\/22441\/\">Spied \u0161eit<\/a><\/strong><\/p>\n\n\n\n<p style=\"font-size:17px\">Raksts par tre\u0161o mobilit\u0101ti\u00a0 2022.gada 10. maij\u0101.<br><strong><a href=\"https:\/\/www.sig1psk.lv\/upload\/Image\/gallery\/projekti\/raksts_sa_11_2020.jpg\"><strong><a href=\"https:\/\/www.facebook.com\/sig1psk\/posts\/5205820106123606\">Spied \u0161eit<\/a><\/strong><\/a><\/strong><\/p>\n\n\n\n<p style=\"font-size:17px\">Raksts par ceturto&nbsp;mobilit\u0101ti Siguldas novada m\u0101jaslap\u0101 2022.gada 27.oktobr\u012b.<br><strong><a href=\"https:\/\/m.sigulda.lv\/?sadala=read&amp;id=23627\">Spied \u0161eit<\/a><\/strong><\/p>\n\n\n\n<p style=\"font-size:17px\">Raksts par piekto mobilit\u0101ti Siguldas novada m\u0101jaslap\u0101 2022.gada 2. maij\u0101.<br><strong><a href=\"https:\/\/www.sigulda.lv\/public\/lat\/jaunumi\/24532\/\">Spied \u0161eit<\/a><\/strong><\/p>\n\n\n\n<p><\/p>\n\n\n\n<figure class=\"wp-block-image size-full is-resized\"><img loading=\"lazy\" decoding=\"async\" width=\"764\" height=\"209\" src=\"https:\/\/sig1psk.lv\/wp-content\/uploads\/2024\/01\/Lidzfinanse_Erasmus.png\" alt=\"\" class=\"wp-image-1422\" style=\"width:271px;height:74px\" srcset=\"https:\/\/sig1psk.lv\/wp-content\/uploads\/2024\/01\/Lidzfinanse_Erasmus.png 764w, https:\/\/sig1psk.lv\/wp-content\/uploads\/2024\/01\/Lidzfinanse_Erasmus-300x82.png 300w\" sizes=\"auto, (max-width: 764px) 100vw, 764px\" \/><\/figure>\n","protected":false},"excerpt":{"rendered":"<p>2020.\/2021. m\u0101c\u012bbu gad\u0101 Siguldas 1.pamatskola ir iesaist\u012bjusies divos Erasmus+ programmas finans\u0113tos projektos: viens ir saist\u012bts ar skolot\u0101ju t\u0101l\u0101kizgl\u012bt\u012bbu, bet otr\u0101 pl\u0101nota skol\u0113nu sadarb\u012bba ar \u010detr\u0101m Eiropas valstu skol\u0101m. Sastopoties ar &#8230; <a title=\"CLOUDLET &#8211; LET&#8217;S MEET IN THE CLOUDS (KA229)\" class=\"read-more\" href=\"https:\/\/sig1psk.lv\/index.php\/projekti\/erasmus-k2-cloudlet\/\" aria-label=\"Read more about CLOUDLET &#8211; LET&#8217;S MEET IN THE CLOUDS (KA229)\">Las\u012bt t\u0101l\u0101k<\/a><\/p>\n","protected":false},"author":2,"featured_media":0,"parent":39,"menu_order":4,"comment_status":"closed","ping_status":"closed","template":"","meta":{"footnotes":""},"class_list":["post-156","page","type-page","status-publish"],"rttpg_featured_image_url":null,"rttpg_author":{"display_name":"Siguldas Pamatskola","author_link":"https:\/\/sig1psk.lv\/index.php\/author\/admins\/"},"rttpg_comment":0,"rttpg_category":null,"rttpg_excerpt":"2020.\/2021. m\u0101c\u012bbu gad\u0101 Siguldas 1.pamatskola ir iesaist\u012bjusies divos Erasmus+ programmas finans\u0113tos projektos: viens ir saist\u012bts ar skolot\u0101ju t\u0101l\u0101kizgl\u012bt\u012bbu, bet otr\u0101 pl\u0101nota skol\u0113nu sadarb\u012bba ar \u010detr\u0101m Eiropas valstu skol\u0101m. Sastopoties ar ... Las\u012bt t\u0101l\u0101k","_links":{"self":[{"href":"https:\/\/sig1psk.lv\/index.php\/wp-json\/wp\/v2\/pages\/156","targetHints":{"allow":["GET"]}}],"collection":[{"href":"https:\/\/sig1psk.lv\/index.php\/wp-json\/wp\/v2\/pages"}],"about":[{"href":"https:\/\/sig1psk.lv\/index.php\/wp-json\/wp\/v2\/types\/page"}],"author":[{"embeddable":true,"href":"https:\/\/sig1psk.lv\/index.php\/wp-json\/wp\/v2\/users\/2"}],"replies":[{"embeddable":true,"href":"https:\/\/sig1psk.lv\/index.php\/wp-json\/wp\/v2\/comments?post=156"}],"version-history":[{"count":9,"href":"https:\/\/sig1psk.lv\/index.php\/wp-json\/wp\/v2\/pages\/156\/revisions"}],"predecessor-version":[{"id":3758,"href":"https:\/\/sig1psk.lv\/index.php\/wp-json\/wp\/v2\/pages\/156\/revisions\/3758"}],"up":[{"embeddable":true,"href":"https:\/\/sig1psk.lv\/index.php\/wp-json\/wp\/v2\/pages\/39"}],"wp:attachment":[{"href":"https:\/\/sig1psk.lv\/index.php\/wp-json\/wp\/v2\/media?parent=156"}],"curies":[{"name":"wp","href":"https:\/\/api.w.org\/{rel}","templated":true}]}}