{"id":147,"date":"2023-08-17T20:35:20","date_gmt":"2023-08-17T18:35:20","guid":{"rendered":"https:\/\/sig1psk.lv\/?page_id=147"},"modified":"2023-12-10T15:23:02","modified_gmt":"2023-12-10T13:23:02","slug":"2022-2023","status":"publish","type":"page","link":"https:\/\/sig1psk.lv\/index.php\/sasniegumi-2\/2022-2023\/","title":{"rendered":"2022.\/2023."},"content":{"rendered":"\n<p><\/p>\n\n\n\n<h3 class=\"wp-block-heading\">M\u0101c\u012bbu priek\u0161metu olimpi\u0101\u017eu laure\u0101ti 2022.\/2023. m\u0101c\u012bbu gad\u0101<\/h3>\n\n\n\n<figure class=\"wp-block-table\"><table><tbody><tr><th>Olimpi\u0101de<\/th><th>Skol\u0113ns, klase<\/th><th>Skolot\u0101js<\/th><th>Vieta<\/th><\/tr><tr><th colspan=\"4\">&nbsp;<\/th><\/tr><tr><td>Valsts olimpi\u0101de latvie\u0161u valod\u0101 un literat\u016br\u0101<\/td><td><strong>Evita M\u0101rtinsone, 9.b<\/strong><\/td><td>Sintija St\u0101mere<\/td><td><strong>II<\/strong><\/td><\/tr><tr><td>Valsts olimpi\u0101de v\u0113stur\u0113<\/td><td><strong>Evita M\u0101rtinsone, 9.b<\/strong><\/td><td>M\u0101ris Smons<\/td><td><strong>III<\/strong><\/td><\/tr><tr><td>Valsts olimpi\u0101de v\u0113stur\u0113<\/td><td><strong>Arvita Tu\u0146\u0137ele, 9.b<\/strong><\/td><td>M\u0101ris Smons<\/td><td><strong>Atzin\u012bba<\/strong><\/td><\/tr><tr><td>Valsts olimpi\u0101de biolo\u0123ij\u0101<\/td><td><strong>Evita M\u0101rtinsone, 9.b<\/strong><\/td><td>Ina Slavinska<\/td><td><strong>Atzin\u012bba<\/strong><\/td><\/tr><tr><td>Valsts atkl\u0101t\u0101 olimpi\u0101de matem\u0101tik\u0101<\/td><td><strong>Roberts \u0136iploks, 6.b<\/strong><\/td><td>Lilita L\u016bse<\/td><td><strong>Atzin\u012bba<\/strong><\/td><\/tr><tr><td>Valsts atkl\u0101t\u0101 olimpi\u0101de matem\u0101tik\u0101<\/td><td><strong>Ance Pakalne, 6.c<\/strong><\/td><td>Ilze M\u0101rtinsone<\/td><td><strong>Atzin\u012bba<\/strong><\/td><\/tr><tr><td>Siguldas novada olimpi\u0101de latvie\u0161u valod\u0101<\/td><td><strong>Evita M\u0101rtinsone, 9.b<\/strong><\/td><td>Sintija St\u0101mere<\/td><td><strong>I<\/strong><\/td><\/tr><tr><td>Siguldas novada olimpi\u0101de latvie\u0161u valod\u0101<\/td><td><strong>\u0160arlote Jurj\u0101ne, 9.a<\/strong><\/td><td>Elita V\u012bgante<\/td><td><strong>III<\/strong><\/td><\/tr><tr><td>Siguldas novada olimpi\u0101de matem\u0101tik\u0101<\/td><td><strong>Ance Pakalne, 6.c<\/strong><\/td><td>Ilze M\u0101rtinsone<\/td><td><strong>I<\/strong><\/td><\/tr><tr><td>Siguldas novada olimpi\u0101de matem\u0101tik\u0101<\/td><td><strong>Roberts \u0136iploks, 6.b<\/strong><\/td><td>Lilita L\u016bse<\/td><td><strong>Atzin\u012bba<\/strong><\/td><\/tr><tr><td>Siguldas novada olimpi\u0101de matem\u0101tik\u0101<\/td><td><strong>Adrians An\u0161mits, 6.b<\/strong><\/td><td>Lilita L\u016bse<\/td><td><strong>Atzin\u012bba<\/strong><\/td><\/tr><tr><td>Siguldas novada olimpi\u0101de matem\u0101tik\u0101<\/td><td><strong>Bruno Kan\u010ds, 8.c<\/strong><\/td><td>Lilita L\u016bse<\/td><td><strong>Atzin\u012bba<\/strong><\/td><\/tr><tr><td>Siguldas novada olimpi\u0101de fizik\u0101<\/td><td><strong>Ernests Lipskis, 9.b<\/strong><\/td><td>Lilita Bernharde<\/td><td><strong>I<\/strong><\/td><\/tr><tr><td>Siguldas novada olimpi\u0101de biolo\u0123ij\u0101<\/td><td><strong>Evita M\u0101rtinsone, 9.b<\/strong><\/td><td>Ina Slavinska<\/td><td><strong>I<\/strong><\/td><\/tr><tr><td>Siguldas novada olimpi\u0101de v\u0113stur\u0113<\/td><td><strong>Evita M\u0101rtinsone, 9.b<\/strong><\/td><td>M\u0101ris Smons<\/td><td><strong>I<\/strong><\/td><\/tr><tr><td>Siguldas novada olimpi\u0101de v\u0113stur\u0113<\/td><td><strong>Arvita Tu\u0146\u0137ele, 9.b<\/strong><\/td><td>M\u0101ris Smons<\/td><td><strong>III<\/strong><\/td><\/tr><tr><td>Starpnovadu 1.-3.kla\u0161u draudz\u012bbas olimpi\u0101d\u0113<\/td><td><strong>Am\u0113lija Ar\u0101ja, 1.c&nbsp;<\/strong><\/td><td>Laine p\u0101ruma<\/td><td><strong>I<\/strong><\/td><\/tr><tr><td>Starpnovadu 1.-3.kla\u0161u draudz\u012bbas olimpi\u0101d\u0113<\/td><td><strong>Em\u012blija \u0160\u0137endere, 2.a&nbsp;<\/strong><\/td><td>In\u0101ra Smone<\/td><td><strong>I<\/strong><\/td><\/tr><tr><td>Starpnovadu 1.-3.kla\u0161u draudz\u012bbas olimpi\u0101d\u0113<\/td><td><strong>Ralfs V\u0101vere, 3.b<\/strong>&nbsp;<\/td><td>Laila Biteniece<\/td><td><strong>I<\/strong><\/td><\/tr><tr><td>Starpnovadu 1.-3.kla\u0161u draudz\u012bbas olimpi\u0101d\u0113<\/td><td><strong>Katr\u012bna Pokrovska, 3.c<\/strong><\/td><td>Jolanta V\u0101vere<\/td><td><strong>I<\/strong><\/td><\/tr><tr><td>Starpnovadu 1.-3.kla\u0161u draudz\u012bbas olimpi\u0101d\u0113<\/td><td><strong>Valts Pakalns, 3.b&nbsp;<\/strong><\/td><td>Laila Biteniece<\/td><td><strong>I<\/strong><\/td><\/tr><tr><td>Starpnovadu 1.-3.kla\u0161u draudz\u012bbas olimpi\u0101d\u0113<\/td><td><strong>K\u0101rlis Laiz\u0101ns, 1.b&nbsp;<\/strong><\/td><td>Laila Adzil\u010da<\/td><td><strong>II<\/strong><\/td><\/tr><tr><td>Starpnovadu 1.-3.kla\u0161u draudz\u012bbas olimpi\u0101d\u0113<\/td><td><strong>Karl\u012bna Ku\u013cikova, 3.c<\/strong><\/td><td>Jolanta V\u0101vere<\/td><td><strong>III<\/strong><\/td><\/tr><tr><td>Starpnovadu 1.-3.kla\u0161u draudz\u012bbas olimpi\u0101d\u0113<\/td><td><strong>Kate Marija Jansone, 2.b&nbsp;<\/strong><\/td><td>Dzintra Fogele<\/td><td><strong>Atzin\u012bba<\/strong><\/td><\/tr><tr><td>Starpnovadu 1.-3.kla\u0161u draudz\u012bbas olimpi\u0101d\u0113<\/td><td><strong>Lote \u0160teinberga, 2.c&nbsp;<\/strong><\/td><td>M\u0101r\u012bte Ziemele<\/td><td><strong>Atzin\u012bba<\/strong><\/td><\/tr><tr><td>Starpnovadu 1.-3.kla\u0161u draudz\u012bbas olimpi\u0101d\u0113<\/td><td><strong>Krist\u012bne Bankovska, 3.a&nbsp;<\/strong><\/td><td>Ramona Suveizda<\/td><td><strong>Atzin\u012bba<\/strong><\/td><\/tr><tr><td>Starpnovadu 1.-3.kla\u0161u draudz\u012bbas olimpi\u0101d\u0113<\/td><td><strong>Zemguss Lapi\u0146\u0161, 3.a&nbsp;<\/strong><\/td><td>Ramona Suveizda<\/td><td><strong>Atzin\u012bba<\/strong><\/td><\/tr><\/tbody><\/table><\/figure>\n\n\n\n<p><\/p>\n\n\n\n<h2 class=\"wp-block-heading\" style=\"font-size:21px\">Skol\u0113nu ar m\u0101c\u012bbu sasniegumiem apbalvo\u0161ana 2022.\/2023. m\u0101c\u012bbu gada I semestr\u012b<\/h2>\n\n\n\n<figure class=\"wp-block-table\"><table><tbody><tr><td colspan=\"3\"><strong>4.-5. kla\u0161u skol\u0113ni, kuru liec\u012bb\u0101s v\u0113rt\u0113jums ir 8&nbsp;balles un augst\u0101k<\/strong><\/td><\/tr><tr><td>Gvido \u0100bols<\/td><td>J\u0113kabs V\u0101vere<\/td><td>Elza Acti\u0146a<\/td><\/tr><tr><td>Herta Butkus<\/td><td>Adele Kurpniece<\/td><td>Kar\u012bna Spurava<\/td><\/tr><tr><td>Agate \u010candere<\/td><td>Talisa Kotkova<\/td><td>Sofija \u013busaja<\/td><\/tr><\/tbody><\/table><\/figure>\n\n\n\n<figure class=\"wp-block-table\"><table><tbody><tr><td colspan=\"3\"><strong>6.-7.kla\u0161u skol\u0113ni, kuru liec\u012bb\u0101s v\u0113rt\u0113jums ir 7 balles un augst\u0101k<\/strong><\/td><\/tr><tr><td>Laura M\u0101rtinsone<\/td><td>Em\u012bls M\u0101rtinsons<\/td><td>Simona Sprudz\u0101ne<\/td><\/tr><tr><td>Adrians An\u0161mits<\/td><td>El\u012bza \u0160ica<\/td><td>Elizabete \u017dagare<\/td><\/tr><tr><td>Madara Bogdane<\/td><td>El\u012bna Eisaka<\/td><td>Viktorija Gavare<\/td><\/tr><tr><td>Kristaps Jegurs<\/td><td>Gabriela Kuprijanova<\/td><td>Mi\u0137elis L\u012bkops<\/td><\/tr><tr><td>Hlib Lukashchyk<\/td><td>Ance Pakalne<\/td><td>Polina Pavlova<\/td><\/tr><tr><td>Dita Adzil\u010da<\/td><td>Elm\u0101rs Klibas<\/td><td>Lote L\u012bpace<\/td><\/tr><tr><td>Marta St\u012bpniece<\/td><td>Kristaps Ondzulis<\/td><td>&nbsp;<\/td><\/tr><\/tbody><\/table><\/figure>\n\n\n\n<figure class=\"wp-block-table\"><table><tbody><tr><td colspan=\"3\"><strong>8.-9.kla\u0161u skol\u0113ni, kuru liec\u012bb\u0101s ir 6 balles un augst\u0101k<\/strong><\/td><\/tr><tr><td>Marats Ko\u010degarovs<\/td><td>Mat\u012bss Lauris<\/td><td>D\u0101rta Uzare<\/td><\/tr><tr><td>Niks Bogdans<\/td><td>Raitis Goferts<\/td><td>Samanta Ozola<\/td><\/tr><tr><td>Em\u012bls \u0160t\u0101ks<\/td><td>Lota Ziemele<\/td><td>Kristaps Guca\u013cuks<\/td><\/tr><tr><td>K\u0101rlis Mat\u012bss Ievi\u0146\u0161<\/td><td>Gustavs Jankevi\u010ds<\/td><td>Kristians Komur\u0146ickis<\/td><\/tr><tr><td>Annija Maslovska<\/td><td>\u0160arlote Jurj\u0101ne<\/td><td>Krista Teiv\u0101ne<\/td><\/tr><tr><td>Ralfs Vanags<\/td><td>Evita M\u0101rtinsone<\/td><td>El\u012bza \u0160ulca<\/td><\/tr><tr><td>Arvita Tu\u0146\u0137ele<\/td><td>U\u0123is Broks<\/td><td>Niks Vizulis<\/td><\/tr><\/tbody><\/table><\/figure>\n\n\n\n<p><\/p>\n\n\n\n<h2 class=\"wp-block-heading\" style=\"font-size:21px\">Konkursu laure\u0101ti&nbsp;2022.\/2023. m\u0101c\u012bbu gad\u0101<\/h2>\n\n\n\n<figure class=\"wp-block-table\"><table><tbody><tr><th>Konkurss<\/th><th>Skol\u0113ns, klase<\/th><th>Skolot\u0101js<\/th><th>Vieta<\/th><\/tr><tr><td colspan=\"4\">&nbsp;<\/td><\/tr><tr><td>VISC skol\u0113nu skatuves runas konkurss II k\u0101rta<\/td><td><strong>Lote \u0160teinberga, 2.c<\/strong><\/td><td>M\u0101r\u012bte Ziemele<\/td><td><strong>Augst\u0101k\u0101 pak\u0101pe<\/strong><\/td><\/tr><tr><td>Konkurss &#8220;Tik vai&#8230; cik?&#8221;<\/td><td><strong>Herta Butkus, 4.c<\/strong><\/td><td>Lilita L\u016bse<\/td><td><strong>Atzin\u012bba<\/strong><\/td><\/tr><tr><td>Siguldas novada rado\u0161i p\u0113tniecisko darbu konkurss<\/td><td><strong>Edgars Pr\u012bmanis, 1.c<\/strong><\/td><td>Ieva Pr\u012bmane<\/td><td><strong>I pak\u0101pe<\/strong><\/td><\/tr><tr><td>Siguldas novada rado\u0161i p\u0113tniecisko darbu konkurss<\/td><td><strong>L\u012bva Krau\u0161a, 6.a<br>Viktorija Delikatnija, 6.a<\/strong><\/td><td>Evita Kulpe<\/td><td><strong>I pak\u0101pe<\/strong><\/td><\/tr><tr><td>Siguldas novada rado\u0161i p\u0113tniecisko darbu konkurss<\/td><td><strong>Loreta Lebedoka, 7.c<\/strong><\/td><td>\u017danna Pried\u012bte<\/td><td><strong>I pak\u0101pe<\/strong><\/td><\/tr><tr><td>Siguldas novada rado\u0161i p\u0113tniecisko darbu konkurss<\/td><td><strong>R\u016bdolfs Acti\u0146\u0161, 7.b<\/strong><\/td><td>Santa Briede<\/td><td><strong>I pak\u0101pe<\/strong><\/td><\/tr><tr><td>Konkurss &#8220;Manas m\u012b\u013c\u0101k\u0101s gr\u0101matas ilustr\u0101cija&#8221;<\/td><td><strong>Radolfo Jansons, 8.c<\/strong><\/td><td>Ieva Pr\u012bmane<\/td><td><strong>I<\/strong><\/td><\/tr><tr><td>Konkurss &#8220;Manas m\u012b\u013c\u0101k\u0101s gr\u0101matas ilustr\u0101cija&#8221;<\/td><td><strong>Al\u012bna Azarova, 8.c<\/strong><\/td><td>Ieva Pr\u012bmane<\/td><td><strong>II<\/strong><\/td><\/tr><tr><td>Konkurss &#8220;Manas m\u012b\u013c\u0101k\u0101s gr\u0101matas ilustr\u0101cija&#8221;<\/td><td><strong>Arta Barvida, 8.c<\/strong><\/td><td>Ieva Pr\u012bmane<\/td><td><strong>III<\/strong><\/td><\/tr><tr><td>Siguldas novada skol\u0113nu skatuves runas konkurss<\/td><td><strong>Am\u0113lija Ar\u0101ja, 1.c<\/strong><\/td><td>Laine P\u0101ruma<\/td><td><strong>I pak\u0101pe<\/strong><\/td><\/tr><tr><td>Siguldas novada skol\u0113nu skatuves runas konkurss<\/td><td><strong>Lote \u0160teinberga, 2.c<\/strong><\/td><td>M\u0101r\u012bte Ziemele<\/td><td><strong>I pak\u0101pe<\/strong><\/td><\/tr><tr><td>Siguldas novada skol\u0113nu skatuves runas konkurss<\/td><td><strong>Patr\u012bcija Lauga, 1.b<\/strong><\/td><td>Laila Adzil\u010da<\/td><td><strong>II pak\u0101pe<\/strong><\/td><\/tr><tr><td>Siguldas novada skol\u0113nu skatuves runas konkurss<\/td><td><strong>Valts Pakalns, 3.b<\/strong><\/td><td>Laila Biteniece<\/td><td><strong>II pak\u0101pe<\/strong><\/td><\/tr><tr><td>Siguldas novada skol\u0113nu skatuves runas konkurss<\/td><td><strong>Gvido \u0100bols, 4.b<\/strong><\/td><td>Laila Adzil\u010da<\/td><td><strong>II pak\u0101pe<\/strong><\/td><\/tr><tr><td>Siguldas novada skol\u0113nu skatuves runas konkurss<\/td><td><strong>Mi\u0137elis L\u012bkops, 6.c<\/strong><\/td><td>L\u0101sma Kono\u0161onoka<\/td><td><strong>II pak\u0101pe<\/strong><\/td><\/tr><tr><td>Siguldas novada skol\u0113nu skatuves runas konkurss<\/td><td><strong>\u0160arlote Jurj\u0101ne, 9.a<\/strong><\/td><td>Elita V\u012bgante<\/td><td><strong>II pak\u0101pe<\/strong><\/td><\/tr><tr><td>Siguldas novada skol\u0113nu skatuves runas konkurss<\/td><td><strong>El\u012bza Martinovska, 9.c<\/strong><\/td><td>Elita V\u012bgante<\/td><td><strong>II pak\u0101pe<\/strong><\/td><\/tr><tr><td>Konkurss &#8220;Pa-smejies!&#8221;&nbsp;<\/td><td><strong>Elizabete Zuima\u010da, 9.a<\/strong><\/td><td>Ieva Pr\u012bmane<\/td><td><strong>Godalga<\/strong><\/td><\/tr><tr><td>Konkurss &#8220;Pa-smejies!&#8221;&nbsp;<\/td><td><strong>Viktorija Gavare, 6.c<\/strong><\/td><td>Ieva Pr\u012bmane<\/td><td><strong>Godalga<\/strong><\/td><\/tr><tr><td>Konkurss &#8220;Mazais ERUD\u012aTS&#8221;&nbsp;<\/td><td><strong>Polina Tara\u0146uka, 1.a<br>Em\u012bls Deksnis, 1.b<br>Edgars Pr\u012bmanis,1.c<br>Em\u012blija \u0160\u0137endere, 2.a<br>Hel\u0113na Tilgase, 2.b<br>Lote \u0160teinberga, 2.c<br>Zemguss Lapi\u0146\u0161, 3.a<br>Ralfs V\u0101vere, 3.b<br>Katr\u012bna Pokrovska, 3.c<\/strong><\/td><td>S\u0101kumskolas skolot\u0101jas<\/td><td><strong>I<\/strong><\/td><\/tr><tr><td>Konkurss &#8220;Mazais ERUD\u012aTS&#8221;&nbsp;<\/td><td><strong>J\u0101nis Kokts, 1.a<br>K\u0101rlis Laiz\u0101ns, 1.b<br>Am\u0113lija Ar\u0101ja, 1.c<br>Adri\u0101na Prindule, 2.a<br>Kristi\u0101ns \u017deglovs, 2.b<br>Ralfs Niedings, 2.c<br>Krist\u012bne Bankovska, 3.a<br>Valts Pakalns, 3.b<br>Karl\u012bna Ku\u013cikova, 3.c<\/strong><\/td><td>S\u0101kumskolas skolot\u0101jas<\/td><td><strong>II<\/strong><\/td><\/tr><tr><td>Konkurss &#8220;Mazais ERUD\u012aTS&#8221;&nbsp;<\/td><td><strong>Kristaps Bankovskis, 1.a<br>Ragn\u0101rs Muksti\u0146\u0161, 1.b<br>Madara Medne, 1.c<br>Marta Kalni\u0146a, 2.a<br>K\u0101rlis Lembergs, 2.b<br>Estere J\u0101n\u012bte, 2.c<br>Rodrigo L\u016bsis, 3.a<br>Marta Paula Broka, 3.b<br>Pauls Jugans, 3.c<\/strong><\/td><td>S\u0101kumskolas skolot\u0101jas<\/td><td><strong>III<\/strong><\/td><\/tr><tr><td>Konkurss &#8220;ERUD\u012aTS&#8221; 4.-5. kl.<\/td><td><strong>Alise Hana, Gerda Uzare, Enija B\u0113rzi\u0146a, J\u0113kabs V\u0101vere, Gvido \u0100bols, 4.b<\/strong><\/td><td>Ilze&nbsp;M\u0101rtinsone<\/td><td><strong>I<\/strong><\/td><\/tr><tr><td>Konkurss &#8220;ERUD\u012aTS&#8221; 4.-5. kl.<\/td><td><strong>Emma Ozoli\u0146a, El\u012bza V\u012btola, El\u012bna J\u0101kobsone, Adrians Arnolds O\u0161i\u0146\u0161, Roberts Levanovi\u010ds, 4.a<\/strong><\/td><td>Krist\u012bne&nbsp;L\u0113nerte-\u013bev\u0161ina&nbsp;<\/td><td><strong>II<\/strong><\/td><\/tr><tr><td>Konkurss &#8220;ERUD\u012aTS&#8221; 4.-5. kl.<\/td><td><strong>Leila \u0160teinberga, Elza Acti\u0146a, Herta Butkus, D\u0101rta T\u012bsa, Adele Kurpniece, 4.c<\/strong><\/td><td>Krist\u012bne&nbsp;Gail\u012bte&nbsp;<\/td><td><strong>III<\/strong><\/td><\/tr><tr><td>Konkurss &#8220;ERUD\u012aTS&#8221; 6.-7. kl.<\/td><td><strong>Elza Gail\u012bte, Adrians An\u0161mits, El\u012bza \u0160ica, M\u0101rti\u0146\u0161 Sviklis, Roberts \u0136iploks, 6.b<\/strong><\/td><td>Lilita&nbsp;L\u016bse&nbsp;<\/td><td><strong>I<\/strong><\/td><\/tr><tr><td>Konkurss &#8220;ERUD\u012aTS&#8221; 6.-7. kl.<\/td><td><strong>Maija Pumpure, Lote L\u012bpace, Marta St\u012bpniece, Kristaps Neimans, R\u016bdolfs Rostoks, 7.b<\/strong><\/td><td>Santa&nbsp;Briede&nbsp;<\/td><td><strong>II<\/strong><\/td><\/tr><tr><td>Konkurss &#8220;ERUD\u012aTS&#8221; 6.-7. kl.<\/td><td><strong>Pauls Jungh\u0101ns, Felicita Ertnere, Ralfs Briedis, Kristaps Ondzulis, Tomass Melngalvis, 7.c<\/strong><\/td><td>Lilita&nbsp;Bernharde&nbsp;<\/td><td><strong>III<\/strong><\/td><\/tr><tr><td>Konkurss &#8220;ERUD\u012aTS&#8221; 8.-9. kl.<\/td><td><strong>Just\u012bne Kalni\u0146a, U\u0123is Broks, Viestards Klints, Em\u012bls Remdenieks, Niks Vizulis, 9.c<\/strong><\/td><td>Ilze&nbsp;Rauska&nbsp;<\/td><td><strong>I<\/strong><\/td><\/tr><tr><td>Konkurss &#8220;ERUD\u012aTS&#8221; 8.-9. kl.<\/td><td><strong>Reinis Liepi\u0146\u0161, Em\u012bls Ho\u0146avko, Vit\u0101lijs Jo\u0146ins, D\u0101rta Uzare, Markuss Rendijs Billis, 8.a<\/strong><\/td><td>Ina&nbsp;Slavinska&nbsp;<\/td><td><strong>II<\/strong><\/td><\/tr><tr><td>Konkurss &#8220;ERUD\u012aTS&#8221; 8.-9. kl.<\/td><td><strong>El\u012bza \u0160ulca, Markuss Celms, Kristofers Ronijs Skuja, Adrians Benefelds, Ernests Lipskis, 9.b<\/strong><\/td><td>Sintija&nbsp;St\u0101mere&nbsp;<\/td><td><strong>III<\/strong><\/td><\/tr><tr><td rowspan=\"2\">Teci, teci, valodi\u0146a! Fin\u0101ls<\/td><td><strong>Lote \u0160teinberga, 2.c<\/strong><\/td><td>Lolita \u0160teinberga<\/td><td><strong>II pak\u0101pe<\/strong><\/td><\/tr><tr><td><strong>Zemguss Lapi\u0146\u0161 3.a<\/strong><\/td><td>Ramona Suveizda<\/td><td><strong>II pak\u0101pe<\/strong><\/td><\/tr><tr><td>Konkursa &#8220;Misija J\u016bra 2030&#8221;&nbsp;<\/td><td><strong>8.c, 9.b un 9.c klases<\/strong><\/td><td>Ilze Rauska<\/td><td><strong>Pateic\u012bba<\/strong><\/td><\/tr><\/tbody><\/table><\/figure>\n\n\n\n<p><\/p>\n\n\n\n<h3 class=\"wp-block-heading\">Sporta pas\u0101kumu un sacens\u012bbu&nbsp;laure\u0101ti 2022.\/2023. m\u0101c\u012bbu gad\u0101<\/h3>\n\n\n\n<figure class=\"wp-block-table\"><table><tbody><tr><th>Sporta pas\u0101kums<\/th><th>Skol\u0113ns, klase<\/th><th>Skolot\u0101js<\/th><th>Vieta<\/th><\/tr><tr><td colspan=\"4\">&nbsp;<\/td><\/tr><tr><td>Latvijas skolu \u0161aha olimpi\u0101de<\/td><td>Denis A\u0146enkovs, 9.c<\/td><td>Sandra Harlinska<\/td><td>III<\/td><\/tr><tr><td>Latvijas skolu \u0161aha olimpi\u0101de<\/td><td>Agate \u010candere, 5.c<\/td><td>Sandra Harlinska<\/td><td>III<\/td><\/tr><tr><td>Siguldas novada skolu sacens\u012bbas basketbol\u0101<\/td><td>R.Nerets, A.Maksimovs, R.Seipuls, M.T.Kaminskis, K.Saule, R.Ketekats, A.Egl\u012btis<\/td><td>K\u0101rlis Ve\u010dens<\/td><td>III<\/td><\/tr><tr><td>Siguldas novada skol\u0113nu 8. \u0161aha turn\u012brs<\/td><td>K\u0101rlis Laiz\u0101ns, 1.b<\/td><td>Sandra Harlinska<\/td><td>I<\/td><\/tr><tr><td>Siguldas novada skol\u0113nu 8. \u0161aha turn\u012brs<\/td><td>Atis \u0100boli\u0146\u0161, 3.a<\/td><td>Sandra Harlinska<\/td><td>I<\/td><\/tr><tr><td>Siguldas novada skol\u0113nu 8. \u0161aha turn\u012brs<\/td><td>Denis A\u0146enkovs, 9.c<\/td><td>Sandra Harlinska<\/td><td>III<\/td><\/tr><tr><td>Siguldas novada skolu sacens\u012bb\u0101s tautas bumb\u0101<\/td><td>M.Butkus, M.E.Si\u0146ica, E.Acti\u0146a, H.Butkus, L.\u0160teinberga, K.Gra\u017eule, D.D\u012bcmane, M.Lebedoka, E.Gr\u012bnberga, M.D.Skrasti\u0146a.<\/td><td>J\u0101nis Levanovi\u010ds<\/td><td>II<\/td><\/tr><tr><td>Siguldas novada skol\u0113nu 7. \u0161aha turn\u012brs<\/td><td>Gvido \u0100bols 4.b<\/td><td>Sandra Harlinska<\/td><td>I<\/td><\/tr><\/tbody><\/table><\/figure>\n","protected":false},"excerpt":{"rendered":"<p>M\u0101c\u012bbu priek\u0161metu olimpi\u0101\u017eu laure\u0101ti 2022.\/2023. m\u0101c\u012bbu gad\u0101 Olimpi\u0101de Skol\u0113ns, klase Skolot\u0101js Vieta &nbsp; Valsts olimpi\u0101de latvie\u0161u valod\u0101 un literat\u016br\u0101 Evita M\u0101rtinsone, 9.b Sintija St\u0101mere II Valsts olimpi\u0101de v\u0113stur\u0113 Evita M\u0101rtinsone, &#8230; <a title=\"2022.\/2023.\" class=\"read-more\" href=\"https:\/\/sig1psk.lv\/index.php\/sasniegumi-2\/2022-2023\/\" aria-label=\"Read more about 2022.\/2023.\">Las\u012bt t\u0101l\u0101k<\/a><\/p>\n","protected":false},"author":2,"featured_media":0,"parent":145,"menu_order":2,"comment_status":"closed","ping_status":"closed","template":"","meta":{"footnotes":""},"class_list":["post-147","page","type-page","status-publish"],"rttpg_featured_image_url":null,"rttpg_author":{"display_name":"Siguldas Pamatskola","author_link":"https:\/\/sig1psk.lv\/index.php\/author\/admins\/"},"rttpg_comment":0,"rttpg_category":null,"rttpg_excerpt":"M\u0101c\u012bbu priek\u0161metu olimpi\u0101\u017eu laure\u0101ti 2022.\/2023. m\u0101c\u012bbu gad\u0101 Olimpi\u0101de Skol\u0113ns, klase Skolot\u0101js Vieta &nbsp; Valsts olimpi\u0101de latvie\u0161u valod\u0101 un literat\u016br\u0101 Evita M\u0101rtinsone, 9.b Sintija St\u0101mere II Valsts olimpi\u0101de v\u0113stur\u0113 Evita M\u0101rtinsone, ... Las\u012bt t\u0101l\u0101k","_links":{"self":[{"href":"https:\/\/sig1psk.lv\/index.php\/wp-json\/wp\/v2\/pages\/147","targetHints":{"allow":["GET"]}}],"collection":[{"href":"https:\/\/sig1psk.lv\/index.php\/wp-json\/wp\/v2\/pages"}],"about":[{"href":"https:\/\/sig1psk.lv\/index.php\/wp-json\/wp\/v2\/types\/page"}],"author":[{"embeddable":true,"href":"https:\/\/sig1psk.lv\/index.php\/wp-json\/wp\/v2\/users\/2"}],"replies":[{"embeddable":true,"href":"https:\/\/sig1psk.lv\/index.php\/wp-json\/wp\/v2\/comments?post=147"}],"version-history":[{"count":6,"href":"https:\/\/sig1psk.lv\/index.php\/wp-json\/wp\/v2\/pages\/147\/revisions"}],"predecessor-version":[{"id":1175,"href":"https:\/\/sig1psk.lv\/index.php\/wp-json\/wp\/v2\/pages\/147\/revisions\/1175"}],"up":[{"embeddable":true,"href":"https:\/\/sig1psk.lv\/index.php\/wp-json\/wp\/v2\/pages\/145"}],"wp:attachment":[{"href":"https:\/\/sig1psk.lv\/index.php\/wp-json\/wp\/v2\/media?parent=147"}],"curies":[{"name":"wp","href":"https:\/\/api.w.org\/{rel}","templated":true}]}}