{"id":1217,"date":"2023-12-10T17:44:44","date_gmt":"2023-12-10T15:44:44","guid":{"rendered":"https:\/\/sig1psk.lv\/?page_id=1217"},"modified":"2025-06-10T13:55:01","modified_gmt":"2025-06-10T11:55:01","slug":"ekopadomes-aktivitates","status":"publish","type":"page","link":"https:\/\/sig1psk.lv\/index.php\/ekopadome\/ekopadomes-aktivitates\/","title":{"rendered":"EKOPADOMES AKTIVIT\u0100TES"},"content":{"rendered":"\n<p style=\"font-size:17px\">30.apr\u012bl\u012b Ekopadomes Ekonakts! Kop\u0101 ne tikai str\u0101d\u0101jam, bet ar\u012b atp\u016b\u0161amies &#8211; ball\u012bte ar pa\u0161cept\u0101m pic\u0101m par depoz\u012bt\u0101 sakr\u0101to naudu, Adriana \u0137\u012bmiski aizraujo\u0161ie priek\u0161nesumi, orient\u0113\u0161an\u0101s sp\u0113le, pa ce\u013cam atrodot pat sl\u0113pju noliktavu un \u0161autuvi, nebeidzami jautr\u0101s un ilgi gaid\u012bt\u0101s pasl\u0113pes un mier\u012bg\u0101s brokastis.<\/p>\n\n\n<div class=\"wp-block-image\">\n<figure class=\"aligncenter size-full\"><img loading=\"lazy\" decoding=\"async\" width=\"554\" height=\"256\" src=\"https:\/\/sig1psk.lv\/wp-content\/uploads\/2025\/06\/image-2.png\" alt=\"\" class=\"wp-image-3044\" srcset=\"https:\/\/sig1psk.lv\/wp-content\/uploads\/2025\/06\/image-2.png 554w, https:\/\/sig1psk.lv\/wp-content\/uploads\/2025\/06\/image-2-300x139.png 300w\" sizes=\"auto, (max-width: 554px) 100vw, 554px\" \/><\/figure>\n<\/div>\n\n\n<p style=\"font-size:17px\"><\/p>\n\n\n<div class=\"wp-block-image\">\n<figure class=\"aligncenter size-full\"><img loading=\"lazy\" decoding=\"async\" width=\"448\" height=\"336\" src=\"https:\/\/sig1psk.lv\/wp-content\/uploads\/2025\/06\/image-3.png\" alt=\"\" class=\"wp-image-3045\" srcset=\"https:\/\/sig1psk.lv\/wp-content\/uploads\/2025\/06\/image-3.png 448w, https:\/\/sig1psk.lv\/wp-content\/uploads\/2025\/06\/image-3-300x225.png 300w\" sizes=\"auto, (max-width: 448px) 100vw, 448px\" \/><\/figure>\n<\/div>\n\n\n<p style=\"font-size:17px\"><\/p>\n\n\n<div class=\"wp-block-image\">\n<figure class=\"aligncenter size-full\"><img loading=\"lazy\" decoding=\"async\" width=\"554\" height=\"256\" src=\"https:\/\/sig1psk.lv\/wp-content\/uploads\/2025\/06\/image-4.png\" alt=\"\" class=\"wp-image-3046\" srcset=\"https:\/\/sig1psk.lv\/wp-content\/uploads\/2025\/06\/image-4.png 554w, https:\/\/sig1psk.lv\/wp-content\/uploads\/2025\/06\/image-4-300x139.png 300w\" sizes=\"auto, (max-width: 554px) 100vw, 554px\" \/><\/figure>\n<\/div>\n\n\n<p><\/p>\n\n\n\n<p style=\"font-size:17px\"><\/p>\n\n\n\n<p><\/p>\n\n\n\n<p style=\"font-size:17px\"><\/p>\n","protected":false},"excerpt":{"rendered":"<p>30.apr\u012bl\u012b Ekopadomes Ekonakts! Kop\u0101 ne tikai str\u0101d\u0101jam, bet ar\u012b atp\u016b\u0161amies &#8211; ball\u012bte ar pa\u0161cept\u0101m pic\u0101m par depoz\u012bt\u0101 sakr\u0101to naudu, Adriana \u0137\u012bmiski aizraujo\u0161ie priek\u0161nesumi, orient\u0113\u0161an\u0101s sp\u0113le, pa ce\u013cam atrodot pat sl\u0113pju &#8230; <a title=\"EKOPADOMES AKTIVIT\u0100TES\" class=\"read-more\" href=\"https:\/\/sig1psk.lv\/index.php\/ekopadome\/ekopadomes-aktivitates\/\" aria-label=\"Read more about EKOPADOMES AKTIVIT\u0100TES\">Las\u012bt t\u0101l\u0101k<\/a><\/p>\n","protected":false},"author":2,"featured_media":0,"parent":910,"menu_order":0,"comment_status":"closed","ping_status":"closed","template":"","meta":{"footnotes":""},"class_list":["post-1217","page","type-page","status-publish"],"rttpg_featured_image_url":null,"rttpg_author":{"display_name":"Siguldas Pamatskola","author_link":"https:\/\/sig1psk.lv\/index.php\/author\/admins\/"},"rttpg_comment":0,"rttpg_category":null,"rttpg_excerpt":"30.apr\u012bl\u012b Ekopadomes Ekonakts! Kop\u0101 ne tikai str\u0101d\u0101jam, bet ar\u012b atp\u016b\u0161amies &#8211; ball\u012bte ar pa\u0161cept\u0101m pic\u0101m par depoz\u012bt\u0101 sakr\u0101to naudu, Adriana \u0137\u012bmiski aizraujo\u0161ie priek\u0161nesumi, orient\u0113\u0161an\u0101s sp\u0113le, pa ce\u013cam atrodot pat sl\u0113pju ... Las\u012bt t\u0101l\u0101k","_links":{"self":[{"href":"https:\/\/sig1psk.lv\/index.php\/wp-json\/wp\/v2\/pages\/1217","targetHints":{"allow":["GET"]}}],"collection":[{"href":"https:\/\/sig1psk.lv\/index.php\/wp-json\/wp\/v2\/pages"}],"about":[{"href":"https:\/\/sig1psk.lv\/index.php\/wp-json\/wp\/v2\/types\/page"}],"author":[{"embeddable":true,"href":"https:\/\/sig1psk.lv\/index.php\/wp-json\/wp\/v2\/users\/2"}],"replies":[{"embeddable":true,"href":"https:\/\/sig1psk.lv\/index.php\/wp-json\/wp\/v2\/comments?post=1217"}],"version-history":[{"count":6,"href":"https:\/\/sig1psk.lv\/index.php\/wp-json\/wp\/v2\/pages\/1217\/revisions"}],"predecessor-version":[{"id":3047,"href":"https:\/\/sig1psk.lv\/index.php\/wp-json\/wp\/v2\/pages\/1217\/revisions\/3047"}],"up":[{"embeddable":true,"href":"https:\/\/sig1psk.lv\/index.php\/wp-json\/wp\/v2\/pages\/910"}],"wp:attachment":[{"href":"https:\/\/sig1psk.lv\/index.php\/wp-json\/wp\/v2\/media?parent=1217"}],"curies":[{"name":"wp","href":"https:\/\/api.w.org\/{rel}","templated":true}]}}