{"id":113,"date":"2023-08-14T11:39:56","date_gmt":"2023-08-14T09:39:56","guid":{"rendered":"https:\/\/sig1psk.lv\/?page_id=113"},"modified":"2023-12-10T19:58:54","modified_gmt":"2023-12-10T17:58:54","slug":"ricibas-dienas-2022","status":"publish","type":"page","link":"https:\/\/sig1psk.lv\/index.php\/ekoskola\/ricibas-dienas-2022\/","title":{"rendered":"R\u012aC\u012aBAS DIENAS 2022"},"content":{"rendered":"\n<p style=\"font-size:17px\">Lielais M\u0101rti\u0146dienas tirgus nosl\u0113dzies! Pa\u0161gatavotas \u0113damas un ne\u0113damas lietas! Mazas r\u012bc\u012bbas liela ietekme!&nbsp;<\/p>\n\n\n\n<figure class=\"wp-block-table\"><table><tbody><tr><td><img decoding=\"async\" alt=\"\" src=\"https:\/\/www.sig1psk.lv\/upload\/Image\/gallery\/ekoskola\/5.jpg\"><\/td><td><img decoding=\"async\" alt=\"\" src=\"https:\/\/www.sig1psk.lv\/upload\/Image\/gallery\/ekoskola\/55.jpg\"><\/td><\/tr><\/tbody><\/table><\/figure>\n\n\n\n<p><\/p>\n\n\n\n<p style=\"font-size:17px\">10. novembr\u012b Ekoskolu R\u012bc\u012bbas dienu ietvaros pieredzes bag\u0101t\u0101kie 8.b klases skol\u0113ni dal\u012bj\u0101s sav\u0101s zin\u0101\u0161an\u0101s ar 2.c klases skol\u0113niem par vesel\u012bgu dz\u012bvesveidu un vesel\u012bgas p\u0101rtikas noz\u012bmi cilv\u0113ka dz\u012bv\u0113. Ieguv\u0113ji bija visi \u2013 spraigas diskusijas, viedok\u013cu da\u017e\u0101d\u012bba un secin\u0101jumi par katra izpratnes da\u017e\u0101do uztveri it k\u0101 vienk\u0101r\u0161\u0101, bet noz\u012bm\u012bg\u0101 jaut\u0101jum\u0101.<br>Atsl\u0113gas. Pat ja Tev t\u0101s ir, t\u0101m nav pielietojuma, ja nav durvju, kuras atsl\u0113gt, lai pal\u016bkotos uz apv\u0101rsni, ko t\u0101s sl\u0113pj. L\u012bdz\u012bga analo\u0123ija ir ar zin\u0101\u0161an\u0101m \u2013 var zin\u0101t daudz, bet ja t\u0101s neizmanto, vai nedalies, tad t\u0101m nav palieko\u0161a v\u0113rt\u012bba.<\/p>\n\n\n\n<figure class=\"wp-block-table\"><table><tbody><tr><td><img decoding=\"async\" alt=\"\" src=\"https:\/\/www.sig1psk.lv\/upload\/Image\/gallery\/ekoskola\/44.jpg\"><\/td><td><img decoding=\"async\" alt=\"\" src=\"https:\/\/www.sig1psk.lv\/upload\/Image\/gallery\/ekoskola\/4.jpg\"><\/td><\/tr><\/tbody><\/table><\/figure>\n\n\n\n<p><\/p>\n\n\n\n<p style=\"font-size:17px\">9. novembr\u012b Ekoskolu R\u012bc\u012bbas dienu ietvaros 3. kla\u0161u skol\u0113ni dev\u0101s uz atkritumu \u0161\u0137iro\u0161anas laukumu &#8220;Zemdegas&#8221;, kur SIA \u201cJumis\u201d direktore Krist\u012bne L\u016bse past\u0101st\u012bja par \u0161\u0137iro\u0161anas iesp\u0113j\u0101m m\u016bsu pils\u0113t\u0101, atbild\u0113ja uz skol\u0113nu jaut\u0101jumiem un pal\u012bdz\u0113ja pareizi sa\u0161\u0137irot l\u012bdzi pa\u0146emtos atkritumus.&nbsp;<br>Pas\u0101kuma dal\u012bbnieki ap\u0146\u0113m\u0101s ar\u012b turpm\u0101k akt\u012bvi iesaist\u012bties atkritumu \u0161\u0137iro\u0161an\u0101, jo ikviena maz\u0101 r\u012bc\u012bba ietekm\u0113 m\u016bsu vidi. P\u0113rkam atbild\u012bgi! Izmantojam otrreiz! \u0160\u0137irojam pareizi!&nbsp;<\/p>\n\n\n\n<figure class=\"wp-block-table\"><table><tbody><tr><td><img decoding=\"async\" alt=\"\" src=\"https:\/\/www.sig1psk.lv\/upload\/Image\/gallery\/ekoskola\/3.jpg\"><\/td><td><img decoding=\"async\" alt=\"\" src=\"https:\/\/www.sig1psk.lv\/upload\/Image\/gallery\/ekoskola\/33.jpg\"><\/td><\/tr><\/tbody><\/table><\/figure>\n\n\n\n<p><\/p>\n\n\n\n<p style=\"font-size:17px\">Ekoskolu R\u012bc\u012bbas dienu ietvaros 7.b klase 9.novembr\u012b dev\u0101s sav\u0101kt atkritumus pavisam net\u0101lu no skolas &#8211; pie gar\u0101\u017e\u0101m. Prieks par b\u0113rniem, kuri pa\u0161i bija iniciatori atkritumu sav\u0101k\u0161anai teritorij\u0101, kas no skolas atrodas tikai apm\u0113ram 300 metru att\u0101lum\u0101!<br>Mazas r\u012bc\u012bbas liela ietekme!&nbsp;<\/p>\n\n\n\n<figure class=\"wp-block-table\"><table><tbody><tr><td><img decoding=\"async\" alt=\"\" src=\"https:\/\/www.sig1psk.lv\/upload\/Image\/gallery\/ekoskola\/22.jpg\"><\/td><td><img decoding=\"async\" alt=\"\" src=\"https:\/\/www.sig1psk.lv\/upload\/Image\/gallery\/ekoskola\/2.jpg\"><\/td><\/tr><\/tbody><\/table><\/figure>\n\n\n\n<p><\/p>\n\n\n\n<p style=\"font-size:17px\">8. novembr\u012b Ekoskolu R\u012bc\u012bbas dienu ietvaros 1.-3.kla\u0161u skol\u0113niem tika atv\u0113rts gr\u0101matu apmai\u0146as punkts &#8220;Lasi manu gr\u0101mati\u0146u!&#8221; Skol\u0113ni atnesa jau izlas\u012btu gr\u0101matu un izv\u0113l\u0113j\u0101s citu. Las\u0101m otrreiz! Nep\u0113rkam bez vajadz\u012bbas! Pavad\u0101m br\u012bvo laiku lietder\u012bgi!&nbsp;<br>Skol\u0113nu atsauc\u012bba bija tik liela, ka nolemts gr\u0101matu apmai\u0146as punktu organiz\u0113t ar\u012b 9.novembr\u012b!<\/p>\n\n\n\n<figure class=\"wp-block-table\"><table><tbody><tr><td><img decoding=\"async\" alt=\"\" src=\"https:\/\/www.sig1psk.lv\/upload\/Image\/gallery\/ekoskola\/1.jpg\"><\/td><td><img decoding=\"async\" alt=\"\" src=\"https:\/\/www.sig1psk.lv\/upload\/Image\/gallery\/ekoskola\/11.jpg\"><\/td><\/tr><\/tbody><\/table><\/figure>\n","protected":false},"excerpt":{"rendered":"<p>Lielais M\u0101rti\u0146dienas tirgus nosl\u0113dzies! Pa\u0161gatavotas \u0113damas un ne\u0113damas lietas! Mazas r\u012bc\u012bbas liela ietekme!&nbsp; 10. novembr\u012b Ekoskolu R\u012bc\u012bbas dienu ietvaros pieredzes bag\u0101t\u0101kie 8.b klases skol\u0113ni dal\u012bj\u0101s sav\u0101s zin\u0101\u0161an\u0101s ar 2.c klases &#8230; <a title=\"R\u012aC\u012aBAS DIENAS 2022\" class=\"read-more\" href=\"https:\/\/sig1psk.lv\/index.php\/ekoskola\/ricibas-dienas-2022\/\" aria-label=\"Read more about R\u012aC\u012aBAS DIENAS 2022\">Las\u012bt t\u0101l\u0101k<\/a><\/p>\n","protected":false},"author":2,"featured_media":0,"parent":41,"menu_order":1,"comment_status":"closed","ping_status":"closed","template":"","meta":{"footnotes":""},"class_list":["post-113","page","type-page","status-publish"],"rttpg_featured_image_url":null,"rttpg_author":{"display_name":"Siguldas Pamatskola","author_link":"https:\/\/sig1psk.lv\/index.php\/author\/admins\/"},"rttpg_comment":0,"rttpg_category":null,"rttpg_excerpt":"Lielais M\u0101rti\u0146dienas tirgus nosl\u0113dzies! Pa\u0161gatavotas \u0113damas un ne\u0113damas lietas! Mazas r\u012bc\u012bbas liela ietekme!&nbsp; 10. novembr\u012b Ekoskolu R\u012bc\u012bbas dienu ietvaros pieredzes bag\u0101t\u0101kie 8.b klases skol\u0113ni dal\u012bj\u0101s sav\u0101s zin\u0101\u0161an\u0101s ar 2.c klases ... Las\u012bt t\u0101l\u0101k","_links":{"self":[{"href":"https:\/\/sig1psk.lv\/index.php\/wp-json\/wp\/v2\/pages\/113","targetHints":{"allow":["GET"]}}],"collection":[{"href":"https:\/\/sig1psk.lv\/index.php\/wp-json\/wp\/v2\/pages"}],"about":[{"href":"https:\/\/sig1psk.lv\/index.php\/wp-json\/wp\/v2\/types\/page"}],"author":[{"embeddable":true,"href":"https:\/\/sig1psk.lv\/index.php\/wp-json\/wp\/v2\/users\/2"}],"replies":[{"embeddable":true,"href":"https:\/\/sig1psk.lv\/index.php\/wp-json\/wp\/v2\/comments?post=113"}],"version-history":[{"count":2,"href":"https:\/\/sig1psk.lv\/index.php\/wp-json\/wp\/v2\/pages\/113\/revisions"}],"predecessor-version":[{"id":1274,"href":"https:\/\/sig1psk.lv\/index.php\/wp-json\/wp\/v2\/pages\/113\/revisions\/1274"}],"up":[{"embeddable":true,"href":"https:\/\/sig1psk.lv\/index.php\/wp-json\/wp\/v2\/pages\/41"}],"wp:attachment":[{"href":"https:\/\/sig1psk.lv\/index.php\/wp-json\/wp\/v2\/media?parent=113"}],"curies":[{"name":"wp","href":"https:\/\/api.w.org\/{rel}","templated":true}]}}