{"id":107,"date":"2023-08-14T11:39:16","date_gmt":"2023-08-14T09:39:16","guid":{"rendered":"https:\/\/sig1psk.lv\/?page_id=107"},"modified":"2023-12-10T20:09:08","modified_gmt":"2023-12-10T18:09:08","slug":"ricibas-dienas-2019","status":"publish","type":"page","link":"https:\/\/sig1psk.lv\/index.php\/ekoskola\/ricibas-dienas-2019\/","title":{"rendered":"R\u012aC\u012aBAS DIENAS 2019"},"content":{"rendered":"\n<figure class=\"wp-block-image\"><img decoding=\"async\" src=\"https:\/\/www.sig1psk.lv\/upload\/Image\/74166783_2610830385622604_3607731511702323200_o.jpg\" alt=\"\"\/><\/figure>\n\n\n\n<p><\/p>\n\n\n\n<p style=\"font-size:17px\"><strong>4.-10.novembris<\/strong>&nbsp;Ekoskolu R\u012bc\u012bbas dienas! M\u016bsu skol as t\u0113ma: Par n\u0101kotni bez klimata kr\u012bzes &#8211; s\u0101c ar sevi!&nbsp;<a href=\"https:\/\/www.facebook.com\/hashtag\/r%C4%ABc%C4%ABbasdienas2019?source=feed_text&amp;epa=HASHTAG&amp;__xts__%5B0%5D=68.ARBk96dqKA-rgAjyeFTZWLn-i7q6X9ErhVqggGmSH02u8hU0o_1ACcWIGcKEMou60JUzMHleahacmqG-_riahq3SfIlD8VyxvhldIxa-XtuaL-XmOxcLfRRTGoEiusyHdxPpEmxlag-wxLrJquFrbS2CoqBXdvRPV1Vr1TuiE_JvqoWB_UEJMUtYSQXExoUlkh8QkD27iZRGFhuQB5d_fmQ-2nCJND0M3ZOo_Y5e0hSfOf3Y4u3Rx156KAT18FRlm9Wrg3Of9LSwd4awl-GRUH24ZqPcjVGt3qLxoOl-xcqgcScbwZvQtldI-znqROrzm-WzfqyKP_h8kv_qFsevjACwXg&amp;__tn__=%2ANK-R\">#R\u012bc\u012bbasDienas2019<\/a>&nbsp;<a href=\"https:\/\/www.facebook.com\/hashtag\/ekoskolas?source=feed_text&amp;epa=HASHTAG&amp;__xts__%5B0%5D=68.ARBk96dqKA-rgAjyeFTZWLn-i7q6X9ErhVqggGmSH02u8hU0o_1ACcWIGcKEMou60JUzMHleahacmqG-_riahq3SfIlD8VyxvhldIxa-XtuaL-XmOxcLfRRTGoEiusyHdxPpEmxlag-wxLrJquFrbS2CoqBXdvRPV1Vr1TuiE_JvqoWB_UEJMUtYSQXExoUlkh8QkD27iZRGFhuQB5d_fmQ-2nCJND0M3ZOo_Y5e0hSfOf3Y4u3Rx156KAT18FRlm9Wrg3Of9LSwd4awl-GRUH24ZqPcjVGt3qLxoOl-xcqgcScbwZvQtldI-znqROrzm-WzfqyKP_h8kv_qFsevjACwXg&amp;__tn__=%2ANK-R\">#Ekoskolas<\/a>&nbsp;<\/p>\n\n\n\n<p style=\"font-size:17px\"><em><strong>&nbsp;&#8220;Par n\u0101kotni bez klimata kr\u012bzes &#8211; s\u0101c ar sevi!&#8221;<\/strong><\/em><\/p>\n\n\n\n<figure class=\"wp-block-image\"><img decoding=\"async\" src=\"https:\/\/www.sig1psk.lv\/upload\/Image\/76661755_2612746602097649_5405715644849061888_o.jpg\" alt=\"\"\/><\/figure>\n\n\n\n<p><\/p>\n\n\n\n<p style=\"font-size:17px\">6.a klase ar klases audzin\u0101t\u0101ju Ilzi Lielmani veikusi p\u0113t\u012bjumu, sagatavojusi plak\u0101tus un 5.11. iepaz\u012bstina ar rezult\u0101tiem visus pirmo un otro kla\u0161u skol\u0113nus!<\/p>\n\n\n\n<figure class=\"wp-block-image\"><img decoding=\"async\" src=\"https:\/\/www.sig1psk.lv\/upload\/Image\/74295885_2612950848743891_4576921840168992768_o.jpg\" alt=\"\"\/><\/figure>\n\n\n\n<p><\/p>\n\n\n\n<p style=\"font-size:0px\">&nbsp;3.c klases skol\u0113ni kop\u0101 ar savu&nbsp; klases audzin\u0101t\u0101ju Ramonu Suveizdu grup\u0101s izdom\u0101 idejas atg\u0101dino\u0161iem sauk\u013ciem, ko izmantot skol\u0101 un m\u0101j\u0101s elektr\u012bbas taup\u012b\u0161anai!&nbsp;<\/p>\n\n\n\n<figure class=\"wp-block-image\"><img decoding=\"async\" src=\"https:\/\/www.sig1psk.lv\/upload\/Image\/75328687_2614834838555492_7698726945344716800_o.jpg\" alt=\"\"\/><\/figure>\n\n\n\n<p><\/p>\n\n\n\n<p style=\"font-size:17px\">6.c klases skol\u0113ni un klases audzin\u0101t\u0101ja Ilze Rauska viesoj\u0101s pirmskolas izgl\u012bt\u012bbas iest\u0101d\u0113 &#8220;Ievi\u0146a&#8221; ar st\u0101stu un sp\u0113l\u0113m par vides saudz\u0113\u0161anu un elektrodro\u0161\u012bbu!<\/p>\n\n\n\n<figure class=\"wp-block-image\"><img decoding=\"async\" src=\"https:\/\/www.sig1psk.lv\/upload\/Image\/73714032_2614956281876681_4916293311037177856_o.jpg\" alt=\"\"\/><\/figure>\n\n\n\n<p><\/p>\n\n\n\n<p style=\"font-size:17px\">2.c klases skol\u0113ni veica p\u0113t\u012bjumu &#8220;Ener\u0123ija un t\u0101s taup\u012b\u0161ana man\u0101s m\u0101j\u0101s un dal\u012bj\u0101s pieredz\u0113!<\/p>\n\n\n\n<figure class=\"wp-block-image\"><img decoding=\"async\" src=\"https:\/\/www.sig1psk.lv\/upload\/Image\/74475160_2615002958538680_8509982607553855488_o.jpg\" alt=\"\"\/><\/figure>\n\n\n\n<p><\/p>\n\n\n\n<p style=\"font-size:17px\">1.a klases skol\u0113ni noklaus\u012bj\u0101s 6.a klases st\u0101st\u012bjumu par elektroener\u0123iju, veica p\u0113t\u012bjumu par m\u0101j\u0101s eso\u0161aj\u0101m spuldz\u0113m un kop\u012bgi izveidoja plak\u0101tu!&nbsp;<\/p>\n\n\n\n<figure class=\"wp-block-image\"><img decoding=\"async\" src=\"https:\/\/www.sig1psk.lv\/upload\/Image\/Collage06_11_2019_22_09_56%20(2).jpg\" alt=\"\"\/><\/figure>\n\n\n\n<p><\/p>\n\n\n\n<p style=\"font-size:17px\">Ang\u013cu valodas&nbsp;stund\u0101&nbsp;8.b klases skol\u0113ni sagatavoja prezent\u0101cijas un inform\u0113ja 5.a klases skol\u0113nus kas ir klimata&nbsp;p\u0101rmai\u0146as&nbsp;un k\u0101das darb\u012bbas ir iesp\u0113jams veikt,lai kaut nedaudz pal\u012bdz\u0113tu t\u0101s mazin\u0101t, k\u0101 rezult\u0101t\u0101 5.a klases skol\u0113ni sagatavoja atg\u0101dnes,kas pal\u00ecdz atcer\u0113ties taup\u012bt elektr\u012bbu, t\u0101d\u0113j\u0101di kaut nedaudz,bet tom\u0113r saudz\u0113jot dabu.<\/p>\n","protected":false},"excerpt":{"rendered":"<p>4.-10.novembris&nbsp;Ekoskolu R\u012bc\u012bbas dienas! M\u016bsu skol as t\u0113ma: Par n\u0101kotni bez klimata kr\u012bzes &#8211; s\u0101c ar sevi!&nbsp;#R\u012bc\u012bbasDienas2019&nbsp;#Ekoskolas&nbsp; &nbsp;&#8220;Par n\u0101kotni bez klimata kr\u012bzes &#8211; s\u0101c ar sevi!&#8221; 6.a klase ar klases audzin\u0101t\u0101ju &#8230; <a title=\"R\u012aC\u012aBAS DIENAS 2019\" class=\"read-more\" href=\"https:\/\/sig1psk.lv\/index.php\/ekoskola\/ricibas-dienas-2019\/\" aria-label=\"Read more about R\u012aC\u012aBAS DIENAS 2019\">Las\u012bt t\u0101l\u0101k<\/a><\/p>\n","protected":false},"author":2,"featured_media":0,"parent":41,"menu_order":4,"comment_status":"closed","ping_status":"closed","template":"","meta":{"footnotes":""},"class_list":["post-107","page","type-page","status-publish"],"rttpg_featured_image_url":null,"rttpg_author":{"display_name":"Siguldas Pamatskola","author_link":"https:\/\/sig1psk.lv\/index.php\/author\/admins\/"},"rttpg_comment":0,"rttpg_category":null,"rttpg_excerpt":"4.-10.novembris&nbsp;Ekoskolu R\u012bc\u012bbas dienas! M\u016bsu skol as t\u0113ma: Par n\u0101kotni bez klimata kr\u012bzes &#8211; s\u0101c ar sevi!&nbsp;#R\u012bc\u012bbasDienas2019&nbsp;#Ekoskolas&nbsp; &nbsp;&#8220;Par n\u0101kotni bez klimata kr\u012bzes &#8211; s\u0101c ar sevi!&#8221; 6.a klase ar klases audzin\u0101t\u0101ju ... Las\u012bt t\u0101l\u0101k","_links":{"self":[{"href":"https:\/\/sig1psk.lv\/index.php\/wp-json\/wp\/v2\/pages\/107","targetHints":{"allow":["GET"]}}],"collection":[{"href":"https:\/\/sig1psk.lv\/index.php\/wp-json\/wp\/v2\/pages"}],"about":[{"href":"https:\/\/sig1psk.lv\/index.php\/wp-json\/wp\/v2\/types\/page"}],"author":[{"embeddable":true,"href":"https:\/\/sig1psk.lv\/index.php\/wp-json\/wp\/v2\/users\/2"}],"replies":[{"embeddable":true,"href":"https:\/\/sig1psk.lv\/index.php\/wp-json\/wp\/v2\/comments?post=107"}],"version-history":[{"count":2,"href":"https:\/\/sig1psk.lv\/index.php\/wp-json\/wp\/v2\/pages\/107\/revisions"}],"predecessor-version":[{"id":1282,"href":"https:\/\/sig1psk.lv\/index.php\/wp-json\/wp\/v2\/pages\/107\/revisions\/1282"}],"up":[{"embeddable":true,"href":"https:\/\/sig1psk.lv\/index.php\/wp-json\/wp\/v2\/pages\/41"}],"wp:attachment":[{"href":"https:\/\/sig1psk.lv\/index.php\/wp-json\/wp\/v2\/media?parent=107"}],"curies":[{"name":"wp","href":"https:\/\/api.w.org\/{rel}","templated":true}]}}